{"id":35915,"date":"2021-10-26T10:02:10","date_gmt":"2021-10-26T08:02:10","guid":{"rendered":"https:\/\/andersa6.sg-host.com\/trelleborg\/?page_id=35915"},"modified":"2026-04-01T08:37:14","modified_gmt":"2026-04-01T06:37:14","slug":"lokalen","status":"publish","type":"page","link":"https:\/\/marinkamraterna.se\/trelleborg\/startsidan\/lokalen\/","title":{"rendered":"Lokalen"},"content":{"rendered":"<p>[et_pb_section fb_built=&#8221;1&#8243; specialty=&#8221;on&#8221; padding_top_1=&#8221;45px&#8221; padding_top_2=&#8221;45px&#8221; padding_top_bottom_link_1=&#8221;false&#8221; padding_top_bottom_link_2=&#8221;false&#8221; padding_left_right_link_1=&#8221;false&#8221; padding_left_right_link_2=&#8221;false&#8221; _builder_version=&#8221;4.16&#8243; _module_preset=&#8221;default&#8221; custom_margin=&#8221;||||false|false&#8221; custom_padding=&#8221;0px||||false|false&#8221; locked=&#8221;off&#8221; global_colors_info=&#8221;{}&#8221;][et_pb_column type=&#8221;3_4&#8243; specialty_columns=&#8221;3&#8243; _builder_version=&#8221;4.16&#8243; custom_padding=&#8221;|||&#8221; global_colors_info=&#8221;{}&#8221; custom_padding__hover=&#8221;|||&#8221;][et_pb_row_inner _builder_version=&#8221;4.16&#8243; _module_preset=&#8221;default&#8221; custom_padding=&#8221;0px||||false|false&#8221; global_colors_info=&#8221;{}&#8221;][et_pb_column_inner saved_specialty_column_type=&#8221;3_4&#8243; _builder_version=&#8221;4.16&#8243; _module_preset=&#8221;default&#8221; global_colors_info=&#8221;{}&#8221;][et_pb_post_title meta=&#8221;off&#8221; featured_image=&#8221;off&#8221; _builder_version=&#8221;4.16&#8243; _module_preset=&#8221;default&#8221; title_font_size=&#8221;35px&#8221; global_colors_info=&#8221;{}&#8221;][\/et_pb_post_title][et_pb_text _builder_version=&#8221;4.16&#8243; _module_preset=&#8221;default&#8221; custom_margin=&#8221;-23px|||||&#8221; global_colors_info=&#8221;{}&#8221;]<\/p>\n<p>\u00a0F\u00f6reningen har en egen lokal p\u00e5 Maskingatan 2 i Trelleborg. Lokalen anv\u00e4nds f\u00f6r egna sammankomster, men kan \u00e4ven hyras ut.<\/p>\n<p>Lokalen \u00e4r l\u00e4mplig f\u00f6r fester och andra typer av arrangemang s\u00e5som f\u00f6reningsm\u00f6ten f\u00f6rel\u00e4sningar etc.<br \/>Godk\u00e4nd f\u00f6r 50 pers.<br \/>Det finns ett fullt utrustat k\u00f6k med glas, porslin och bestick samt stolar och bord till 50 pers.<br \/>Det finns \u00e4ven tillg\u00e5ng till h\u00f6gtalaranl\u00e4ggning TV mm.<br \/>Herr och damtoalett.<br \/>Taket \u00e4r ljudd\u00e4mpat.<br \/>Lokalens adress \u00e4r Maskingatan 2.<br \/><strong>Bokning av lokalen \u00e4r bindande med <\/strong><strong style=\"font-size: 15px\">obligatorisk f\u00f6rskottsbetalning<\/strong><\/p>\n<table border=\"0\" style=\"height: 168px;width: 99.5893%;border-collapse: collapse;float: left\">\n<tbody>\n<tr style=\"height: 24px\">\n<td style=\"width: 61.5702%;height: 24px\">Hyra f\u00f6r utomst\u00e5ende<\/td>\n<td style=\"width: 38.4298%;height: 24px\">1 800 kr<\/td>\n<\/tr>\n<tr style=\"height: 48px\">\n<td style=\"width: 61.5702%;height: 48px\">Hyra f\u00f6r medlem eller person rekommenderad av medlem<\/td>\n<td style=\"width: 38.4298%;height: 48px\">1 300 kr\u00a0<\/td>\n<\/tr>\n<tr style=\"height: 24px\">\n<td style=\"width: 61.5702%;height: 24px\">Hyra till f\u00f6reningar vid m\u00f6ten<\/td>\n<td style=\"width: 38.4298%;height: 24px\">750 kr<\/td>\n<\/tr>\n<tr style=\"height: 24px\">\n<td style=\"width: 61.5702%;height: 24px\">Hyra f\u00f6r halvdag\/ n\u00e5gra timmar<\/td>\n<td style=\"width: 38.4298%;height: 24px\">900 kr<\/td>\n<\/tr>\n<tr style=\"height: 24px\">\n<td style=\"width: 61.5702%;height: 24px\"><\/td>\n<td style=\"width: 38.4298%;height: 24px\"><\/td>\n<\/tr>\n<\/tbody>\n<\/table>\n<p>&nbsp;<\/p>\n<p>Tilltr\u00e4de till lokalen\u00a0fr\u00e5n kl. 12.00 hyresdagen och till kl. 12:00 dagen efter.<br \/>F\u00f6r att hyra och f\u00e5 mer information, kontakta lokalv\u00e4rden Bengt \u00c5kesson,<\/p>\n<p><span style=\"font-size: 18px\">0735 73 94 52, akessonbengtarne@gmail.com<\/span><\/p>\n<p>[\/et_pb_text][et_pb_text _builder_version=&#8221;4.16&#8243; _module_preset=&#8221;default&#8221; global_colors_info=&#8221;{}&#8221;]<\/p>\n<p>Yttre rummet har:<br \/>&#8211; ing\u00e5ng i markplan med rullstolsramp.<br \/>&#8211; direkt anslutning (5 meter) till stor gratis bilparkering.<br \/>&#8211; m\u00f6bler som kan placeras efter egna \u00f6nskem\u00e5l och behov.<br \/>&#8211; k\u00f6k med full utrustning<\/p>\n<p>[\/et_pb_text][et_pb_gallery gallery_ids=&#8221;37487,37486,37484,37483,37482,37477,37476,37475,37474&#8243; posts_number=&#8221;50&#8243; _builder_version=&#8221;4.16&#8243; _module_preset=&#8221;default&#8221; global_colors_info=&#8221;{}&#8221;][\/et_pb_gallery][\/et_pb_column_inner][\/et_pb_row_inner][et_pb_row_inner _builder_version=&#8221;4.16&#8243; _module_preset=&#8221;default&#8221; custom_padding=&#8221;0px||||false|false&#8221; global_colors_info=&#8221;{}&#8221;][et_pb_column_inner saved_specialty_column_type=&#8221;3_4&#8243; _builder_version=&#8221;4.16&#8243; _module_preset=&#8221;default&#8221; global_colors_info=&#8221;{}&#8221;][et_pb_text _builder_version=&#8221;4.16&#8243; _module_preset=&#8221;default&#8221; global_colors_info=&#8221;{}&#8221;]<\/p>\n<p>Inre rummet har:<\/p>\n<p>&#8211; herr- och damtoalett<\/p>\n<p>&#8211; i ena \u00e4ndan en soffgrupp<\/p>\n<p>&#8211; i andra \u00e4ndan en bar (tom)<\/p>\n<p>[\/et_pb_text][et_pb_gallery gallery_ids=&#8221;37485,37481,37480,37479,37478&#8243; posts_number=&#8221;20&#8243; _builder_version=&#8221;4.16&#8243; _module_preset=&#8221;default&#8221; global_colors_info=&#8221;{}&#8221;][\/et_pb_gallery][\/et_pb_column_inner][\/et_pb_row_inner][\/et_pb_column][et_pb_column type=&#8221;1_4&#8243; _builder_version=&#8221;4.16&#8243; custom_padding=&#8221;|||&#8221; global_colors_info=&#8221;{}&#8221; custom_padding__hover=&#8221;|||&#8221;][et_pb_text _builder_version=&#8221;4.16&#8243; _module_preset=&#8221;default&#8221; text_font=&#8221;||on||||||&#8221; text_font_size=&#8221;14px&#8221; global_colors_info=&#8221;{}&#8221;]<\/p>\n<p>Bildtext<\/p>\n<p>[\/et_pb_text][et_pb_sidebar orientation=&#8221;right&#8221; admin_label=&#8221;Sidof\u00e4lt&#8221; _builder_version=&#8221;4.9.4&#8243; _module_preset=&#8221;default&#8221; header_font=&#8221;|600||on|||||&#8221; header_font_size=&#8221;20px&#8221; global_module=&#8221;33531&#8243; saved_tabs=&#8221;all&#8221; locked=&#8221;on&#8221; global_colors_info=&#8221;{}&#8221;][\/et_pb_sidebar][\/et_pb_column][\/et_pb_section]<\/p>\n","protected":false},"excerpt":{"rendered":"<p>\u00a0F\u00f6reningen har en egen lokal p\u00e5 Maskingatan 2 i Trelleborg. Lokalen anv\u00e4nds f\u00f6r egna sammankomster, men kan \u00e4ven hyras ut. Lokalen \u00e4r l\u00e4mplig f\u00f6r fester och andra typer av arrangemang s\u00e5som f\u00f6reningsm\u00f6ten f\u00f6rel\u00e4sningar etc.Godk\u00e4nd f\u00f6r 50 pers.Det finns ett fullt utrustat k\u00f6k med glas, porslin och bestick samt stolar och bord till 50 pers.Det finns [&hellip;]<\/p>\n","protected":false},"author":24,"featured_media":0,"parent":23,"menu_order":0,"comment_status":"closed","ping_status":"closed","template":"","meta":{"_et_pb_use_builder":"on","_et_pb_old_content":"","_et_gb_content_width":"","iawp_total_views":4172,"footnotes":""},"class_list":["post-35915","page","type-page","status-publish","hentry"],"_links":{"self":[{"href":"https:\/\/marinkamraterna.se\/trelleborg\/wp-json\/wp\/v2\/pages\/35915","targetHints":{"allow":["GET"]}}],"collection":[{"href":"https:\/\/marinkamraterna.se\/trelleborg\/wp-json\/wp\/v2\/pages"}],"about":[{"href":"https:\/\/marinkamraterna.se\/trelleborg\/wp-json\/wp\/v2\/types\/page"}],"author":[{"embeddable":true,"href":"https:\/\/marinkamraterna.se\/trelleborg\/wp-json\/wp\/v2\/users\/24"}],"replies":[{"embeddable":true,"href":"https:\/\/marinkamraterna.se\/trelleborg\/wp-json\/wp\/v2\/comments?post=35915"}],"version-history":[{"count":18,"href":"https:\/\/marinkamraterna.se\/trelleborg\/wp-json\/wp\/v2\/pages\/35915\/revisions"}],"predecessor-version":[{"id":42956,"href":"https:\/\/marinkamraterna.se\/trelleborg\/wp-json\/wp\/v2\/pages\/35915\/revisions\/42956"}],"up":[{"embeddable":true,"href":"https:\/\/marinkamraterna.se\/trelleborg\/wp-json\/wp\/v2\/pages\/23"}],"wp:attachment":[{"href":"https:\/\/marinkamraterna.se\/trelleborg\/wp-json\/wp\/v2\/media?parent=35915"}],"curies":[{"name":"wp","href":"https:\/\/api.w.org\/{rel}","templated":true}]}}