{"id":37324,"date":"2021-11-17T08:43:48","date_gmt":"2021-11-17T07:43:48","guid":{"rendered":"https:\/\/andersa6.sg-host.com\/trelleborg\/?page_id=37324"},"modified":"2022-02-14T13:44:29","modified_gmt":"2022-02-14T12:44:29","slug":"ulven","status":"publish","type":"page","link":"https:\/\/marinkamraterna.se\/trelleborg\/ulven\/","title":{"rendered":"Ulven"},"content":{"rendered":"<p>[et_pb_section fb_built=&#8221;1&#8243; use_custom_gutter=&#8221;on&#8221; gutter_width=&#8221;2&#8243; specialty=&#8221;on&#8221; padding_top_bottom_link_1=&#8221;false&#8221; padding_left_right_link_1=&#8221;false&#8221; padding_top_1=&#8221;10px&#8221; _builder_version=&#8221;4.9.4&#8243; _module_preset=&#8221;default&#8221; custom_margin=&#8221;|10px||||&#8221; custom_padding=&#8221;||||false|false&#8221; global_colors_info=&#8221;{}&#8221;][et_pb_column type=&#8221;1_4&#8243; _builder_version=&#8221;3.25&#8243; custom_padding=&#8221;|||&#8221; global_colors_info=&#8221;{}&#8221; custom_padding__hover=&#8221;|||&#8221;][et_pb_sidebar area=&#8221;et_pb_widget_area_3&#8243; _builder_version=&#8221;4.9.4&#8243; _module_preset=&#8221;default&#8221; header_font=&#8221;|600||on|||||&#8221; body_text_color=&#8221;#0C71C3&#8243; body_font_size=&#8221;14px&#8221; custom_margin=&#8221;||||false|false&#8221; custom_padding=&#8221;||||false|false&#8221; global_module=&#8221;33600&#8243; locked=&#8221;on&#8221; global_colors_info=&#8221;{}&#8221;][\/et_pb_sidebar][\/et_pb_column][et_pb_column type=&#8221;3_4&#8243; specialty_columns=&#8221;3&#8243; _builder_version=&#8221;3.25&#8243; custom_padding=&#8221;|||&#8221; global_colors_info=&#8221;{}&#8221; custom_padding__hover=&#8221;|||&#8221;][et_pb_row_inner use_custom_gutter=&#8221;on&#8221; gutter_width=&#8221;1&#8243; make_equal=&#8221;on&#8221; _builder_version=&#8221;4.9.4&#8243; _module_preset=&#8221;default&#8221; custom_padding=&#8221;0px||||false|false&#8221; global_colors_info=&#8221;{}&#8221;][et_pb_column_inner saved_specialty_column_type=&#8221;3_4&#8243; _builder_version=&#8221;4.9.3&#8243; _module_preset=&#8221;default&#8221; global_colors_info=&#8221;{}&#8221;][et_pb_post_title meta=&#8221;off&#8221; featured_image=&#8221;off&#8221; _builder_version=&#8221;4.9.4&#8243; _module_preset=&#8221;default&#8221; title_font_size=&#8221;35px&#8221; global_colors_info=&#8221;{}&#8221;][\/et_pb_post_title][et_pb_text _builder_version=&#8221;4.13.1&#8243; _module_preset=&#8221;default&#8221; global_colors_info=&#8221;{}&#8221;]<\/p>\n<h3><a href=\"https:\/\/sv.wikipedia.org\/wiki\/Ulvenkatastrofen#cite_note-Ulven_s._48-37\">https:\/\/sv.wikipedia.org\/wiki\/Ulvenkatastrofen#cite_note-Ulven_s._48-37<\/a><\/h3>\n<p>&nbsp;<\/p>\n<p>[\/et_pb_text][et_pb_text _builder_version=&#8221;4.14.7&#8243; _module_preset=&#8221;default&#8221; hover_enabled=&#8221;0&#8243; global_colors_info=&#8221;{}&#8221; sticky_enabled=&#8221;0&#8243;]<\/p>\n<h3><span><strong>15 April 1943 minspr\u00e4ngdes ub\u00e5ten HMS Ulven<\/strong><\/span><strong style=\"font-size: 22px\">\u00a0utanf\u00f6r Marstrand<\/strong><\/h3>\n<p>Hela bes\u00e4ttningen p\u00e5 33 ub\u00e5tsm\u00e4n miste livet.<\/p>\n<p>Ulven f\u00f6rsvann under en \u00f6vning tillsammans med systerfartygen Draken och Gripen. \u00d6vningen utanf\u00f6r Marstrand hade som syfte att f\u00f6rsvara sig mot ub\u00e5tsanfall. Flera mindre fartyg medverkade.<\/p>\n<p>Efter intensivt s\u00f6kande hittades Ulven den 5 maj samma \u00e5r p\u00e5 50 meters djup, endast 100 meter utanf\u00f6r den svenska territorialgr\u00e4nsen.<\/p>\n<p>En av bes\u00e4ttningen, Svante Hallberg, ligger begravd p\u00e5 kyrkog\u00e5rden i Hammarl\u00f6v norr om Trelleborg.<\/p>\n<p>&nbsp;<\/p>\n<p>[\/et_pb_text][et_pb_image src=&#8221;http:\/\/marinkamraterna.se\/trelleborg\/wp-content\/uploads\/sites\/27\/2021\/10\/IMG_0896tk.jpg&#8221; title_text=&#8221;IMG_0896tk&#8221; _builder_version=&#8221;4.12.1&#8243; _module_preset=&#8221;default&#8221; global_colors_info=&#8221;{}&#8221;][\/et_pb_image][\/et_pb_column_inner][\/et_pb_row_inner][\/et_pb_column][\/et_pb_section]<\/p>\n","protected":false},"excerpt":{"rendered":"<p>https:\/\/sv.wikipedia.org\/wiki\/Ulvenkatastrofen#cite_note-Ulven_s._48-37 &nbsp;15 April 1943 minspr\u00e4ngdes ub\u00e5ten HMS Ulven\u00a0utanf\u00f6r Marstrand Hela bes\u00e4ttningen p\u00e5 33 ub\u00e5tsm\u00e4n miste livet. Ulven f\u00f6rsvann under en \u00f6vning tillsammans med systerfartygen Draken och Gripen. \u00d6vningen utanf\u00f6r Marstrand hade som syfte att f\u00f6rsvara sig mot ub\u00e5tsanfall. Flera mindre fartyg medverkade. Efter intensivt s\u00f6kande hittades Ulven den 5 maj samma \u00e5r p\u00e5 50 meters [&hellip;]<\/p>\n","protected":false},"author":24,"featured_media":0,"parent":0,"menu_order":0,"comment_status":"closed","ping_status":"closed","template":"","meta":{"_et_pb_use_builder":"on","_et_pb_old_content":"","_et_gb_content_width":"","iawp_total_views":56,"footnotes":""},"class_list":["post-37324","page","type-page","status-publish","hentry"],"_links":{"self":[{"href":"https:\/\/marinkamraterna.se\/trelleborg\/wp-json\/wp\/v2\/pages\/37324","targetHints":{"allow":["GET"]}}],"collection":[{"href":"https:\/\/marinkamraterna.se\/trelleborg\/wp-json\/wp\/v2\/pages"}],"about":[{"href":"https:\/\/marinkamraterna.se\/trelleborg\/wp-json\/wp\/v2\/types\/page"}],"author":[{"embeddable":true,"href":"https:\/\/marinkamraterna.se\/trelleborg\/wp-json\/wp\/v2\/users\/24"}],"replies":[{"embeddable":true,"href":"https:\/\/marinkamraterna.se\/trelleborg\/wp-json\/wp\/v2\/comments?post=37324"}],"version-history":[{"count":10,"href":"https:\/\/marinkamraterna.se\/trelleborg\/wp-json\/wp\/v2\/pages\/37324\/revisions"}],"predecessor-version":[{"id":40267,"href":"https:\/\/marinkamraterna.se\/trelleborg\/wp-json\/wp\/v2\/pages\/37324\/revisions\/40267"}],"wp:attachment":[{"href":"https:\/\/marinkamraterna.se\/trelleborg\/wp-json\/wp\/v2\/media?parent=37324"}],"curies":[{"name":"wp","href":"https:\/\/api.w.org\/{rel}","templated":true}]}}