{"id":37350,"date":"2021-11-17T14:23:21","date_gmt":"2021-11-17T13:23:21","guid":{"rendered":"https:\/\/andersa6.sg-host.com\/trelleborg\/?page_id=37350"},"modified":"2022-02-14T12:39:27","modified_gmt":"2022-02-14T11:39:27","slug":"okande-sjomannens-grav-2021","status":"publish","type":"page","link":"https:\/\/marinkamraterna.se\/trelleborg\/startsidan\/om-foreningen\/verksamhet\/okande-sjomannens-grav-2021\/","title":{"rendered":"2021-11-06, Ok\u00e4nde sj\u00f6mannens grav, Minnesstund"},"content":{"rendered":"<p>[et_pb_section fb_built=&#8221;1&#8243; specialty=&#8221;on&#8221; padding_top_bottom_link_1=&#8221;false&#8221; padding_top_bottom_link_2=&#8221;false&#8221; padding_left_right_link_1=&#8221;false&#8221; padding_left_right_link_2=&#8221;false&#8221; padding_top_1=&#8221;45px&#8221; padding_top_2=&#8221;45px&#8221; _builder_version=&#8221;4.10.8&#8243; _module_preset=&#8221;default&#8221; custom_margin=&#8221;||||false|false&#8221; custom_padding=&#8221;0px||||false|false&#8221; locked=&#8221;off&#8221; global_colors_info=&#8221;{}&#8221;][et_pb_column type=&#8221;3_4&#8243; specialty_columns=&#8221;3&#8243; _builder_version=&#8221;3.25&#8243; custom_padding=&#8221;|||&#8221; global_colors_info=&#8221;{}&#8221; custom_padding__hover=&#8221;|||&#8221;][et_pb_row_inner _builder_version=&#8221;4.14.7&#8243; _module_preset=&#8221;default&#8221; global_colors_info=&#8221;{}&#8221;][et_pb_column_inner saved_specialty_column_type=&#8221;3_4&#8243; _builder_version=&#8221;4.14.7&#8243; _module_preset=&#8221;default&#8221; global_colors_info=&#8221;{}&#8221;][et_pb_text _builder_version=&#8221;4.14.7&#8243; _module_preset=&#8221;default&#8221; hover_enabled=&#8221;0&#8243; sticky_enabled=&#8221;0&#8243;]<\/p>\n<h2>Den ok\u00e4nde sj\u00f6mannens grav, minnesstund 2021-11-06<\/h2>\n<p>[\/et_pb_text][et_pb_text _builder_version=&#8221;4.14.7&#8243; _module_preset=&#8221;default&#8221; global_colors_info=&#8221;{}&#8221;]<\/p>\n<p>L\u00f6rdagen 6 november h\u00f6lls den traditionella<span>\u00a0<\/span><strong>minnesstunden vid den Ok\u00e4nde Sj\u00f6mannens Grav<\/strong><span>\u00a0<\/span>p\u00e5 norra kyrkog\u00e5rden med f\u00f6reningens kaplan, Anders Blomstrand som f\u00f6rr\u00e4ttningshavare.\u00a0 <br \/>I sin betraktelse p\u00e5minde han de n\u00e4rvarande om f\u00f6rlisningen av Corvetten Carlskrona strax norr om Cuba 30 april 1846 under en l\u00e5ngresa till Sydamerika och V\u00e4stindien. En tropisk stormby gjorde att korvetten kantrade p\u00e5 mycket kort tid.\u00a0 Av bes\u00e4ttningens 131 mannar \u00f6verlevde endast 17 som r\u00e4ddades fr\u00e5n en livb\u00e5t ett par dagar efter olyckan.\u00a0 <br \/>V\u00e5r ordf\u00f6rande Thomas Ohlsson, lade ned en krans vid graven i n\u00e4rvaro av v\u00e5r flaggvakt och ett 25-tal personer, best\u00e5ende av medlemmar och n\u00e4ra anh\u00f6riga.<br \/>Det hela avslutades med ett tapto levererat av v\u00e5r egen trumpetare, Sven-Bertil Arnberg, och f\u00f6ljdes av gl\u00f6gg, kaffe och lussebullar i f\u00f6reningslokalen.<\/p>\n<p>[\/et_pb_text][et_pb_gallery gallery_ids=&#8221;36771,36770,36768,36763,36762,36760,36759,36757,36756,36755,36754,36749,36748,36746,36745,36741,36740&#8243; posts_number=&#8221;30&#8243; show_title_and_caption=&#8221;off&#8221; show_pagination=&#8221;off&#8221; _builder_version=&#8221;4.14.7&#8243; _module_preset=&#8221;default&#8221; global_colors_info=&#8221;{}&#8221;][\/et_pb_gallery][\/et_pb_column_inner][\/et_pb_row_inner][\/et_pb_column][et_pb_column type=&#8221;1_4&#8243; _builder_version=&#8221;3.25&#8243; custom_padding=&#8221;|||&#8221; global_colors_info=&#8221;{}&#8221; custom_padding__hover=&#8221;|||&#8221;][et_pb_sidebar orientation=&#8221;right&#8221; admin_label=&#8221;Sidof\u00e4lt&#8221; _builder_version=&#8221;4.9.4&#8243; _module_preset=&#8221;default&#8221; header_font=&#8221;|600||on|||||&#8221; header_font_size=&#8221;20px&#8221; global_module=&#8221;33531&#8243; saved_tabs=&#8221;all&#8221; locked=&#8221;on&#8221; global_colors_info=&#8221;{}&#8221;][\/et_pb_sidebar][\/et_pb_column][\/et_pb_section]<\/p>\n","protected":false},"excerpt":{"rendered":"<p>Den ok\u00e4nde sj\u00f6mannens grav, minnesstund 2021-11-06L\u00f6rdagen 6 november h\u00f6lls den traditionella\u00a0minnesstunden vid den Ok\u00e4nde Sj\u00f6mannens Grav\u00a0p\u00e5 norra kyrkog\u00e5rden med f\u00f6reningens kaplan, Anders Blomstrand som f\u00f6rr\u00e4ttningshavare.\u00a0 I sin betraktelse p\u00e5minde han de n\u00e4rvarande om f\u00f6rlisningen av Corvetten Carlskrona strax norr om Cuba 30 april 1846 under en l\u00e5ngresa till Sydamerika och V\u00e4stindien. En tropisk stormby gjorde [&hellip;]<\/p>\n","protected":false},"author":24,"featured_media":0,"parent":33992,"menu_order":0,"comment_status":"closed","ping_status":"closed","template":"","meta":{"_et_pb_use_builder":"on","_et_pb_old_content":"","_et_gb_content_width":"","iawp_total_views":29,"footnotes":""},"class_list":["post-37350","page","type-page","status-publish","hentry"],"_links":{"self":[{"href":"https:\/\/marinkamraterna.se\/trelleborg\/wp-json\/wp\/v2\/pages\/37350","targetHints":{"allow":["GET"]}}],"collection":[{"href":"https:\/\/marinkamraterna.se\/trelleborg\/wp-json\/wp\/v2\/pages"}],"about":[{"href":"https:\/\/marinkamraterna.se\/trelleborg\/wp-json\/wp\/v2\/types\/page"}],"author":[{"embeddable":true,"href":"https:\/\/marinkamraterna.se\/trelleborg\/wp-json\/wp\/v2\/users\/24"}],"replies":[{"embeddable":true,"href":"https:\/\/marinkamraterna.se\/trelleborg\/wp-json\/wp\/v2\/comments?post=37350"}],"version-history":[{"count":9,"href":"https:\/\/marinkamraterna.se\/trelleborg\/wp-json\/wp\/v2\/pages\/37350\/revisions"}],"predecessor-version":[{"id":40225,"href":"https:\/\/marinkamraterna.se\/trelleborg\/wp-json\/wp\/v2\/pages\/37350\/revisions\/40225"}],"up":[{"embeddable":true,"href":"https:\/\/marinkamraterna.se\/trelleborg\/wp-json\/wp\/v2\/pages\/33992"}],"wp:attachment":[{"href":"https:\/\/marinkamraterna.se\/trelleborg\/wp-json\/wp\/v2\/media?parent=37350"}],"curies":[{"name":"wp","href":"https:\/\/api.w.org\/{rel}","templated":true}]}}