{"id":37355,"date":"2021-11-17T14:29:26","date_gmt":"2021-11-17T13:29:26","guid":{"rendered":"https:\/\/andersa6.sg-host.com\/trelleborg\/?page_id=37355"},"modified":"2022-02-15T20:57:02","modified_gmt":"2022-02-15T19:57:02","slug":"medlemsmote-21-11-11","status":"publish","type":"page","link":"https:\/\/marinkamraterna.se\/trelleborg\/startsidan\/om-foreningen\/verksamhet\/medlemsmote-21-11-11\/","title":{"rendered":"2021-11-11, Kunskapsutredning, Stephan Bladh"},"content":{"rendered":"<p>[et_pb_section fb_built=&#8221;1&#8243; specialty=&#8221;on&#8221; padding_top_bottom_link_1=&#8221;false&#8221; padding_top_bottom_link_2=&#8221;false&#8221; padding_left_right_link_1=&#8221;false&#8221; padding_left_right_link_2=&#8221;false&#8221; padding_top_1=&#8221;45px&#8221; padding_top_2=&#8221;45px&#8221; _builder_version=&#8221;4.10.8&#8243; _module_preset=&#8221;default&#8221; custom_margin=&#8221;||||false|false&#8221; custom_padding=&#8221;0px||||false|false&#8221; locked=&#8221;off&#8221; global_colors_info=&#8221;{}&#8221;][et_pb_column type=&#8221;3_4&#8243; specialty_columns=&#8221;3&#8243; _builder_version=&#8221;3.25&#8243; custom_padding=&#8221;|||&#8221; global_colors_info=&#8221;{}&#8221; custom_padding__hover=&#8221;|||&#8221;][et_pb_row_inner _builder_version=&#8221;4.9.3&#8243; _module_preset=&#8221;default&#8221; custom_padding=&#8221;0px||||false|false&#8221; global_colors_info=&#8221;{}&#8221;][et_pb_column_inner saved_specialty_column_type=&#8221;3_4&#8243; _builder_version=&#8221;4.9.3&#8243; _module_preset=&#8221;default&#8221; global_colors_info=&#8221;{}&#8221;][et_pb_post_title meta=&#8221;off&#8221; featured_image=&#8221;off&#8221; _builder_version=&#8221;4.9.3&#8243; _module_preset=&#8221;default&#8221; title_font_size=&#8221;35px&#8221; global_colors_info=&#8221;{}&#8221;][\/et_pb_post_title][et_pb_text _builder_version=&#8221;4.14.7&#8243; _module_preset=&#8221;default&#8221; hover_enabled=&#8221;0&#8243; global_colors_info=&#8221;{}&#8221; sticky_enabled=&#8221;0&#8243;]<\/p>\n<p><em>\u201dVad skiljer vetenskaplig kunskap fr\u00e5n annan kunskap\u201d <\/em><\/p>\n<p>var \u00e4mnet som Stephan Bladh k\u00e5serade om.\u00a0<\/p>\n<p>I medlemsm\u00f6tet den 11 november blev f\u00f6rv\u00e5ningen stor n\u00e4r v\u00e5r medlem, Stephan Bladh, forskare vid s\u00e5v\u00e4l G\u00f6teborgs- som Lunds universitet inledde sitt f\u00f6redrag om skillnaden mellan <em>vetenskaplig kunskap och annan kunskap<\/em>, genom att sjunga den k\u00e4nda barnvisan: <em>Blinka lilla\u2026<\/em> Detta f\u00f6r att \u00e5sk\u00e5dligg\u00f6ra den tredelade visformen, \u00e4ven kallad <em>sonatformen<\/em>. Den bygger p\u00e5 begreppen <em>kontrast <\/em>och<em> upprepning, <\/em>vilket \u00e4r all konsts grundl\u00e4ggande k\u00e4nnetecken. Det anm\u00e4rkningsv\u00e4rda \u00e4r att \u00e4ven vetenskapen har sin grund i denna form. N\u00e4r d\u00e4rf\u00f6r doktorsavhandlingar liksom forskningsrapporter av skilda slag publiceras \u00e4r dessa i gott s\u00e4llskap av t.ex. Haydns 108 symfonier, Mozarts 52 och alla tusentals sonater d\u00e4rtill.<\/p>\n<p>Vid ett av de \u00e4ldsta europeiska universiteten p\u00e5 1000-talet i Bologna fanns fyra fakulteter. Av alla l\u00e4rare och studenter \u00e4gnade sig 80 % \u00e5t teologi. 15 % \u00e5t filosofi, 4 % \u00e5t juridik och 1 % \u00e5t medicin. Endast en yrkeskategori var beh\u00f6rig att tj\u00e4nstg\u00f6ra inom samtliga dessa fyra omr\u00e5den, n\u00e4mligen pr\u00e4sten. Detta speglade naturligvis den katolska kyrkans dominans i Europa.<\/p>\n<p>Idag r\u00e5der det omv\u00e4nda f\u00f6rh\u00e5llandet med medicin\/teknologi i toppen och filosofi\/teologi i botten. All universitetsutbildning i v\u00e5r v\u00e4rld har enbart tv\u00e5 niv\u00e5er n\u00e4mligen <em>grundutbildning<\/em> (t.ex. l\u00e4kare. civilingenj\u00f6rer, tandl\u00e4kare, l\u00e4rare etc.) och <em>forskarutbildning<\/em>. Den senare tar minst lika m\u00e5nga \u00e5r som grundutbildningen. N\u00e4r det g\u00e4ller akademiska titlar som t.ex. tandl\u00e4kare och l\u00e4kare tituleras dessa ofta Doktor. Av tradition f\u00e5r dessa i samband med att de efter respektive grundutbildningsexamen av socialstyrelsen f\u00e5r sin legitimation ocks\u00e5 ges r\u00e4tten att titulera sig Doktor. Detta utan Doktorsexamen. Det \u00e4r allts\u00e5 en hederstitel.<\/p>\n<p>Titeln advokat f\u00e5r en grundutbildad jurist b\u00e4ra efter ans\u00f6kan hos advokatsamfundet. Detta i sin tur har en \u00f6verenskommelse med staten om att under speciella regler utdela-, respektive eliminera, advokattiteln. Efter \u00e5ratal av erfarenheter som advokat tycker m\u00e5nga att dessa erfarenheter borde kunna rendera b\u00e5de en Doktorsexamen och en Doktorshatt. Varf\u00f6r detta s\u00e4llan kommer till st\u00e5nd beror p\u00e5 att advokaten saknar tillr\u00e4cklig erfarenhet av <em>juridisk objektivitet<\/em>. Rollen av att st\u00e4ndigt f\u00f6lja klienters <em>subjektiva<\/em> tankar och id\u00e9er i t.ex. en domstol kr\u00e4ver s\u00e5dant som kallas lagvr\u00e4ngning eller advokatyr. D\u00e4rf\u00f6r kallas heller inte det som sker i domstol f\u00f6r unders\u00f6kning utan f\u00f6r <em>f\u00f6rhandling<\/em>. Inom forskning f\u00f6rhandlar man inte. D\u00e4r finns enbart <em>unders\u00f6kningar<\/em>.<\/p>\n<p>Teologi betyder ju som bekant \u201dl\u00e4ran om Gud\u201d. Dock \u00e4r Gud inget forskningsobjekt, allts\u00e5 n\u00e5gon man forskar om. Det \u00e4r m\u00e4nniskan och hennes relation till Gud som beforskas. Pr\u00e4ster talar ofta om Guds relation till m\u00e4nniskan men om den kan man inget veta. Det \u00e4r en ren trosfr\u00e5ga. Det \u00e4r f\u00f6r \u00f6vrigt med pr\u00e4ster som advokater att de skall vara subjektivt laddade och f\u00f6lja medm\u00e4nniskans- respektive klientens tankar och id\u00e9er i enlighet med kyrkans l\u00e4ra respektive lagen.<\/p>\n<p>Inom feministisk teologisk forskning p\u00e5g\u00e5r sedan mitten av 1900-talet ett febrilt arbete med att g\u00f6ra det m\u00f6jligt f\u00f6r all v\u00e4rldens kvinnor att kunna identifiera sig med den av m\u00e4n skapade trinitatus-l\u00e4ran, allts\u00e5 den inom kristendomen s.k. treenigheten: Fader, son och helig ande. N\u00e5gon mer manlig hierarki \u00e4n denna finns knappast.<\/p>\n<p>Med tanke p\u00e5 den p\u00e5g\u00e5ende pandemin undrade Bladh om det \u00e4r vetenskap som k\u00e4nnetecknat nyhetsmedia de g\u00e5ngna \u00e5ren. Vi har ju sett och h\u00f6rt otaliga bakteriologer, virologen, sociologer, filosofer och ekonomer uttala sig och d\u00e4rtill statistiker och matematiker och andra inom folkh\u00e4lsomyndigheten. Trots m\u00e4ngden av disputerade personer m\u00e5ste svaret \u00e4nd\u00e5 bli NEJ. Det \u00e4r inte vetenskap som de har delgett folket utan huvudsakligen enkel <em>deskriptiv <\/em>(beskrivande) <em>statistik<\/em>. Orsaken \u00e4r att viruset Covid19 var ok\u00e4nt och avsaknaden av kvalificerade data om detta virus ledde till mindre lyckade spekulationer och rena gissningar.<\/p>\n<p>Vetenskapen har allts\u00e5 lyst med sin fr\u00e5nvaro under pandemin.<\/p>\n<p>Och med detta blev det dags att besvara rubrikfr\u00e5gan: Jo, den vetenskapliga kunskapen \u00e4r <em>kumulativ<\/em>. Ordet cumulus har vi i t.ex. cumulusmoln vilka under sommarhalv\u00e5ret visar sig anknutna till varandra och p\u00e5 s\u00e5 s\u00e4tt utg\u00f6ra en molnbank i flera skikt h\u00f6gt upp i skyn. Denna molnbank \u00e5sk\u00e5dligg\u00f6r hur vetenskapliga avhandlingar och rapporter alltid m\u00e5ste vara anknutna till annan forskning. Varje vetenskaplig skribent m\u00e5ste s\u00e5ledes tydligt visa och beskriva <em>p\u00e5 vilket s\u00e4tt<\/em> de egna forskningsresultaten st\u00e4mmer \u00f6verens med-, eller inte st\u00e4mmer \u00f6versens med, annan forskning. Som grund f\u00f6r processen ligger den tredelade visformen d\u00e4r f\u00f6rsta delen \u00e4r en presentation av allt s\u00e5dant en l\u00e4sare m\u00e5ste k\u00e4nna till f\u00f6r att f\u00f6rst\u00e5 den aktuella texten. I den andra delen presenteras resultaten av den egna forskningen och i den tredje delen presenteras i diskussionsform anknytningen till annan forskning. S\u00e5ledes \u00e4r det anknytningen inom den tredelade formen (Blinka lilla \u2026) som skiljer vetenskaplig kunskap fr\u00e5n annan kunskap.<\/p>\n<p>&nbsp;<\/p>\n<p>Eftersom Bladh b\u00f6rjade f\u00f6redraget med en visa tyckte han uppenbarligen att det var en god inramning att avsluta med en s\u00e5ng. Helt utan vetenskaplig grund sj\u00f6ng han d\u00e4rf\u00f6r O Sole Mio \u2013 a cappella (utan ackompanjemang).<\/p>\n<p>&nbsp;<\/p>\n<p>SB<\/p>\n<p>[\/et_pb_text][\/et_pb_column_inner][\/et_pb_row_inner][\/et_pb_column][et_pb_column type=&#8221;1_4&#8243; _builder_version=&#8221;3.25&#8243; custom_padding=&#8221;|||&#8221; global_colors_info=&#8221;{}&#8221; custom_padding__hover=&#8221;|||&#8221;][et_pb_image src=&#8221;http:\/\/marinkamraterna.se\/trelleborg\/wp-content\/uploads\/sites\/27\/2021\/11\/IMG_0014ta-1-e1637430360807.jpg&#8221; title_text=&#8221;IMG_0014ta&#8221; _builder_version=&#8221;4.13.1&#8243; _module_preset=&#8221;default&#8221; global_colors_info=&#8221;{}&#8221;][\/et_pb_image][et_pb_text _builder_version=&#8221;4.9.4&#8243; _module_preset=&#8221;default&#8221; text_font=&#8221;||on||||||&#8221; text_font_size=&#8221;14px&#8221; global_colors_info=&#8221;{}&#8221;]<\/p>\n<p>Bildtext<\/p>\n<p>[\/et_pb_text][et_pb_sidebar orientation=&#8221;right&#8221; admin_label=&#8221;Sidof\u00e4lt&#8221; _builder_version=&#8221;4.9.4&#8243; _module_preset=&#8221;default&#8221; header_font=&#8221;|600||on|||||&#8221; header_font_size=&#8221;20px&#8221; global_module=&#8221;33531&#8243; saved_tabs=&#8221;all&#8221; locked=&#8221;on&#8221; global_colors_info=&#8221;{}&#8221;][\/et_pb_sidebar][\/et_pb_column][\/et_pb_section]<\/p>\n","protected":false},"excerpt":{"rendered":"<p>\u201dVad skiljer vetenskaplig kunskap fr\u00e5n annan kunskap\u201d var \u00e4mnet som Stephan Bladh k\u00e5serade om.\u00a0 I medlemsm\u00f6tet den 11 november blev f\u00f6rv\u00e5ningen stor n\u00e4r v\u00e5r medlem, Stephan Bladh, forskare vid s\u00e5v\u00e4l G\u00f6teborgs- som Lunds universitet inledde sitt f\u00f6redrag om skillnaden mellan vetenskaplig kunskap och annan kunskap, genom att sjunga den k\u00e4nda barnvisan: Blinka lilla\u2026 Detta f\u00f6r [&hellip;]<\/p>\n","protected":false},"author":24,"featured_media":0,"parent":33992,"menu_order":0,"comment_status":"closed","ping_status":"closed","template":"","meta":{"_et_pb_use_builder":"on","_et_pb_old_content":"","_et_gb_content_width":"","iawp_total_views":50,"footnotes":""},"class_list":["post-37355","page","type-page","status-publish","hentry"],"_links":{"self":[{"href":"https:\/\/marinkamraterna.se\/trelleborg\/wp-json\/wp\/v2\/pages\/37355","targetHints":{"allow":["GET"]}}],"collection":[{"href":"https:\/\/marinkamraterna.se\/trelleborg\/wp-json\/wp\/v2\/pages"}],"about":[{"href":"https:\/\/marinkamraterna.se\/trelleborg\/wp-json\/wp\/v2\/types\/page"}],"author":[{"embeddable":true,"href":"https:\/\/marinkamraterna.se\/trelleborg\/wp-json\/wp\/v2\/users\/24"}],"replies":[{"embeddable":true,"href":"https:\/\/marinkamraterna.se\/trelleborg\/wp-json\/wp\/v2\/comments?post=37355"}],"version-history":[{"count":8,"href":"https:\/\/marinkamraterna.se\/trelleborg\/wp-json\/wp\/v2\/pages\/37355\/revisions"}],"predecessor-version":[{"id":40896,"href":"https:\/\/marinkamraterna.se\/trelleborg\/wp-json\/wp\/v2\/pages\/37355\/revisions\/40896"}],"up":[{"embeddable":true,"href":"https:\/\/marinkamraterna.se\/trelleborg\/wp-json\/wp\/v2\/pages\/33992"}],"wp:attachment":[{"href":"https:\/\/marinkamraterna.se\/trelleborg\/wp-json\/wp\/v2\/media?parent=37355"}],"curies":[{"name":"wp","href":"https:\/\/api.w.org\/{rel}","templated":true}]}}