{"id":39387,"date":"2022-01-26T14:40:35","date_gmt":"2022-01-26T13:40:35","guid":{"rendered":"https:\/\/marinkamraterna.se\/trelleborg\/?page_id=39387"},"modified":"2022-02-04T15:54:50","modified_gmt":"2022-02-04T14:54:50","slug":"medlemsmote-2021-12-09-sillens-betydelse-for-sjovarten","status":"publish","type":"page","link":"https:\/\/marinkamraterna.se\/trelleborg\/startsidan\/om-foreningen\/verksamhet\/medlemsmote-2021-12-09-sillens-betydelse-for-sjovarten\/","title":{"rendered":"2021-12-09, Sillens betydelse f\u00f6r sj\u00f6farten, Bengt Grip"},"content":{"rendered":"<p>[et_pb_section fb_built=&#8221;1&#8243; admin_label=&#8221;section&#8221; _builder_version=&#8221;3.22&#8243; global_colors_info=&#8221;{}&#8221;][et_pb_row admin_label=&#8221;row&#8221; _builder_version=&#8221;3.25&#8243; background_size=&#8221;initial&#8221; background_position=&#8221;top_left&#8221; background_repeat=&#8221;repeat&#8221; global_colors_info=&#8221;{}&#8221;][et_pb_column type=&#8221;4_4&#8243; _builder_version=&#8221;3.25&#8243; custom_padding=&#8221;|||&#8221; global_colors_info=&#8221;{}&#8221; custom_padding__hover=&#8221;|||&#8221;][et_pb_text admin_label=&#8221;Text&#8221; _builder_version=&#8221;4.14.7&#8243; background_size=&#8221;initial&#8221; background_position=&#8221;top_left&#8221; background_repeat=&#8221;repeat&#8221; global_colors_info=&#8221;{}&#8221;]<\/p>\n<blockquote>\n<h2>Bengt Grip ber\u00e4ttar om sillens betydelse f\u00f6r sj\u00f6farten<br \/><strong>\u00a0<img loading=\"lazy\" decoding=\"async\" src=\"https:\/\/marinkamraterna.se\/trelleborg\/wp-content\/uploads\/sites\/27\/2022\/01\/2-600x582.jpg\" width=\"600\" height=\"582\" alt=\"\" class=\"wp-image-39411 alignnone size-medium\" \/> <img loading=\"lazy\" decoding=\"async\" src=\"https:\/\/marinkamraterna.se\/trelleborg\/wp-content\/uploads\/sites\/27\/2022\/01\/3-595x600.jpg\" width=\"360\" height=\"363\" alt=\"\" class=\"wp-image-39414 alignnone size-medium\" \/> <img loading=\"lazy\" decoding=\"async\" src=\"https:\/\/marinkamraterna.se\/trelleborg\/wp-content\/uploads\/sites\/27\/2022\/01\/4-600x586.jpg\" width=\"372\" height=\"363\" alt=\"\" class=\"wp-image-39417 alignnone size-medium\" \/> <img loading=\"lazy\" decoding=\"async\" src=\"https:\/\/marinkamraterna.se\/trelleborg\/wp-content\/uploads\/sites\/27\/2022\/01\/5-600x600.jpg\" width=\"389\" height=\"389\" alt=\"\" class=\"wp-image-39420 alignnone size-medium\" \/> <img loading=\"lazy\" decoding=\"async\" src=\"https:\/\/marinkamraterna.se\/trelleborg\/wp-content\/uploads\/sites\/27\/2022\/01\/6-600x583.jpg\" width=\"401\" height=\"389\" alt=\"\" class=\"wp-image-39423 alignnone size-medium\" \/> <img loading=\"lazy\" decoding=\"async\" src=\"https:\/\/marinkamraterna.se\/trelleborg\/wp-content\/uploads\/sites\/27\/2022\/01\/7-600x450.jpg\" width=\"399\" height=\"299\" alt=\"\" class=\"wp-image-39426 alignnone size-medium\" \/><\/strong><\/h2>\n<\/blockquote>\n<p>&nbsp;<\/p>\n<p>Huvudrubriken f\u00f6r \u00e5rets sista medlemsm\u00f6te 9 dec. 2021 var \u201d<em>Sillens betydelse f\u00f6r sj\u00f6farten\u201d.\u00a0 <\/em>V\u00e5r egen <strong>Bengt Grip<\/strong> benade ut begreppen och fokuserade p\u00e5 \u201dbetydelsen\u201d och mindre p\u00e5 \u201dsj\u00f6farten\u201d. \u00a0Bengt har varit yrkesfiskare sedan 1983 n\u00e4r han tog \u00f6ver efter sin farbrors fiske.\u00a0 Han b\u00f6rjade med bottengarn i \u00d6resund men fick sluta d\u00e4r n\u00e4r gasledningen fr\u00e5n Danmark drogs rakt igenom deras \u201drevir\u201d. \u00a0D\u00e5 b\u00f6rjade han med garnfiske efter fr\u00e4mst torsk i \u00d6resund och s\u00f6dra \u00d6stersj\u00f6n.<\/p>\n<p>Bengt tror inte att sillen har n\u00e5gon egentlig betydelse f\u00f6r sj\u00f6farten idag men historiskt sett var sillen ganska stor f\u00f6r den mindre kustfarten. \u00a0Det b\u00f6rjade p\u00e5 Hansa-tiden med sillfisket runt Falsterbon\u00e4set och transporterna till Tyskland. D\u00e4refter kom sillen in till den norska kusten och stora m\u00e4ngder transporterades till Bohusl\u00e4n under 1700-talet.\u00a0 Fr\u00e5n b\u00f6rjan av 1800 talet var sillen vanlig vid Bohusl\u00e4n och fraktades d\u00e5 till m\u00e5nga olika hamnar i Europa. \u00a0D\u00e4refter var det i stort sett slut med sj\u00f6farten som transporterade sill; fiskeb\u00e5tarna blev st\u00f6rre och kunde sj\u00e4lva segla till hamnar d\u00e4r det fanns behov och marknad f\u00f6r sillen.<\/p>\n<p>Sillen har ocks\u00e5 haft negativ inverkan p\u00e5 av sj\u00f6farten \u00e4ven om det endast var av kuri\u00f6s natur. \u00a0Under 70\u201380 talen var det s\u00e5 mycket sill i K\u00e4mpingebukten att fraktb\u00e5tar som skulle igenom Falsterbokanalen kunde stundtals f\u00e5 stopp i kylvattnet till motorn f\u00f6r det var sill i intaget.\u00a0 Detta fenomen bekr\u00e4ftades av ett par andra f\u00f6reningsmedlemmar som upplevt det ombord p\u00e5 marina fartyg.<\/p>\n<p>Sill har alltid varit av stor betydelse f\u00f6r den svenska befolkningen som inkomstk\u00e4lla i kustomr\u00e5den och proteinrik f\u00f6da i allm\u00e4nhet. \u00a0\u00a0Bengt ber\u00e4ttade om en loggbok fr\u00e5n sin farfar som inneh\u00e5ller uppgifter om dennes fiskf\u00e5ngster och priser f\u00f6r vilka han s\u00e5lt fisken. \u00a0Den inneh\u00e5ller uppgifter om fisket under 10 \u00e5r (1920\u20131930). \u00a0P\u00e5 den tiden fick han fr\u00e5n 30 \u00f6re till 1,15 kr\/kg f\u00f6r sillen.\u00a0 Det j\u00e4mf\u00f6res mycket v\u00e4l med priset som betalades i slutet av 70 talet och b\u00f6rjan av 80 talet n\u00e4r Bengt b\u00f6rjade sitt fiske.\u00a0 Det var d\u00e5 ca. 70 \u00f6re\/kg. \u00a0Utan djupare analys men med h\u00e4nsyn tagen till penningv\u00e4rdets \u00e4ndringar ser det ut som om \u2019farfars\u2019 generation fick v\u00e4l s\u00e5 mycket ut av sitt arbete som dagens sillfiskare. \u00a030 \u00f6re\/kg \u00e5r 1920 motsvarar ca. 5,65 kr idag vilket \u00e4r ett bra pris f\u00f6r hel f\u00e4rsk sill p\u00e5 kajen.<\/p>\n<p>N\u00e4r Bengt b\u00f6rjade fiska s\u00e5 det var bara sill som g\u00e4llde. Priset f\u00f6r torsk var bara 20\u201330 \u00f6re\/kg. \u00a0Idag \u00e4r det tv\u00e4rt om, och p\u00e5 grund av den h\u00f6ga efterfr\u00e5gan har torsken \u00f6verfiskats och det mesta vi \u00e4ter \u00e4r inte torsk utan \u2019norsk\u2019.\u00a0 Det har varit stopp f\u00f6r torskfiske i snart tv\u00e5 \u00e5r i \u00d6stersj\u00f6n men det finns f\u00e4rre torskar d\u00e4r nu \u00e4n n\u00e4r det stoppades. \u00a0Fisket p\u00e5 torsk kan ju d\u00e4rf\u00f6r inte vara den enda orsaken till det problemet.<\/p>\n<p>Milj\u00f6problemen i \u00d6stersj\u00f6n \u00e4r enorma med stora syrefria omr\u00e5den d\u00e4r inget kan v\u00e4xa eller f\u00f6r\u00f6ka sig. \u00a0De \u00e4r f\u00f6rorsakade av utsl\u00e4pp fr\u00e5n industrin och jordbruket och reglering av \u00e4lvar och inte av fisket.\u00a0 Det pratas om mycket om problemen och man kan hoppas p\u00e5 gradvisa f\u00f6rb\u00e4ttringar. \u00a0Men man b\u00f6r ocks\u00e5 fokusera p\u00e5 \u00e5tg\u00e4rder som kan vidtagas nu.\u00a0 En \u00e4r att reducera s\u00e4lbest\u00e5ndet. Antalet gr\u00e5s\u00e4lar har f\u00f6rdubblats under de senaste 15 \u00e5ren och ber\u00e4knas konsumera mer sill \u00e4n vad hela fiskeflottan f\u00e5ngar.\u00a0 Det s\u00e4ges ocks\u00e5 att s\u00e4larna l\u00e4mnar efter sig maskar som orsakar skrumplever hos torsk och andra fiskarter.<\/p>\n<p>BG<\/p>\n<p>[\/et_pb_text][\/et_pb_column][\/et_pb_row][\/et_pb_section]<\/p>\n","protected":false},"excerpt":{"rendered":"<p>Bengt Grip ber\u00e4ttar om sillens betydelse f\u00f6r sj\u00f6farten\u00a0 &nbsp; Huvudrubriken f\u00f6r \u00e5rets sista medlemsm\u00f6te 9 dec. 2021 var \u201dSillens betydelse f\u00f6r sj\u00f6farten\u201d.\u00a0 V\u00e5r egen Bengt Grip benade ut begreppen och fokuserade p\u00e5 \u201dbetydelsen\u201d och mindre p\u00e5 \u201dsj\u00f6farten\u201d. \u00a0Bengt har varit yrkesfiskare sedan 1983 n\u00e4r han tog \u00f6ver efter sin farbrors fiske.\u00a0 Han b\u00f6rjade med bottengarn [&hellip;]<\/p>\n","protected":false},"author":24,"featured_media":0,"parent":33992,"menu_order":0,"comment_status":"closed","ping_status":"closed","template":"","meta":{"_et_pb_use_builder":"on","_et_pb_old_content":"<strong>Flottans m\u00e4n i Trelleborg informerar <\/strong>\r\n\r\nHuvudrubriken f\u00f6r \u00e5rets sista medlemsm\u00f6te 9 dec. 2021 var \u201d<em>Sillens betydelse f\u00f6r sj\u00f6farten\u201d.\u00a0 <\/em>V\u00e5r egen <strong>Bengt Grip<\/strong> benade ut begreppen och fokuserade p\u00e5 \u201dbetydelsen\u201d och mindre p\u00e5 \u201dsj\u00f6farten\u201d. \u00a0Bengt har varit yrkesfiskare sedan 1983 n\u00e4r han tog \u00f6ver efter sin farbrors fiske.\u00a0 Han b\u00f6rjade med bottengarn i \u00d6resund men fick sluta d\u00e4r n\u00e4r gasledningen fr\u00e5n Danmark drogs rakt igenom deras \u201drevir\u201d. \u00a0D\u00e5 b\u00f6rjade han med garnfiske efter fr\u00e4mst torsk i \u00d6resund och s\u00f6dra \u00d6stersj\u00f6n.\r\n\r\n\u00a0\r\n\r\nBengt tror inte att sillen har n\u00e5gon egentlig betydelse f\u00f6r sj\u00f6farten idag men historiskt sett var sillen ganska stor f\u00f6r den mindre kustfarten. \u00a0Det b\u00f6rjade p\u00e5 Hansa-tiden med sillfisket runt Falsterbon\u00e4set och transporterna till Tyskland. D\u00e4refter kom sillen in till den norska kusten och stora m\u00e4ngder transporterades till Bohusl\u00e4n under 1700-talet.\u00a0 Fr\u00e5n b\u00f6rjan av 1800 talet var sillen vanlig vid Bohusl\u00e4n och fraktades d\u00e5 till m\u00e5nga olika hamnar i Europa. \u00a0D\u00e4refter var det i stort sett slut med sj\u00f6farten som transporterade sill; fiskeb\u00e5tarna blev st\u00f6rre och kunde sj\u00e4lva segla till hamnar d\u00e4r det fanns behov och marknad f\u00f6r sillen.\r\n\r\nSillen har ocks\u00e5 haft negativ inverkan p\u00e5 av sj\u00f6farten \u00e4ven om det endast var av kuri\u00f6s natur. \u00a0Under 70\u201380 talen var det s\u00e5 mycket sill i K\u00e4mpingebukten att fraktb\u00e5tar som skulle igenom Falsterbokanalen kunde stundtals f\u00e5 stopp i kylvattnet till motorn f\u00f6r det var sill i intaget.\u00a0 Detta fenomen bekr\u00e4ftades av ett par andra f\u00f6reningsmedlemmar som upplevt det ombord p\u00e5 marina fartyg.\r\n\r\nSill har alltid varit av stor betydelse f\u00f6r den svenska befolkningen som inkomstk\u00e4lla i kustomr\u00e5den och proteinrik f\u00f6da i allm\u00e4nhet. \u00a0\u00a0Bengt ber\u00e4ttade om en loggbok fr\u00e5n sin farfar som inneh\u00e5ller uppgifter om dennes fiskf\u00e5ngster och priser f\u00f6r vilka han s\u00e5lt fisken. \u00a0Den inneh\u00e5ller uppgifter om fisket under 10 \u00e5r (1920\u20131930). \u00a0P\u00e5 den tiden fick han fr\u00e5n 30 \u00f6re till 1,15 kr\/kg f\u00f6r sillen.\u00a0 Det j\u00e4mf\u00f6res mycket v\u00e4l med priset som betalades i slutet av 70 talet och b\u00f6rjan av 80 talet n\u00e4r Bengt b\u00f6rjade sitt fiske.\u00a0 Det var d\u00e5 ca. 70 \u00f6re\/kg. \u00a0Utan djupare analys men med h\u00e4nsyn tagen till penningv\u00e4rdets \u00e4ndringar ser det ut som om \u2019farfars\u2019 generation fick v\u00e4l s\u00e5 mycket ut av sitt arbete som dagens sillfiskare. \u00a030 \u00f6re\/kg \u00e5r 1920 motsvarar ca. 5,65 kr idag vilket \u00e4r ett bra pris f\u00f6r hel f\u00e4rsk sill p\u00e5 kajen.\r\n\r\nN\u00e4r Bengt b\u00f6rjade fiska s\u00e5 det var bara sill som g\u00e4llde. Priset f\u00f6r torsk var bara 20\u201330 \u00f6re\/kg. \u00a0Idag \u00e4r det tv\u00e4rt om, och p\u00e5 grund av den h\u00f6ga efterfr\u00e5gan har torsken \u00f6verfiskats och det mesta vi \u00e4ter \u00e4r inte torsk utan \u2019norsk\u2019.\u00a0 Det har varit stopp f\u00f6r torskfiske i snart tv\u00e5 \u00e5r i \u00d6stersj\u00f6n men det finns f\u00e4rre torskar d\u00e4r nu \u00e4n n\u00e4r det stoppades. \u00a0Fisket p\u00e5 torsk kan ju d\u00e4rf\u00f6r inte vara den enda orsaken till det problemet.\r\n\r\nMilj\u00f6problemen i \u00d6stersj\u00f6n \u00e4r enorma med stora syrefria omr\u00e5den d\u00e4r inget kan v\u00e4xa eller f\u00f6r\u00f6ka sig. \u00a0De \u00e4r f\u00f6rorsakade av utsl\u00e4pp fr\u00e5n industrin och jordbruket och reglering av \u00e4lvar och inte av fisket.\u00a0 Det pratas om mycket om problemen och man kan hoppas p\u00e5 gradvisa f\u00f6rb\u00e4ttringar. \u00a0Men man b\u00f6r ocks\u00e5 fokusera p\u00e5 \u00e5tg\u00e4rder som kan vidtagas nu.\u00a0 En \u00e4r att reducera s\u00e4lbest\u00e5ndet. Antalet gr\u00e5s\u00e4lar har f\u00f6rdubblats under de senaste 15 \u00e5ren och ber\u00e4knas konsumera mer sill \u00e4n vad hela fiskeflottan f\u00e5ngar.\u00a0 Det s\u00e4ges ocks\u00e5 att s\u00e4larna l\u00e4mnar efter sig maskar som orsakar skrumplever hos torsk och andra fiskarter.\r\n\r\nBG","_et_gb_content_width":"","iawp_total_views":39,"footnotes":""},"class_list":["post-39387","page","type-page","status-publish","hentry"],"_links":{"self":[{"href":"https:\/\/marinkamraterna.se\/trelleborg\/wp-json\/wp\/v2\/pages\/39387","targetHints":{"allow":["GET"]}}],"collection":[{"href":"https:\/\/marinkamraterna.se\/trelleborg\/wp-json\/wp\/v2\/pages"}],"about":[{"href":"https:\/\/marinkamraterna.se\/trelleborg\/wp-json\/wp\/v2\/types\/page"}],"author":[{"embeddable":true,"href":"https:\/\/marinkamraterna.se\/trelleborg\/wp-json\/wp\/v2\/users\/24"}],"replies":[{"embeddable":true,"href":"https:\/\/marinkamraterna.se\/trelleborg\/wp-json\/wp\/v2\/comments?post=39387"}],"version-history":[{"count":10,"href":"https:\/\/marinkamraterna.se\/trelleborg\/wp-json\/wp\/v2\/pages\/39387\/revisions"}],"predecessor-version":[{"id":39725,"href":"https:\/\/marinkamraterna.se\/trelleborg\/wp-json\/wp\/v2\/pages\/39387\/revisions\/39725"}],"up":[{"embeddable":true,"href":"https:\/\/marinkamraterna.se\/trelleborg\/wp-json\/wp\/v2\/pages\/33992"}],"wp:attachment":[{"href":"https:\/\/marinkamraterna.se\/trelleborg\/wp-json\/wp\/v2\/media?parent=39387"}],"curies":[{"name":"wp","href":"https:\/\/api.w.org\/{rel}","templated":true}]}}