{"id":39605,"date":"2022-02-03T21:22:30","date_gmt":"2022-02-03T20:22:30","guid":{"rendered":"https:\/\/marinkamraterna.se\/trelleborg\/?page_id=39605"},"modified":"2022-02-04T15:55:11","modified_gmt":"2022-02-04T14:55:11","slug":"medlemsmote-2022-01-13-maths-witt","status":"publish","type":"page","link":"https:\/\/marinkamraterna.se\/trelleborg\/startsidan\/om-foreningen\/verksamhet\/medlemsmote-2022-01-13-maths-witt\/","title":{"rendered":"2022-01-13, Ub\u00e5tsutveckling, Maths Witt"},"content":{"rendered":"<p>[et_pb_section fb_built=&#8221;1&#8243; admin_label=&#8221;section&#8221; _builder_version=&#8221;3.22&#8243; global_colors_info=&#8221;{}&#8221;][et_pb_row admin_label=&#8221;row&#8221; _builder_version=&#8221;3.25&#8243; background_size=&#8221;initial&#8221; background_position=&#8221;top_left&#8221; background_repeat=&#8221;repeat&#8221; global_colors_info=&#8221;{}&#8221;][et_pb_column type=&#8221;4_4&#8243; _builder_version=&#8221;3.25&#8243; custom_padding=&#8221;|||&#8221; global_colors_info=&#8221;{}&#8221; custom_padding__hover=&#8221;|||&#8221;][et_pb_text admin_label=&#8221;Text&#8221; _builder_version=&#8221;4.14.7&#8243; background_size=&#8221;initial&#8221; background_position=&#8221;top_left&#8221; background_repeat=&#8221;repeat&#8221; global_colors_info=&#8221;{}&#8221;]<\/p>\n<h2>Maths Witt ber\u00e4ttar om Svensk ub\u00e5tstillverkning<br \/><strong><img loading=\"lazy\" decoding=\"async\" src=\"https:\/\/marinkamraterna.se\/trelleborg\/wp-content\/uploads\/sites\/27\/2022\/02\/IMG_8658-600x450.jpg\" width=\"600\" height=\"450\" alt=\"\" class=\"wp-image-39620 alignnone size-medium\" \/> <img loading=\"lazy\" decoding=\"async\" src=\"https:\/\/marinkamraterna.se\/trelleborg\/wp-content\/uploads\/sites\/27\/2022\/02\/IMG_8660tkT-600x484.jpg\" width=\"600\" height=\"484\" alt=\"\" class=\"wp-image-39623 alignnone size-medium\" srcset=\"https:\/\/marinkamraterna.se\/trelleborg\/wp-content\/uploads\/sites\/27\/2022\/02\/IMG_8660tkT-600x484.jpg 600w, https:\/\/marinkamraterna.se\/trelleborg\/wp-content\/uploads\/sites\/27\/2022\/02\/IMG_8660tkT-480x387.jpg 480w\" sizes=\"(min-width: 0px) and (max-width: 480px) 480px, (min-width: 481px) 600px, 100vw\" \/><\/strong><\/h2>\n<p>Inf\u00f6r v\u00e5rt medlemsm\u00f6te 13 januari 2022 erbj\u00f6d sig v\u00e5r Vice Ordf\u00f6rande Maths Witt att prata om svensk ub\u00e5tstillverkning; detta med kort varsel pga ett \u00e5terbud.\u00a0 Som l\u00e4saren kanske k\u00e4nner till, var detta ett av m\u00e5nga liknande framtr\u00e4danden som Maths gjort i v\u00e5r f\u00f6rening och andras.\u00a0 Han b\u00f6rjade d\u00e4rf\u00f6r med f\u00f6rsta versen av \u201d\u00c4n en g\u00e5ng d\u00e4ran \u2026\u2026\u2026\u201d som han sj\u00f6ng med sedvanlig bravur. https:\/\/www.youtube.com\/watch?v=4Bf-fpmuWoo<\/p>\n<p>Under \u00e5teruppbyggnaden av det svenska f\u00f6rsvaret och speciellt inom den marina delen \u00e4r ambitionen att ha fem moderna ub\u00e5tar i operation inom en snar framtid m\u00e4tt med ub\u00e5tstillverkningsm\u00e5tt.\u00a0 Detaljerna av utarbetas i dialog mellan de ber\u00f6rda parterna fr\u00e5n f\u00f6rsvaret och den svenska tillverkaren, dvs SAAB-Kockums.\u00a0 Det \u00e4r ofta en tids\u00f6dande process, pga den stora tekniska komplexiteten i planering och byggande av ub\u00e5tar, ofta f\u00f6rv\u00e4rrad av f\u00f6r\u00e4ndringar i strukturen och ansvarsomr\u00e5den bland de m\u00e5nga parterna.<\/p>\n<p>De aktuella projekten f\u00f6r den svenska marinen \u00e4r:<\/p>\n<ul>\n<li>Ett projekt f\u00f6r vilket detaljplaneringen \u00e4r l\u00e5ngt kommen och som v\u00e4ntas starta inom kort \u00e4r en halvtidsuppgradering av HALLAND som i stort motsvarar modifieringarna och moderniseringarna redan gjorda p\u00e5 systerfartygen GOTLAND och UPPLAND.<\/li>\n<li>Arbetet p\u00e5 \u00f6versyn och modifiering av S\u00d6DERMANLAND p\u00e5g\u00e5r.<\/li>\n<li>Byggandet p\u00e5g\u00e5r av tv\u00e5 helt nya ub\u00e5tar, n\u00e4mligen BLEKINGE och SK\u00c5NE av A26-typen, som inneh\u00e5ller det st\u00f6rsta och senaste inom svensk ub\u00e5tsutveckling.<\/li>\n<li>Livstidsf\u00f6rl\u00e4ngningen av GOTLAND \u00e4r ett annat projekt in the pipeline.<\/li>\n<\/ul>\n<p>SAAB-Kockums \u00e4r ett av mycket f\u00e5 f\u00f6retag v\u00e4rlden som har full kompetens att planera och tillverka moderna konventionella (icke-atomdrivna) ub\u00e5tar.\u00a0 De andra finns i Frankrike, Tyskland och sedan nyligen i Sydkorea.\u00a0 Det svenska kunnandet \u00e4r d\u00e4rf\u00f6r ofta efterfr\u00e5gat runt om i v\u00e4rlden.<\/p>\n<ul>\n<li>F\u00f6r n\u00e4rvarande p\u00e5g\u00e5r ett samarbete med Australien som omfattar uppgradering av 6 ub\u00e5tar av COLLINS-typen. Den \u00e4r baserad p\u00e5 den svenska typen V\u00c4STERG\u00d6TLAND och det \u00e4r d\u00e4rf\u00f6r helt naturligt att Australien v\u00e4nder sig till Sverige f\u00f6r hj\u00e4lp i detta \u00e4rende.\u00a0 Planering av insatsen p\u00e5g\u00e5r och v\u00e4ntas komma i g\u00e5ng inom en snar framtid.\u00a0 F\u00f6rseningar \u00e4r dock vanliga p\u00e5 den australiensiska sidan pga begr\u00e4nsade personalresurser.<\/li>\n<li>Holland s\u00f6ker samarbete f\u00f6r att f\u00f6rnya sin ub\u00e5tsflotta och har v\u00e4nt sig till Sverige, Tyskland och Frankrike. Samarbetet mellan Holland och Sverige i ub\u00e5tsutveckling f\u00f6r ett 20-tal \u00e5r sedan ses som en f\u00f6rdel i konkurrensen med de andra l\u00e4nderna.\u00a0 Men, som i de flesta fall \u00e4r tidsprocessen l\u00e5ng beroende p\u00e5 politiska faktorer och brist p\u00e5 kvalificerad personal f\u00f6r beslutstagande.<\/li>\n<\/ul>\n<p>SAAB-Kockums \u00e4r ocks\u00e5 engagerat i produktionen av ytfartyg och planerar f\u00f6r n\u00e4rvarande f\u00f6r moderniseringar och nybyggnation av korvetter och fregatter i Sverige och andra l\u00e4nder men det f\u00e5r vi kanske h\u00f6ra mera om n\u00e4sta g\u00e5ng vi f\u00e5r n\u00f6jet all lyssna till Maths prat och naturligtvis hans s\u00e5ng.<\/p>\n<p>LOE<\/p>\n<p>[\/et_pb_text][\/et_pb_column][\/et_pb_row][\/et_pb_section]<\/p>\n","protected":false},"excerpt":{"rendered":"<p>Maths Witt ber\u00e4ttar om Svensk ub\u00e5tstillverkning Inf\u00f6r v\u00e5rt medlemsm\u00f6te 13 januari 2022 erbj\u00f6d sig v\u00e5r Vice Ordf\u00f6rande Maths Witt att prata om svensk ub\u00e5tstillverkning; detta med kort varsel pga ett \u00e5terbud.\u00a0 Som l\u00e4saren kanske k\u00e4nner till, var detta ett av m\u00e5nga liknande framtr\u00e4danden som Maths gjort i v\u00e5r f\u00f6rening och andras.\u00a0 Han b\u00f6rjade d\u00e4rf\u00f6r med [&hellip;]<\/p>\n","protected":false},"author":24,"featured_media":0,"parent":33992,"menu_order":0,"comment_status":"closed","ping_status":"closed","template":"","meta":{"_et_pb_use_builder":"on","_et_pb_old_content":"<strong>Svensk ub\u00e5tstillverkning <\/strong>\r\n\r\nInf\u00f6r v\u00e5rt medlemsm\u00f6te 13 januari 2022 erbj\u00f6d sig v\u00e5r Vice Ordf\u00f6rande Maths Witt att prata om svensk ub\u00e5tstillverkning; detta med kort varsel pga ett \u00e5terbud.\u00a0 Som l\u00e4saren kanske k\u00e4nner till, var detta ett av m\u00e5nga liknande framtr\u00e4danden som Maths gjort i v\u00e5r f\u00f6rening och andras.\u00a0 Han b\u00f6rjade d\u00e4rf\u00f6r med f\u00f6rsta versen av \u201d\u00c4n en g\u00e5ng d\u00e4ran \u2026\u2026\u2026\u201d som han sj\u00f6ng med sedvanlig bravur.\r\n\r\nUnder \u00e5teruppbyggnaden av det svenska f\u00f6rsvaret och speciellt inom den marina delen \u00e4r ambitionen att ha fem moderna ub\u00e5tar i operation inom en snar framtid m\u00e4tt med ub\u00e5tstillverkningsm\u00e5tt.\u00a0 Detaljerna av utarbetas i dialog mellan de ber\u00f6rda parterna fr\u00e5n f\u00f6rsvaret och den svenska tillverkaren, dvs SAAB-Kockums.\u00a0 Det \u00e4r ofta en tids\u00f6dande process, pga den stora tekniska komplexiteten i planering och byggande av ub\u00e5tar, ofta f\u00f6rv\u00e4rrad av f\u00f6r\u00e4ndringar i strukturen och ansvarsomr\u00e5den bland de m\u00e5nga parterna.\r\n\r\nDe aktuella projekten f\u00f6r den svenska marinen \u00e4r:\r\n<ul>\r\n \t<li>Ett projekt f\u00f6r vilket detaljplaneringen \u00e4r l\u00e5ngt kommen och som v\u00e4ntas starta inom kort \u00e4r en halvtidsuppgradering av HALLAND som i stort motsvarar modifieringarna och moderniseringarna redan gjorda p\u00e5 systerfartygen GOTLAND och UPPLAND.<\/li>\r\n \t<li>Arbetet p\u00e5 \u00f6versyn och modifiering av S\u00d6DERMANLAND p\u00e5g\u00e5r.<\/li>\r\n \t<li>Byggandet p\u00e5g\u00e5r av tv\u00e5 helt nya ub\u00e5tar, n\u00e4mligen BLEKINGE och SK\u00c5NE av A26-typen, som inneh\u00e5ller det st\u00f6rsta och senaste inom svensk ub\u00e5tsutveckling.<\/li>\r\n \t<li>Livstidsf\u00f6rl\u00e4ngningen av GOTLAND \u00e4r ett annat projekt in the pipeline.<\/li>\r\n<\/ul>\r\nSAAB-Kockums \u00e4r ett av mycket f\u00e5 f\u00f6retag v\u00e4rlden som har full kompetens att planera och tillverka moderna konventionella (icke-atomdrivna) ub\u00e5tar.\u00a0 De andra finns i Frankrike, Tyskland och sedan nyligen i Sydkorea.\u00a0 Det svenska kunnandet \u00e4r d\u00e4rf\u00f6r ofta efterfr\u00e5gat runt om i v\u00e4rlden.\r\n<ul>\r\n \t<li>F\u00f6r n\u00e4rvarande p\u00e5g\u00e5r ett samarbete med Australien som omfattar uppgradering av 6 ub\u00e5tar av COLLINS-typen. Den \u00e4r baserad p\u00e5 den svenska typen V\u00c4STERG\u00d6TLAND OCH det \u00e4r d\u00e4rf\u00f6r helt naturligt att Australien v\u00e4nder sig till Sverige f\u00f6r hj\u00e4lp i detta \u00e4rende.\u00a0 Planering av insatsen p\u00e5g\u00e5r och v\u00e4ntas komma i g\u00e5ng inom en snar framtid.\u00a0 F\u00f6rseningar \u00e4r dock vanliga p\u00e5 den australiensiska sidan pga begr\u00e4nsade personalresurser.<\/li>\r\n \t<li>Holland s\u00f6ker samarbete f\u00f6r att f\u00f6rnya sin ub\u00e5tsflotta och har v\u00e4nt sig till Sverige, Tyskland och Frankrike. Samarbetet mellan Holland och Sverige i ub\u00e5tsutveckling f\u00f6r ett 20-tal \u00e5r sedan ses som en f\u00f6rdel i konkurrensen med de andra l\u00e4nderna.\u00a0 Men, som i de flesta fall \u00e4r tidsprocessen l\u00e5ng beroende p\u00e5 politiska faktorer och brist p\u00e5 kvalificerad personal f\u00f6r beslutstagande.<\/li>\r\n<\/ul>\r\nSAAB-Kockums \u00e4r ocks\u00e5 engagerat i produktionen av ytfartyg och planerar f\u00f6r n\u00e4rvarande f\u00f6r moderniseringar och nybyggnation av korvetter och fregatter i Sverige och andra l\u00e4nder men det f\u00e5r vi kanske h\u00f6ra mera om n\u00e4sta g\u00e5ng vi f\u00e5r n\u00f6jet all lyssna till Maths prat och naturligtvis hans s\u00e5ng.\r\n\r\nLOE","_et_gb_content_width":"","iawp_total_views":71,"footnotes":""},"class_list":["post-39605","page","type-page","status-publish","hentry"],"_links":{"self":[{"href":"https:\/\/marinkamraterna.se\/trelleborg\/wp-json\/wp\/v2\/pages\/39605","targetHints":{"allow":["GET"]}}],"collection":[{"href":"https:\/\/marinkamraterna.se\/trelleborg\/wp-json\/wp\/v2\/pages"}],"about":[{"href":"https:\/\/marinkamraterna.se\/trelleborg\/wp-json\/wp\/v2\/types\/page"}],"author":[{"embeddable":true,"href":"https:\/\/marinkamraterna.se\/trelleborg\/wp-json\/wp\/v2\/users\/24"}],"replies":[{"embeddable":true,"href":"https:\/\/marinkamraterna.se\/trelleborg\/wp-json\/wp\/v2\/comments?post=39605"}],"version-history":[{"count":10,"href":"https:\/\/marinkamraterna.se\/trelleborg\/wp-json\/wp\/v2\/pages\/39605\/revisions"}],"predecessor-version":[{"id":39755,"href":"https:\/\/marinkamraterna.se\/trelleborg\/wp-json\/wp\/v2\/pages\/39605\/revisions\/39755"}],"up":[{"embeddable":true,"href":"https:\/\/marinkamraterna.se\/trelleborg\/wp-json\/wp\/v2\/pages\/33992"}],"wp:attachment":[{"href":"https:\/\/marinkamraterna.se\/trelleborg\/wp-json\/wp\/v2\/media?parent=39605"}],"curies":[{"name":"wp","href":"https:\/\/api.w.org\/{rel}","templated":true}]}}