{"id":40305,"date":"2022-04-04T12:17:38","date_gmt":"2022-04-04T10:17:38","guid":{"rendered":"https:\/\/marinkamraterna.se\/trelleborg\/?page_id=40305"},"modified":"2022-04-08T09:42:49","modified_gmt":"2022-04-08T07:42:49","slug":"forelasare-som-gastat-oss-2","status":"publish","type":"page","link":"https:\/\/marinkamraterna.se\/trelleborg\/forelasare-som-gastat-oss-2\/","title":{"rendered":"F\u00f6rel\u00e4sare som g\u00e4stat oss"},"content":{"rendered":"<p>[et_pb_section fb_built=&#8221;1&#8243; specialty=&#8221;on&#8221; padding_top_bottom_link_1=&#8221;false&#8221; padding_top_bottom_link_2=&#8221;false&#8221; padding_left_right_link_1=&#8221;false&#8221; padding_left_right_link_2=&#8221;false&#8221; padding_top_1=&#8221;45px&#8221; padding_top_2=&#8221;45px&#8221; _builder_version=&#8221;4.10.8&#8243; _module_preset=&#8221;default&#8221; custom_margin=&#8221;||||false|false&#8221; custom_padding=&#8221;0px||||false|false&#8221; hover_enabled=&#8221;0&#8243; locked=&#8221;off&#8221; global_colors_info=&#8221;{}&#8221; sticky_enabled=&#8221;0&#8243;][et_pb_column type=&#8221;3_4&#8243; specialty_columns=&#8221;3&#8243; _builder_version=&#8221;3.25&#8243; custom_padding=&#8221;|||&#8221; global_colors_info=&#8221;{}&#8221; custom_padding__hover=&#8221;|||&#8221;][et_pb_row_inner _builder_version=&#8221;4.9.3&#8243; _module_preset=&#8221;default&#8221; custom_padding=&#8221;0px||||false|false&#8221; global_colors_info=&#8221;{}&#8221;][et_pb_column_inner saved_specialty_column_type=&#8221;3_4&#8243; _builder_version=&#8221;4.9.3&#8243; _module_preset=&#8221;default&#8221; global_colors_info=&#8221;{}&#8221;][et_pb_post_title meta=&#8221;off&#8221; featured_image=&#8221;off&#8221; _builder_version=&#8221;4.9.3&#8243; _module_preset=&#8221;default&#8221; title_font_size=&#8221;35px&#8221; global_colors_info=&#8221;{}&#8221;][\/et_pb_post_title][et_pb_text _builder_version=&#8221;4.9.4&#8243; _module_preset=&#8221;default&#8221; global_colors_info=&#8221;{}&#8221;][\/et_pb_text][et_pb_gallery gallery_ids=&#8221;39620,37494,36487,36482,36358,36011,41833,41836,41929&#8243; posts_number=&#8221;30&#8243; show_title_and_caption=&#8221;off&#8221; show_pagination=&#8221;off&#8221; _builder_version=&#8221;4.14.9&#8243; _module_preset=&#8221;default&#8221; hover_enabled=&#8221;0&#8243; global_colors_info=&#8221;{}&#8221; sticky_enabled=&#8221;0&#8243;][\/et_pb_gallery][\/et_pb_column_inner][\/et_pb_row_inner][\/et_pb_column][et_pb_column type=&#8221;1_4&#8243; _builder_version=&#8221;3.25&#8243; custom_padding=&#8221;|||&#8221; global_colors_info=&#8221;{}&#8221; custom_padding__hover=&#8221;|||&#8221;][et_pb_image src=&#8221;http:\/\/marinkamraterna.se\/trelleborg\/wp-content\/uploads\/sites\/3\/2021\/04\/oql0evyd_n8.jpg&#8221; alt=&#8221;body of water during golden hour&#8221; title_text=&#8221;Photo by Joseph Barrientos&#8221; _builder_version=&#8221;4.9.4&#8243; _module_preset=&#8221;default&#8221; custom_margin=&#8221;||10px||false|false&#8221; custom_padding=&#8221;||||false|false&#8221; global_colors_info=&#8221;{}&#8221;][\/et_pb_image][et_pb_text _builder_version=&#8221;4.9.4&#8243; _module_preset=&#8221;default&#8221; text_font=&#8221;||on||||||&#8221; text_font_size=&#8221;14px&#8221; global_colors_info=&#8221;{}&#8221;]<\/p>\n<p>Bildtext<\/p>\n<p>[\/et_pb_text][et_pb_sidebar orientation=&#8221;right&#8221; admin_label=&#8221;Sidof\u00e4lt&#8221; _builder_version=&#8221;4.9.4&#8243; _module_preset=&#8221;default&#8221; header_font=&#8221;|600||on|||||&#8221; header_font_size=&#8221;20px&#8221; global_module=&#8221;33531&#8243; saved_tabs=&#8221;all&#8221; locked=&#8221;on&#8221; global_colors_info=&#8221;{}&#8221;][\/et_pb_sidebar][\/et_pb_column][\/et_pb_section]<\/p>\n","protected":false},"excerpt":{"rendered":"<p>Bildtext<\/p>\n","protected":false},"author":24,"featured_media":0,"parent":0,"menu_order":0,"comment_status":"closed","ping_status":"closed","template":"","meta":{"_et_pb_use_builder":"on","_et_pb_old_content":"<a href=\"https:\/\/marinkamraterna.se\/trelleborg\/img_0003tk\/\"><img class=\"alignnone size-medium wp-image-41842\" src=\"https:\/\/marinkamraterna.se\/trelleborg\/wp-content\/uploads\/sites\/27\/2022\/04\/IMG_0003tk-478x600.jpg\" alt=\"\" width=\"478\" height=\"600\" \/><\/a> <a href=\"https:\/\/marinkamraterna.se\/trelleborg\/img_0005tk\/\"><img class=\"alignnone size-medium wp-image-41836\" src=\"https:\/\/marinkamraterna.se\/trelleborg\/wp-content\/uploads\/sites\/27\/2022\/04\/IMG_0005tk-600x295.jpg\" alt=\"\" width=\"600\" height=\"295\" \/><\/a> <a href=\"https:\/\/marinkamraterna.se\/trelleborg\/img_0007tjk\/\" rel=\"attachment wp-att-41833\"><img class=\"alignnone size-medium wp-image-41833\" src=\"https:\/\/marinkamraterna.se\/trelleborg\/wp-content\/uploads\/sites\/27\/2022\/04\/IMG_0007tjk-503x600.jpg\" alt=\"\" width=\"503\" height=\"600\" \/><\/a> <a href=\"https:\/\/marinkamraterna.se\/trelleborg\/img_0013tjk\/\"><img class=\"alignnone size-medium wp-image-41827\" src=\"https:\/\/marinkamraterna.se\/trelleborg\/wp-content\/uploads\/sites\/27\/2022\/04\/IMG_0013tjk-575x600.jpg\" alt=\"\" width=\"575\" height=\"600\" \/><\/a>","_et_gb_content_width":"","iawp_total_views":45,"footnotes":""},"class_list":["post-40305","page","type-page","status-publish","hentry"],"_links":{"self":[{"href":"https:\/\/marinkamraterna.se\/trelleborg\/wp-json\/wp\/v2\/pages\/40305","targetHints":{"allow":["GET"]}}],"collection":[{"href":"https:\/\/marinkamraterna.se\/trelleborg\/wp-json\/wp\/v2\/pages"}],"about":[{"href":"https:\/\/marinkamraterna.se\/trelleborg\/wp-json\/wp\/v2\/types\/page"}],"author":[{"embeddable":true,"href":"https:\/\/marinkamraterna.se\/trelleborg\/wp-json\/wp\/v2\/users\/24"}],"replies":[{"embeddable":true,"href":"https:\/\/marinkamraterna.se\/trelleborg\/wp-json\/wp\/v2\/comments?post=40305"}],"version-history":[{"count":4,"href":"https:\/\/marinkamraterna.se\/trelleborg\/wp-json\/wp\/v2\/pages\/40305\/revisions"}],"predecessor-version":[{"id":41950,"href":"https:\/\/marinkamraterna.se\/trelleborg\/wp-json\/wp\/v2\/pages\/40305\/revisions\/41950"}],"wp:attachment":[{"href":"https:\/\/marinkamraterna.se\/trelleborg\/wp-json\/wp\/v2\/media?parent=40305"}],"curies":[{"name":"wp","href":"https:\/\/api.w.org\/{rel}","templated":true}]}}