{"id":41980,"date":"2022-04-10T01:05:15","date_gmt":"2022-04-09T23:05:15","guid":{"rendered":"https:\/\/marinkamraterna.se\/trelleborg\/?page_id=41980"},"modified":"2026-03-17T11:08:24","modified_gmt":"2026-03-17T10:08:24","slug":"verksamhetsberattelser","status":"publish","type":"page","link":"https:\/\/marinkamraterna.se\/trelleborg\/startsidan\/om-foreningen\/verksamhet\/verksamhetsberattelser\/","title":{"rendered":"\u00c5rsber\u00e4ttelser"},"content":{"rendered":"<p>[et_pb_section fb_built=&#8221;1&#8243; use_custom_gutter=&#8221;on&#8221; gutter_width=&#8221;2&#8243; specialty=&#8221;on&#8221; padding_top_1=&#8221;10px&#8221; padding_top_bottom_link_1=&#8221;false&#8221; padding_left_right_link_1=&#8221;false&#8221; _builder_version=&#8221;4.16&#8243; _module_preset=&#8221;default&#8221; custom_margin=&#8221;|10px||||&#8221; custom_padding=&#8221;||||false|false&#8221; global_colors_info=&#8221;{}&#8221;][et_pb_column type=&#8221;1_4&#8243; _builder_version=&#8221;4.16&#8243; custom_padding=&#8221;|||&#8221; global_colors_info=&#8221;{}&#8221; custom_padding__hover=&#8221;|||&#8221;][et_pb_sidebar area=&#8221;et_pb_widget_area_3&#8243; _builder_version=&#8221;4.9.4&#8243; _module_preset=&#8221;default&#8221; header_font=&#8221;|600||on|||||&#8221; body_text_color=&#8221;#0C71C3&#8243; body_font_size=&#8221;14px&#8221; custom_margin=&#8221;||||false|false&#8221; custom_padding=&#8221;||||false|false&#8221; global_module=&#8221;33600&#8243; locked=&#8221;on&#8221; global_colors_info=&#8221;{}&#8221;][\/et_pb_sidebar][\/et_pb_column][et_pb_column type=&#8221;3_4&#8243; specialty_columns=&#8221;3&#8243; _builder_version=&#8221;4.16&#8243; custom_padding=&#8221;|||&#8221; global_colors_info=&#8221;{}&#8221; custom_padding__hover=&#8221;|||&#8221;][et_pb_row_inner use_custom_gutter=&#8221;on&#8221; gutter_width=&#8221;1&#8243; make_equal=&#8221;on&#8221; _builder_version=&#8221;4.16&#8243; _module_preset=&#8221;default&#8221; custom_padding=&#8221;0px||||false|false&#8221; global_colors_info=&#8221;{}&#8221;][et_pb_column_inner saved_specialty_column_type=&#8221;3_4&#8243; _builder_version=&#8221;4.16&#8243; _module_preset=&#8221;default&#8221; global_colors_info=&#8221;{}&#8221;][et_pb_post_title meta=&#8221;off&#8221; featured_image=&#8221;off&#8221; _builder_version=&#8221;4.16&#8243; _module_preset=&#8221;default&#8221; title_font_size=&#8221;35px&#8221; global_colors_info=&#8221;{}&#8221;][\/et_pb_post_title][et_pb_text _builder_version=&#8221;4.16&#8243; _module_preset=&#8221;default&#8221; global_colors_info=&#8221;{}&#8221;]<\/p>\n<p><a href=\"https:\/\/marinkamraterna.se\/trelleborg\/fm-arsrapport-2019\/\" rel=\"attachment wp-att-41995\">FM \u00c5rsrapport 2019<\/a><\/p>\n<p><a href=\"https:\/\/marinkamraterna.se\/trelleborg\/fm-asrapport-2020\/\" rel=\"attachment wp-att-41998\">FM \u00c5srapport 2020<\/a><\/p>\n<p><a href=\"https:\/\/marinkamraterna.se\/trelleborg\/fm-arsrapport-2021\/\" rel=\"attachment wp-att-42001\">FM \u00c5rsrapport 2021<\/a><\/p>\n<p>&nbsp;<\/p>\n<p><strong>MARINKAMRATERNAS \u00c5RSRAPPORT 2025<\/strong><\/p>\n<ol>\n<li>MEDLEMSM\u00d6TEN<\/li>\n<\/ol>\n<p>Under \u00e5ret har elva medlemsm\u00f6ten h\u00e5llits, som vanligt den andra torsdagen i m\u00e5naden, i m\u00f6teslokalen p\u00e5 Maskingatan 2, Trelleborg. De var som f\u00f6ljer:<\/p>\n<p>9 Januari: <strong>Livstidsf\u00f6rl\u00e4ngning av ub\u00e5tar typ Collins<\/strong>. Maths Witt ber\u00e4ttade om arbetet med australiensarna.<\/p>\n<p>13 Februari: Det stadgeenliga <strong>\u00c5rsm\u00f6tet<\/strong> h\u00f6lls denna dag i vilket 22 medlemmar deltog. Detaljer visas nedan under 6. Styrelsen.<\/p>\n<p>13 Mars: <strong>V\u00e5r beredskap i Trelleborgs kommun<\/strong>. Sebastian Meglic fr\u00e5n kommunen ber\u00e4ttade.<\/p>\n<p>10 April: <strong>Teknik College i Trelleborg<\/strong>. V\u00e5ra egna medlemmar Magnus \u00d6sterberg och Peter Svensson ber\u00e4ttade om skolan och dess verksamhet.<\/p>\n<p>8 Maj: <strong>V\u00e5rt Trelleborg. <\/strong>G\u00f6ran \u00c5kerman och Jan-Arvid Nilsson fr\u00e5n F\u00f6reningen Gamla Trelleborg ber\u00e4ttade om Br\u00f6derna Kjell p\u00e5 B\u00f6ste.<\/p>\n<p>12 Juni: Vid det sista medlemsm\u00f6tet f\u00f6re sommaruppeh\u00e5llet, presenterade Saab Kockums Thomas Petersson <strong>Svensk torpedutveckling.<\/strong><\/p>\n<p>14 Augusti: <strong>TREMEK &#8211; ett framg\u00e5ngsrikt f\u00f6retag i Trelleborg<\/strong>. VD Anders Rundqvist och Enhetschef Jan Cervin redogjorde f\u00f6r verksamheten.<\/p>\n<p>11 September: <strong>1 Ub\u00e5tsflottiljens roll i NATO<\/strong><strong>.<\/strong> Stf Flottiljchef Kk Peter \u00d6stbring ber\u00e4ttade.<\/p>\n<p>9 Oktober: H\u00f6stm\u00f6te och \u201dljugarkv\u00e4ll\u201d. Efter m\u00f6tet serverades som vanligt tyska l\u00e4ckerheter.<\/p>\n<p>13 November: <strong>Saab Kockums nya produktionsanl\u00e4ggning i Landskrona.<\/strong> Platschef och \u201duppstartare\u201d av verksamheten, B\u00f6rje Axelsson redogjorde f\u00f6r verksamheten.<\/p>\n<p>11 December: \u00c5ret avslutades med en <strong>julfest<\/strong>, d\u00e4r \u00e4ven v\u00e5ra partners var inbjudna. Tomten hade f\u00e5tt tid \u00f6ver, s\u00e5 han gjorde ett uppskattat bes\u00f6k i v\u00e5r lokal. Enligt tradition, s\u00e5 skulle Ub\u00e5tshasse h\u00e5llit sitt \u00e5rliga ub\u00e5tsk\u00e5seri men han fick f\u00f6rhinder.<\/p>\n<p>&nbsp;<\/p>\n<ol><\/ol>\n<p><strong>\u00a0<\/strong><\/p>\n<ol start=\"2\">\n<li>ANDRA AKTIVITETER<\/li>\n<\/ol>\n<p>Torsdagen 29 Maj, Veterandagen. Thomas Andersson, Bengt Grip, Katarina Grip och Bengt \u00c5kesson deltog.<\/p>\n<p>L\u00f6rdagen 23 Augusti genomf\u00f6rdes utflykt till Kyrkeby Br\u00e4nneri. En busslast med ett tjugotal glada medlemmar med partners fick guidning och snapsprovning med varm mat. Resan var mycket uppskattad.<\/p>\n<p>L\u00f6rdagen 7 September, Hamnens Dag. Bengt Grip och Bengt \u00c5kesson deltog.<\/p>\n<p>L\u00f6rdagen 1 November: Den traditionsenliga Minnesstunden vid den Ok\u00e4nde Sj\u00f6mannens Grav p\u00e5 norra kyrkog\u00e5rden avh\u00f6lls med v\u00e5r kaplan Hans Rochester som officiant i n\u00e4rvaro av flaggvakten och ett 10-tal medlemmar och anh\u00f6riga. Det hela avslutades p\u00e5 f\u00f6reningslokalen med kaffe, gl\u00f6gg och nybakade lussekatter.<\/p>\n<p>&nbsp;<\/p>\n<ol start=\"3\">\n<li>MEDLEMMAR<\/li>\n<\/ol>\n<p>Antalet medlemmar vid \u00e5rets slut, dvs. 31 Dec. 2025, \u00e4r 64, vilket \u00e4r en \u00f6kning med tv\u00e5 (2) medlemmar under 2025.<\/p>\n<p>\u00c5rets fem nya medlemmar \u00e4r:<br \/>Gunvor Ferm\u00a0 \u00a0 \u00a0 \u00a0 \u00a0 \u00a0 \u00a0 \u00a0 \u00a0 \u00a0 \u00a0 \u00a0 2025-03-16<br \/>Katarina Skoog Grip\u00a0 \u00a0 \u00a0 \u00a0 \u00a0 \u00a0 2025-03-16<br \/>Thomas Thorns\u00e4ter\u00a0 \u00a0 \u00a0 \u00a0 \u00a0 \u00a0 2025-06-11<br \/>Mats Nilsson\u00a0 \u00a0 \u00a0 \u00a0 \u00a0 \u00a0 \u00a0 \u00a0 \u00a0 \u00a0 \u00a0 \u00a0 2025-11-18<br \/>Sven Anders Larsson\u00a0\u00a0\u00a0\u00a0\u00a0\u00a0\u00a0\u00a0\u00a0 2025-11-18<\/p>\n<p>Under \u00e5ret har \u00e5tta glas slagits f\u00f6r fyra av v\u00e5ra medlemmar och deras sista vakt \u00e4r slut;<br \/>Sonny Spurr\u00a0\u00a0\u00a0\u00a0\u00a0\u00a0\u00a0\u00a0\u00a0\u00a0\u00a0\u00a0\u00a0\u00a0\u00a0\u00a0\u00a0\u00a0\u00a0\u00a0\u00a0\u00a0\u00a0 2025-02-15<br \/>Tommy Gyllin\u00a0 \u00a0 \u00a0 \u00a0 \u00a0 \u00a0 \u00a0 \u00a0 \u00a0 \u00a0 \u00a0 2025-04-23<br \/>Carl Michael Antin\u00a0 \u00a0 \u00a0 \u00a0 \u00a0 \u00a0 \u00a0 2025-09-01<br \/>Sven \u00c5ke Olofsson\u00a0 \u00a0 \u00a0 \u00a0 \u00a0 \u00a0 \u00a02025-11-25<\/p>\n<p>F\u00f6rtj\u00e4nsttecken har utdelats under \u00e5ret till f\u00f6ljande medlemmar:<\/p>\n<p><strong>Hederstecken<\/strong> (2):<br \/>Bertil J\u00f6nsson, Bertil Palm.<\/p>\n<p><strong>Veterantecken<\/strong> (10):<br \/>Bertil Burheim, Bertil J\u00f6nsson, Bertil Palm, Bo Bergstr\u00f6m, Jan Sj\u00f6beck, Lars E Fr\u00e4nng\u00e5rd, Per-Erik Johansson, Robert Vernsg\u00e5rd, Thomas Andersson, Tommy Delinder.<\/p>\n<p>&nbsp;<\/p>\n<ol start=\"4\">\n<li>EKONOMI<\/li>\n<\/ol>\n<p>Resultatr\u00e4kning f\u00f6r 2025 visar ett positivt resultat p\u00e5 SEK 10 801. Tillg\u00e5ngarna vid slutet av \u00e5ret uppgick till SEK 119 162.<br \/>F\u00f6r detaljer, se separat ekonomisk rapport.<\/p>\n<p>&nbsp;<\/p>\n<ol start=\"5\">\n<li>F\u00d6RENINGSLOKALEN<\/li>\n<\/ol>\n<p>Uthyrning av lokalen har fortsatt att vara en v\u00e4sentlig del av f\u00f6reningens inkomst som framg\u00e5r av den ekonomiska rapporten.<\/p>\n<p>Nya stolar, dukar och jalusin har anskaffats till lokalen. \u00c4ven en ny diskmaskin har installerats.<br \/>Banderoll med v\u00e5rt nya namn F\u00f6reningen Marinkamraterna har kommit p\u00e5 plats.<\/p>\n<p>Som dekoration f\u00f6r f\u00f6reningslokalen har en ub\u00e5tsmodell donerats av L-G Hansson.<\/p>\n<p>&nbsp;<\/p>\n<ol start=\"6\">\n<li>STYRELSEN<\/li>\n<\/ol>\n<p>Efter val av styrelsen i \u00e5rsm\u00f6tet i februari 2025 och det konstituerande styrelsem\u00f6tet 2025-03-10 har den best\u00e5tt av:<\/p>\n<p>Ordf\u00f6rande Maths Witt 2025<br \/>Vice Ordf\u00f6rande Bengt Grip 2024\u201325<br \/>Skattm\u00e4stare, tillf\u00f6rordnad Bengt Grip 2025<br \/>Sekreterare Thomas Andersson 2025<br \/>Klubbm\u00e4stare Bengt Grip 2024\u201325<br \/>Hemsida Lars Sigurdh 2025\u201326<br \/>Flaggvakt Jan Sj\u00f6beck 2024\u201325<br \/>Medlemsansvarig Thomas Andersson 2024\u201325<br \/>Lokalansvarig Ronny Trulsson 2024\u201325<br \/>Evenemangsansvarig Bengt \u00c5kesson 2025\u201326<\/p>\n<p>I samband med styrelsem\u00f6te 11 Augusti invaldes Katarina Grip som adjungerande ledamot i styrelsen, och \u00e4r ansvarig f\u00f6r f\u00f6reningens FB-sida.<\/p>\n<p>Styrelsen har h\u00e5llit tio (10) protokollf\u00f6rda m\u00f6ten och m\u00f6tesn\u00e4rvaron har varit h\u00f6g.<br \/>D\u00e5 f\u00f6reningens tidigare sekreterare och tillika skattm\u00e4stare Sonny Spurr avled under \u00e5ret, s\u00e5 har Bengt Grip f\u00e5tt axla tre olika roller, vice ordf\u00f6rande\/skattm\u00e4stare\/klubbm\u00e4stare. Thomas Andersson ikl\u00e4dde sig rollen som sekreterare\/medlemsansvarig.<\/p>\n<p>Styrelsemedlemmar har representerat f\u00f6reningen i f\u00f6ljande regionala och nationella m\u00f6ten i kronologisk ordning:<\/p>\n<p>9 Mars: LOF-m\u00f6te region Syd h\u00f6lls i V\u00e4xj\u00f6, <u>inget<\/u> deltagande fr\u00e5n FM Trelleborg.<\/p>\n<p>11\u201313 Maj: Bengt Grip och Bengt \u00c5kesson deltog i Riks\u00e5rsm\u00f6tet \u00e5 Ronneby Brunn. Huvudpunkten p\u00e5 dagordningen var namnbyte till F\u00f6reningen Marinkamraterna.<\/p>\n<p>18 September: Extra Riks\u00e5rsm\u00f6te i Stockholm f\u00f6r fastl\u00e4ggande av namnbyte. Bengt och Katarina Grip var f\u00f6reningens representanter.<\/p>\n<p>18 Oktober: LOF-m\u00f6te region Syd h\u00f6lls i Karlshamn, Bengt Grip och Bengt \u00c5kesson deltog.<\/p>\n<p>&nbsp;<\/p>\n<ol start=\"7\">\n<li>REVISORER (Valda av \u00e5rsm\u00f6tet 2025)<\/li>\n<\/ol>\n<p>Ledamot Per-Erik Johansson<br \/>Ledamot Stephan Bladh<\/p>\n<p>&nbsp;<\/p>\n<ol start=\"8\">\n<li>VALBEREDNING (Valda av \u00e5rsm\u00f6tet 2025)<\/li>\n<\/ol>\n<p>Ledamot Bertil Burheim<br \/>Ledamot Lars Hedin<br \/>Suppleant Robert Vernsg\u00e5rd<\/p>\n<p>&nbsp;<\/p>\n<ol start=\"9\">\n<li>BACKLAGSM\u00c4N<\/li>\n<\/ol>\n<p>Lars-G Hansson<br \/>Bengt \u00c5kesson<\/p>\n<p>&nbsp;<\/p>\n<ol start=\"10\">\n<li>TACK<\/li>\n<\/ol>\n<p>Styrelsen vill tacka alla medlemmar, f\u00f6reningsfunktion\u00e4rer, \u00f6vriga medverkande och alla v\u00e5ra gynnare, samt sist men inte minst ber vi att f\u00e5 tacka f\u00f6r f\u00f6rtroendet under det g\u00e5ngna \u00e5ret.<\/p>\n<p>&nbsp;<\/p>\n<p>&nbsp;<\/p>\n<p>Maths Witt\u00a0\u00a0\u00a0\u00a0\u00a0\u00a0\u00a0\u00a0\u00a0\u00a0\u00a0\u00a0\u00a0\u00a0\u00a0\u00a0\u00a0\u00a0\u00a0\u00a0\u00a0\u00a0\u00a0\u00a0\u00a0\u00a0\u00a0\u00a0\u00a0\u00a0\u00a0\u00a0\u00a0\u00a0\u00a0\u00a0\u00a0\u00a0\u00a0\u00a0\u00a0\u00a0\u00a0\u00a0\u00a0\u00a0\u00a0 Bengt Grip\u00a0\u00a0\u00a0\u00a0\u00a0\u00a0\u00a0\u00a0\u00a0\u00a0\u00a0\u00a0\u00a0\u00a0\u00a0\u00a0\u00a0\u00a0\u00a0\u00a0\u00a0\u00a0\u00a0\u00a0\u00a0\u00a0\u00a0\u00a0\u00a0\u00a0\u00a0\u00a0\u00a0\u00a0\u00a0\u00a0\u00a0\u00a0\u00a0\u00a0\u00a0\u00a0\u00a0\u00a0\u00a0\u00a0\u00a0 Thomas Andersson<\/p>\n<p>&nbsp;<\/p>\n<p>&nbsp;<\/p>\n<p>Bengt \u00c5kesson\u00a0\u00a0\u00a0\u00a0\u00a0\u00a0\u00a0\u00a0\u00a0\u00a0\u00a0\u00a0\u00a0\u00a0\u00a0\u00a0\u00a0\u00a0\u00a0\u00a0\u00a0\u00a0\u00a0\u00a0\u00a0\u00a0\u00a0\u00a0\u00a0\u00a0\u00a0\u00a0\u00a0\u00a0\u00a0\u00a0\u00a0\u00a0\u00a0\u00a0 Ronny Trulsson\u00a0\u00a0\u00a0\u00a0\u00a0\u00a0\u00a0\u00a0\u00a0\u00a0\u00a0\u00a0\u00a0\u00a0\u00a0\u00a0\u00a0\u00a0\u00a0\u00a0\u00a0\u00a0\u00a0\u00a0\u00a0\u00a0\u00a0\u00a0\u00a0\u00a0\u00a0\u00a0\u00a0\u00a0\u00a0\u00a0\u00a0\u00a0\u00a0 Lars Sigurdh<\/p>\n<p>&nbsp;<\/p>\n<p>&nbsp;<\/p>\n<p>Jan Sj\u00f6beck<\/p>\n<p>&nbsp;<\/p>\n<p>[\/et_pb_text][\/et_pb_column_inner][\/et_pb_row_inner][\/et_pb_column][\/et_pb_section]<\/p>\n","protected":false},"excerpt":{"rendered":"<p>FM \u00c5rsrapport 2019 FM \u00c5srapport 2020 FM \u00c5rsrapport 2021 &nbsp; MARINKAMRATERNAS \u00c5RSRAPPORT 2025 MEDLEMSM\u00d6TEN Under \u00e5ret har elva medlemsm\u00f6ten h\u00e5llits, som vanligt den andra torsdagen i m\u00e5naden, i m\u00f6teslokalen p\u00e5 Maskingatan 2, Trelleborg. De var som f\u00f6ljer: 9 Januari: Livstidsf\u00f6rl\u00e4ngning av ub\u00e5tar typ Collins. Maths Witt ber\u00e4ttade om arbetet med australiensarna. 13 Februari: Det stadgeenliga [&hellip;]<\/p>\n","protected":false},"author":24,"featured_media":0,"parent":33992,"menu_order":0,"comment_status":"closed","ping_status":"closed","template":"","meta":{"_et_pb_use_builder":"on","_et_pb_old_content":"","_et_gb_content_width":"","iawp_total_views":151,"footnotes":""},"class_list":["post-41980","page","type-page","status-publish","hentry"],"_links":{"self":[{"href":"https:\/\/marinkamraterna.se\/trelleborg\/wp-json\/wp\/v2\/pages\/41980","targetHints":{"allow":["GET"]}}],"collection":[{"href":"https:\/\/marinkamraterna.se\/trelleborg\/wp-json\/wp\/v2\/pages"}],"about":[{"href":"https:\/\/marinkamraterna.se\/trelleborg\/wp-json\/wp\/v2\/types\/page"}],"author":[{"embeddable":true,"href":"https:\/\/marinkamraterna.se\/trelleborg\/wp-json\/wp\/v2\/users\/24"}],"replies":[{"embeddable":true,"href":"https:\/\/marinkamraterna.se\/trelleborg\/wp-json\/wp\/v2\/comments?post=41980"}],"version-history":[{"count":10,"href":"https:\/\/marinkamraterna.se\/trelleborg\/wp-json\/wp\/v2\/pages\/41980\/revisions"}],"predecessor-version":[{"id":42969,"href":"https:\/\/marinkamraterna.se\/trelleborg\/wp-json\/wp\/v2\/pages\/41980\/revisions\/42969"}],"up":[{"embeddable":true,"href":"https:\/\/marinkamraterna.se\/trelleborg\/wp-json\/wp\/v2\/pages\/33992"}],"wp:attachment":[{"href":"https:\/\/marinkamraterna.se\/trelleborg\/wp-json\/wp\/v2\/media?parent=41980"}],"curies":[{"name":"wp","href":"https:\/\/api.w.org\/{rel}","templated":true}]}}