{"id":42177,"date":"2022-05-19T16:33:55","date_gmt":"2022-05-19T14:33:55","guid":{"rendered":"https:\/\/marinkamraterna.se\/trelleborg\/medaljutdelning\/"},"modified":"2026-04-16T08:32:29","modified_gmt":"2026-04-16T06:32:29","slug":"medaljutdelning","status":"publish","type":"page","link":"https:\/\/marinkamraterna.se\/trelleborg\/medaljutdelning\/","title":{"rendered":"Utdelning av ankarmedaljer"},"content":{"rendered":"<p>[et_pb_section fb_built=&#8221;1&#8243; use_custom_gutter=&#8221;on&#8221; gutter_width=&#8221;2&#8243; specialty=&#8221;on&#8221; padding_top_1=&#8221;10px&#8221; padding_top_bottom_link_1=&#8221;false&#8221; padding_left_right_link_1=&#8221;false&#8221; _builder_version=&#8221;4.16&#8243; _module_preset=&#8221;default&#8221; custom_margin=&#8221;|10px||||&#8221; custom_padding=&#8221;||||false|false&#8221; global_colors_info=&#8221;{}&#8221;][et_pb_column type=&#8221;1_4&#8243; _builder_version=&#8221;4.16&#8243; custom_padding=&#8221;|||&#8221; global_colors_info=&#8221;{}&#8221; custom_padding__hover=&#8221;|||&#8221;][et_pb_sidebar area=&#8221;et_pb_widget_area_3&#8243; _builder_version=&#8221;4.9.4&#8243; _module_preset=&#8221;default&#8221; header_font=&#8221;|600||on|||||&#8221; body_text_color=&#8221;#0C71C3&#8243; body_font_size=&#8221;14px&#8221; custom_margin=&#8221;||||false|false&#8221; custom_padding=&#8221;||||false|false&#8221; global_module=&#8221;33600&#8243; locked=&#8221;on&#8221; global_colors_info=&#8221;{}&#8221;][\/et_pb_sidebar][\/et_pb_column][et_pb_column type=&#8221;3_4&#8243; specialty_columns=&#8221;3&#8243; _builder_version=&#8221;4.16&#8243; custom_padding=&#8221;|||&#8221; global_colors_info=&#8221;{}&#8221; custom_padding__hover=&#8221;|||&#8221;][et_pb_row_inner use_custom_gutter=&#8221;on&#8221; gutter_width=&#8221;1&#8243; make_equal=&#8221;on&#8221; _builder_version=&#8221;4.16&#8243; _module_preset=&#8221;default&#8221; custom_padding=&#8221;0px||||false|false&#8221; global_colors_info=&#8221;{}&#8221;][et_pb_column_inner saved_specialty_column_type=&#8221;3_4&#8243; _builder_version=&#8221;4.16&#8243; _module_preset=&#8221;default&#8221; global_colors_info=&#8221;{}&#8221;][et_pb_post_title meta=&#8221;off&#8221; featured_image=&#8221;off&#8221; _builder_version=&#8221;4.16&#8243; _module_preset=&#8221;default&#8221; title_font_size=&#8221;35px&#8221; global_colors_info=&#8221;{}&#8221;][\/et_pb_post_title][et_pb_text _builder_version=&#8221;4.17.3&#8243; _module_preset=&#8221;default&#8221; global_colors_info=&#8221;{}&#8221;]<\/p>\n<p><span style=\"font-size: x-large\">Innan Malin Anselmsson p\u00e5 medlemsm\u00f6tet 22-05-17 ber\u00e4ttade om hur man bygger ub\u00e5tar delade v\u00e5r vice ordf\u00f6rande Maths Witt h\u00f6gtidligt ut ett antal ankarmedaljer i silver till f\u00f6rtj\u00e4nta medlemmar med v\u00e4l valda motiveringar till utm\u00e4rkelserna.<\/span><\/p>\n<p><span style=\"font-size: large\">F\u00f6rst ut var v\u00e5r ordf\u00f6rande Thomas Ohlsson<\/span><\/p>\n<p><a href=\"https:\/\/marinkamraterna.se\/trelleborg\/img_0001-2\/\"><img loading=\"lazy\" decoding=\"async\" src=\"https:\/\/marinkamraterna.se\/trelleborg\/wp-content\/uploads\/sites\/27\/2022\/05\/IMG_0001-600x337.jpg\" width=\"600\" height=\"337\" alt=\"\" class=\"wp-image-42231 alignnone size-medium\" \/><\/a><\/p>\n<p>D\u00e4refter en tacksam och av stundens allvar r\u00f6rd Jan Lundkvist <a href=\"https:\/\/marinkamraterna.se\/trelleborg\/img_0002-2\/\"><img loading=\"lazy\" decoding=\"async\" src=\"https:\/\/marinkamraterna.se\/trelleborg\/wp-content\/uploads\/sites\/27\/2022\/05\/IMG_0002-1-600x337.jpg\" width=\"600\" height=\"337\" alt=\"\" class=\"wp-image-42234 alignnone size-medium\" \/><\/a><\/p>\n<p>\u00a0Ronny Trulsson<a href=\"https:\/\/marinkamraterna.se\/trelleborg\/img_0004ta-2\/\"><img loading=\"lazy\" decoding=\"async\" src=\"https:\/\/marinkamraterna.se\/trelleborg\/wp-content\/uploads\/sites\/27\/2022\/05\/IMG_0004ta-1-600x462.jpg\" width=\"600\" height=\"462\" alt=\"\" class=\"wp-image-42237 alignnone size-medium\" \/><\/a><\/p>\n<p>Bengt Grip<a href=\"https:\/\/marinkamraterna.se\/trelleborg\/img_0005ta-2\/\"><img loading=\"lazy\" decoding=\"async\" src=\"https:\/\/marinkamraterna.se\/trelleborg\/wp-content\/uploads\/sites\/27\/2022\/05\/IMG_0005ta-1-600x337.jpg\" width=\"600\" height=\"337\" alt=\"\" class=\"wp-image-42240 alignnone size-medium\" \/><\/a><\/p>\n<p>\u00a0Bengt \u00c5kesson<a href=\"https:\/\/marinkamraterna.se\/trelleborg\/img_0006ta-4\/\"><img loading=\"lazy\" decoding=\"async\" src=\"https:\/\/marinkamraterna.se\/trelleborg\/wp-content\/uploads\/sites\/27\/2022\/05\/IMG_0006ta-2-600x439.jpg\" width=\"600\" height=\"439\" alt=\"\" class=\"wp-image-42246 alignnone size-medium\" \/><\/a><\/p>\n<p>Janne Ohlse&#8217;n<a href=\"https:\/\/marinkamraterna.se\/trelleborg\/img_0007tak-2\/\"><img loading=\"lazy\" decoding=\"async\" src=\"https:\/\/marinkamraterna.se\/trelleborg\/wp-content\/uploads\/sites\/27\/2022\/05\/IMG_0007tak-1-600x453.jpg\" width=\"600\" height=\"453\" alt=\"\" class=\"wp-image-42249 alignnone size-medium\" \/><\/a><\/p>\n<p><a href=\"https:\/\/marinkamraterna.se\/trelleborg\/img_0017ta-2\/\"><img loading=\"lazy\" decoding=\"async\" src=\"https:\/\/marinkamraterna.se\/trelleborg\/wp-content\/uploads\/sites\/27\/2022\/05\/IMG_0017ta-1-600x460.jpg\" width=\"600\" height=\"460\" alt=\"\" class=\"wp-image-42252 alignnone size-medium\" \/><\/a> <a href=\"https:\/\/marinkamraterna.se\/trelleborg\/img_0018ta-2\/\"><img loading=\"lazy\" decoding=\"async\" src=\"https:\/\/marinkamraterna.se\/trelleborg\/wp-content\/uploads\/sites\/27\/2022\/05\/IMG_0018ta-1-600x469.jpg\" width=\"600\" height=\"469\" alt=\"\" class=\"wp-image-42255 alignnone size-medium\" \/><\/a> <a href=\"https:\/\/marinkamraterna.se\/trelleborg\/img_0019ta-2\/\"><img loading=\"lazy\" decoding=\"async\" src=\"https:\/\/marinkamraterna.se\/trelleborg\/wp-content\/uploads\/sites\/27\/2022\/05\/IMG_0019ta-1-600x541.jpg\" width=\"600\" height=\"541\" alt=\"\" class=\"wp-image-42258 alignnone size-medium\" \/><\/a><\/p>\n<p>&nbsp;<\/p>\n<p>&nbsp;<\/p>\n<p>[\/et_pb_text][\/et_pb_column_inner][\/et_pb_row_inner][\/et_pb_column][\/et_pb_section]<\/p>\n","protected":false},"excerpt":{"rendered":"<p>Innan Malin Anselmsson p\u00e5 medlemsm\u00f6tet 22-05-17 ber\u00e4ttade om hur man bygger ub\u00e5tar delade v\u00e5r vice ordf\u00f6rande Maths Witt h\u00f6gtidligt ut ett antal ankarmedaljer i silver till f\u00f6rtj\u00e4nta medlemmar med v\u00e4l valda motiveringar till utm\u00e4rkelserna. F\u00f6rst ut var v\u00e5r ordf\u00f6rande Thomas Ohlsson D\u00e4refter en tacksam och av stundens allvar r\u00f6rd Jan Lundkvist \u00a0Ronny Trulsson Bengt Grip [&hellip;]<\/p>\n","protected":false},"author":24,"featured_media":0,"parent":0,"menu_order":0,"comment_status":"closed","ping_status":"closed","template":"","meta":{"_et_pb_use_builder":"on","_et_pb_old_content":"","_et_gb_content_width":"","iawp_total_views":173,"footnotes":""},"class_list":["post-42177","page","type-page","status-publish","hentry"],"_links":{"self":[{"href":"https:\/\/marinkamraterna.se\/trelleborg\/wp-json\/wp\/v2\/pages\/42177","targetHints":{"allow":["GET"]}}],"collection":[{"href":"https:\/\/marinkamraterna.se\/trelleborg\/wp-json\/wp\/v2\/pages"}],"about":[{"href":"https:\/\/marinkamraterna.se\/trelleborg\/wp-json\/wp\/v2\/types\/page"}],"author":[{"embeddable":true,"href":"https:\/\/marinkamraterna.se\/trelleborg\/wp-json\/wp\/v2\/users\/24"}],"replies":[{"embeddable":true,"href":"https:\/\/marinkamraterna.se\/trelleborg\/wp-json\/wp\/v2\/comments?post=42177"}],"version-history":[{"count":8,"href":"https:\/\/marinkamraterna.se\/trelleborg\/wp-json\/wp\/v2\/pages\/42177\/revisions"}],"predecessor-version":[{"id":42549,"href":"https:\/\/marinkamraterna.se\/trelleborg\/wp-json\/wp\/v2\/pages\/42177\/revisions\/42549"}],"wp:attachment":[{"href":"https:\/\/marinkamraterna.se\/trelleborg\/wp-json\/wp\/v2\/media?parent=42177"}],"curies":[{"name":"wp","href":"https:\/\/api.w.org\/{rel}","templated":true}]}}