{"id":33353,"date":"2021-04-05T13:38:35","date_gmt":"2021-04-05T11:38:35","guid":{"rendered":"https:\/\/andersa6.sg-host.com\/?page_id=33353"},"modified":"2026-01-28T11:53:57","modified_gmt":"2026-01-28T10:53:57","slug":"program","status":"publish","type":"page","link":"https:\/\/marinkamraterna.se\/varberg\/program\/","title":{"rendered":"Program"},"content":{"rendered":"<p>[et_pb_section fb_built=&#8221;1&#8243; specialty=&#8221;on&#8221; padding_top_1=&#8221;0px&#8221; padding_top_2=&#8221;0px&#8221; padding_top_bottom_link_1=&#8221;false&#8221; padding_top_bottom_link_2=&#8221;false&#8221; padding_left_right_link_1=&#8221;false&#8221; padding_left_right_link_2=&#8221;false&#8221; _builder_version=&#8221;4.16&#8243; _module_preset=&#8221;default&#8221; custom_margin=&#8221;||||false|false&#8221; custom_padding=&#8221;||||false|false&#8221; locked=&#8221;off&#8221; global_colors_info=&#8221;{}&#8221;][et_pb_column type=&#8221;3_4&#8243; specialty_columns=&#8221;3&#8243; _builder_version=&#8221;4.16&#8243; custom_padding=&#8221;|||&#8221; global_colors_info=&#8221;{}&#8221; custom_padding__hover=&#8221;|||&#8221;][et_pb_row_inner _builder_version=&#8221;4.16&#8243; _module_preset=&#8221;default&#8221; custom_padding=&#8221;0px||||false|false&#8221; global_colors_info=&#8221;{}&#8221;][et_pb_column_inner saved_specialty_column_type=&#8221;3_4&#8243; _builder_version=&#8221;4.16&#8243; _module_preset=&#8221;default&#8221; global_colors_info=&#8221;{}&#8221;][et_pb_post_title meta=&#8221;off&#8221; featured_image=&#8221;off&#8221; _builder_version=&#8221;4.16&#8243; _module_preset=&#8221;default&#8221; title_font_size=&#8221;35px&#8221; global_colors_info=&#8221;{}&#8221;][\/et_pb_post_title][et_pb_text _builder_version=&#8221;4.20.4&#8243; _module_preset=&#8221;default&#8221; custom_padding=&#8221;2px|||||&#8221; link_option_url=&#8221;https:\/\/marinkamraterna.se\/varberg\/wp-content\/uploads\/sites\/20\/2022\/06\/Program-Varberg.pdf&#8221; link_option_url_new_window=&#8221;on&#8221; global_colors_info=&#8221;{}&#8221;]<\/p>\n<p><strong>\u00a0V\u00e5ren 2026<br \/><\/strong><\/p>\n<p><strong>L\u00d6RDAGSKAFFE MED ALLS\u00c5NG<\/strong><\/p>\n<p>Utg\u00e5r<\/p>\n<p><strong>SKEPPSKV\u00c4LLAR<\/strong><br \/>Skeppskv\u00e4ll 19\/2 kl 18.00<br \/>&#8221;Workshop&#8221; id\u00e9er om framtiden<br \/>Ansvarig: styrelsen<\/p>\n<p>Skeppskv\u00e4ll 16\/4 kl 18.00<br \/>&#8221;Rysk Underr\u00e4ttelseverksamhet i Sverige&#8221; av Krister Hans\u00e9n FM Stockholm<br \/>Ansvarig: Kai Sundberg<\/p>\n<p>Skeppskv\u00e4ll 7\/5 kl 18.00<br \/>\u00c4mne ok\u00e4nt<\/p>\n<p>\u00d6vriga Aktiviteter:<\/p>\n<p>\u00c5rsm\u00f6te 12\/3 kl 18:00<\/p>\n<p>Ansvarig styrelsen\u00a0<\/p>\n<p>&nbsp;<\/p>\n<p>Styrelsem\u00f6ten<\/p>\n<p>19 februari\u00a0 \u00a0 \u00a0 \u00a0kl 16:00<\/p>\n<p>12 mars\u00a0 \u00a0 \u00a0 \u00a0 \u00a0 \u00a0 kl 16:00<\/p>\n<p>16 april\u00a0 \u00a0 \u00a0 \u00a0 \u00a0 \u00a0kl 16:00<\/p>\n<p>7 maj\u00a0 \u00a0 \u00a0 \u00a0 \u00a0 \u00a0 \u00a0 \u00a0kl 16:00<\/p>\n<p>&nbsp;<\/p>\n<p>&nbsp;<\/p>\n<p>&nbsp;<\/p>\n<p>&nbsp;<\/p>\n<p>&nbsp;<\/p>\n<p>&nbsp;<\/p>\n<p>&nbsp;<\/p>\n<p><strong><\/strong><\/p>\n<p>&nbsp;<\/p>\n<p>&nbsp;<\/p>\n<p>&nbsp;<\/p>\n<p>&nbsp;<\/p>\n<p>[\/et_pb_text][et_pb_text _builder_version=&#8221;4.19.5&#8243; _module_preset=&#8221;default&#8221; link_option_url=&#8221;https:\/\/marinkamraterna.se\/varberg\/wp-content\/uploads\/sites\/20\/2022\/06\/Program-Varberg.pdf&#8221; link_option_url_new_window=&#8221;on&#8221; global_colors_info=&#8221;{}&#8221;][\/et_pb_text][\/et_pb_column_inner][\/et_pb_row_inner][et_pb_row_inner column_structure=&#8221;1_2,1_2&#8243; _builder_version=&#8221;4.25.1&#8243; _module_preset=&#8221;default&#8221; global_colors_info=&#8221;{}&#8221;][et_pb_column_inner type=&#8221;1_2&#8243; saved_specialty_column_type=&#8221;3_4&#8243; _builder_version=&#8221;4.17.4&#8243; _module_preset=&#8221;default&#8221; global_colors_info=&#8221;{}&#8221;][et_pb_text _builder_version=&#8221;4.20.4&#8243; _module_preset=&#8221;default&#8221; global_colors_info=&#8221;{}&#8221;]<\/p>\n<p><strong><\/strong><\/p>\n<p>&nbsp;<\/p>\n<p>&nbsp;<\/p>\n<p>&nbsp;<\/p>\n<p>&nbsp;<\/p>\n<p>[\/et_pb_text][\/et_pb_column_inner][et_pb_column_inner type=&#8221;1_2&#8243; saved_specialty_column_type=&#8221;3_4&#8243; _builder_version=&#8221;4.17.4&#8243; _module_preset=&#8221;default&#8221; global_colors_info=&#8221;{}&#8221;][et_pb_text _builder_version=&#8221;4.17.4&#8243; _module_preset=&#8221;default&#8221; global_colors_info=&#8221;{}&#8221;][\/et_pb_text][\/et_pb_column_inner][\/et_pb_row_inner][\/et_pb_column][et_pb_column type=&#8221;1_4&#8243; _builder_version=&#8221;4.16&#8243; custom_padding=&#8221;|||&#8221; global_colors_info=&#8221;{}&#8221; custom_padding__hover=&#8221;|||&#8221;][et_pb_image src=&#8221;http:\/\/marinkamraterna.se\/varberg\/wp-content\/uploads\/sites\/3\/2021\/04\/oql0evyd_n8.jpg&#8221; alt=&#8221;body of water during golden hour&#8221; title_text=&#8221;Photo by Joseph Barrientos&#8221; _builder_version=&#8221;4.16&#8243; _module_preset=&#8221;default&#8221; custom_margin=&#8221;||10px||false|false&#8221; custom_padding=&#8221;||||false|false&#8221; global_colors_info=&#8221;{}&#8221;][\/et_pb_image][et_pb_text _builder_version=&#8221;4.16&#8243; _module_preset=&#8221;default&#8221; text_font=&#8221;||on||||||&#8221; text_font_size=&#8221;14px&#8221; global_colors_info=&#8221;{}&#8221;]<\/p>\n<p>Bildtext<\/p>\n<p>[\/et_pb_text][et_pb_sidebar orientation=&#8221;right&#8221; _builder_version=&#8221;4.9.4&#8243; _module_preset=&#8221;default&#8221; header_font=&#8221;|600||on|||||&#8221; header_font_size=&#8221;20px&#8221; global_module=&#8221;33531&#8243; saved_tabs=&#8221;all&#8221; locked=&#8221;on&#8221; global_colors_info=&#8221;{}&#8221;][\/et_pb_sidebar][\/et_pb_column][\/et_pb_section]<\/p>\n","protected":false},"excerpt":{"rendered":"<p>\u00a0V\u00e5ren 2026 L\u00d6RDAGSKAFFE MED ALLS\u00c5NG Utg\u00e5r SKEPPSKV\u00c4LLARSkeppskv\u00e4ll 19\/2 kl 18.00&#8243;Workshop&#8221; id\u00e9er om framtidenAnsvarig: styrelsen Skeppskv\u00e4ll 16\/4 kl 18.00&#8243;Rysk Underr\u00e4ttelseverksamhet i Sverige&#8221; av Krister Hans\u00e9n FM StockholmAnsvarig: Kai Sundberg Skeppskv\u00e4ll 7\/5 kl 18.00\u00c4mne ok\u00e4nt \u00d6vriga Aktiviteter: \u00c5rsm\u00f6te 12\/3 kl 18:00 Ansvarig styrelsen\u00a0 &nbsp; Styrelsem\u00f6ten 19 februari\u00a0 \u00a0 \u00a0 \u00a0kl 16:00 12 mars\u00a0 \u00a0 \u00a0 \u00a0 \u00a0 [&hellip;]<\/p>\n","protected":false},"author":3,"featured_media":0,"parent":0,"menu_order":4,"comment_status":"closed","ping_status":"closed","template":"","meta":{"_et_pb_use_builder":"on","_et_pb_old_content":"[wpforms id=\"2000\" title=\"false\" description=\"false\"]","_et_gb_content_width":"","iawp_total_views":355,"footnotes":""},"class_list":["post-33353","page","type-page","status-publish","hentry"],"_links":{"self":[{"href":"https:\/\/marinkamraterna.se\/varberg\/wp-json\/wp\/v2\/pages\/33353","targetHints":{"allow":["GET"]}}],"collection":[{"href":"https:\/\/marinkamraterna.se\/varberg\/wp-json\/wp\/v2\/pages"}],"about":[{"href":"https:\/\/marinkamraterna.se\/varberg\/wp-json\/wp\/v2\/types\/page"}],"author":[{"embeddable":true,"href":"https:\/\/marinkamraterna.se\/varberg\/wp-json\/wp\/v2\/users\/3"}],"replies":[{"embeddable":true,"href":"https:\/\/marinkamraterna.se\/varberg\/wp-json\/wp\/v2\/comments?post=33353"}],"version-history":[{"count":34,"href":"https:\/\/marinkamraterna.se\/varberg\/wp-json\/wp\/v2\/pages\/33353\/revisions"}],"predecessor-version":[{"id":38296,"href":"https:\/\/marinkamraterna.se\/varberg\/wp-json\/wp\/v2\/pages\/33353\/revisions\/38296"}],"wp:attachment":[{"href":"https:\/\/marinkamraterna.se\/varberg\/wp-json\/wp\/v2\/media?parent=33353"}],"curies":[{"name":"wp","href":"https:\/\/api.w.org\/{rel}","templated":true}]}}