{"id":33986,"date":"2021-06-04T19:12:08","date_gmt":"2021-06-04T17:12:08","guid":{"rendered":"http:\/\/andersa6.sg-host.com\/varberg\/?page_id=33986"},"modified":"2026-04-28T11:31:02","modified_gmt":"2026-04-28T09:31:02","slug":"styrelse","status":"publish","type":"page","link":"https:\/\/marinkamraterna.se\/varberg\/om-foreningen\/styrelse\/","title":{"rendered":"Styrelse"},"content":{"rendered":"<p>[et_pb_section fb_built=&#8221;1&#8243; specialty=&#8221;on&#8221; padding_top_1=&#8221;0px&#8221; padding_top_2=&#8221;0px&#8221; padding_top_bottom_link_1=&#8221;false&#8221; padding_top_bottom_link_2=&#8221;false&#8221; padding_left_right_link_1=&#8221;false&#8221; padding_left_right_link_2=&#8221;false&#8221; _builder_version=&#8221;4.16&#8243; _module_preset=&#8221;default&#8221; custom_margin=&#8221;||||false|false&#8221; custom_padding=&#8221;||||false|false&#8221; locked=&#8221;off&#8221; global_colors_info=&#8221;{}&#8221;][et_pb_column type=&#8221;3_4&#8243; specialty_columns=&#8221;3&#8243; _builder_version=&#8221;4.16&#8243; custom_padding=&#8221;|||&#8221; global_colors_info=&#8221;{}&#8221; custom_padding__hover=&#8221;|||&#8221;][et_pb_row_inner _builder_version=&#8221;4.16&#8243; _module_preset=&#8221;default&#8221; custom_padding=&#8221;0px||||false|false&#8221; global_colors_info=&#8221;{}&#8221;][et_pb_column_inner saved_specialty_column_type=&#8221;3_4&#8243; _builder_version=&#8221;4.16&#8243; _module_preset=&#8221;default&#8221; global_colors_info=&#8221;{}&#8221;][et_pb_post_title meta=&#8221;off&#8221; featured_image=&#8221;off&#8221; _builder_version=&#8221;4.16&#8243; _module_preset=&#8221;default&#8221; title_font_size=&#8221;35px&#8221; global_colors_info=&#8221;{}&#8221;][\/et_pb_post_title][et_pb_text _builder_version=&#8221;4.20.4&#8243; _module_preset=&#8221;default&#8221; global_colors_info=&#8221;{}&#8221;]<\/p>\n<p><strong>Verksamhets\u00e5ret 2024<\/strong><br \/>Konstituering och verksamhetsomr\u00e5den<\/p>\n<p>[\/et_pb_text][\/et_pb_column_inner][\/et_pb_row_inner][et_pb_row_inner column_structure=&#8221;1_3,1_3,1_3&#8243; _builder_version=&#8221;4.17.3&#8243; _module_preset=&#8221;default&#8221; global_colors_info=&#8221;{}&#8221;][et_pb_column_inner type=&#8221;1_3&#8243; saved_specialty_column_type=&#8221;3_4&#8243; _builder_version=&#8221;4.17.3&#8243; _module_preset=&#8221;default&#8221; global_colors_info=&#8221;{}&#8221;][et_pb_text _builder_version=&#8221;4.20.4&#8243; _module_preset=&#8221;default&#8221; global_colors_info=&#8221;{}&#8221;]<\/p>\n<p><strong>Namn<\/strong><br \/>Roterar inom styrelsen<br \/>Christian Weddig <br \/>Kai Sundberg<br \/>Bosse Oskarsson<br \/>Olle Erixon<br \/>Lennart Bj\u00f6rnerhag<br \/>Folke Larsson<\/p>\n<p>\u00a0Valberedning:<\/p>\n<p>Karl-Henrik Weddig<\/p>\n<p>Lennart Ingeltun<\/p>\n<p>[\/et_pb_text][\/et_pb_column_inner][et_pb_column_inner type=&#8221;1_3&#8243; saved_specialty_column_type=&#8221;3_4&#8243; _builder_version=&#8221;4.17.3&#8243; _module_preset=&#8221;default&#8221; global_colors_info=&#8221;{}&#8221;][et_pb_text _builder_version=&#8221;4.17.3&#8243; _module_preset=&#8221;default&#8221; global_colors_info=&#8221;{}&#8221;]<\/p>\n<p><strong>Funktion<\/strong><br \/>Ordf\u00f6rande<br \/>tf Ordf\u00f6rande<br \/>Sekreterare<br \/>Kass\u00f6r<br \/>Ledamot<br \/>Ledamot<br \/>Ers\u00e4ttare<\/p>\n<p>&nbsp;<\/p>\n<p>[\/et_pb_text][\/et_pb_column_inner][et_pb_column_inner type=&#8221;1_3&#8243; saved_specialty_column_type=&#8221;3_4&#8243; _builder_version=&#8221;4.17.3&#8243; _module_preset=&#8221;default&#8221; global_colors_info=&#8221;{}&#8221;][et_pb_text _builder_version=&#8221;4.20.4&#8243; _module_preset=&#8221;default&#8221; global_colors_info=&#8221;{}&#8221;]<\/p>\n<p><strong>Tidsperiod<\/strong><\/p>\n<p><strong> <\/strong><\/p>\n<p>1 \u00e5r<br \/>2 \u00e5r<br \/>2 \u00e5r<br \/>1 \u00e5r<br \/>1 \u00e5r<br \/>1 \u00e5r<\/p>\n<p>&nbsp;<\/p>\n<p>&nbsp;<\/p>\n<p>[\/et_pb_text][\/et_pb_column_inner][\/et_pb_row_inner][et_pb_row_inner column_structure=&#8221;1_2,1_2&#8243; _builder_version=&#8221;4.17.3&#8243; _module_preset=&#8221;default&#8221; global_colors_info=&#8221;{}&#8221;][et_pb_column_inner type=&#8221;1_2&#8243; saved_specialty_column_type=&#8221;3_4&#8243; _builder_version=&#8221;4.17.3&#8243; _module_preset=&#8221;default&#8221; global_colors_info=&#8221;{}&#8221;][et_pb_text _builder_version=&#8221;4.17.3&#8243; _module_preset=&#8221;default&#8221; global_colors_info=&#8221;{}&#8221;]<\/p>\n<p><strong>VERKSAMHETSOMR\u00c5DEN<\/strong><br \/>Webmaster\/hemsidan<br \/>Klubbm\u00e4stare<br \/>Bilddokumentering<br \/>Bibliotek<br \/>Flaggvakter<br \/>Hamnv\u00e4rdar &#8211; \u00f6rlogsbes\u00f6k<br \/>Medlemsregister<br \/>Arkivfr\u00e5gor<br \/>Skriftlig uppvaktning &#8211; kondoleanser<br \/>Kopieringsmaskin &#8211; papper<br \/>F\u00f6rbrukningsartiklar (toa- och hush\u00e5llspapper, diskmedel, tv\u00e5l etc)<br \/>Omv\u00e5rdnad av f\u00f6reningslokalen, st\u00e4dning, textiltv\u00e4tt etc.<br \/>Kontaktm\u00e4n mot tidskriften Flottans M\u00e4n &#8211; skribenter, foto<br \/>Kontaktman vid uthyrning av f\u00f6reningslokalen<br \/>Kontaktman mot Kultur. och Fritidsf\u00f6rvaltningen<br \/>Ansvarig f\u00f6r minan<br \/>Planering av fester<br \/>Kontaktman mot hamnf\u00f6rvaltningen, VFAB<br \/>Kontaktman mot Galtab\u00e4cksskeppet<br \/>Ansvarig f\u00f6r sponsring<br \/>Medlemsv\u00e5rd, bes\u00f6k hos medlemmar<br \/>Kontaktman mot SD<br \/>Kontaktman mot FMTS<br \/>Firmatecknare var f\u00f6r sig:<\/p>\n<p>[\/et_pb_text][\/et_pb_column_inner][et_pb_column_inner type=&#8221;1_2&#8243; saved_specialty_column_type=&#8221;3_4&#8243; _builder_version=&#8221;4.17.3&#8243; _module_preset=&#8221;default&#8221; global_colors_info=&#8221;{}&#8221;][et_pb_text _builder_version=&#8221;4.17.3&#8243; _module_preset=&#8221;default&#8221; global_colors_info=&#8221;{}&#8221;]<\/p>\n<p><strong>Ansvarig \/ ansvariga<\/strong><br \/>Kai Sundberg<br \/>Bosse Oskarsson<br \/>Vakant<br \/>Christian Weddig<br \/>Styrelsen<br \/>Christian Weddig, Bosse Oskarsson<br \/>K H Weddig<br \/>Vakant<br \/>F\u00f6rbundet<br \/>Bosse Oskarsson<\/p>\n<p>Bosse Oskarsson<\/p>\n<p>Styrelsen<\/p>\n<p>Christian Weddig<br \/>.<\/p>\n<p>Christian Weddig<br \/>Vakant<br \/>Bosse Oskarsson<br \/>Klubbm\u00e4staren<br \/>Bosse Oskarsson<br \/>Vakant<br \/>Vakant<br \/>Styrelsen<br \/>Bosse Oskarsson<br \/>KH Weddig<br \/>Bosse Oskarsson och Christian Weddig<\/p>\n<p>[\/et_pb_text][\/et_pb_column_inner][\/et_pb_row_inner][\/et_pb_column][et_pb_column type=&#8221;1_4&#8243; _builder_version=&#8221;4.16&#8243; custom_padding=&#8221;|||&#8221; global_colors_info=&#8221;{}&#8221; custom_padding__hover=&#8221;|||&#8221;][et_pb_image src=&#8221;http:\/\/marinkamraterna.se\/varberg\/wp-content\/uploads\/sites\/3\/2021\/04\/oql0evyd_n8.jpg&#8221; alt=&#8221;body of water during golden hour&#8221; title_text=&#8221;Photo by Joseph Barrientos&#8221; _builder_version=&#8221;4.16&#8243; _module_preset=&#8221;default&#8221; custom_margin=&#8221;||10px||false|false&#8221; custom_padding=&#8221;||||false|false&#8221; global_colors_info=&#8221;{}&#8221;][\/et_pb_image][et_pb_text _builder_version=&#8221;4.16&#8243; _module_preset=&#8221;default&#8221; text_font=&#8221;||on||||||&#8221; text_font_size=&#8221;14px&#8221; global_colors_info=&#8221;{}&#8221;]<\/p>\n<p>Bildtext<\/p>\n<p>[\/et_pb_text][et_pb_sidebar orientation=&#8221;right&#8221; area=&#8221;et_pb_widget_area_5&#8243; module_class=&#8221;right-menues&#8221; _builder_version=&#8221;4.9.11&#8243; _module_preset=&#8221;default&#8221; custom_margin=&#8221;||0px||false|false&#8221; global_module=&#8221;35107&#8243; saved_tabs=&#8221;all&#8221; locked=&#8221;on&#8221; global_colors_info=&#8221;{}&#8221;][\/et_pb_sidebar][et_pb_sidebar orientation=&#8221;right&#8221; _builder_version=&#8221;4.9.4&#8243; _module_preset=&#8221;default&#8221; header_font=&#8221;|600||on|||||&#8221; header_font_size=&#8221;20px&#8221; global_module=&#8221;33531&#8243; saved_tabs=&#8221;all&#8221; locked=&#8221;on&#8221; global_colors_info=&#8221;{}&#8221;][\/et_pb_sidebar][\/et_pb_column][\/et_pb_section]<\/p>\n","protected":false},"excerpt":{"rendered":"<p>Verksamhets\u00e5ret 2024Konstituering och verksamhetsomr\u00e5denNamnRoterar inom styrelsenChristian Weddig Kai SundbergBosse OskarssonOlle ErixonLennart Bj\u00f6rnerhagFolke Larsson \u00a0Valberedning: Karl-Henrik Weddig Lennart IngeltunFunktionOrdf\u00f6randetf Ordf\u00f6randeSekreterareKass\u00f6rLedamotLedamotErs\u00e4ttare &nbsp;Tidsperiod 1 \u00e5r2 \u00e5r2 \u00e5r1 \u00e5r1 \u00e5r1 \u00e5r &nbsp; &nbsp;VERKSAMHETSOMR\u00c5DENWebmaster\/hemsidanKlubbm\u00e4stareBilddokumenteringBibliotekFlaggvakterHamnv\u00e4rdar &#8211; \u00f6rlogsbes\u00f6kMedlemsregisterArkivfr\u00e5gorSkriftlig uppvaktning &#8211; kondoleanserKopieringsmaskin &#8211; papperF\u00f6rbrukningsartiklar (toa- och hush\u00e5llspapper, diskmedel, tv\u00e5l etc)Omv\u00e5rdnad av f\u00f6reningslokalen, st\u00e4dning, textiltv\u00e4tt etc.Kontaktm\u00e4n mot tidskriften Flottans M\u00e4n &#8211; skribenter, fotoKontaktman vid [&hellip;]<\/p>\n","protected":false},"author":1,"featured_media":0,"parent":33152,"menu_order":3,"comment_status":"closed","ping_status":"closed","template":"","meta":{"_et_pb_use_builder":"on","_et_pb_old_content":"","_et_gb_content_width":"","iawp_total_views":290,"footnotes":""},"class_list":["post-33986","page","type-page","status-publish","hentry"],"_links":{"self":[{"href":"https:\/\/marinkamraterna.se\/varberg\/wp-json\/wp\/v2\/pages\/33986","targetHints":{"allow":["GET"]}}],"collection":[{"href":"https:\/\/marinkamraterna.se\/varberg\/wp-json\/wp\/v2\/pages"}],"about":[{"href":"https:\/\/marinkamraterna.se\/varberg\/wp-json\/wp\/v2\/types\/page"}],"author":[{"embeddable":true,"href":"https:\/\/marinkamraterna.se\/varberg\/wp-json\/wp\/v2\/users\/1"}],"replies":[{"embeddable":true,"href":"https:\/\/marinkamraterna.se\/varberg\/wp-json\/wp\/v2\/comments?post=33986"}],"version-history":[{"count":17,"href":"https:\/\/marinkamraterna.se\/varberg\/wp-json\/wp\/v2\/pages\/33986\/revisions"}],"predecessor-version":[{"id":38315,"href":"https:\/\/marinkamraterna.se\/varberg\/wp-json\/wp\/v2\/pages\/33986\/revisions\/38315"}],"up":[{"embeddable":true,"href":"https:\/\/marinkamraterna.se\/varberg\/wp-json\/wp\/v2\/pages\/33152"}],"wp:attachment":[{"href":"https:\/\/marinkamraterna.se\/varberg\/wp-json\/wp\/v2\/media?parent=33986"}],"curies":[{"name":"wp","href":"https:\/\/api.w.org\/{rel}","templated":true}]}}