{"id":35274,"date":"2021-09-24T13:19:50","date_gmt":"2021-09-24T11:19:50","guid":{"rendered":"https:\/\/andersa6.sg-host.com\/varberg\/?page_id=35274"},"modified":"2024-11-27T15:34:07","modified_gmt":"2024-11-27T14:34:07","slug":"sponsorer","status":"publish","type":"page","link":"https:\/\/marinkamraterna.se\/varberg\/sponsorer\/","title":{"rendered":"Sponsorer"},"content":{"rendered":"<p>[et_pb_section fb_built=&#8221;1&#8243; specialty=&#8221;on&#8221; padding_top_1=&#8221;0px&#8221; padding_top_2=&#8221;0px&#8221; padding_top_bottom_link_1=&#8221;false&#8221; padding_top_bottom_link_2=&#8221;false&#8221; padding_left_right_link_1=&#8221;false&#8221; padding_left_right_link_2=&#8221;false&#8221; _builder_version=&#8221;4.16&#8243; _module_preset=&#8221;default&#8221; custom_margin=&#8221;||||false|false&#8221; custom_padding=&#8221;||||false|false&#8221; locked=&#8221;off&#8221; global_colors_info=&#8221;{}&#8221;][et_pb_column type=&#8221;3_4&#8243; specialty_columns=&#8221;3&#8243; _builder_version=&#8221;4.16&#8243; custom_padding=&#8221;|||&#8221; global_colors_info=&#8221;{}&#8221; custom_padding__hover=&#8221;|||&#8221;][et_pb_row_inner _builder_version=&#8221;4.16&#8243; _module_preset=&#8221;default&#8221; custom_padding=&#8221;0px||||false|false&#8221; global_colors_info=&#8221;{}&#8221;][et_pb_column_inner saved_specialty_column_type=&#8221;3_4&#8243; _builder_version=&#8221;4.16&#8243; _module_preset=&#8221;default&#8221; global_colors_info=&#8221;{}&#8221;][et_pb_post_title meta=&#8221;off&#8221; featured_image=&#8221;off&#8221; _builder_version=&#8221;4.16&#8243; _module_preset=&#8221;default&#8221; title_font_size=&#8221;35px&#8221; global_colors_info=&#8221;{}&#8221;][\/et_pb_post_title][et_pb_text _builder_version=&#8221;4.17.4&#8243; _module_preset=&#8221;default&#8221; global_colors_info=&#8221;{}&#8221;]<\/p>\n<p>Vi tar tacksamt mot hj\u00e4lp till v\u00e5r verksamhet. Om du\/ditt f\u00f6retag l\u00e4mnar en g\u00e5va kommer du att f\u00e5 exponering p\u00e5 denna sida. Genom att klicka p\u00e5 sponsornamnet kommer du direkt till aktuell sponsor.<\/p>\n<p>&nbsp;<\/p>\n<p>[\/et_pb_text][et_pb_text _builder_version=&#8221;4.17.4&#8243; _module_preset=&#8221;default&#8221; global_colors_info=&#8221;{}&#8221;]<\/p>\n<h1 style=\"text-align: justify\">GYNNA V\u00c5RA SPONSORER!<\/h1>\n<p>[\/et_pb_text][et_pb_image src=&#8221;https:\/\/marinkamraterna.se\/varberg\/wp-content\/uploads\/sites\/20\/2022\/06\/Vbg-Spons-Ica.png&#8221; title_text=&#8221;Vbg Spons Ica&#8221; url=&#8221;https:\/\/www.ica.se\/butiker\/kvantum\/varberg\/ica-kvantum-varberg-1869\/start\/&#8221; url_new_window=&#8221;on&#8221; _builder_version=&#8221;4.17.4&#8243; _module_preset=&#8221;default&#8221; global_colors_info=&#8221;{}&#8221;][\/et_pb_image][et_pb_text _builder_version=&#8221;4.17.4&#8243; _module_preset=&#8221;default&#8221; global_colors_info=&#8221;{}&#8221;]<\/p>\n<h2><a href=\"https:\/\/rolfstorp.cylex.se\/company\/grimetons+snickerifabrik-11368227.html\" target=\"_blank\" rel=\"noopener\">GRIMETONS SNICKERIFABRIK<\/a><\/h2>\n<p>[\/et_pb_text][et_pb_image src=&#8221;https:\/\/marinkamraterna.se\/varberg\/wp-content\/uploads\/sites\/20\/2022\/06\/Vbg-Spons-Marinmuseet.png&#8221; title_text=&#8221;Vbg Spons Marinmuseet&#8221; url=&#8221;http:\/\/marinmuseet.dinstudio.se\/&#8221; url_new_window=&#8221;on&#8221; _builder_version=&#8221;4.17.4&#8243; _module_preset=&#8221;default&#8221; global_colors_info=&#8221;{}&#8221;][\/et_pb_image][et_pb_image src=&#8221;https:\/\/marinkamraterna.se\/varberg\/wp-content\/uploads\/sites\/20\/2024\/04\/IMG_0228-002-Miljotvatten.jpg&#8221; title_text=&#8221;IMG 0228 (002) Milj\u00f6tv\u00e4tten&#8221; _builder_version=&#8221;4.24.3&#8243; _module_preset=&#8221;default&#8221; global_colors_info=&#8221;{}&#8221;][\/et_pb_image][et_pb_image src=&#8221;https:\/\/marinkamraterna.se\/varberg\/wp-content\/uploads\/sites\/20\/2022\/06\/Vbg-Spons-Sparbank.jpg&#8221; title_text=&#8221;Vbg Spons Sparbank&#8221; url=&#8221;https:\/\/www.varbergssparbank.se\/&#8221; url_new_window=&#8221;on&#8221; _builder_version=&#8221;4.17.4&#8243; _module_preset=&#8221;default&#8221; global_colors_info=&#8221;{}&#8221;][\/et_pb_image][et_pb_image src=&#8221;https:\/\/marinkamraterna.se\/varberg\/wp-content\/uploads\/sites\/20\/2022\/06\/Vbg-Spons-LB-UH.jpg&#8221; title_text=&#8221;Vbg Spons LB UH&#8221; _builder_version=&#8221;4.17.4&#8243; _module_preset=&#8221;default&#8221; global_colors_info=&#8221;{}&#8221;][\/et_pb_image][et_pb_text _builder_version=&#8221;4.17.4&#8243; _module_preset=&#8221;default&#8221; global_colors_info=&#8221;{}&#8221;]<\/p>\n<p>LB UH-SERVICE AB &#8211; Hemsida saknas<\/p>\n<p>[\/et_pb_text][et_pb_image src=&#8221;https:\/\/marinkamraterna.se\/varberg\/wp-content\/uploads\/sites\/20\/2022\/06\/Vbg-Spons-Hunnestad.png&#8221; title_text=&#8221;Vbg Spons Hunnestad&#8221; url=&#8221;https:\/\/www.hunnestadbygg.se\/&#8221; url_new_window=&#8221;on&#8221; _builder_version=&#8221;4.17.4&#8243; _module_preset=&#8221;default&#8221; global_colors_info=&#8221;{}&#8221;][\/et_pb_image][et_pb_image src=&#8221;https:\/\/marinkamraterna.se\/varberg\/wp-content\/uploads\/sites\/20\/2022\/06\/Vbg-Spons-VG350.jpg&#8221; title_text=&#8221;Vbg Spons VG350&#8243; _builder_version=&#8221;4.17.4&#8243; _module_preset=&#8221;default&#8221; global_colors_info=&#8221;{}&#8221;][\/et_pb_image][et_pb_text _builder_version=&#8221;4.17.4&#8243; _module_preset=&#8221;default&#8221; global_colors_info=&#8221;{}&#8221;]<\/p>\n<p>Fiskefartyget VG 350 &#8211; hemsida saknas<\/p>\n<p>[\/et_pb_text][\/et_pb_column_inner][\/et_pb_row_inner][\/et_pb_column][et_pb_column type=&#8221;1_4&#8243; _builder_version=&#8221;4.16&#8243; custom_padding=&#8221;|||&#8221; global_colors_info=&#8221;{}&#8221; custom_padding__hover=&#8221;|||&#8221;][et_pb_image src=&#8221;http:\/\/marinkamraterna.se\/varberg\/wp-content\/uploads\/sites\/3\/2021\/04\/oql0evyd_n8.jpg&#8221; alt=&#8221;body of water during golden hour&#8221; title_text=&#8221;Photo by Joseph Barrientos&#8221; _builder_version=&#8221;4.16&#8243; _module_preset=&#8221;default&#8221; custom_margin=&#8221;||10px||false|false&#8221; custom_padding=&#8221;||||false|false&#8221; global_colors_info=&#8221;{}&#8221;][\/et_pb_image][et_pb_text _builder_version=&#8221;4.16&#8243; _module_preset=&#8221;default&#8221; text_font=&#8221;||on||||||&#8221; text_font_size=&#8221;14px&#8221; global_colors_info=&#8221;{}&#8221;]<\/p>\n<p>Bildtext<\/p>\n<p>[\/et_pb_text][et_pb_sidebar orientation=&#8221;right&#8221; _builder_version=&#8221;4.9.4&#8243; _module_preset=&#8221;default&#8221; header_font=&#8221;|600||on|||||&#8221; header_font_size=&#8221;20px&#8221; global_module=&#8221;33531&#8243; saved_tabs=&#8221;all&#8221; locked=&#8221;on&#8221; global_colors_info=&#8221;{}&#8221;][\/et_pb_sidebar][\/et_pb_column][\/et_pb_section]<\/p>\n","protected":false},"excerpt":{"rendered":"<p>Vi tar tacksamt mot hj\u00e4lp till v\u00e5r verksamhet. Om du\/ditt f\u00f6retag l\u00e4mnar en g\u00e5va kommer du att f\u00e5 exponering p\u00e5 denna sida. Genom att klicka p\u00e5 sponsornamnet kommer du direkt till aktuell sponsor. &nbsp;GYNNA V\u00c5RA SPONSORER!GRIMETONS SNICKERIFABRIKLB UH-SERVICE AB &#8211; Hemsida saknasFiskefartyget VG 350 &#8211; hemsida saknasBildtext<\/p>\n","protected":false},"author":17,"featured_media":0,"parent":0,"menu_order":5,"comment_status":"closed","ping_status":"closed","template":"","meta":{"_et_pb_use_builder":"on","_et_pb_old_content":"","_et_gb_content_width":"","iawp_total_views":103,"footnotes":""},"class_list":["post-35274","page","type-page","status-publish","hentry"],"_links":{"self":[{"href":"https:\/\/marinkamraterna.se\/varberg\/wp-json\/wp\/v2\/pages\/35274","targetHints":{"allow":["GET"]}}],"collection":[{"href":"https:\/\/marinkamraterna.se\/varberg\/wp-json\/wp\/v2\/pages"}],"about":[{"href":"https:\/\/marinkamraterna.se\/varberg\/wp-json\/wp\/v2\/types\/page"}],"author":[{"embeddable":true,"href":"https:\/\/marinkamraterna.se\/varberg\/wp-json\/wp\/v2\/users\/17"}],"replies":[{"embeddable":true,"href":"https:\/\/marinkamraterna.se\/varberg\/wp-json\/wp\/v2\/comments?post=35274"}],"version-history":[{"count":19,"href":"https:\/\/marinkamraterna.se\/varberg\/wp-json\/wp\/v2\/pages\/35274\/revisions"}],"predecessor-version":[{"id":38169,"href":"https:\/\/marinkamraterna.se\/varberg\/wp-json\/wp\/v2\/pages\/35274\/revisions\/38169"}],"wp:attachment":[{"href":"https:\/\/marinkamraterna.se\/varberg\/wp-json\/wp\/v2\/media?parent=35274"}],"curies":[{"name":"wp","href":"https:\/\/api.w.org\/{rel}","templated":true}]}}