{"id":37145,"date":"2022-04-27T14:50:26","date_gmt":"2022-04-27T12:50:26","guid":{"rendered":"https:\/\/marinkamraterna.se\/varberg\/?page_id=37145"},"modified":"2023-06-22T14:06:43","modified_gmt":"2023-06-22T12:06:43","slug":"skeppskvall-19-5","status":"publish","type":"page","link":"https:\/\/marinkamraterna.se\/varberg\/bilder\/skeppskvall-19-5\/","title":{"rendered":"Skeppskv\u00e4ll 19\/5"},"content":{"rendered":"<p>[et_pb_section fb_built=&#8221;1&#8243; _builder_version=&#8221;4.16&#8243; global_colors_info=&#8221;{}&#8221;][et_pb_row _builder_version=&#8221;4.16&#8243; background_size=&#8221;initial&#8221; background_position=&#8221;top_left&#8221; background_repeat=&#8221;repeat&#8221; global_colors_info=&#8221;{}&#8221;][et_pb_column type=&#8221;4_4&#8243; _builder_version=&#8221;4.16&#8243; custom_padding=&#8221;|||&#8221; global_colors_info=&#8221;{}&#8221; custom_padding__hover=&#8221;|||&#8221;][et_pb_text _builder_version=&#8221;4.16&#8243; background_size=&#8221;initial&#8221; background_position=&#8221;top_left&#8221; background_repeat=&#8221;repeat&#8221; global_colors_info=&#8221;{}&#8221;]Den ok\u00e4nda f\u00f6rlisningen i Tr\u00e4sl\u00f6vsl\u00e4ges hamn<\/p>\n<p>G\u00f6ran Nordblad, Henrik Karlsson<br \/>\n[\/et_pb_text][et_pb_image src=&#8221;https:\/\/marinkamraterna.se\/varberg\/wp-content\/uploads\/sites\/20\/2022\/06\/Vbg-22-05-19-03.jpg&#8221; title_text=&#8221;Vbg 22 05 19 03&#8243; _builder_version=&#8221;4.17.4&#8243; _module_preset=&#8221;default&#8221; global_colors_info=&#8221;{}&#8221;][\/et_pb_image][et_pb_image src=&#8221;https:\/\/marinkamraterna.se\/varberg\/wp-content\/uploads\/sites\/20\/2022\/06\/Vbg-22-05-19-02.jpg&#8221; title_text=&#8221;Vbg 22 05 19 02&#8243; _builder_version=&#8221;4.17.4&#8243; _module_preset=&#8221;default&#8221; global_colors_info=&#8221;{}&#8221;][\/et_pb_image][et_pb_image src=&#8221;https:\/\/marinkamraterna.se\/varberg\/wp-content\/uploads\/sites\/20\/2022\/06\/Vbg-22-05-19-03.jpg&#8221; title_text=&#8221;Vbg 22 05 19 03&#8243; _builder_version=&#8221;4.17.4&#8243; _module_preset=&#8221;default&#8221; global_colors_info=&#8221;{}&#8221;][\/et_pb_image][et_pb_image src=&#8221;https:\/\/marinkamraterna.se\/varberg\/wp-content\/uploads\/sites\/20\/2022\/06\/Vbg-22-04-28-Mail1.jpg&#8221; title_text=&#8221;Vbg 22 04 28 Mail1&#8243; _builder_version=&#8221;4.17.4&#8243; _module_preset=&#8221;default&#8221; global_colors_info=&#8221;{}&#8221;][\/et_pb_image][\/et_pb_column][\/et_pb_row][\/et_pb_section]<\/p>\n","protected":false},"excerpt":{"rendered":"<p>Den ok\u00e4nda f\u00f6rlisningen i Tr\u00e4sl\u00f6vsl\u00e4ges hamn G\u00f6ran Nordblad, Henrik Karlsson<\/p>\n","protected":false},"author":17,"featured_media":0,"parent":33357,"menu_order":1,"comment_status":"closed","ping_status":"closed","template":"","meta":{"_et_pb_use_builder":"on","_et_pb_old_content":"<p>Den ok\u00e4nda f\u00f6rlisningen i Tr\u00e4sl\u00f6vsl\u00e4ges hamn<\/p><p>G\u00f6ran Nordblad, Henrik Karlsson<\/p>","_et_gb_content_width":"","iawp_total_views":83,"footnotes":""},"class_list":["post-37145","page","type-page","status-publish","hentry"],"_links":{"self":[{"href":"https:\/\/marinkamraterna.se\/varberg\/wp-json\/wp\/v2\/pages\/37145","targetHints":{"allow":["GET"]}}],"collection":[{"href":"https:\/\/marinkamraterna.se\/varberg\/wp-json\/wp\/v2\/pages"}],"about":[{"href":"https:\/\/marinkamraterna.se\/varberg\/wp-json\/wp\/v2\/types\/page"}],"author":[{"embeddable":true,"href":"https:\/\/marinkamraterna.se\/varberg\/wp-json\/wp\/v2\/users\/17"}],"replies":[{"embeddable":true,"href":"https:\/\/marinkamraterna.se\/varberg\/wp-json\/wp\/v2\/comments?post=37145"}],"version-history":[{"count":7,"href":"https:\/\/marinkamraterna.se\/varberg\/wp-json\/wp\/v2\/pages\/37145\/revisions"}],"predecessor-version":[{"id":37982,"href":"https:\/\/marinkamraterna.se\/varberg\/wp-json\/wp\/v2\/pages\/37145\/revisions\/37982"}],"up":[{"embeddable":true,"href":"https:\/\/marinkamraterna.se\/varberg\/wp-json\/wp\/v2\/pages\/33357"}],"wp:attachment":[{"href":"https:\/\/marinkamraterna.se\/varberg\/wp-json\/wp\/v2\/media?parent=37145"}],"curies":[{"name":"wp","href":"https:\/\/api.w.org\/{rel}","templated":true}]}}