{"id":33152,"date":"2020-12-10T17:41:01","date_gmt":"2020-12-10T16:41:01","guid":{"rendered":"https:\/\/wwps.se\/?page_id=33152"},"modified":"2025-12-04T19:59:15","modified_gmt":"2025-12-04T18:59:15","slug":"om-foreningen","status":"publish","type":"page","link":"https:\/\/marinkamraterna.se\/vasteras\/startsidan\/om-foreningen\/","title":{"rendered":"Fakta om f\u00f6reningen"},"content":{"rendered":"<p>[et_pb_section fb_built=&#8221;1&#8243; specialty=&#8221;on&#8221; padding_top_1=&#8221;0px&#8221; padding_top_2=&#8221;0px&#8221; padding_top_bottom_link_1=&#8221;false&#8221; padding_top_bottom_link_2=&#8221;false&#8221; padding_left_right_link_1=&#8221;false&#8221; padding_left_right_link_2=&#8221;false&#8221; _builder_version=&#8221;4.16&#8243; _module_preset=&#8221;default&#8221; custom_margin=&#8221;||||false|false&#8221; custom_padding=&#8221;||||false|false&#8221; locked=&#8221;off&#8221; global_colors_info=&#8221;{}&#8221;][et_pb_column type=&#8221;3_4&#8243; specialty_columns=&#8221;3&#8243; _builder_version=&#8221;4.16&#8243; custom_padding=&#8221;|||&#8221; global_colors_info=&#8221;{}&#8221; custom_padding__hover=&#8221;|||&#8221;][et_pb_row_inner _builder_version=&#8221;4.16&#8243; _module_preset=&#8221;default&#8221; custom_padding=&#8221;0px||||false|false&#8221; global_colors_info=&#8221;{}&#8221;][et_pb_column_inner saved_specialty_column_type=&#8221;3_4&#8243; _builder_version=&#8221;4.16&#8243; _module_preset=&#8221;default&#8221; global_colors_info=&#8221;{}&#8221;][et_pb_post_title meta=&#8221;off&#8221; featured_image=&#8221;off&#8221; _builder_version=&#8221;4.16&#8243; _module_preset=&#8221;default&#8221; title_font_size=&#8221;35px&#8221; global_colors_info=&#8221;{}&#8221;][\/et_pb_post_title][et_pb_text _builder_version=&#8221;4.27.4&#8243; _module_preset=&#8221;default&#8221; global_colors_info=&#8221;{}&#8221;]<\/p>\n<p><strong>F\u00f6reningen Marinkamraterna V\u00e4ster\u00e5s i vardagligt tal Marinkamraterna \u00e4r en av flera lokalavdelningar i Sverige. F\u00f6reningen \u00e4r ansluten till Riksf\u00f6rbundet.<\/strong><\/p>\n<p><strong>Visionen <\/strong><br \/><strong>\u201dDet naturliga valet f\u00f6r bevarande av Marinens och Svenska F\u00f6rsvarets intressen <\/strong><br \/><strong>och traditioner\u201d<\/strong><\/p>\n<p><strong> <\/strong><br \/><strong>\u00c4ndam\u00e5l <\/strong><br \/><strong>\u2022 Att verka f\u00f6r gemenskap och sammanh\u00e5llning inom lokalf\u00f6reningen Flottans M\u00e4n V\u00e4ster\u00e5s <\/strong><br \/><strong>\u2022 Att fr\u00e4mja kamratskapet mellan de som tj\u00e4nstg\u00f6r har tj\u00e4nstgjort eller gjort sin v\u00e4rnplikt inom <\/strong><br \/><strong>flottan och svensk f\u00f6rsvarsmakt. <\/strong><br \/><strong>\u2022 Att genom samh\u00e4llskontakter sprida k\u00e4nnedom om svenskt f\u00f6rsvar och Flottan\/Marinen. <\/strong><br \/><strong>\u2022 Att sprida Flottans\/Marinens och F\u00f6rsvarsmaktens uppgifter, verksamhet och utveckling <\/strong><br \/><strong>inom ramen f\u00f6r totalf\u00f6rsvaret. <\/strong><br \/><strong>\u2022 Att v\u00e5rda \u00d6rlogs- och Flottans\/Marinens traditioner. <\/strong><br \/><strong>\u2022 Att genom sin f\u00f6rsvarsfr\u00e4mjande verksamhet och \u00f6ppenhet ocks\u00e5 betr\u00e4ffande medlemskap <\/strong><br \/><strong>vara en ideell f\u00f6rening med allm\u00e4nnyttigt \u00e4ndam\u00e5l f\u00f6r svenskt f\u00f6rsvar. <\/strong><br \/><strong>\u2022 Att vara religi\u00f6st och partipolitiskt obunden. <\/strong><\/p>\n<p>&nbsp;<\/p>\n<p>Marinkamraterna \u00e4r f\u00f6reningen f\u00f6r alla som har intresse f\u00f6r marinen och vill vara med i kamratskapet. Marinkamraterna v\u00e4rnar om det goda kamratskapet mellan oss som tidigare har tj\u00e4nstgjort i Marinen och om den gemenskap som finns mellan oss och dem som nu tj\u00e4nstg\u00f6r. Vi bidrar till att h\u00e5lla Marinens traditioner levande och till att sprida information om Marinen och dess verksamhet. Vi tr\u00e4ffas kring v\u00e5rt gemensamma intresse och har trevligt tillsammans. F\u00f6reningen bildades 1935 och har idag ca 3 000 medlemmar f\u00f6rdelade p\u00e5 25 lokalf\u00f6reningar.<\/p>\n<p><span class=\"farg1\">Marinkamraternas lokalf\u00f6rening i V\u00e4ster\u00e5s bildades i november 1938 vid ett sammantr\u00e4de p\u00e5 Anderssons konditori p\u00e5 K\u00f6pmangatan i V\u00e4ster\u00e5s. F\u00f6reningen har s\u00e5ledes funnits i 87 \u00e5r, och vi har idag mer \u00e4n 80 medlemmar. <\/span><span class=\"farg1\">Vi tr\u00e4ffas i &#8221;Marinlokalen&#8221; varannan helgfri onsdag j\u00e4mn vecka kl 18.00 \u00f6ver en kopp kaffe, dryftar svunna tider, ser p\u00e5 filmer och lyssnar p\u00e5 intressanta f\u00f6redrag.<\/span><\/p>\n<p>[\/et_pb_text][\/et_pb_column_inner][\/et_pb_row_inner][et_pb_row_inner column_structure=&#8221;1_3,1_3,1_3&#8243; _builder_version=&#8221;4.16&#8243; _module_preset=&#8221;default&#8221; custom_padding=&#8221;0px||||false|false&#8221; global_colors_info=&#8221;{}&#8221;][et_pb_column_inner type=&#8221;1_3&#8243; saved_specialty_column_type=&#8221;3_4&#8243; _builder_version=&#8221;4.16&#8243; _module_preset=&#8221;default&#8221; global_colors_info=&#8221;{}&#8221;][et_pb_image src=&#8221;https:\/\/marinkamraterna.se\/vasteras\/wp-content\/uploads\/sites\/14\/2022\/01\/Batmodell-pa-Sjohistoriska.jpg&#8221; alt=&#8221;FM V-\u00e5s resa till K-krona 16-21 aug 2021&#8243; title_text=&#8221;B\u00e5tmodell P\u00e5 Sj\u00f6historiska&#8221; _builder_version=&#8221;4.16&#8243; _module_preset=&#8221;default&#8221; global_colors_info=&#8221;{}&#8221;][\/et_pb_image][\/et_pb_column_inner][et_pb_column_inner type=&#8221;1_3&#8243; saved_specialty_column_type=&#8221;3_4&#8243; _builder_version=&#8221;4.16&#8243; _module_preset=&#8221;default&#8221; global_colors_info=&#8221;{}&#8221;][et_pb_image src=&#8221;https:\/\/marinkamraterna.se\/vasteras\/wp-content\/uploads\/sites\/14\/2022\/01\/Orlogsflagg.jpg&#8221; alt=&#8221;ship helm&#8221; title_text=&#8221;\u00d6rlogsflagg&#8221; _builder_version=&#8221;4.16&#8243; _module_preset=&#8221;default&#8221; global_colors_info=&#8221;{}&#8221;][\/et_pb_image][\/et_pb_column_inner][et_pb_column_inner type=&#8221;1_3&#8243; saved_specialty_column_type=&#8221;3_4&#8243; _builder_version=&#8221;4.16&#8243; _module_preset=&#8221;default&#8221; global_colors_info=&#8221;{}&#8221;][et_pb_image src=&#8221;https:\/\/marinkamraterna.se\/vasteras\/wp-content\/uploads\/sites\/14\/2022\/01\/HMS-Halland-vid-Bergapiren.jpg&#8221; alt=&#8221;black and white sailboat in body of water during sunset&#8221; title_text=&#8221;HMS Halland Vid Bergapiren&#8221; _builder_version=&#8221;4.16&#8243; _module_preset=&#8221;default&#8221; global_colors_info=&#8221;{}&#8221;][\/et_pb_image][\/et_pb_column_inner][\/et_pb_row_inner][\/et_pb_column][et_pb_column type=&#8221;1_4&#8243; _builder_version=&#8221;4.16&#8243; custom_padding=&#8221;|||&#8221; global_colors_info=&#8221;{}&#8221; custom_padding__hover=&#8221;|||&#8221;][et_pb_image src=&#8221;http:\/\/marinkamraterna.se\/vasteras\/wp-content\/uploads\/sites\/3\/2021\/06\/Kan-FM-Logotype.jpg&#8221; alt=&#8221;FM logo&#8221; title_text=&#8221;Kan FM Logotype&#8221; align=&#8221;center&#8221; _builder_version=&#8221;4.16&#8243; _module_preset=&#8221;default&#8221; global_colors_info=&#8221;{}&#8221;][\/et_pb_image][et_pb_sidebar orientation=&#8221;right&#8221; area=&#8221;et_pb_widget_area_5&#8243; module_class=&#8221;right-menues&#8221; _builder_version=&#8221;4.9.11&#8243; _module_preset=&#8221;default&#8221; custom_margin=&#8221;||0px||false|false&#8221; global_module=&#8221;35107&#8243; saved_tabs=&#8221;all&#8221; locked=&#8221;on&#8221; global_colors_info=&#8221;{}&#8221;][\/et_pb_sidebar][et_pb_sidebar orientation=&#8221;right&#8221; _builder_version=&#8221;4.9.4&#8243; _module_preset=&#8221;default&#8221; header_font=&#8221;|600||on|||||&#8221; header_font_size=&#8221;20px&#8221; global_module=&#8221;33531&#8243; saved_tabs=&#8221;all&#8221; locked=&#8221;off&#8221; global_colors_info=&#8221;{}&#8221;][\/et_pb_sidebar][\/et_pb_column][\/et_pb_section]<\/p>\n","protected":false},"excerpt":{"rendered":"<p>F\u00f6reningen Marinkamraterna V\u00e4ster\u00e5s i vardagligt tal Marinkamraterna \u00e4r en av flera lokalavdelningar i Sverige. F\u00f6reningen \u00e4r ansluten till Riksf\u00f6rbundet. Visionen \u201dDet naturliga valet f\u00f6r bevarande av Marinens och Svenska F\u00f6rsvarets intressen och traditioner\u201d \u00c4ndam\u00e5l \u2022 Att verka f\u00f6r gemenskap och sammanh\u00e5llning inom lokalf\u00f6reningen Flottans M\u00e4n V\u00e4ster\u00e5s \u2022 Att fr\u00e4mja kamratskapet mellan de som tj\u00e4nstg\u00f6r har [&hellip;]<\/p>\n","protected":false},"author":1,"featured_media":0,"parent":23,"menu_order":1,"comment_status":"closed","ping_status":"closed","template":"","meta":{"_et_pb_use_builder":"on","_et_pb_old_content":"","_et_gb_content_width":"","iawp_total_views":283,"footnotes":""},"class_list":["post-33152","page","type-page","status-publish","hentry"],"_links":{"self":[{"href":"https:\/\/marinkamraterna.se\/vasteras\/wp-json\/wp\/v2\/pages\/33152","targetHints":{"allow":["GET"]}}],"collection":[{"href":"https:\/\/marinkamraterna.se\/vasteras\/wp-json\/wp\/v2\/pages"}],"about":[{"href":"https:\/\/marinkamraterna.se\/vasteras\/wp-json\/wp\/v2\/types\/page"}],"author":[{"embeddable":true,"href":"https:\/\/marinkamraterna.se\/vasteras\/wp-json\/wp\/v2\/users\/1"}],"replies":[{"embeddable":true,"href":"https:\/\/marinkamraterna.se\/vasteras\/wp-json\/wp\/v2\/comments?post=33152"}],"version-history":[{"count":17,"href":"https:\/\/marinkamraterna.se\/vasteras\/wp-json\/wp\/v2\/pages\/33152\/revisions"}],"predecessor-version":[{"id":42033,"href":"https:\/\/marinkamraterna.se\/vasteras\/wp-json\/wp\/v2\/pages\/33152\/revisions\/42033"}],"up":[{"embeddable":true,"href":"https:\/\/marinkamraterna.se\/vasteras\/wp-json\/wp\/v2\/pages\/23"}],"wp:attachment":[{"href":"https:\/\/marinkamraterna.se\/vasteras\/wp-json\/wp\/v2\/media?parent=33152"}],"curies":[{"name":"wp","href":"https:\/\/api.w.org\/{rel}","templated":true}]}}