{"id":33163,"date":"2020-12-10T17:44:33","date_gmt":"2020-12-10T16:44:33","guid":{"rendered":"https:\/\/wwps.se\/?page_id=33163"},"modified":"2021-05-31T17:46:13","modified_gmt":"2021-05-31T15:46:13","slug":"webbkarta","status":"publish","type":"page","link":"https:\/\/marinkamraterna.se\/vasteras\/webbkarta\/","title":{"rendered":"Webbkarta"},"content":{"rendered":"<p>[et_pb_section fb_built=&#8221;1&#8243; specialty=&#8221;on&#8221; _builder_version=&#8221;4.9.4&#8243; _module_preset=&#8221;default&#8221; custom_padding=&#8221;||||false|false&#8221; hover_enabled=&#8221;0&#8243; locked=&#8221;off&#8221; sticky_enabled=&#8221;0&#8243; custom_margin=&#8221;||||false|false&#8221; padding_top_2=&#8221;0px&#8221; padding_top_bottom_link_2=&#8221;false&#8221; padding_left_right_link_2=&#8221;false&#8221; padding_top_1=&#8221;0px&#8221; padding_top_bottom_link_1=&#8221;false&#8221; padding_left_right_link_1=&#8221;false&#8221;][et_pb_column type=&#8221;3_4&#8243; specialty_columns=&#8221;3&#8243; _builder_version=&#8221;3.25&#8243; custom_padding=&#8221;|||&#8221; custom_padding__hover=&#8221;|||&#8221;][et_pb_row_inner _builder_version=&#8221;4.9.4&#8243; _module_preset=&#8221;default&#8221; hover_enabled=&#8221;0&#8243; custom_padding=&#8221;0px||||false|false&#8221; sticky_enabled=&#8221;0&#8243;][et_pb_column_inner saved_specialty_column_type=&#8221;3_4&#8243; _builder_version=&#8221;4.9.3&#8243; _module_preset=&#8221;default&#8221; hover_enabled=&#8221;0&#8243; sticky_enabled=&#8221;0&#8243;][et_pb_post_title meta=&#8221;off&#8221; featured_image=&#8221;off&#8221; _builder_version=&#8221;4.9.4&#8243; _module_preset=&#8221;default&#8221; title_font_size=&#8221;35px&#8221; hover_enabled=&#8221;0&#8243; custom_padding=&#8221;||||false|false&#8221; custom_margin=&#8221;||0px||false|false&#8221; sticky_enabled=&#8221;0&#8243;][\/et_pb_post_title][et_pb_text _builder_version=&#8221;4.7.4&#8243; _module_preset=&#8221;default&#8221;]<\/p>\n<p><span><div class=\"wsp-container\"><h2 class=\"wsp-pages-title\">Sidor<\/h2>\n<ul class=\"wsp-pages-list\">\n<li class=\"page_item page-item-39979\"><a href=\"https:\/\/marinkamraterna.se\/vasteras\/medlemsavgiften\/\">Medlemsavgiften<\/a><\/li>\n<li class=\"page_item page-item-36201\"><a href=\"https:\/\/marinkamraterna.se\/vasteras\/program-pdf\/\">Program.PDF<\/a><\/li>\n<li class=\"page_item page-item-23 page_item_has_children\"><a href=\"https:\/\/marinkamraterna.se\/vasteras\/\">Startsidan<\/a>\n<ul class='children'>\n\t<li class=\"page_item page-item-33152 page_item_has_children\"><a href=\"https:\/\/marinkamraterna.se\/vasteras\/startsidan\/om-foreningen\/\">Fakta om f\u00f6reningen<\/a>\n\t<ul class='children'>\n\t\t<li class=\"page_item page-item-35509\"><a href=\"https:\/\/marinkamraterna.se\/vasteras\/startsidan\/om-foreningen\/medlemssida\/\">Medlemssida<\/a><\/li>\n\t\t<li class=\"page_item page-item-42040\"><a href=\"https:\/\/marinkamraterna.se\/vasteras\/startsidan\/om-foreningen\/om-oss\/\">Om oss<\/a><\/li>\n\t\t<li class=\"page_item page-item-35665\"><a href=\"https:\/\/marinkamraterna.se\/vasteras\/startsidan\/om-foreningen\/styrelsen\/\">Styrelsen<\/a><\/li>\n\t\t<li class=\"page_item page-item-41587\"><a href=\"https:\/\/marinkamraterna.se\/vasteras\/startsidan\/om-foreningen\/styrelsesida-sidan-ar-losenordsskyddad\/\">Styrelsesida, kontakta admin f\u00f6r l\u00f6senord<\/a><\/li>\n\t\t<li class=\"page_item page-item-33990\"><a href=\"https:\/\/marinkamraterna.se\/vasteras\/startsidan\/om-foreningen\/stadgar\/\">Stadgar<\/a><\/li>\n\t\t<li class=\"page_item page-item-33992\"><a href=\"https:\/\/marinkamraterna.se\/vasteras\/startsidan\/om-foreningen\/verksamhetsberattelse\/\">Verksamhetsber\u00e4ttelse<\/a><\/li>\n\t<\/ul>\n<\/li>\n<\/ul>\n<\/li>\n<li class=\"page_item page-item-35688 page_item_has_children\"><a href=\"https:\/\/marinkamraterna.se\/vasteras\/bilder\/\">Bilder<\/a>\n<ul class='children'>\n\t<li class=\"page_item page-item-40684\"><a href=\"https:\/\/marinkamraterna.se\/vasteras\/bilder\/battur-med-hms-jagaren-3-juni-2023-galo-till-landsort\/\">B\u00e5ttur med HMS J\u00e4garen 3 juni 2023 G\u00e5l\u00f6 till Landsort<\/a><\/li>\n\t<li class=\"page_item page-item-40713\"><a href=\"https:\/\/marinkamraterna.se\/vasteras\/bilder\/femkampen-2021-i-norrtalje\/\">Femkampen 2021 i Norrt\u00e4lje<\/a><\/li>\n\t<li class=\"page_item page-item-40497\"><a href=\"https:\/\/marinkamraterna.se\/vasteras\/bilder\/femkampen-i-vasteras-2022\/\">Femkampen i V\u00e4ster\u00e5s 2022<\/a><\/li>\n\t<li class=\"page_item page-item-37044\"><a href=\"https:\/\/marinkamraterna.se\/vasteras\/bilder\/flaggparad-midsommar-2019\/\">Flaggparad midsommar 2019<\/a><\/li>\n\t<li class=\"page_item page-item-40723\"><a href=\"https:\/\/marinkamraterna.se\/vasteras\/bilder\/galleribilder\/\">Galleribilder<\/a><\/li>\n\t<li class=\"page_item page-item-40698\"><a href=\"https:\/\/marinkamraterna.se\/vasteras\/bilder\/jagaren-besoker-vasteras-2021\/\">J\u00e4garen bes\u00f6ker V\u00e4ster\u00e5s 2021<\/a><\/li>\n\t<li class=\"page_item page-item-35531 page_item_has_children\"><a href=\"https:\/\/marinkamraterna.se\/vasteras\/bilder\/marinlokalen\/\">Marinlokalen<\/a>\n\t<ul class='children'>\n\t\t<li class=\"page_item page-item-40906\"><a href=\"https:\/\/marinkamraterna.se\/vasteras\/bilder\/marinlokalen\/kommod\/\">Kommod<\/a><\/li>\n\t<\/ul>\n<\/li>\n\t<li class=\"page_item page-item-42149\"><a href=\"https:\/\/marinkamraterna.se\/vasteras\/bilder\/medlemsafton-2025-11-26\/\">Medlemsafton 2025-11-26<\/a><\/li>\n\t<li class=\"page_item page-item-40805\"><a href=\"https:\/\/marinkamraterna.se\/vasteras\/bilder\/sjotur-med-spica-2022\/\">Sj\u00f6tur med Spica 2022<\/a><\/li>\n\t<li class=\"page_item page-item-40560\"><a href=\"https:\/\/marinkamraterna.se\/vasteras\/bilder\/sveriges-nationaldag-2023\/\">Sveriges nationaldag 2023<\/a><\/li>\n\t<li class=\"page_item page-item-36429\"><a href=\"https:\/\/marinkamraterna.se\/vasteras\/bilder\/tidningsurklipp\/\">Tidningsurklipp<\/a><\/li>\n\t<li class=\"page_item page-item-36615\"><a href=\"https:\/\/marinkamraterna.se\/vasteras\/bilder\/vasterasbesok-av-hms-jagaren-v150\/\">V\u00e4ster\u00e5sbes\u00f6k av HMS J\u00e4garen (V150)<\/a><\/li>\n<\/ul>\n<\/li>\n<li class=\"page_item page-item-33353\"><a href=\"https:\/\/marinkamraterna.se\/vasteras\/program\/\">Program<\/a><\/li>\n<li class=\"page_item page-item-33146\"><a href=\"https:\/\/marinkamraterna.se\/vasteras\/bli-medlem\/\">Bli medlem<\/a><\/li>\n<li class=\"page_item page-item-33510\"><a href=\"https:\/\/marinkamraterna.se\/vasteras\/kontakt\/\">Kontakt<\/a><\/li>\n<li class=\"page_item page-item-33161\"><a href=\"https:\/\/marinkamraterna.se\/vasteras\/integritetspolicy\/\">Integritetspolicy<\/a><\/li>\n<li class=\"page_item page-item-33380\"><a href=\"https:\/\/marinkamraterna.se\/vasteras\/kalendarium\/\">Kalendarium<\/a><\/li>\n<li class=\"page_item page-item-33163\"><a href=\"https:\/\/marinkamraterna.se\/vasteras\/webbkarta\/\">Webbkarta<\/a><\/li>\n<\/ul>\n<\/div><\/span><\/p>\n<p>[\/et_pb_text][\/et_pb_column_inner][\/et_pb_row_inner][\/et_pb_column][et_pb_column type=&#8221;1_4&#8243; _builder_version=&#8221;3.25&#8243; custom_padding=&#8221;|||&#8221; custom_padding__hover=&#8221;|||&#8221;][et_pb_sidebar _builder_version=&#8221;4.9.4&#8243; _module_preset=&#8221;default&#8221; hover_enabled=&#8221;0&#8243; orientation=&#8221;right&#8221; sticky_enabled=&#8221;0&#8243; header_font_size=&#8221;20px&#8221; header_font=&#8221;|600||on|||||&#8221; global_module=&#8221;33531&#8243; saved_tabs=&#8221;all&#8221; locked=&#8221;on&#8221;][\/et_pb_sidebar][\/et_pb_column][\/et_pb_section]<\/p>\n","protected":false},"excerpt":{"rendered":"<div class=\"wsp-container\">\n<h2 class=\"wsp-pages-title\">Sidor<\/h2>\n<ul class=\"wsp-pages-list\">\n<li class=\"page_item page-item-39979\"><a href=\"https:\/\/marinkamraterna.se\/vasteras\/medlemsavgiften\/\">Medlemsavgiften<\/a><\/li>\n<li class=\"page_item page-item-36201\"><a href=\"https:\/\/marinkamraterna.se\/vasteras\/program-pdf\/\">Program.PDF<\/a><\/li>\n<li class=\"page_item page-item-23 page_item_has_children\"><a href=\"https:\/\/marinkamraterna.se\/vasteras\/\">Startsidan<\/a>\n<ul class='children'>\n<li class=\"page_item page-item-33152 page_item_has_children\"><a href=\"https:\/\/marinkamraterna.se\/vasteras\/startsidan\/om-foreningen\/\">Fakta om f\u00f6reningen<\/a>\n<ul class='children'>\n<li class=\"page_item page-item-35509\"><a href=\"https:\/\/marinkamraterna.se\/vasteras\/startsidan\/om-foreningen\/medlemssida\/\">Medlemssida<\/a><\/li>\n<li class=\"page_item page-item-42040\"><a href=\"https:\/\/marinkamraterna.se\/vasteras\/startsidan\/om-foreningen\/om-oss\/\">Om oss<\/a><\/li>\n<li class=\"page_item page-item-35665\"><a href=\"https:\/\/marinkamraterna.se\/vasteras\/startsidan\/om-foreningen\/styrelsen\/\">Styrelsen<\/a><\/li>\n<li class=\"page_item page-item-41587\"><a href=\"https:\/\/marinkamraterna.se\/vasteras\/startsidan\/om-foreningen\/styrelsesida-sidan-ar-losenordsskyddad\/\">Styrelsesida, kontakta admin f\u00f6r l\u00f6senord<\/a><\/li>\n<li class=\"page_item page-item-33990\"><a href=\"https:\/\/marinkamraterna.se\/vasteras\/startsidan\/om-foreningen\/stadgar\/\">Stadgar<\/a><\/li>\n<li class=\"page_item page-item-33992\"><a href=\"https:\/\/marinkamraterna.se\/vasteras\/startsidan\/om-foreningen\/verksamhetsberattelse\/\">Verksamhetsber\u00e4ttelse<\/a><\/li>\n<\/ul>\n<\/li>\n<\/ul>\n<\/li>\n<li class=\"page_item page-item-35688 page_item_has_children\"><a href=\"https:\/\/marinkamraterna.se\/vasteras\/bilder\/\">Bilder<\/a>\n<ul class='children'>\n<li class=\"page_item page-item-40684\"><a href=\"https:\/\/marinkamraterna.se\/vasteras\/bilder\/battur-med-hms-jagaren-3-juni-2023-galo-till-landsort\/\">B\u00e5ttur med HMS J\u00e4garen 3 juni 2023 G\u00e5l\u00f6 till Landsort<\/a><\/li>\n<li class=\"page_item page-item-40713\"><a href=\"https:\/\/marinkamraterna.se\/vasteras\/bilder\/femkampen-2021-i-norrtalje\/\">Femkampen 2021 i Norrt\u00e4lje<\/a><\/li>\n<li class=\"page_item page-item-40497\"><a href=\"https:\/\/marinkamraterna.se\/vasteras\/bilder\/femkampen-i-vasteras-2022\/\">Femkampen i V\u00e4ster\u00e5s 2022<\/a><\/li>\n<li class=\"page_item page-item-37044\"><a href=\"https:\/\/marinkamraterna.se\/vasteras\/bilder\/flaggparad-midsommar-2019\/\">Flaggparad midsommar 2019<\/a><\/li>\n<li class=\"page_item page-item-40723\"><a href=\"https:\/\/marinkamraterna.se\/vasteras\/bilder\/galleribilder\/\">Galleribilder<\/a><\/li>\n<li class=\"page_item page-item-40698\"><a href=\"https:\/\/marinkamraterna.se\/vasteras\/bilder\/jagaren-besoker-vasteras-2021\/\">J\u00e4garen bes\u00f6ker V\u00e4ster\u00e5s 2021<\/a><\/li>\n<li class=\"page_item page-item-35531 page_item_has_children\"><a href=\"https:\/\/marinkamraterna.se\/vasteras\/bilder\/marinlokalen\/\">Marinlokalen<\/a>\n<ul class='children'>\n<li class=\"page_item page-item-40906\"><a href=\"https:\/\/marinkamraterna.se\/vasteras\/bilder\/marinlokalen\/kommod\/\">Kommod<\/a><\/li>\n<\/ul>\n<\/li>\n<li class=\"page_item page-item-42149\"><a href=\"https:\/\/marinkamraterna.se\/vasteras\/bilder\/medlemsafton-2025-11-26\/\">Medlemsafton 2025-11-26<\/a><\/li>\n<li class=\"page_item page-item-40805\"><a href=\"https:\/\/marinkamraterna.se\/vasteras\/bilder\/sjotur-med-spica-2022\/\">Sj\u00f6tur med Spica 2022<\/a><\/li>\n<li class=\"page_item page-item-40560\"><a href=\"https:\/\/marinkamraterna.se\/vasteras\/bilder\/sveriges-nationaldag-2023\/\">Sveriges nationaldag 2023<\/a><\/li>\n<li class=\"page_item page-item-36429\"><a href=\"https:\/\/marinkamraterna.se\/vasteras\/bilder\/tidningsurklipp\/\">Tidningsurklipp<\/a><\/li>\n<li class=\"page_item page-item-36615\"><a href=\"https:\/\/marinkamraterna.se\/vasteras\/bilder\/vasterasbesok-av-hms-jagaren-v150\/\">V\u00e4ster\u00e5sbes\u00f6k av HMS J\u00e4garen (V150)<\/a><\/li>\n<\/ul>\n<\/li>\n<li class=\"page_item page-item-33353\"><a href=\"https:\/\/marinkamraterna.se\/vasteras\/program\/\">Program<\/a><\/li>\n<li class=\"page_item page-item-33146\"><a href=\"https:\/\/marinkamraterna.se\/vasteras\/bli-medlem\/\">Bli medlem<\/a><\/li>\n<li class=\"page_item page-item-33510\"><a href=\"https:\/\/marinkamraterna.se\/vasteras\/kontakt\/\">Kontakt<\/a><\/li>\n<li class=\"page_item page-item-33161\"><a href=\"https:\/\/marinkamraterna.se\/vasteras\/integritetspolicy\/\">Integritetspolicy<\/a><\/li>\n<li class=\"page_item page-item-33380\"><a href=\"https:\/\/marinkamraterna.se\/vasteras\/kalendarium\/\">Kalendarium<\/a><\/li>\n<li class=\"page_item page-item-33163\"><a href=\"https:\/\/marinkamraterna.se\/vasteras\/webbkarta\/\">Webbkarta<\/a><\/li>\n<\/ul>\n<\/div>\n","protected":false},"author":1,"featured_media":0,"parent":0,"menu_order":24,"comment_status":"closed","ping_status":"closed","template":"","meta":{"_et_pb_use_builder":"on","_et_pb_old_content":"","_et_gb_content_width":"","iawp_total_views":72,"footnotes":""},"class_list":["post-33163","page","type-page","status-publish","hentry"],"_links":{"self":[{"href":"https:\/\/marinkamraterna.se\/vasteras\/wp-json\/wp\/v2\/pages\/33163","targetHints":{"allow":["GET"]}}],"collection":[{"href":"https:\/\/marinkamraterna.se\/vasteras\/wp-json\/wp\/v2\/pages"}],"about":[{"href":"https:\/\/marinkamraterna.se\/vasteras\/wp-json\/wp\/v2\/types\/page"}],"author":[{"embeddable":true,"href":"https:\/\/marinkamraterna.se\/vasteras\/wp-json\/wp\/v2\/users\/1"}],"replies":[{"embeddable":true,"href":"https:\/\/marinkamraterna.se\/vasteras\/wp-json\/wp\/v2\/comments?post=33163"}],"version-history":[{"count":4,"href":"https:\/\/marinkamraterna.se\/vasteras\/wp-json\/wp\/v2\/pages\/33163\/revisions"}],"predecessor-version":[{"id":33534,"href":"https:\/\/marinkamraterna.se\/vasteras\/wp-json\/wp\/v2\/pages\/33163\/revisions\/33534"}],"wp:attachment":[{"href":"https:\/\/marinkamraterna.se\/vasteras\/wp-json\/wp\/v2\/media?parent=33163"}],"curies":[{"name":"wp","href":"https:\/\/api.w.org\/{rel}","templated":true}]}}