{"id":33992,"date":"2021-06-04T19:14:35","date_gmt":"2021-06-04T17:14:35","guid":{"rendered":"http:\/\/andersa6.sg-host.com\/vasteras\/?page_id=33992"},"modified":"2026-02-07T19:54:31","modified_gmt":"2026-02-07T18:54:31","slug":"verksamhetsberattelse","status":"publish","type":"page","link":"https:\/\/marinkamraterna.se\/vasteras\/startsidan\/om-foreningen\/verksamhetsberattelse\/","title":{"rendered":"Verksamhetsber\u00e4ttelse"},"content":{"rendered":"<p>[et_pb_section fb_built=&#8221;1&#8243; specialty=&#8221;on&#8221; padding_top_1=&#8221;0px&#8221; padding_top_2=&#8221;0px&#8221; padding_top_bottom_link_1=&#8221;false&#8221; padding_top_bottom_link_2=&#8221;false&#8221; padding_left_right_link_1=&#8221;false&#8221; padding_left_right_link_2=&#8221;false&#8221; _builder_version=&#8221;4.16&#8243; _module_preset=&#8221;default&#8221; custom_margin=&#8221;||||false|false&#8221; custom_padding=&#8221;||||false|false&#8221; locked=&#8221;off&#8221; global_colors_info=&#8221;{}&#8221;][et_pb_column type=&#8221;3_4&#8243; specialty_columns=&#8221;3&#8243; _builder_version=&#8221;4.16&#8243; custom_padding=&#8221;|||&#8221; global_colors_info=&#8221;{}&#8221; custom_padding__hover=&#8221;|||&#8221;][et_pb_row_inner _builder_version=&#8221;4.16&#8243; _module_preset=&#8221;default&#8221; custom_padding=&#8221;0px||||false|false&#8221; global_colors_info=&#8221;{}&#8221;][et_pb_column_inner saved_specialty_column_type=&#8221;3_4&#8243; _builder_version=&#8221;4.16&#8243; _module_preset=&#8221;default&#8221; global_colors_info=&#8221;{}&#8221;][et_pb_post_title meta=&#8221;off&#8221; featured_image=&#8221;off&#8221; _builder_version=&#8221;4.16&#8243; _module_preset=&#8221;default&#8221; title_font_size=&#8221;35px&#8221; global_colors_info=&#8221;{}&#8221;][\/et_pb_post_title][et_pb_text _builder_version=&#8221;4.16&#8243; _module_preset=&#8221;default&#8221; global_colors_info=&#8221;{}&#8221;]<\/p>\n<p>Du kan ta del av f\u00f6reningens verksamhetsber\u00e4ttelser genom att klicka p\u00e5 dessa l\u00e4nkar:<\/p>\n<p>[\/et_pb_text][et_pb_text _builder_version=&#8221;4.27.5&#8243; _module_preset=&#8221;default&#8221; hover_enabled=&#8221;0&#8243; global_colors_info=&#8221;{}&#8221; link_option_url_new_window=&#8221;on&#8221; sticky_enabled=&#8221;0&#8243;]<\/p>\n<p><a href=\"https:\/\/marinkamraterna.se\/vasteras\/wp-content\/uploads\/sites\/14\/2021\/12\/ARSBERATTELSE-2019.pdf\" rel=\"attachment wp-att-36411\"><\/a><a href=\"https:\/\/marinkamraterna.se\/vasteras\/wp-content\/uploads\/sites\/14\/2026\/02\/Verksamhetsber-gallande.pdf\" rel=\"attachment wp-att-42210\">Verksamhetsber\u00e4ttelse 2025<\/a><\/p>\n<p>[\/et_pb_text][et_pb_text admin_label=&#8221;\u00c5rsber\u00e4ttelse 2024&#8243; _builder_version=&#8221;4.27.4&#8243; _module_preset=&#8221;default&#8221; link_option_url_new_window=&#8221;on&#8221; global_colors_info=&#8221;{}&#8221;]<\/p>\n<p><a href=\"https:\/\/marinkamraterna.se\/vasteras\/wp-content\/uploads\/sites\/14\/2025\/02\/Verksamhetsberattelse-2024-250127-.pdf\" rel=\"attachment wp-att-41562\">Verksamhetsber\u00e4ttelse 2024<\/a><\/p>\n<p>[\/et_pb_text][et_pb_text _builder_version=&#8221;4.24.2&#8243; _module_preset=&#8221;default&#8221; link_option_url_new_window=&#8221;on&#8221; global_colors_info=&#8221;{}&#8221;]<\/p>\n<p><a href=\"https:\/\/marinkamraterna.se\/vasteras\/wp-content\/uploads\/sites\/14\/2023\/02\/PROGRAM-for-ny-for-2023-1.pdf\" rel=\"attachment wp-att-40316\"><\/a><a href=\"https:\/\/marinkamraterna.se\/vasteras\/wp-content\/uploads\/sites\/14\/2024\/03\/Verksamhetsberattelse-sid-1.pdf\" rel=\"attachment wp-att-41230\">Verksamhetsber\u00e4ttelse 2023<\/a><a href=\"https:\/\/marinkamraterna.se\/vasteras\/wp-content\/uploads\/sites\/14\/2021\/12\/ARSBERATTELSE-2020.pdf\" rel=\"attachment wp-att-36414\"><\/a><\/p>\n<p>[\/et_pb_text][et_pb_text _builder_version=&#8221;4.16&#8243; _module_preset=&#8221;default&#8221; global_colors_info=&#8221;{}&#8221;]<\/p>\n<p><a href=\"https:\/\/marinkamraterna.se\/vasteras\/wp-content\/uploads\/sites\/14\/2022\/01\/ARSBERATTELSE-2021.pdf\" target=\"_blank\" rel=\"noopener\" title=\"https:\/\/marinkamraterna.se\/vasteras\/wp-content\/uploads\/sites\/14\/2022\/01\/ARSBERATTELSE-2021.pdf\">\u00c5RSBER\u00c4TTELSE 2021<\/a><\/p>\n<p>[\/et_pb_text][et_pb_text _builder_version=&#8221;4.16&#8243; _module_preset=&#8221;default&#8221; link_option_url_new_window=&#8221;on&#8221; global_colors_info=&#8221;{}&#8221;]<\/p>\n<p><a href=\"https:\/\/marinkamraterna.se\/vasteras\/wp-content\/uploads\/sites\/14\/2021\/12\/ARSBERATTELSE-2020.pdf\" rel=\"attachment wp-att-36414\">\u00c5RSBER\u00c4TTELSE 2020<\/a><\/p>\n<p>[\/et_pb_text][et_pb_text _builder_version=&#8221;4.16&#8243; _module_preset=&#8221;default&#8221; global_colors_info=&#8221;{}&#8221;]<\/p>\n<p><a href=\"https:\/\/marinkamraterna.se\/vasteras\/wp-content\/uploads\/sites\/14\/2021\/12\/ARSBERATTELSE-2018.pdf\" rel=\"attachment wp-att-36408\">\u00c5RSBER\u00c4TTELSE 2018<\/a><\/p>\n<p>[\/et_pb_text][et_pb_text _builder_version=&#8221;4.16&#8243; _module_preset=&#8221;default&#8221; global_colors_info=&#8221;{}&#8221;]<\/p>\n<p><a href=\"https:\/\/marinkamraterna.se\/vasteras\/wp-content\/uploads\/sites\/14\/2021\/12\/ARSBERATTELSE-2017.pdf\" rel=\"attachment wp-att-36405\">\u00c5RSBER\u00c4TTELSE 2017<\/a><\/p>\n<p>[\/et_pb_text][\/et_pb_column_inner][\/et_pb_row_inner][\/et_pb_column][et_pb_column type=&#8221;1_4&#8243; _builder_version=&#8221;4.16&#8243; custom_padding=&#8221;|||&#8221; global_colors_info=&#8221;{}&#8221; custom_padding__hover=&#8221;|||&#8221;][et_pb_image src=&#8221;http:\/\/marinkamraterna.se\/vasteras\/wp-content\/uploads\/sites\/14\/2021\/11\/nordkaparen.jpg&#8221; alt=&#8221;body of water during golden hour&#8221; title_text=&#8221;nordkaparen&#8221; _builder_version=&#8221;4.16&#8243; _module_preset=&#8221;default&#8221; custom_margin=&#8221;||10px||false|false&#8221; custom_padding=&#8221;||||false|false&#8221; global_colors_info=&#8221;{}&#8221;][\/et_pb_image][et_pb_text _builder_version=&#8221;4.16&#8243; _module_preset=&#8221;default&#8221; text_font=&#8221;||on||||||&#8221; text_font_size=&#8221;14px&#8221; global_colors_info=&#8221;{}&#8221;]<\/p>\n<p>HMS Nordkaparen p\u00e5 Maritiman i G\u00f6teborg<\/p>\n<p>[\/et_pb_text][et_pb_sidebar orientation=&#8221;right&#8221; area=&#8221;et_pb_widget_area_5&#8243; module_class=&#8221;right-menues&#8221; _builder_version=&#8221;4.9.11&#8243; _module_preset=&#8221;default&#8221; custom_margin=&#8221;||0px||false|false&#8221; global_module=&#8221;35107&#8243; saved_tabs=&#8221;all&#8221; global_colors_info=&#8221;{}&#8221;][\/et_pb_sidebar][et_pb_sidebar orientation=&#8221;right&#8221; _builder_version=&#8221;4.9.4&#8243; _module_preset=&#8221;default&#8221; header_font=&#8221;|600||on|||||&#8221; header_font_size=&#8221;20px&#8221; global_module=&#8221;33531&#8243; saved_tabs=&#8221;all&#8221; locked=&#8221;off&#8221; global_colors_info=&#8221;{}&#8221;][\/et_pb_sidebar][\/et_pb_column][\/et_pb_section]<\/p>\n","protected":false},"excerpt":{"rendered":"<p>Du kan ta del av f\u00f6reningens verksamhetsber\u00e4ttelser genom att klicka p\u00e5 dessa l\u00e4nkar:Verksamhetsber\u00e4ttelse 2025Verksamhetsber\u00e4ttelse 2024Verksamhetsber\u00e4ttelse 2023\u00c5RSBER\u00c4TTELSE 2021\u00c5RSBER\u00c4TTELSE 2020\u00c5RSBER\u00c4TTELSE 2018\u00c5RSBER\u00c4TTELSE 2017HMS Nordkaparen p\u00e5 Maritiman i G\u00f6teborg<\/p>\n","protected":false},"author":1,"featured_media":0,"parent":33152,"menu_order":5,"comment_status":"closed","ping_status":"closed","template":"","meta":{"_et_pb_use_builder":"on","_et_pb_old_content":"<p>Du kan ta del av f\u00f6reningens verksamhetsber\u00e4ttelse genom att klicka p\u00e5 dessa l\u00e4nkar:<\/p>","_et_gb_content_width":"","iawp_total_views":91,"footnotes":""},"class_list":["post-33992","page","type-page","status-publish","hentry"],"_links":{"self":[{"href":"https:\/\/marinkamraterna.se\/vasteras\/wp-json\/wp\/v2\/pages\/33992","targetHints":{"allow":["GET"]}}],"collection":[{"href":"https:\/\/marinkamraterna.se\/vasteras\/wp-json\/wp\/v2\/pages"}],"about":[{"href":"https:\/\/marinkamraterna.se\/vasteras\/wp-json\/wp\/v2\/types\/page"}],"author":[{"embeddable":true,"href":"https:\/\/marinkamraterna.se\/vasteras\/wp-json\/wp\/v2\/users\/1"}],"replies":[{"embeddable":true,"href":"https:\/\/marinkamraterna.se\/vasteras\/wp-json\/wp\/v2\/comments?post=33992"}],"version-history":[{"count":25,"href":"https:\/\/marinkamraterna.se\/vasteras\/wp-json\/wp\/v2\/pages\/33992\/revisions"}],"predecessor-version":[{"id":42212,"href":"https:\/\/marinkamraterna.se\/vasteras\/wp-json\/wp\/v2\/pages\/33992\/revisions\/42212"}],"up":[{"embeddable":true,"href":"https:\/\/marinkamraterna.se\/vasteras\/wp-json\/wp\/v2\/pages\/33152"}],"wp:attachment":[{"href":"https:\/\/marinkamraterna.se\/vasteras\/wp-json\/wp\/v2\/media?parent=33992"}],"curies":[{"name":"wp","href":"https:\/\/api.w.org\/{rel}","templated":true}]}}