{"id":35509,"date":"2021-11-21T02:32:39","date_gmt":"2021-11-21T01:32:39","guid":{"rendered":"https:\/\/andersa6.sg-host.com\/vasteras\/?page_id=35509"},"modified":"2025-02-22T18:35:08","modified_gmt":"2025-02-22T17:35:08","slug":"medlemssida","status":"publish","type":"page","link":"https:\/\/marinkamraterna.se\/vasteras\/startsidan\/om-foreningen\/medlemssida\/","title":{"rendered":"Medlemssida"},"content":{"rendered":"","protected":true},"excerpt":{"rendered":"","protected":true},"author":9,"featured_media":0,"parent":33152,"menu_order":0,"comment_status":"closed","ping_status":"closed","template":"","meta":{"_et_pb_use_builder":"on","_et_pb_old_content":"<table border=\"0\" width=\"574\" cellspacing=\"0\" cellpadding=\"0\"><tbody><tr><td width=\"87\"><strong>Efternamn<\/strong><\/td><td width=\"87\">\u00a0<\/td><td width=\"85\"><strong>F\u00f6rnamn\u00a0 \u00a0 \u00a0 \u00a0 \u00a0<\/strong><\/td><td width=\"316\"><strong>\u00a0 Marint Fartyg HMS<\/strong><\/td><td width=\"316\">\u00a0<\/td><\/tr><tr><td width=\"87\">Andersson<\/td><td width=\"87\">\u00a0<\/td><td width=\"85\">Stieg<\/td><td width=\"316\">Milit\u00e4rtj\u00e4nst i flottan: 1964-1965 + rep. \u00f6vn. Totalt 22 m\u00e5nader.\u00a0 Karlskrona \u00d6rlogsskolor\u00a0och HMS Spiggen.<\/td><td width=\"316\">\u00a0<\/td><\/tr><tr><td width=\"87\">Andersson<\/td><td width=\"87\">\u00a0<\/td><td width=\"85\">Per-Owe<\/td><td width=\"316\">Jagaren Halland J 18 1963-64<\/td><td width=\"316\">\u00a0<\/td><\/tr><tr><td>Andersson<\/td><td>\u00a0<\/td><td>Jan-Christer<\/td><td width=\"316\">Tj\u00e4nstgjort p\u00e5 torpedb\u00e5t, kaptens grad<\/td><td width=\"316\">\u00a0<\/td><\/tr><tr><td width=\"87\">Andersson<\/td><td width=\"87\">\u00a0<\/td><td width=\"85\">\u00a0Stig-\u00c5ke<\/td><td width=\"316\">Sj\u00f6krigsskolan 1952<\/td><td width=\"316\">\u00a0<\/td><\/tr><tr><td width=\"87\">Andersson<\/td><td width=\"87\">\u00a0<\/td><td width=\"85\">Mauritz<\/td><td width=\"316\">i.u<\/td><td width=\"316\">\u00a0<\/td><\/tr><tr><td width=\"87\">Arvidsson<\/td><td width=\"87\">\u00a0<\/td><td width=\"85\">Erik<\/td><td width=\"316\">Bef\u00e4lselev, Trolle nov 62, Ubj, J 21 S\u00f6dermanland 1963, J18 Halland dec 64\/aug\u00a01965, furir mars -65, repm sept 1968,\u00a0J\u00a023 H\u00e4lsingland<\/td><td width=\"316\">\u00a0<\/td><\/tr><tr><td width=\"87\">Becker<\/td><td width=\"87\">\u00a0<\/td><td width=\"85\">Lage<\/td><td width=\"316\">\u00a0Vpl maskiningenj\u00f6r, 1955 utbild maskinskola K-krona o Berga\/G V. Sj\u00f6kommendering 51 51, 2 ggr Tre Kronor,Repm F\u00e5r\u00f6sund o K-krona. Erfarenhet av jag Uppland, ub\u00e5t o torpedb\u00e5t, meng furir, f\u00e4nrik, l\u00f6jtnant (civilt arb ASEA)<\/td><td width=\"316\">\u00a0<\/td><\/tr><tr><td width=\"87\">Blomgren<\/td><td width=\"87\">\u00a0<\/td><td width=\"85\">Per<\/td><td width=\"316\">\u00a0Engagerad\u00a0i Veteranflottiljen, ordinarie bes\u00e4ttning T 121 Spica<\/td><td width=\"316\">\u00a0<\/td><\/tr><tr><td width=\"87\">Blomqvist<\/td><td width=\"87\">\u00a0<\/td><td width=\"85\">Tommy<\/td><td width=\"316\">\u00a0T 55 vpl 67\/68<\/td><td width=\"316\">\u00a0<\/td><\/tr><tr><td width=\"87\">Burell<\/td><td width=\"87\">\u00a0<\/td><td width=\"85\">Hans<\/td><td width=\"316\">\u00a0vpl mariningenj\u00f6r<\/td><td width=\"316\">\u00a0<\/td><\/tr><tr><td width=\"87\">Byquist<\/td><td width=\"87\">\u00a0<\/td><td width=\"85\">Conny<\/td><td width=\"316\">\u00a0Signalist HMS Sm\u00e5land<\/td><td width=\"316\">\u00a0<\/td><\/tr><tr><td width=\"87\">B\u00e4ckman<\/td><td width=\"87\">\u00a0<\/td><td width=\"85\">B\u00f6rje<\/td><td width=\"316\">1967 Jagaren Uppland,artillerihantverkare<\/td><td width=\"316\">\u00a0<\/td><\/tr><tr><td width=\"87\">D\u00e4umichen<\/td><td width=\"87\">\u00a0<\/td><td width=\"85\">Hartmut<\/td><td width=\"316\">Ymer, Halland, Skeppsholmen, Amiralitetet,Korpral. 1967-1968<\/td><td width=\"316\">\u00a0<\/td><\/tr><tr><td width=\"87\">Eklund<\/td><td width=\"87\">\u00a0<\/td><td width=\"85\">Jan<\/td><td width=\"316\">\u00a0i.u<\/td><td width=\"316\">\u00a0<\/td><\/tr><tr><td width=\"87\">Flinck<\/td><td width=\"87\">\u00a0<\/td><td width=\"85\">Rune<\/td><td width=\"316\">telegrafist, T 109, juli 57-dec 58 bef\u00e4lselev, rep.m april 63, telgr.\u00a0 \u00a0T 112, 1 vecka Holm\u00f6n<\/td><td width=\"316\">\u00a0<\/td><\/tr><tr><td width=\"87\">F\u00e4ger<\/td><td width=\"87\">\u00a0<\/td><td width=\"85\">Jan<\/td><td width=\"316\">vpl Lv 6 adj till \u00f6vn ledare 76\/77<\/td><td width=\"316\">\u00a0<\/td><\/tr><tr><td width=\"87\">\u00a0Grimaldi<\/td><td width=\"87\">\u00a0<\/td><td width=\"85\"><p>Antonio<\/p><p>\u00a0<\/p><\/td><td width=\"316\">\u00a0vpl kopral 1974, ubjm HMS Halland<\/td><td width=\"316\">\u00a0<\/td><\/tr><tr><td width=\"87\">Gustafsson<\/td><td width=\"87\">\u00a0<\/td><td width=\"85\">Lars<\/td><td width=\"316\">Kustartilleriet F\u00e5r\u00f6sund, tj gjort p\u00e5 landstign.b\u00e5tar (200-b\u00e5tar)<\/td><td width=\"316\">\u00a0<\/td><\/tr><tr><td width=\"87\">Gustavsson<\/td><td width=\"87\">\u00a0<\/td><td width=\"85\">Nils-Eric<\/td><td width=\"316\">\u00a0HMS \u00c4lvsnabben juni-1959\u2014juni-1960, 1984 vpl sergeant (repm\u00e5nad?)<\/td><td width=\"316\">\u00a0<\/td><\/tr><tr><td width=\"87\">Hagewald<\/td><td width=\"87\">\u00a0<\/td><td width=\"85\">Lars<\/td><td width=\"316\">\u00a0i.u<\/td><td width=\"316\">\u00a0<\/td><\/tr><tr><td width=\"87\">Hallkvist<\/td><td width=\"87\">\u00a0<\/td><td width=\"85\">Mats<\/td><td width=\"316\">\u00a0Okt 1970, bef\u00e4lselev, maskin MTB 197\/T43, KF\u00d6 1975 T48<\/td><td width=\"316\">\u00a0<\/td><\/tr><tr><td width=\"87\">Hedberg<\/td><td width=\"87\">\u00a0<\/td><td width=\"85\">Bo<\/td><td width=\"316\">\u00a0fartygsl\u00e4kare, 2ggr, totalt 1 m\u00e5nad med Falken, 2 l\u00e5ngresor HMS Karlskrona<\/td><td width=\"316\">\u00a0<\/td><\/tr><tr><td width=\"87\">Jansson<\/td><td width=\"87\">\u00a0<\/td><td width=\"85\">Johan<\/td><td width=\"316\">\u00a0i.u<\/td><td width=\"316\">\u00a0<\/td><\/tr><tr><td width=\"87\">Jansson<\/td><td width=\"87\">\u00a0<\/td><td width=\"85\">Olov<\/td><td width=\"316\">Maskinman p\u00e5 Statsisbrytaren Tor s\u00e4songen 66-67. L\u00e5ngt yrkesliv som Teknisk Chef och Superintendent p\u00e5 mestadels kemikalietankers (Stolt-Nielsen).<\/td><td width=\"316\">\u00a0<\/td><\/tr><tr><td width=\"87\">Jansson<\/td><td width=\"87\">\u00a0<\/td><td width=\"85\">Torsten<\/td><td width=\"316\">\u00a01949 motorman<\/td><td width=\"316\">\u00a0<\/td><\/tr><tr><td width=\"87\">Jonsson<\/td><td width=\"87\">\u00a0<\/td><td width=\"85\">Olof<\/td><td width=\"316\">\u00a0vpl -71, 12-14 m\u00e5n, Sparre, motorskolan, Sj\u00f6m\u00e4tningsf. Johan M\u00e5nsson, motorman<\/td><td width=\"316\">\u00a0<\/td><\/tr><tr><td width=\"87\">Jonsson<\/td><td width=\"87\">\u00a0<\/td><td width=\"85\">Per<\/td><td width=\"316\">maj\/okt 1958, minsv M 53 Tjurk\u00f6 h\u00f6jdriktare, okt 58\/jan 59 , M 57 Karls\u00f6, sept\/okt 59 MTB T 110 Arcturus h\u00f6jdrikt. okt 59\/sept 60, l\u00e5ngresa \u00c4lvsnabben,nov 59\/apr 60 (som f-asp), furir maj\/sept 60. Rep m\u00e5n sept\/okt 75 \u00c4lvsborg h\u00f6gb\u00e5tsman<\/td><td width=\"316\">\u00a0<\/td><\/tr><tr><td width=\"87\">Juthberg<\/td><td width=\"87\">\u00a0<\/td><td width=\"85\">Bengt<\/td><td width=\"316\">hundf\u00f6rare, 86\/87,stabsvakt\/spec kommando Musk\u00f6basen<\/td><td width=\"316\">\u00a0<\/td><\/tr><tr><td width=\"87\">Kivijuuri<\/td><td width=\"87\">\u00a0<\/td><td width=\"85\">Esko<\/td><td>\u00a0i u<\/td><td>\u00a0<\/td><\/tr><tr><td width=\"87\">Klintenberg<\/td><td width=\"87\">\u00a0<\/td><td width=\"85\">Patrik<\/td><td>Totalt 18 m\u00e5n, muckade som sergeant, utbildn K-krona, Berga, Musk\u00f6, maskintekniker p\u00e5 95:an, sj\u00f6m\u00e4tningsfartyget Jakob H\u00e4gg<\/td><td>\u00a0<\/td><\/tr><tr><td width=\"87\"><p>Kristensson<\/p><p>\u00a0<\/p><p>\u00a0<\/p><\/td><td width=\"87\">\u00a0<\/td><td width=\"85\"><p>Mats<\/p><p>\u00a0<\/p><\/td><td>Spica\/Virgo T 126 74\/75 tekn vpl sergeant, repm\u00e5nad 78\/79 G\u00e5l\u00f6 T110\/T111 Norrk\u00f6ping<\/td><td>\u00a0<\/td><\/tr><tr><td width=\"87\">Larsson<\/td><td width=\"87\">\u00a0<\/td><td width=\"85\">Stefan<\/td><td>Ryckte in 1984, 3 m\u00e5n vakt Berga, Vedettb\u00e5tsf\u00f6rbandet Musk\u00f6 och\u00a0 M 54 Sturk\u00f6, infrusen Visby vintern<\/td><td>\u00a0<\/td><\/tr><tr><td width=\"87\">Leuchovius<\/td><td width=\"87\">\u00a0<\/td><td width=\"85\">Magnus<\/td><td>\u00a0Jagaren Halland, J 18 Radarmatros, l\u00e5ngresa<\/td><td>\u00a0<\/td><\/tr><tr><td width=\"87\">Lindell<\/td><td width=\"87\">\u00a0<\/td><td width=\"85\">Bj\u00f6rn<\/td><td>\u00a0i u<\/td><td>\u00a0<\/td><\/tr><tr><td width=\"87\">Lindgren<\/td><td width=\"87\">\u00a0<\/td><td width=\"85\">Sven<\/td><td>\u00a0Vpl, varit aktiv i Handelsflottan<\/td><td>\u00a0<\/td><\/tr><tr><td width=\"87\">Lundin<\/td><td width=\"87\">\u00a0<\/td><td width=\"85\">Sune<\/td><td>1961, vpl kopral, Rep.m(?): 1963, vpl uo 2 gr, maskin,HMS Halland, sj\u00f6ingenj\u00f6r<\/td><td>\u00a0<\/td><\/tr><tr><td width=\"87\">Lundkvist<\/td><td width=\"87\">\u00a0<\/td><td width=\"85\">Bj\u00f6rn<\/td><td>vpl 1983\/maskin\/el\/mek T 136 V\u00e4stervik\/eng veteranfl.\u00a0 T 142 Ystad<\/td><td>\u00a0<\/td><\/tr><tr><td width=\"87\"><p>Mark<\/p><p>\u00a0<\/p><\/td><td width=\"87\">\u00a0<\/td><td width=\"85\">Anders<\/td><td>1960-61, ubef\u00e4lsutb, elektriker; 14 nov 1960--13 april 1961, J 19 Sm\u00e5land; 14 april-12 okt 1961, HMS Magne<\/td><td>\u00a0<\/td><\/tr><tr><td width=\"87\">Mj\u00f6man<\/td><td width=\"87\">\u00a0<\/td><td width=\"85\">Henrik<\/td><td>Jagaren Halland<\/td><td>\u00a0<\/td><\/tr><tr><td width=\"87\">Mossberg<\/td><td width=\"87\">\u00a0<\/td><td width=\"85\">G\u00f6ran<\/td><td>\u00a0Milit\u00e4rpolis<\/td><td>\u00a0<\/td><\/tr><tr><td width=\"87\">Nicolaides<\/td><td width=\"87\">\u00a0<\/td><td width=\"85\">Peter<\/td><td>\u00a0MTB bla T 135 V\u00e4ster\u00e5s<\/td><td>\u00a0<\/td><\/tr><tr><td width=\"87\">Nilsson<\/td><td width=\"87\">\u00a0<\/td><td width=\"85\">Lennart<\/td><td width=\"316\">Vpl mars 65-april 66, matros p\u00e5 bogserb\u00e5ten Passop (\u00e4ven brandb\u00e5t) - MS Hector, samt SS Ran, str\u00e4ng vinter 65\/66<\/td><td width=\"316\">\u00a0<\/td><\/tr><tr><td width=\"87\">Nordlander<\/td><td width=\"87\">\u00a0<\/td><td width=\"85\">Mats<\/td><td width=\"316\">1971 motorman p\u00e5 T44, 1978 Gladan, 1979 Atle, Ajax och Johan Sj\u00f6m\u00e4tare, 1980 Njord och Atle, 1981 Njord, 1983 Frej, 1984-86 Tor, 1987 Atle, 1993 Oden.<\/td><td width=\"316\">\u00a0<\/td><\/tr><tr><td>Pettersson<\/td><td>\u00a0<\/td><td>H\u00e5kan<\/td><td width=\"316\">10\/4 1972-30\/3 1973. Utbildn kock 6 veckor, grundutbildn 6 veckor, f\u00f6rfl Berga,\u00a0 Vitsgarn. Okt 1972 p\u00e5m\u00f6nstring HMS \u00c4lvsnabben M01, kock i manskap, l\u00e5ng-resa 22\/11 1972-23\/3 1973. 3 rep.m\u00f6ten -70 och -80 talen, Marinen p\u00e5 hkpdivision i H\u00e4rn\u00f6sandstrakten. (784 Pettersson)<\/td><td width=\"316\">\u00a0<\/td><\/tr><tr><td width=\"87\">Ryding<\/td><td width=\"87\">\u00a0<\/td><td width=\"85\">Lars<\/td><td width=\"316\">i u<\/td><td width=\"316\">\u00a0<\/td><\/tr><tr><td>Sj\u00f6gren<\/td><td>\u00a0<\/td><td width=\"85\">Kent<\/td><td width=\"316\">Attackdykare 50-talet, (p\u00e4rlfiskare)<\/td><td width=\"316\">\u00a0<\/td><\/tr><tr><td>Skoog<\/td><td>\u00a0<\/td><td>Jan<\/td><td width=\"316\">\u00a0Bef\u00e4lselev 1970, maskintekn gren, motor-man.Tj.gj 2 s\u00e4songer MTB, T45. Slutade i Flottan h\u00f6sten 1972. KF\u00d6 1975 p\u00e5 T48.<\/td><td width=\"316\">\u00a0<\/td><\/tr><tr><td width=\"87\">Stockselius<\/td><td width=\"87\">\u00a0<\/td><td width=\"85\">Curt<\/td><td width=\"316\">1959, vpl<\/td><td width=\"316\">\u00a0<\/td><\/tr><tr><td width=\"87\">Stoor<\/td><td width=\"87\">\u00a0<\/td><td width=\"85\">Jonny<\/td><td width=\"316\">\u00a0MTB ?<\/td><td width=\"316\">\u00a0<\/td><\/tr><tr><td width=\"87\">Str\u00f6mb\u00e4ck<\/td><td width=\"87\">\u00a0<\/td><td width=\"85\">Ulf<\/td><td width=\"316\">\u00a0Gymnasistkurs Gladan 1965, Vpl 1968\/69, Sparre, Berga, Beckh. G\u00e5l\u00f6 & T 42 Karlsk-H\u00e4rn\u00f6sand-Gotland, incidentberedskap\"<\/td><td width=\"316\">\u00a0<\/td><\/tr><tr><td width=\"87\">St\u00e5hlgren<\/td><td width=\"87\">\u00a0<\/td><td width=\"85\"><p>Thomas<\/p><p>\u00a0<\/p><\/td><td width=\"316\">vpl furir 1983\/ingen sj\u00f6komm.<\/td><td width=\"316\">\u00a0<\/td><\/tr><tr><td width=\"87\">Sundgren<\/td><td width=\"87\">\u00a0<\/td><td width=\"85\">Hans<\/td><td width=\"316\">1976-1977, Torpedb\u00e5t HMS Spica, T1211965 gymn.kurs Gladan, s \u00d6stersj\u00f6n, vpl 1968\/69, Sparre, Berga, Beckh G\u00e5l\u00f6 &\u00a0<strong>T42,\u00a0<\/strong>incidentberedsk, \u00d6stersj\u00f6n, \"k\u00f6rde om allt annat i Kustflottan\"<br \/>F\u00f6rste signalmatros, 4 rep.\u00f6vningar\u00a0 1981-1987<strong>.<\/strong><\/td><td width=\"316\">\u00a0<\/td><\/tr><tr><td width=\"87\">Sweidqvist<\/td><td width=\"87\">\u00a0<\/td><td width=\"85\">Henrik<\/td><td width=\"316\">1995-1996, 26 o 28 komp K-krona,Sj\u00f6m\u00e4taren Ran, V\u00e4nern, Minskolan Berga 8 veckor<\/td><td width=\"316\">\u00a0<\/td><\/tr><tr><td width=\"87\">Svedung<\/td><td width=\"87\">\u00a0<\/td><td width=\"85\">Dag<\/td><td>juni 61-12 okt 62 vpl, ubj utb, freg Magne, Munin, jagarna Malm\u00f6, \u00d6land<\/td><td>\u00a0<\/td><\/tr><tr><td width=\"87\">S\u00f6llvander<\/td><td width=\"87\">\u00a0<\/td><td width=\"85\">\u00c5ke<\/td><td>1961,vpl \u00f6v furir KA,<\/td><td>\u00a0<\/td><\/tr><tr><td width=\"87\">S\u00f6ndborg<\/td><td width=\"87\">\u00a0<\/td><td width=\"85\">Caj<\/td><td width=\"316\">Vpl artillerihantv 1981\/82, l\u00e5ngresa med Halland<\/td><td width=\"316\">\u00a0<\/td><\/tr><tr><td width=\"87\">Th\u00e5str\u00f6m<\/td><td width=\"87\">\u00a0<\/td><td width=\"85\">Lars-Olof \"Olle\"<\/td><td width=\"316\">vpl sept 81\/sept 82, Radarmatros, 412:e minsv.div,M 64 Hassl\u00f6, M 63 Asps\u00f6\/M 61 Styrs\u00f6, M 60 Igg\u00f6.<\/td><td width=\"316\">\u00a0<\/td><\/tr><tr><td width=\"87\">Tunhielm<\/td><td width=\"87\">\u00a0<\/td><td width=\"85\">Ove<\/td><td width=\"316\">7 jan 77-24 mars 78, radiotelegr. L\u00e5ngresa \u00c4lvsnabben 4 nov 1977-16 mars 1978<\/td><td width=\"316\">\u00a0<\/td><\/tr><tr><td width=\"87\">Wossmar<\/td><td width=\"87\">\u00a0<\/td><td width=\"85\">Anders<\/td><td width=\"316\">Vpl 1978, 28 kompaniet K-krona ,Sj\u00f6m\u00e4taren Ran, Minskolan Berga 8 veckor<\/td><\/tr><\/tbody><\/table>","_et_gb_content_width":"","iawp_total_views":338,"footnotes":""},"class_list":["post-35509","page","type-page","status-publish","post-password-required","hentry"],"_links":{"self":[{"href":"https:\/\/marinkamraterna.se\/vasteras\/wp-json\/wp\/v2\/pages\/35509","targetHints":{"allow":["GET"]}}],"collection":[{"href":"https:\/\/marinkamraterna.se\/vasteras\/wp-json\/wp\/v2\/pages"}],"about":[{"href":"https:\/\/marinkamraterna.se\/vasteras\/wp-json\/wp\/v2\/types\/page"}],"author":[{"embeddable":true,"href":"https:\/\/marinkamraterna.se\/vasteras\/wp-json\/wp\/v2\/users\/9"}],"replies":[{"embeddable":true,"href":"https:\/\/marinkamraterna.se\/vasteras\/wp-json\/wp\/v2\/comments?post=35509"}],"version-history":[{"count":14,"href":"https:\/\/marinkamraterna.se\/vasteras\/wp-json\/wp\/v2\/pages\/35509\/revisions"}],"predecessor-version":[{"id":41668,"href":"https:\/\/marinkamraterna.se\/vasteras\/wp-json\/wp\/v2\/pages\/35509\/revisions\/41668"}],"up":[{"embeddable":true,"href":"https:\/\/marinkamraterna.se\/vasteras\/wp-json\/wp\/v2\/pages\/33152"}],"wp:attachment":[{"href":"https:\/\/marinkamraterna.se\/vasteras\/wp-json\/wp\/v2\/media?parent=35509"}],"curies":[{"name":"wp","href":"https:\/\/api.w.org\/{rel}","templated":true}]}}