{"id":35665,"date":"2021-11-27T00:01:39","date_gmt":"2021-11-26T23:01:39","guid":{"rendered":"https:\/\/andersa6.sg-host.com\/vasteras\/?page_id=35665"},"modified":"2025-02-10T21:13:43","modified_gmt":"2025-02-10T20:13:43","slug":"styrelsen","status":"publish","type":"page","link":"https:\/\/marinkamraterna.se\/vasteras\/startsidan\/om-foreningen\/styrelsen\/","title":{"rendered":"Styrelsen"},"content":{"rendered":"<p>[et_pb_section fb_built=&#8221;1&#8243; specialty=&#8221;on&#8221; padding_top_1=&#8221;0px&#8221; padding_top_2=&#8221;0px&#8221; padding_top_bottom_link_1=&#8221;false&#8221; padding_top_bottom_link_2=&#8221;false&#8221; padding_left_right_link_1=&#8221;false&#8221; padding_left_right_link_2=&#8221;false&#8221; _builder_version=&#8221;4.16&#8243; _module_preset=&#8221;default&#8221; custom_margin=&#8221;||||false|false&#8221; custom_padding=&#8221;||||false|false&#8221; locked=&#8221;off&#8221; global_colors_info=&#8221;{}&#8221;][et_pb_column type=&#8221;3_4&#8243; specialty_columns=&#8221;3&#8243; _builder_version=&#8221;4.16&#8243; custom_padding=&#8221;|||&#8221; global_colors_info=&#8221;{}&#8221; custom_padding__hover=&#8221;|||&#8221;][et_pb_row_inner _builder_version=&#8221;4.16&#8243; _module_preset=&#8221;default&#8221; width=&#8221;90%&#8221; max_width=&#8221;1200px&#8221; global_colors_info=&#8221;{}&#8221;][et_pb_column_inner saved_specialty_column_type=&#8221;3_4&#8243; _builder_version=&#8221;4.16&#8243; _module_preset=&#8221;default&#8221; global_colors_info=&#8221;{}&#8221;][et_pb_post_title meta=&#8221;off&#8221; featured_image=&#8221;off&#8221; _builder_version=&#8221;4.16&#8243; _module_preset=&#8221;default&#8221; title_font_size=&#8221;35px&#8221; global_colors_info=&#8221;{}&#8221;][\/et_pb_post_title][et_pb_text _builder_version=&#8221;4.27.4&#8243; _module_preset=&#8221;default&#8221; hover_enabled=&#8221;0&#8243; global_colors_info=&#8221;{}&#8221; sticky_enabled=&#8221;0&#8243;]<\/p>\n<p><span style=\"text-decoration: underline\"><\/span><\/p>\n<p><span style=\"text-decoration: underline\">Klubbstyrelse<\/span><\/p>\n<p><strong>Ordf\u00f6rande:<\/strong> Antonio Grimaldi 070-5320240 antonio.carlo.grimaldi (at) gmail.com<\/p>\n<p><strong>Vice Ordf\u00f6rande:<\/strong> Thomas St\u00e5hlgren 073-2743134 thomas.stahlgren63 (at) gmail.com<br \/><strong>Sekreterare:<\/strong> Magnus Leuchovius 070-3320115 magnus.leu (at) gmail.com<br \/><strong>Kass\u00f6r:<\/strong> Peter Nicolaides 070-3686666 dinosnico (at) hotmail.com<\/p>\n<p><strong>Klubbm\u00e4stare:<\/strong> B\u00f6rje B\u00e4ckman 070-5109465 borje.backman (at) me.com<br \/><strong>Programansvarig:<\/strong> Mats Kristensson 070-5295009 mats_s_kristensson (at) hotmail.com<\/p>\n<p><strong>\u00d6vrig ledamot:<\/strong> Stieg Andersson 070-8908616 stieg.andersson1 (at) gmail.com<br \/><strong>\u00d6vrig ledamot:<\/strong>\u00a0 Jan Skoog 070-7810039 jan (at) skoogs.com<\/p>\n<p><strong>Ansvarig utgivare:<\/strong> Antonio Grimaldi<\/p>\n<p><span style=\"text-decoration: underline\">\u00d6vriga funktion\u00e4rer:<\/span><\/p>\n<p><strong>Musk\u00f6terikorpral:<\/strong> Magnus Leuchovius<\/p>\n<p><strong>Teknikansvarig:<\/strong> Magnus Leuchovius<\/p>\n<p><strong>Revisorer:<\/strong> Per-Owe Andersson Tommy Blomqvist<br \/><strong>Valberedning:<\/strong> Petter Nilsen, sammankallande och Mats Hallqvist.<u><\/u><\/p>\n<p>[\/et_pb_text][\/et_pb_column_inner][\/et_pb_row_inner][et_pb_row_inner column_structure=&#8221;1_3,1_3,1_3&#8243; _builder_version=&#8221;4.16&#8243; _module_preset=&#8221;default&#8221; width=&#8221;90%&#8221; max_width=&#8221;1200px&#8221; global_colors_info=&#8221;{}&#8221;][et_pb_column_inner type=&#8221;1_3&#8243; saved_specialty_column_type=&#8221;3_4&#8243; _builder_version=&#8221;4.16&#8243; _module_preset=&#8221;default&#8221; global_colors_info=&#8221;{}&#8221;][et_pb_image src=&#8221;https:\/\/marinkamraterna.se\/vasteras\/wp-content\/uploads\/sites\/14\/2024\/10\/Antonio-Grimaldi.jpg&#8221; alt=&#8221;Antonioi&#8221; title_text=&#8221;Antonio Grimaldi&#8221; _builder_version=&#8221;4.27.2&#8243; _module_preset=&#8221;default&#8221; global_colors_info=&#8221;{}&#8221;][\/et_pb_image][\/et_pb_column_inner][et_pb_column_inner type=&#8221;1_3&#8243; saved_specialty_column_type=&#8221;3_4&#8243; _builder_version=&#8221;4.16&#8243; _module_preset=&#8221;default&#8221; global_colors_info=&#8221;{}&#8221;][et_pb_image src=&#8221;https:\/\/marinkamraterna.se\/vasteras\/wp-content\/uploads\/sites\/14\/2025\/02\/20231102_133733-COLLAGE-562&#215;1000.jpg&#8221; title_text=&#8221;Magnus Leuchovius&#8221; _builder_version=&#8221;4.27.4&#8243; _module_preset=&#8221;default&#8221; global_colors_info=&#8221;{}&#8221;][\/et_pb_image][\/et_pb_column_inner][et_pb_column_inner type=&#8221;1_3&#8243; saved_specialty_column_type=&#8221;3_4&#8243; _builder_version=&#8221;4.16&#8243; _module_preset=&#8221;default&#8221; global_colors_info=&#8221;{}&#8221;][et_pb_image src=&#8221;https:\/\/marinkamraterna.se\/vasteras\/wp-content\/uploads\/sites\/14\/2021\/09\/Janne-Skoog.jpg&#8221; alt=&#8221;vice ordf\u00f6rande Jan Skoog&#8221; title_text=&#8221;Janne Skoog&#8221; _builder_version=&#8221;4.16&#8243; _module_preset=&#8221;default&#8221; global_colors_info=&#8221;{}&#8221;][\/et_pb_image][\/et_pb_column_inner][\/et_pb_row_inner][et_pb_row_inner column_structure=&#8221;1_3,1_3,1_3&#8243; _builder_version=&#8221;4.16&#8243; _module_preset=&#8221;default&#8221; width=&#8221;90%&#8221; max_width=&#8221;1200px&#8221; global_colors_info=&#8221;{}&#8221;][et_pb_column_inner type=&#8221;1_3&#8243; saved_specialty_column_type=&#8221;3_4&#8243; _builder_version=&#8221;4.16&#8243; _module_preset=&#8221;default&#8221; global_colors_info=&#8221;{}&#8221;][et_pb_image src=&#8221;https:\/\/marinkamraterna.se\/vasteras\/wp-content\/uploads\/sites\/14\/2021\/11\/Peter-redigerad.jpeg&#8221; title_text=&#8221;Peter Nicolaides&#8221; src_tablet=&#8221;http:\/\/marinkamraterna.se\/vasteras\/wp-content\/uploads\/sites\/14\/2021\/11\/P-Q-Andersson.jpg&#8221; src_phone=&#8221;http:\/\/marinkamraterna.se\/vasteras\/wp-content\/uploads\/sites\/14\/2021\/11\/P-Q-Andersson.jpg&#8221; src_last_edited=&#8221;on|desktop&#8221; _builder_version=&#8221;4.16&#8243; _module_preset=&#8221;default&#8221; global_colors_info=&#8221;{}&#8221;][\/et_pb_image][\/et_pb_column_inner][et_pb_column_inner type=&#8221;1_3&#8243; saved_specialty_column_type=&#8221;3_4&#8243; _builder_version=&#8221;4.16&#8243; _module_preset=&#8221;default&#8221; global_colors_info=&#8221;{}&#8221;][et_pb_image src=&#8221;https:\/\/marinkamraterna.se\/vasteras\/wp-content\/uploads\/sites\/14\/2022\/02\/Mats-S-Kristensson.jpg&#8221; title_text=&#8221;Mats Kristensson&#8221; _builder_version=&#8221;4.16&#8243; _module_preset=&#8221;default&#8221; global_colors_info=&#8221;{}&#8221;][\/et_pb_image][\/et_pb_column_inner][et_pb_column_inner type=&#8221;1_3&#8243; saved_specialty_column_type=&#8221;3_4&#8243; _builder_version=&#8221;4.16&#8243; _module_preset=&#8221;default&#8221; global_colors_info=&#8221;{}&#8221;][et_pb_image src=&#8221;http:\/\/marinkamraterna.se\/vasteras\/wp-content\/uploads\/sites\/14\/2021\/11\/Stieg-redigerad.jpg&#8221; title_text=&#8221;Stieg Andersson&#8221; _builder_version=&#8221;4.16&#8243; _module_preset=&#8221;default&#8221; global_colors_info=&#8221;{}&#8221;][\/et_pb_image][\/et_pb_column_inner][\/et_pb_row_inner][et_pb_row_inner column_structure=&#8221;1_3,1_3,1_3&#8243; _builder_version=&#8221;4.16&#8243; _module_preset=&#8221;default&#8221; width=&#8221;90%&#8221; max_width=&#8221;1200px&#8221; global_colors_info=&#8221;{}&#8221;][et_pb_column_inner type=&#8221;1_3&#8243; saved_specialty_column_type=&#8221;3_4&#8243; _builder_version=&#8221;4.16&#8243; _module_preset=&#8221;default&#8221; global_colors_info=&#8221;{}&#8221;][et_pb_image src=&#8221;https:\/\/marinkamraterna.se\/vasteras\/wp-content\/uploads\/sites\/14\/2023\/02\/Thomas.jpeg&#8221; title_text=&#8221;Thomas St\u00e5hlgren&#8221; _builder_version=&#8221;4.19.5&#8243; _module_preset=&#8221;default&#8221; global_colors_info=&#8221;{}&#8221;][\/et_pb_image][\/et_pb_column_inner][et_pb_column_inner type=&#8221;1_3&#8243; saved_specialty_column_type=&#8221;3_4&#8243; _builder_version=&#8221;4.16&#8243; _module_preset=&#8221;default&#8221; global_colors_info=&#8221;{}&#8221;][\/et_pb_column_inner][et_pb_column_inner type=&#8221;1_3&#8243; saved_specialty_column_type=&#8221;3_4&#8243; _builder_version=&#8221;4.16&#8243; _module_preset=&#8221;default&#8221; global_colors_info=&#8221;{}&#8221;][\/et_pb_column_inner][\/et_pb_row_inner][\/et_pb_column][et_pb_column type=&#8221;1_4&#8243; _builder_version=&#8221;4.16&#8243; custom_padding=&#8221;|||&#8221; global_colors_info=&#8221;{}&#8221; custom_padding__hover=&#8221;|||&#8221;][et_pb_image src=&#8221;https:\/\/marinkamraterna.se\/vasteras\/wp-content\/uploads\/sites\/14\/2024\/10\/Antonio-Grimaldi.jpg&#8221; alt=&#8221;Antonioi&#8221; title_text=&#8221;Antonio Grimaldi&#8221; _builder_version=&#8221;4.27.2&#8243; _module_preset=&#8221;default&#8221; custom_margin=&#8221;||10px||false|false&#8221; custom_padding=&#8221;||||false|false&#8221; global_colors_info=&#8221;{}&#8221;][\/et_pb_image][et_pb_text _builder_version=&#8221;4.23.4&#8243; _module_preset=&#8221;default&#8221; text_font=&#8221;||on||||||&#8221; text_font_size=&#8221;14px&#8221; global_colors_info=&#8221;{}&#8221;]<\/p>\n<p>Ordf\u00f6rande Antonio Grimaldi<\/p>\n<p>[\/et_pb_text][et_pb_sidebar orientation=&#8221;right&#8221; _builder_version=&#8221;4.9.4&#8243; _module_preset=&#8221;default&#8221; header_font=&#8221;|600||on|||||&#8221; header_font_size=&#8221;20px&#8221; global_module=&#8221;33531&#8243; saved_tabs=&#8221;all&#8221; locked=&#8221;off&#8221; global_colors_info=&#8221;{}&#8221;][\/et_pb_sidebar][\/et_pb_column][\/et_pb_section][et_pb_section fb_built=&#8221;1&#8243; _builder_version=&#8221;4.16&#8243; _module_preset=&#8221;default&#8221; global_colors_info=&#8221;{}&#8221;][et_pb_row _builder_version=&#8221;4.16&#8243; _module_preset=&#8221;default&#8221; global_colors_info=&#8221;{}&#8221;][et_pb_column type=&#8221;4_4&#8243; _builder_version=&#8221;4.16&#8243; _module_preset=&#8221;default&#8221; global_colors_info=&#8221;{}&#8221;][et_pb_text _builder_version=&#8221;4.16&#8243; _module_preset=&#8221;default&#8221; global_colors_info=&#8221;{}&#8221;]<\/p>\n<p>Revisor Tommy Blomqvist 070-768 61 10 bmk.b (a) tele2.se<\/p>\n<p>Revisor Per-Owe Andersson 070-5943319 owe (a) oia.se<\/p>\n<p>[\/et_pb_text][\/et_pb_column][\/et_pb_row][et_pb_row column_structure=&#8221;1_5,1_5,1_5,1_5,1_5&#8243; _builder_version=&#8221;4.16&#8243; _module_preset=&#8221;default&#8221; global_colors_info=&#8221;{}&#8221;][et_pb_column type=&#8221;1_5&#8243; _builder_version=&#8221;4.16&#8243; _module_preset=&#8221;default&#8221; global_colors_info=&#8221;{}&#8221;][et_pb_image src=&#8221;https:\/\/marinkamraterna.se\/vasteras\/wp-content\/uploads\/sites\/14\/2022\/02\/Tommy-Blomqvist.jpg&#8221; title_text=&#8221;Tommy Blomqvist&#8221; _builder_version=&#8221;4.16&#8243; _module_preset=&#8221;default&#8221; global_colors_info=&#8221;{}&#8221;][\/et_pb_image][\/et_pb_column][et_pb_column type=&#8221;1_5&#8243; _builder_version=&#8221;4.16&#8243; _module_preset=&#8221;default&#8221; global_colors_info=&#8221;{}&#8221;][et_pb_image src=&#8221;https:\/\/marinkamraterna.se\/vasteras\/wp-content\/uploads\/sites\/14\/2021\/11\/P-Q-Andersson.jpg&#8221; title_text=&#8221;Per-Owe Andersson&#8221; _builder_version=&#8221;4.16&#8243; _module_preset=&#8221;default&#8221; global_colors_info=&#8221;{}&#8221;][\/et_pb_image][\/et_pb_column][et_pb_column type=&#8221;1_5&#8243; _builder_version=&#8221;4.16&#8243; _module_preset=&#8221;default&#8221; global_colors_info=&#8221;{}&#8221;][\/et_pb_column][et_pb_column type=&#8221;1_5&#8243; _builder_version=&#8221;4.16&#8243; _module_preset=&#8221;default&#8221; global_colors_info=&#8221;{}&#8221;][\/et_pb_column][et_pb_column type=&#8221;1_5&#8243; _builder_version=&#8221;4.16&#8243; _module_preset=&#8221;default&#8221; global_colors_info=&#8221;{}&#8221;][\/et_pb_column][\/et_pb_row][\/et_pb_section]<\/p>\n","protected":false},"excerpt":{"rendered":"<p>Klubbstyrelse Ordf\u00f6rande: Antonio Grimaldi 070-5320240 antonio.carlo.grimaldi (at) gmail.com Vice Ordf\u00f6rande: Thomas St\u00e5hlgren 073-2743134 thomas.stahlgren63 (at) gmail.comSekreterare: Magnus Leuchovius 070-3320115 magnus.leu (at) gmail.comKass\u00f6r: Peter Nicolaides 070-3686666 dinosnico (at) hotmail.com Klubbm\u00e4stare: B\u00f6rje B\u00e4ckman 070-5109465 borje.backman (at) me.comProgramansvarig: Mats Kristensson 070-5295009 mats_s_kristensson (at) hotmail.com \u00d6vrig ledamot: Stieg Andersson 070-8908616 stieg.andersson1 (at) gmail.com\u00d6vrig ledamot:\u00a0 Jan Skoog 070-7810039 jan (at) [&hellip;]<\/p>\n","protected":false},"author":9,"featured_media":0,"parent":33152,"menu_order":0,"comment_status":"closed","ping_status":"closed","template":"","meta":{"_et_pb_use_builder":"on","_et_pb_old_content":"","_et_gb_content_width":"","iawp_total_views":694,"footnotes":""},"class_list":["post-35665","page","type-page","status-publish","hentry"],"_links":{"self":[{"href":"https:\/\/marinkamraterna.se\/vasteras\/wp-json\/wp\/v2\/pages\/35665","targetHints":{"allow":["GET"]}}],"collection":[{"href":"https:\/\/marinkamraterna.se\/vasteras\/wp-json\/wp\/v2\/pages"}],"about":[{"href":"https:\/\/marinkamraterna.se\/vasteras\/wp-json\/wp\/v2\/types\/page"}],"author":[{"embeddable":true,"href":"https:\/\/marinkamraterna.se\/vasteras\/wp-json\/wp\/v2\/users\/9"}],"replies":[{"embeddable":true,"href":"https:\/\/marinkamraterna.se\/vasteras\/wp-json\/wp\/v2\/comments?post=35665"}],"version-history":[{"count":53,"href":"https:\/\/marinkamraterna.se\/vasteras\/wp-json\/wp\/v2\/pages\/35665\/revisions"}],"predecessor-version":[{"id":41549,"href":"https:\/\/marinkamraterna.se\/vasteras\/wp-json\/wp\/v2\/pages\/35665\/revisions\/41549"}],"up":[{"embeddable":true,"href":"https:\/\/marinkamraterna.se\/vasteras\/wp-json\/wp\/v2\/pages\/33152"}],"wp:attachment":[{"href":"https:\/\/marinkamraterna.se\/vasteras\/wp-json\/wp\/v2\/media?parent=35665"}],"curies":[{"name":"wp","href":"https:\/\/api.w.org\/{rel}","templated":true}]}}