{"id":36429,"date":"2022-01-01T17:43:19","date_gmt":"2022-01-01T16:43:19","guid":{"rendered":"https:\/\/marinkamraterna.se\/vasteras\/?page_id=36429"},"modified":"2025-02-28T19:10:48","modified_gmt":"2025-02-28T18:10:48","slug":"tidningsurklipp","status":"publish","type":"page","link":"https:\/\/marinkamraterna.se\/vasteras\/bilder\/tidningsurklipp\/","title":{"rendered":"Tidningsurklipp"},"content":{"rendered":"<p>[et_pb_section fb_built=&#8221;1&#8243; use_custom_gutter=&#8221;on&#8221; gutter_width=&#8221;2&#8243; specialty=&#8221;on&#8221; padding_top_1=&#8221;10px&#8221; padding_top_bottom_link_1=&#8221;false&#8221; padding_left_right_link_1=&#8221;false&#8221; _builder_version=&#8221;4.16&#8243; _module_preset=&#8221;default&#8221; custom_margin=&#8221;|10px||||&#8221; custom_padding=&#8221;||||false|false&#8221; global_colors_info=&#8221;{}&#8221;][et_pb_column type=&#8221;1_4&#8243; _builder_version=&#8221;4.16&#8243; custom_padding=&#8221;|||&#8221; global_colors_info=&#8221;{}&#8221; custom_padding__hover=&#8221;|||&#8221;][et_pb_sidebar area=&#8221;et_pb_widget_area_3&#8243; _builder_version=&#8221;4.9.4&#8243; _module_preset=&#8221;default&#8221; header_font=&#8221;|600||on|||||&#8221; body_text_color=&#8221;#0C71C3&#8243; body_font_size=&#8221;14px&#8221; custom_margin=&#8221;||||false|false&#8221; custom_padding=&#8221;||||false|false&#8221; global_module=&#8221;33600&#8243; locked=&#8221;on&#8221; global_colors_info=&#8221;{}&#8221;][\/et_pb_sidebar][\/et_pb_column][et_pb_column type=&#8221;3_4&#8243; specialty_columns=&#8221;3&#8243; _builder_version=&#8221;4.16&#8243; custom_padding=&#8221;|||&#8221; global_colors_info=&#8221;{}&#8221; custom_padding__hover=&#8221;|||&#8221;][et_pb_row_inner use_custom_gutter=&#8221;on&#8221; gutter_width=&#8221;1&#8243; make_equal=&#8221;on&#8221; _builder_version=&#8221;4.16&#8243; _module_preset=&#8221;default&#8221; custom_padding=&#8221;0px||||false|false&#8221; global_colors_info=&#8221;{}&#8221;][et_pb_column_inner saved_specialty_column_type=&#8221;3_4&#8243; _builder_version=&#8221;4.16&#8243; _module_preset=&#8221;default&#8221; global_colors_info=&#8221;{}&#8221;][et_pb_post_title meta=&#8221;off&#8221; featured_image=&#8221;off&#8221; _builder_version=&#8221;4.16&#8243; _module_preset=&#8221;default&#8221; title_font_size=&#8221;35px&#8221; global_colors_info=&#8221;{}&#8221;][\/et_pb_post_title][et_pb_text _builder_version=&#8221;4.27.4&#8243; _module_preset=&#8221;default&#8221; hover_enabled=&#8221;0&#8243; global_colors_info=&#8221;{}&#8221; sticky_enabled=&#8221;0&#8243;]<\/p>\n<p>Flottan M\u00e4n V\u00e4ster\u00e5s verksamhet har genom \u00e5ren publicerats i v\u00e5r lokaltidning V\u00e4stmanlands L\u00e4ns Tidning. H\u00e4r \u00e4r ett antal urklipp.<\/p>\n<p>[\/et_pb_text][\/et_pb_column_inner][\/et_pb_row_inner][et_pb_row_inner use_custom_gutter=&#8221;on&#8221; gutter_width=&#8221;1&#8243; _builder_version=&#8221;4.16&#8243; _module_preset=&#8221;default&#8221; global_colors_info=&#8221;{}&#8221;][et_pb_column_inner saved_specialty_column_type=&#8221;3_4&#8243; _builder_version=&#8221;4.16&#8243; _module_preset=&#8221;default&#8221; global_colors_info=&#8221;{}&#8221;][et_pb_gallery gallery_ids=&#8221;33430,36471,36489,36483,36477,36474,36468,36456,36450,36453,36717,36480,37083,40377,40898,41701&#8243; posts_number=&#8221;50&#8243; orientation=&#8221;portrait&#8221; show_pagination=&#8221;off&#8221; hover_overlay_color=&#8221;rgba(12,113,195,0.41)&#8221; _builder_version=&#8221;4.27.4&#8243; _module_preset=&#8221;default&#8221; global_colors_info=&#8221;{}&#8221;][\/et_pb_gallery][\/et_pb_column_inner][\/et_pb_row_inner][\/et_pb_column][\/et_pb_section]<\/p>\n","protected":false},"excerpt":{"rendered":"<p>Flottan M\u00e4n V\u00e4ster\u00e5s verksamhet har genom \u00e5ren publicerats i v\u00e5r lokaltidning V\u00e4stmanlands L\u00e4ns Tidning. H\u00e4r \u00e4r ett antal urklipp.<\/p>\n","protected":false},"author":9,"featured_media":0,"parent":35688,"menu_order":0,"comment_status":"closed","ping_status":"closed","template":"","meta":{"_et_pb_use_builder":"on","_et_pb_old_content":"","_et_gb_content_width":"","iawp_total_views":52,"footnotes":""},"class_list":["post-36429","page","type-page","status-publish","hentry"],"_links":{"self":[{"href":"https:\/\/marinkamraterna.se\/vasteras\/wp-json\/wp\/v2\/pages\/36429","targetHints":{"allow":["GET"]}}],"collection":[{"href":"https:\/\/marinkamraterna.se\/vasteras\/wp-json\/wp\/v2\/pages"}],"about":[{"href":"https:\/\/marinkamraterna.se\/vasteras\/wp-json\/wp\/v2\/types\/page"}],"author":[{"embeddable":true,"href":"https:\/\/marinkamraterna.se\/vasteras\/wp-json\/wp\/v2\/users\/9"}],"replies":[{"embeddable":true,"href":"https:\/\/marinkamraterna.se\/vasteras\/wp-json\/wp\/v2\/comments?post=36429"}],"version-history":[{"count":18,"href":"https:\/\/marinkamraterna.se\/vasteras\/wp-json\/wp\/v2\/pages\/36429\/revisions"}],"predecessor-version":[{"id":41704,"href":"https:\/\/marinkamraterna.se\/vasteras\/wp-json\/wp\/v2\/pages\/36429\/revisions\/41704"}],"up":[{"embeddable":true,"href":"https:\/\/marinkamraterna.se\/vasteras\/wp-json\/wp\/v2\/pages\/35688"}],"wp:attachment":[{"href":"https:\/\/marinkamraterna.se\/vasteras\/wp-json\/wp\/v2\/media?parent=36429"}],"curies":[{"name":"wp","href":"https:\/\/api.w.org\/{rel}","templated":true}]}}