{"id":39979,"date":"2022-02-11T20:30:23","date_gmt":"2022-02-11T19:30:23","guid":{"rendered":"https:\/\/marinkamraterna.se\/vasteras\/?page_id=39979"},"modified":"2023-06-26T11:14:33","modified_gmt":"2023-06-26T09:14:33","slug":"medlemsavgiften","status":"publish","type":"page","link":"https:\/\/marinkamraterna.se\/vasteras\/medlemsavgiften\/","title":{"rendered":"Medlemsavgiften"},"content":{"rendered":"<p>[et_pb_section fb_built=&#8221;1&#8243; _builder_version=&#8221;4.16&#8243; _module_preset=&#8221;default&#8221; custom_padding=&#8221;0px||0px||true|false&#8221; global_colors_info=&#8221;{}&#8221;][et_pb_row _builder_version=&#8221;4.16&#8243; _module_preset=&#8221;default&#8221; global_colors_info=&#8221;{}&#8221;][et_pb_column type=&#8221;4_4&#8243; _builder_version=&#8221;4.16&#8243; _module_preset=&#8221;default&#8221; global_colors_info=&#8221;{}&#8221;][et_pb_text _builder_version=&#8221;4.19.5&#8243; _module_preset=&#8221;default&#8221; global_colors_info=&#8221;{}&#8221;]<\/p>\n<p><strong>Det \u00e4r nu dags att betala medlemsavgiften! <\/strong><strong>Medlemsavgiften skall enligt stadgarna vara betald till f\u00f6reningensena senast den sista februari. Medlemsavgiften f\u00f6r 2023 \u00e4r 320 kr. F\u00f6r de som fyllt 85 \u00e5r under 2023, eller fyller under \u00e5ret \u00e4r medlemsavgiften bara 120 kr. Betala medlemsavgiften med Swish till nr <span>1235 192 885 eller med Bankgiro:\u00a0600-8866. Riskera inte uteslutning fr\u00e5n Flottans M\u00e4n V\u00e4ster\u00e5s med utebliven medlemsavgift. Kan du inte betala f\u00f6re sista februari h\u00f6r av dig till styrlsen.<\/span><\/strong><\/p>\n<p><strong>\u00a0<\/strong><\/p>\n<p>[\/et_pb_text][\/et_pb_column][\/et_pb_row][et_pb_row column_structure=&#8221;1_2,1_2&#8243; _builder_version=&#8221;4.16&#8243; _module_preset=&#8221;default&#8221; global_colors_info=&#8221;{}&#8221;][et_pb_column type=&#8221;1_2&#8243; _builder_version=&#8221;4.16&#8243; _module_preset=&#8221;default&#8221; global_colors_info=&#8221;{}&#8221;][\/et_pb_column][et_pb_column type=&#8221;1_2&#8243; _builder_version=&#8221;4.16&#8243; _module_preset=&#8221;default&#8221; global_colors_info=&#8221;{}&#8221;][et_pb_image src=&#8221;https:\/\/marinkamraterna.se\/vasteras\/wp-content\/uploads\/sites\/14\/2022\/01\/Angbaten-Freden.jpeg&#8221; alt=&#8221;ship helm&#8221; title_text=&#8221;\u00c5ngb\u00e5ten Freden&#8221; _builder_version=&#8221;4.16&#8243; _module_preset=&#8221;default&#8221; global_colors_info=&#8221;{}&#8221;][\/et_pb_image][\/et_pb_column][\/et_pb_row][\/et_pb_section]<\/p>\n","protected":false},"excerpt":{"rendered":"<p>Det \u00e4r nu dags att betala medlemsavgiften! Medlemsavgiften skall enligt stadgarna vara betald till f\u00f6reningensena senast den sista februari. Medlemsavgiften f\u00f6r 2023 \u00e4r 320 kr. F\u00f6r de som fyllt 85 \u00e5r under 2023, eller fyller under \u00e5ret \u00e4r medlemsavgiften bara 120 kr. Betala medlemsavgiften med Swish till nr 1235 192 885 eller med Bankgiro:\u00a0600-8866. Riskera [&hellip;]<\/p>\n","protected":false},"author":9,"featured_media":0,"parent":0,"menu_order":0,"comment_status":"closed","ping_status":"closed","template":"","meta":{"_et_pb_use_builder":"on","_et_pb_old_content":"","_et_gb_content_width":"","iawp_total_views":51,"footnotes":""},"class_list":["post-39979","page","type-page","status-publish","hentry"],"_links":{"self":[{"href":"https:\/\/marinkamraterna.se\/vasteras\/wp-json\/wp\/v2\/pages\/39979","targetHints":{"allow":["GET"]}}],"collection":[{"href":"https:\/\/marinkamraterna.se\/vasteras\/wp-json\/wp\/v2\/pages"}],"about":[{"href":"https:\/\/marinkamraterna.se\/vasteras\/wp-json\/wp\/v2\/types\/page"}],"author":[{"embeddable":true,"href":"https:\/\/marinkamraterna.se\/vasteras\/wp-json\/wp\/v2\/users\/9"}],"replies":[{"embeddable":true,"href":"https:\/\/marinkamraterna.se\/vasteras\/wp-json\/wp\/v2\/comments?post=39979"}],"version-history":[{"count":5,"href":"https:\/\/marinkamraterna.se\/vasteras\/wp-json\/wp\/v2\/pages\/39979\/revisions"}],"predecessor-version":[{"id":40459,"href":"https:\/\/marinkamraterna.se\/vasteras\/wp-json\/wp\/v2\/pages\/39979\/revisions\/40459"}],"wp:attachment":[{"href":"https:\/\/marinkamraterna.se\/vasteras\/wp-json\/wp\/v2\/media?parent=39979"}],"curies":[{"name":"wp","href":"https:\/\/api.w.org\/{rel}","templated":true}]}}