{"id":40497,"date":"2023-08-04T20:05:05","date_gmt":"2023-08-04T18:05:05","guid":{"rendered":"https:\/\/marinkamraterna.se\/vasteras\/?page_id=40497"},"modified":"2023-08-19T20:28:25","modified_gmt":"2023-08-19T18:28:25","slug":"femkampen-i-vasteras-2022","status":"publish","type":"page","link":"https:\/\/marinkamraterna.se\/vasteras\/bilder\/femkampen-i-vasteras-2022\/","title":{"rendered":"Femkampen i V\u00e4ster\u00e5s 2022"},"content":{"rendered":"<p>[et_pb_section fb_built=&#8221;1&#8243; use_custom_gutter=&#8221;on&#8221; gutter_width=&#8221;2&#8243; specialty=&#8221;on&#8221; padding_top_1=&#8221;10px&#8221; padding_top_bottom_link_1=&#8221;false&#8221; padding_left_right_link_1=&#8221;false&#8221; _builder_version=&#8221;4.16&#8243; _module_preset=&#8221;default&#8221; custom_margin=&#8221;|10px||||&#8221; custom_padding=&#8221;||||false|false&#8221; global_colors_info=&#8221;{}&#8221;][et_pb_column type=&#8221;1_4&#8243; _builder_version=&#8221;4.16&#8243; custom_padding=&#8221;|||&#8221; global_colors_info=&#8221;{}&#8221; custom_padding__hover=&#8221;|||&#8221;][et_pb_sidebar area=&#8221;et_pb_widget_area_3&#8243; _builder_version=&#8221;4.9.4&#8243; _module_preset=&#8221;default&#8221; header_font=&#8221;|600||on|||||&#8221; body_text_color=&#8221;#0C71C3&#8243; body_font_size=&#8221;14px&#8221; custom_margin=&#8221;||||false|false&#8221; custom_padding=&#8221;||||false|false&#8221; global_module=&#8221;33600&#8243; locked=&#8221;on&#8221; global_colors_info=&#8221;{}&#8221;][\/et_pb_sidebar][\/et_pb_column][et_pb_column type=&#8221;3_4&#8243; specialty_columns=&#8221;3&#8243; _builder_version=&#8221;4.16&#8243; custom_padding=&#8221;|||&#8221; global_colors_info=&#8221;{}&#8221; custom_padding__hover=&#8221;|||&#8221;][et_pb_row_inner use_custom_gutter=&#8221;on&#8221; gutter_width=&#8221;1&#8243; make_equal=&#8221;on&#8221; _builder_version=&#8221;4.16&#8243; _module_preset=&#8221;default&#8221; custom_padding=&#8221;0px||||false|false&#8221; global_colors_info=&#8221;{}&#8221;][et_pb_column_inner saved_specialty_column_type=&#8221;3_4&#8243; _builder_version=&#8221;4.16&#8243; _module_preset=&#8221;default&#8221; global_colors_info=&#8221;{}&#8221;][et_pb_post_title meta=&#8221;off&#8221; featured_image=&#8221;off&#8221; _builder_version=&#8221;4.16&#8243; _module_preset=&#8221;default&#8221; title_font_size=&#8221;35px&#8221; global_colors_info=&#8221;{}&#8221;][\/et_pb_post_title][et_pb_text _builder_version=&#8221;4.21.0&#8243; _module_preset=&#8221;default&#8221; global_colors_info=&#8221;{}&#8221;]<\/p>\n<p>Femkampen i V\u00e4ster\u00e5s \u00e4gde rum den 3 september 2022 p\u00e5 L\u00f6gar\u00e4ngsomr\u00e5det alldeles vid M\u00e4larlarens strand. Efter en presentation var det en kort orientering. D\u00e4refter var det korum med tal om den kalk som gr\u00e4vdes ned i Poltava och som sedan gr\u00e4vdes upp igen tretton \u00e5r senare och \u00e5terb\u00f6rdades till V\u00e4stmanlands regemente. Grenarna var bed\u00f6mning av b\u00e4ring och avst\u00e5nd till \u00f6n Elba, kastlina, kast av livboj, granatkastning och potatisskalning. Vinnare var FM Nyn\u00e4shamns lag ett.\u00a0<\/p>\n<p>[\/et_pb_text][\/et_pb_column_inner][\/et_pb_row_inner][et_pb_row_inner use_custom_gutter=&#8221;on&#8221; gutter_width=&#8221;1&#8243; _builder_version=&#8221;4.16&#8243; _module_preset=&#8221;default&#8221; global_colors_info=&#8221;{}&#8221;][et_pb_column_inner saved_specialty_column_type=&#8221;3_4&#8243; _builder_version=&#8221;4.16&#8243; _module_preset=&#8221;default&#8221; global_colors_info=&#8221;{}&#8221;][et_pb_gallery gallery_ids=&#8221;33430,40491,40490,40489,40488,40487,40482,40483,40484,40485,40486,40481,40480,40478,40479,40477,40473,40474,40475,40476,40503,40504&#8243; posts_number=&#8221;100&#8243; show_title_and_caption=&#8221;off&#8221; show_pagination=&#8221;off&#8221; _builder_version=&#8221;4.21.0&#8243; _module_preset=&#8221;default&#8221; global_colors_info=&#8221;{}&#8221;][\/et_pb_gallery][et_pb_text _builder_version=&#8221;4.21.0&#8243; _module_preset=&#8221;default&#8221; hover_enabled=&#8221;0&#8243; global_colors_info=&#8221;{}&#8221; sticky_enabled=&#8221;0&#8243;]<\/p>\n<p>Video kan ses h\u00e4r p\u00e5 Youtube.<\/p>\n<p>Startskottet<\/p>\n<p><iframe loading=\"lazy\" title=\"20220903 113010\" width=\"1080\" height=\"608\" src=\"https:\/\/www.youtube.com\/embed\/Azaypi1wW9Y?feature=oembed\"  allow=\"accelerometer; autoplay; clipboard-write; encrypted-media; gyroscope; picture-in-picture; web-share\" allowfullscreen><\/iframe><\/p>\n<p>[\/et_pb_text][\/et_pb_column_inner][\/et_pb_row_inner][\/et_pb_column][\/et_pb_section]<\/p>\n","protected":false},"excerpt":{"rendered":"<p>Femkampen i V\u00e4ster\u00e5s \u00e4gde rum den 3 september 2022 p\u00e5 L\u00f6gar\u00e4ngsomr\u00e5det alldeles vid M\u00e4larlarens strand. Efter en presentation var det en kort orientering. D\u00e4refter var det korum med tal om den kalk som gr\u00e4vdes ned i Poltava och som sedan gr\u00e4vdes upp igen tretton \u00e5r senare och \u00e5terb\u00f6rdades till V\u00e4stmanlands regemente. Grenarna var bed\u00f6mning av [&hellip;]<\/p>\n","protected":false},"author":9,"featured_media":0,"parent":35688,"menu_order":0,"comment_status":"closed","ping_status":"closed","template":"","meta":{"_et_pb_use_builder":"on","_et_pb_old_content":"","_et_gb_content_width":"","iawp_total_views":37,"footnotes":""},"class_list":["post-40497","page","type-page","status-publish","hentry"],"_links":{"self":[{"href":"https:\/\/marinkamraterna.se\/vasteras\/wp-json\/wp\/v2\/pages\/40497","targetHints":{"allow":["GET"]}}],"collection":[{"href":"https:\/\/marinkamraterna.se\/vasteras\/wp-json\/wp\/v2\/pages"}],"about":[{"href":"https:\/\/marinkamraterna.se\/vasteras\/wp-json\/wp\/v2\/types\/page"}],"author":[{"embeddable":true,"href":"https:\/\/marinkamraterna.se\/vasteras\/wp-json\/wp\/v2\/users\/9"}],"replies":[{"embeddable":true,"href":"https:\/\/marinkamraterna.se\/vasteras\/wp-json\/wp\/v2\/comments?post=40497"}],"version-history":[{"count":6,"href":"https:\/\/marinkamraterna.se\/vasteras\/wp-json\/wp\/v2\/pages\/40497\/revisions"}],"predecessor-version":[{"id":40789,"href":"https:\/\/marinkamraterna.se\/vasteras\/wp-json\/wp\/v2\/pages\/40497\/revisions\/40789"}],"up":[{"embeddable":true,"href":"https:\/\/marinkamraterna.se\/vasteras\/wp-json\/wp\/v2\/pages\/35688"}],"wp:attachment":[{"href":"https:\/\/marinkamraterna.se\/vasteras\/wp-json\/wp\/v2\/media?parent=40497"}],"curies":[{"name":"wp","href":"https:\/\/api.w.org\/{rel}","templated":true}]}}