{"id":40684,"date":"2023-08-12T18:54:17","date_gmt":"2023-08-12T16:54:17","guid":{"rendered":"https:\/\/marinkamraterna.se\/vasteras\/?page_id=40684"},"modified":"2025-12-15T17:02:48","modified_gmt":"2025-12-15T16:02:48","slug":"battur-med-hms-jagaren-3-juni-2023-galo-till-landsort","status":"publish","type":"page","link":"https:\/\/marinkamraterna.se\/vasteras\/bilder\/battur-med-hms-jagaren-3-juni-2023-galo-till-landsort\/","title":{"rendered":"B\u00e5ttur med HMS J\u00e4garen 3 juni 2023 G\u00e5l\u00f6 till Landsort"},"content":{"rendered":"<p>[et_pb_section fb_built=&#8221;1&#8243; use_custom_gutter=&#8221;on&#8221; gutter_width=&#8221;2&#8243; specialty=&#8221;on&#8221; padding_top_1=&#8221;10px&#8221; padding_top_bottom_link_1=&#8221;false&#8221; padding_left_right_link_1=&#8221;false&#8221; _builder_version=&#8221;4.16&#8243; _module_preset=&#8221;default&#8221; custom_margin=&#8221;|10px||||&#8221; custom_padding=&#8221;||||false|false&#8221; global_colors_info=&#8221;{}&#8221;][et_pb_column type=&#8221;1_4&#8243; _builder_version=&#8221;4.16&#8243; custom_padding=&#8221;|||&#8221; global_colors_info=&#8221;{}&#8221; custom_padding__hover=&#8221;|||&#8221;][et_pb_sidebar area=&#8221;et_pb_widget_area_3&#8243; _builder_version=&#8221;4.9.4&#8243; _module_preset=&#8221;default&#8221; header_font=&#8221;|600||on|||||&#8221; body_text_color=&#8221;#0C71C3&#8243; body_font_size=&#8221;14px&#8221; custom_margin=&#8221;||||false|false&#8221; custom_padding=&#8221;||||false|false&#8221; global_module=&#8221;33600&#8243; locked=&#8221;on&#8221; global_colors_info=&#8221;{}&#8221;][\/et_pb_sidebar][\/et_pb_column][et_pb_column type=&#8221;3_4&#8243; specialty_columns=&#8221;3&#8243; _builder_version=&#8221;4.16&#8243; custom_padding=&#8221;|||&#8221; global_colors_info=&#8221;{}&#8221; custom_padding__hover=&#8221;|||&#8221;][et_pb_row_inner use_custom_gutter=&#8221;on&#8221; gutter_width=&#8221;1&#8243; make_equal=&#8221;on&#8221; _builder_version=&#8221;4.16&#8243; _module_preset=&#8221;default&#8221; custom_padding=&#8221;0px||||false|false&#8221; global_colors_info=&#8221;{}&#8221;][et_pb_column_inner saved_specialty_column_type=&#8221;3_4&#8243; _builder_version=&#8221;4.16&#8243; _module_preset=&#8221;default&#8221; global_colors_info=&#8221;{}&#8221;][et_pb_post_title meta=&#8221;off&#8221; featured_image=&#8221;off&#8221; _builder_version=&#8221;4.16&#8243; _module_preset=&#8221;default&#8221; title_font_size=&#8221;35px&#8221; global_colors_info=&#8221;{}&#8221;][\/et_pb_post_title][\/et_pb_column_inner][\/et_pb_row_inner][et_pb_row_inner use_custom_gutter=&#8221;on&#8221; gutter_width=&#8221;1&#8243; _builder_version=&#8221;4.16&#8243; _module_preset=&#8221;default&#8221; global_colors_info=&#8221;{}&#8221;][et_pb_column_inner saved_specialty_column_type=&#8221;3_4&#8243; _builder_version=&#8221;4.16&#8243; _module_preset=&#8221;default&#8221; global_colors_info=&#8221;{}&#8221;][et_pb_text _builder_version=&#8221;4.21.0&#8243; _module_preset=&#8221;default&#8221; global_colors_info=&#8221;{}&#8221; admin_label=&#8221;Text&#8221;]<\/p>\n<p>Bilder fr\u00e5n resan G\u00e5l\u00f6 \u00f6rlogsbas tur och retur till Landsort den 3 juni 2023. V\u00e4dret var det b\u00e4sta t\u00e4nkbara.<\/p>\n<p><strong>Fr\u00e5n HMS J\u00e4garens hemsida:<\/strong><\/p>\n<p><em>Bes\u00e4ttningen p\u00e5 J\u00e4garen hade n\u00f6jet att ta Flottans M\u00e4n V\u00e4ster\u00e5s till Landsort.<\/em><\/p>\n<p><em>En heldag med guidning p\u00e5 ERSTA Batteri och i Landsorts fyr. Vi fick ocks\u00e5 en intressant historiebeskrivning av hur \u00f6n har vuxit fram med lots och fyr personal.\u00a0<\/em><\/p>\n<p><em>Tack \u00c5ke Svedtilja och Jaak Kriisa f\u00f6r intressanta guidningar.<\/em><\/p>\n<p>&nbsp;<\/p>\n<p>&nbsp;<\/p>\n<p>&nbsp;<\/p>\n<p>[\/et_pb_text][et_pb_gallery gallery_ids=&#8221;33430,40624,40653,40651,40650,40649,40644,40645,40646,40643,40642,40641,40640,40639,40634,40635,40636,40637,40638,40633,40632,40631,40630,40629,40625,40626,40627,40648,40647,40628,40652&#8243; posts_number=&#8221;100&#8243; show_title_and_caption=&#8221;off&#8221; show_pagination=&#8221;off&#8221; _builder_version=&#8221;4.21.0&#8243; _module_preset=&#8221;default&#8221; global_colors_info=&#8221;{}&#8221;][\/et_pb_gallery][et_pb_text _builder_version=&#8221;4.21.0&#8243; _module_preset=&#8221;default&#8221; global_colors_info=&#8221;{}&#8221;]<\/p>\n<p>&nbsp;<\/p>\n<p>Video kan ses h\u00e4r p\u00e5 Youtube:<\/p>\n<p><iframe loading=\"lazy\" title=\"20230603 101345\" width=\"1080\" height=\"608\" src=\"https:\/\/www.youtube.com\/embed\/R3lokyzhtoE?feature=oembed\"  allow=\"accelerometer; autoplay; clipboard-write; encrypted-media; gyroscope; picture-in-picture; web-share\" allowfullscreen><\/iframe><\/p>\n<p>&nbsp;<\/p>\n<p>&nbsp;<\/p>\n<p>&nbsp;<\/p>\n<p>[\/et_pb_text][et_pb_text _builder_version=&#8221;4.21.0&#8243; _module_preset=&#8221;default&#8221; global_colors_info=&#8221;{}&#8221;]<\/p>\n<p><iframe loading=\"lazy\" title=\"20230603 175314\" width=\"1080\" height=\"608\" src=\"https:\/\/www.youtube.com\/embed\/N4VODMviciI?feature=oembed\"  allow=\"accelerometer; autoplay; clipboard-write; encrypted-media; gyroscope; picture-in-picture; web-share\" allowfullscreen><\/iframe><\/p>\n<p>&nbsp;<\/p>\n<p>&nbsp;<\/p>\n<p>&nbsp;<\/p>\n<p>[\/et_pb_text][\/et_pb_column_inner][\/et_pb_row_inner][\/et_pb_column][\/et_pb_section]<\/p>\n","protected":false},"excerpt":{"rendered":"<p>Bilder fr\u00e5n resan G\u00e5l\u00f6 \u00f6rlogsbas tur och retur till Landsort den 3 juni 2023. V\u00e4dret var det b\u00e4sta t\u00e4nkbara. Fr\u00e5n HMS J\u00e4garens hemsida: Bes\u00e4ttningen p\u00e5 J\u00e4garen hade n\u00f6jet att ta Flottans M\u00e4n V\u00e4ster\u00e5s till Landsort. En heldag med guidning p\u00e5 ERSTA Batteri och i Landsorts fyr. Vi fick ocks\u00e5 en intressant historiebeskrivning av hur \u00f6n [&hellip;]<\/p>\n","protected":false},"author":9,"featured_media":0,"parent":35688,"menu_order":0,"comment_status":"closed","ping_status":"closed","template":"","meta":{"_et_pb_use_builder":"on","_et_pb_old_content":"","_et_gb_content_width":"","iawp_total_views":72,"footnotes":""},"class_list":["post-40684","page","type-page","status-publish","hentry"],"_links":{"self":[{"href":"https:\/\/marinkamraterna.se\/vasteras\/wp-json\/wp\/v2\/pages\/40684","targetHints":{"allow":["GET"]}}],"collection":[{"href":"https:\/\/marinkamraterna.se\/vasteras\/wp-json\/wp\/v2\/pages"}],"about":[{"href":"https:\/\/marinkamraterna.se\/vasteras\/wp-json\/wp\/v2\/types\/page"}],"author":[{"embeddable":true,"href":"https:\/\/marinkamraterna.se\/vasteras\/wp-json\/wp\/v2\/users\/9"}],"replies":[{"embeddable":true,"href":"https:\/\/marinkamraterna.se\/vasteras\/wp-json\/wp\/v2\/comments?post=40684"}],"version-history":[{"count":28,"href":"https:\/\/marinkamraterna.se\/vasteras\/wp-json\/wp\/v2\/pages\/40684\/revisions"}],"predecessor-version":[{"id":42088,"href":"https:\/\/marinkamraterna.se\/vasteras\/wp-json\/wp\/v2\/pages\/40684\/revisions\/42088"}],"up":[{"embeddable":true,"href":"https:\/\/marinkamraterna.se\/vasteras\/wp-json\/wp\/v2\/pages\/35688"}],"wp:attachment":[{"href":"https:\/\/marinkamraterna.se\/vasteras\/wp-json\/wp\/v2\/media?parent=40684"}],"curies":[{"name":"wp","href":"https:\/\/api.w.org\/{rel}","templated":true}]}}