{"id":40698,"date":"2023-08-12T19:19:20","date_gmt":"2023-08-12T17:19:20","guid":{"rendered":"https:\/\/marinkamraterna.se\/vasteras\/?page_id=40698"},"modified":"2023-08-12T19:19:20","modified_gmt":"2023-08-12T17:19:20","slug":"jagaren-besoker-vasteras-2021","status":"publish","type":"page","link":"https:\/\/marinkamraterna.se\/vasteras\/bilder\/jagaren-besoker-vasteras-2021\/","title":{"rendered":"J\u00e4garen bes\u00f6ker V\u00e4ster\u00e5s 2021"},"content":{"rendered":"<p>[et_pb_section fb_built=&#8221;1&#8243; use_custom_gutter=&#8221;on&#8221; gutter_width=&#8221;2&#8243; specialty=&#8221;on&#8221; padding_top_1=&#8221;10px&#8221; padding_top_bottom_link_1=&#8221;false&#8221; padding_left_right_link_1=&#8221;false&#8221; _builder_version=&#8221;4.16&#8243; _module_preset=&#8221;default&#8221; custom_margin=&#8221;|10px||||&#8221; custom_padding=&#8221;||||false|false&#8221; global_colors_info=&#8221;{}&#8221;][et_pb_column type=&#8221;1_4&#8243; _builder_version=&#8221;4.16&#8243; custom_padding=&#8221;|||&#8221; global_colors_info=&#8221;{}&#8221; custom_padding__hover=&#8221;|||&#8221;][et_pb_sidebar area=&#8221;et_pb_widget_area_3&#8243; _builder_version=&#8221;4.9.4&#8243; _module_preset=&#8221;default&#8221; header_font=&#8221;|600||on|||||&#8221; body_text_color=&#8221;#0C71C3&#8243; body_font_size=&#8221;14px&#8221; custom_margin=&#8221;||||false|false&#8221; custom_padding=&#8221;||||false|false&#8221; global_module=&#8221;33600&#8243; locked=&#8221;on&#8221; global_colors_info=&#8221;{}&#8221;][\/et_pb_sidebar][\/et_pb_column][et_pb_column type=&#8221;3_4&#8243; specialty_columns=&#8221;3&#8243; _builder_version=&#8221;4.16&#8243; custom_padding=&#8221;|||&#8221; global_colors_info=&#8221;{}&#8221; custom_padding__hover=&#8221;|||&#8221;][et_pb_row_inner use_custom_gutter=&#8221;on&#8221; gutter_width=&#8221;1&#8243; make_equal=&#8221;on&#8221; _builder_version=&#8221;4.16&#8243; _module_preset=&#8221;default&#8221; custom_padding=&#8221;0px||||false|false&#8221; hover_enabled=&#8221;0&#8243; global_colors_info=&#8221;{}&#8221; sticky_enabled=&#8221;0&#8243;][et_pb_column_inner saved_specialty_column_type=&#8221;3_4&#8243; _builder_version=&#8221;4.16&#8243; _module_preset=&#8221;default&#8221; global_colors_info=&#8221;{}&#8221;][et_pb_post_title meta=&#8221;off&#8221; featured_image=&#8221;off&#8221; _builder_version=&#8221;4.16&#8243; _module_preset=&#8221;default&#8221; title_font_size=&#8221;35px&#8221; global_colors_info=&#8221;{}&#8221;][\/et_pb_post_title][et_pb_text _builder_version=&#8221;4.21.0&#8243; _module_preset=&#8221;default&#8221; global_colors_info=&#8221;{}&#8221; hover_enabled=&#8221;0&#8243; sticky_enabled=&#8221;0&#8243;]<\/p>\n<p>J\u00e4garen bes\u00f6ker V\u00e4ster\u00e5s \u00d6stra hamn den 16 augusti 2021. FM V\u00e4ster\u00e5s deltar med partyt\u00e4llt p\u00e5 kajen. J\u00e4garens kock fick en hink med V\u00e4ster\u00e5sgurka.<\/p>\n<p>[\/et_pb_text][\/et_pb_column_inner][\/et_pb_row_inner][et_pb_row_inner use_custom_gutter=&#8221;on&#8221; gutter_width=&#8221;1&#8243; _builder_version=&#8221;4.16&#8243; _module_preset=&#8221;default&#8221; hover_enabled=&#8221;0&#8243; global_colors_info=&#8221;{}&#8221; sticky_enabled=&#8221;0&#8243;][et_pb_column_inner saved_specialty_column_type=&#8221;3_4&#8243; _builder_version=&#8221;4.16&#8243; _module_preset=&#8221;default&#8221; global_colors_info=&#8221;{}&#8221;][et_pb_gallery gallery_ids=&#8221;33430,40152,39845,39842,39836,39839,39815,39818,39824,39827,39830,39812,39809,39806,39803,39800,39797,39794,39791,39788,39785,39770,39773,39776,39779,39782,39767,39764,39761,39758,39755,39737,39740,39743,39746,39749&#8243; posts_number=&#8221;100&#8243; show_title_and_caption=&#8221;off&#8221; show_pagination=&#8221;off&#8221; _builder_version=&#8221;4.21.0&#8243; _module_preset=&#8221;default&#8221; global_colors_info=&#8221;{}&#8221; hover_enabled=&#8221;0&#8243; sticky_enabled=&#8221;0&#8243;][\/et_pb_gallery][\/et_pb_column_inner][\/et_pb_row_inner][\/et_pb_column][\/et_pb_section]<\/p>\n","protected":false},"excerpt":{"rendered":"<p>J\u00e4garen bes\u00f6ker V\u00e4ster\u00e5s \u00d6stra hamn den 16 augusti 2021. FM V\u00e4ster\u00e5s deltar med partyt\u00e4llt p\u00e5 kajen. J\u00e4garens kock fick en hink med V\u00e4ster\u00e5sgurka.<\/p>\n","protected":false},"author":9,"featured_media":0,"parent":35688,"menu_order":0,"comment_status":"closed","ping_status":"closed","template":"","meta":{"_et_pb_use_builder":"on","_et_pb_old_content":"<p>Den 16 augusti bes\u00f6kte HMS J\u00e4garen i V\u00e4ster\u00e5s \u00d6stra hamn. J\u00e4garen eskorterades in med hj\u00e4lp av Sj\u00f6r\u00e4ddningen.<\/p>","_et_gb_content_width":"","iawp_total_views":19,"footnotes":""},"class_list":["post-40698","page","type-page","status-publish","hentry"],"_links":{"self":[{"href":"https:\/\/marinkamraterna.se\/vasteras\/wp-json\/wp\/v2\/pages\/40698","targetHints":{"allow":["GET"]}}],"collection":[{"href":"https:\/\/marinkamraterna.se\/vasteras\/wp-json\/wp\/v2\/pages"}],"about":[{"href":"https:\/\/marinkamraterna.se\/vasteras\/wp-json\/wp\/v2\/types\/page"}],"author":[{"embeddable":true,"href":"https:\/\/marinkamraterna.se\/vasteras\/wp-json\/wp\/v2\/users\/9"}],"replies":[{"embeddable":true,"href":"https:\/\/marinkamraterna.se\/vasteras\/wp-json\/wp\/v2\/comments?post=40698"}],"version-history":[{"count":7,"href":"https:\/\/marinkamraterna.se\/vasteras\/wp-json\/wp\/v2\/pages\/40698\/revisions"}],"predecessor-version":[{"id":40707,"href":"https:\/\/marinkamraterna.se\/vasteras\/wp-json\/wp\/v2\/pages\/40698\/revisions\/40707"}],"up":[{"embeddable":true,"href":"https:\/\/marinkamraterna.se\/vasteras\/wp-json\/wp\/v2\/pages\/35688"}],"wp:attachment":[{"href":"https:\/\/marinkamraterna.se\/vasteras\/wp-json\/wp\/v2\/media?parent=40698"}],"curies":[{"name":"wp","href":"https:\/\/api.w.org\/{rel}","templated":true}]}}