{"id":41587,"date":"2025-02-21T20:24:04","date_gmt":"2025-02-21T19:24:04","guid":{"rendered":"https:\/\/marinkamraterna.se\/vasteras\/?page_id=41587"},"modified":"2025-03-30T18:29:29","modified_gmt":"2025-03-30T16:29:29","slug":"styrelsesida-sidan-ar-losenordsskyddad","status":"publish","type":"page","link":"https:\/\/marinkamraterna.se\/vasteras\/startsidan\/om-foreningen\/styrelsesida-sidan-ar-losenordsskyddad\/","title":{"rendered":"Styrelsesida, kontakta admin f\u00f6r l\u00f6senord"},"content":{"rendered":"","protected":true},"excerpt":{"rendered":"","protected":true},"author":9,"featured_media":0,"parent":33152,"menu_order":0,"comment_status":"closed","ping_status":"closed","template":"","meta":{"_et_pb_use_builder":"on","_et_pb_old_content":"<p><strong>P\u00e5 denna sida finns styrelsem\u00f6tesprotokoll fr\u00e5n senaste \u00e5ren och diverse annat.<\/strong><\/p><p><img class=\"size-full wp-image-41488 alignleft\" src=\"https:\/\/marinkamraterna.se\/vasteras\/wp-content\/uploads\/sites\/14\/2024\/09\/Arsmote.jpg\" alt=\"\" width=\"526\" height=\"274\" \/><\/p><p>\u00a0<\/p>","_et_gb_content_width":"","iawp_total_views":86,"footnotes":""},"class_list":["post-41587","page","type-page","status-publish","post-password-required","hentry"],"_links":{"self":[{"href":"https:\/\/marinkamraterna.se\/vasteras\/wp-json\/wp\/v2\/pages\/41587","targetHints":{"allow":["GET"]}}],"collection":[{"href":"https:\/\/marinkamraterna.se\/vasteras\/wp-json\/wp\/v2\/pages"}],"about":[{"href":"https:\/\/marinkamraterna.se\/vasteras\/wp-json\/wp\/v2\/types\/page"}],"author":[{"embeddable":true,"href":"https:\/\/marinkamraterna.se\/vasteras\/wp-json\/wp\/v2\/users\/9"}],"replies":[{"embeddable":true,"href":"https:\/\/marinkamraterna.se\/vasteras\/wp-json\/wp\/v2\/comments?post=41587"}],"version-history":[{"count":23,"href":"https:\/\/marinkamraterna.se\/vasteras\/wp-json\/wp\/v2\/pages\/41587\/revisions"}],"predecessor-version":[{"id":41739,"href":"https:\/\/marinkamraterna.se\/vasteras\/wp-json\/wp\/v2\/pages\/41587\/revisions\/41739"}],"up":[{"embeddable":true,"href":"https:\/\/marinkamraterna.se\/vasteras\/wp-json\/wp\/v2\/pages\/33152"}],"wp:attachment":[{"href":"https:\/\/marinkamraterna.se\/vasteras\/wp-json\/wp\/v2\/media?parent=41587"}],"curies":[{"name":"wp","href":"https:\/\/api.w.org\/{rel}","templated":true}]}}