{"id":33152,"date":"2020-12-10T17:41:01","date_gmt":"2020-12-10T16:41:01","guid":{"rendered":"https:\/\/wwps.se\/?page_id=33152"},"modified":"2026-05-09T16:15:14","modified_gmt":"2026-05-09T14:15:14","slug":"om-foreningen","status":"publish","type":"page","link":"https:\/\/marinkamraterna.se\/vastervik\/om-foreningen\/","title":{"rendered":"Om f\u00f6reningen"},"content":{"rendered":"<p>[et_pb_section fb_built=&#8221;1&#8243; specialty=&#8221;on&#8221; padding_top_1=&#8221;45px&#8221; padding_top_2=&#8221;45px&#8221; padding_top_bottom_link_1=&#8221;false&#8221; padding_top_bottom_link_2=&#8221;false&#8221; padding_left_right_link_1=&#8221;false&#8221; padding_left_right_link_2=&#8221;false&#8221; _builder_version=&#8221;4.16&#8243; _module_preset=&#8221;default&#8221; custom_padding=&#8221;0px||||false|false&#8221; locked=&#8221;off&#8221; global_colors_info=&#8221;{}&#8221;][et_pb_column type=&#8221;3_4&#8243; specialty_columns=&#8221;3&#8243; _builder_version=&#8221;4.16&#8243; custom_padding=&#8221;|||&#8221; global_colors_info=&#8221;{}&#8221; custom_padding__hover=&#8221;|||&#8221;][et_pb_row_inner _builder_version=&#8221;4.16&#8243; _module_preset=&#8221;default&#8221; custom_padding=&#8221;0px||||false|false&#8221; global_colors_info=&#8221;{}&#8221;][et_pb_column_inner saved_specialty_column_type=&#8221;3_4&#8243; _builder_version=&#8221;4.16&#8243; _module_preset=&#8221;default&#8221; global_colors_info=&#8221;{}&#8221;][et_pb_post_title meta=&#8221;off&#8221; featured_image=&#8221;off&#8221; _builder_version=&#8221;4.16&#8243; _module_preset=&#8221;default&#8221; title_font_size=&#8221;35px&#8221; global_colors_info=&#8221;{}&#8221;][\/et_pb_post_title][et_pb_text _builder_version=&#8221;4.16&#8243; _module_preset=&#8221;default&#8221; global_colors_info=&#8221;{}&#8221;]<\/p>\n<p>Flottans M\u00e4n \u00e4r f\u00f6reningen f\u00f6r alla som har intresse f\u00f6r Flottan och vill vara med i kamratskapet kring Flottan. Flottans M\u00e4n v\u00e4rnar om det goda kamratskapet mellan oss som tidigare har tj\u00e4nstgjort i Marinen och om den gemenskap som finns mellan oss och dem som nu tj\u00e4nstg\u00f6r. Vi bidrar till att h\u00e5lla Marinens traditioner levande och till att sprida information om Marinen och dess verksamhet. Vi tr\u00e4ffas kring v\u00e5rt gemensamma intresse och har trevligt tillsammans.<\/p>\n<p>V\u00e4sterviks lokalf\u00f6rening bildades i april 1982. I maj samma \u00e5r bildades en interimsstyrelse best\u00e5ende av Nils Mattson, ordf\u00f6rande och Nils Thell valdes till vice ordf\u00f6rande. Till sekreterare i styrelsen uts\u00e5g man Gunnar Lindestrand, klubbm\u00e4stare blev Holger Wallin och som kass\u00f6r valdes S\u00f6lve Olofsson. &#8221;Startkapitalet&#8221; i f\u00f6reningen utgjordes av ett &#8221;l\u00e5n&#8221; fr\u00e5n Flottans M\u00e4n i Stockholm p\u00e5 1.000 kr. Medlemsavgiften best\u00e4mdes till 50 kr varav 15 kr gick till riksf\u00f6reningen. Antalet medlemmar i den nystartade f\u00f6reningen var 18 stycken, idag har f\u00f6reningen runt 100 medlemmar (vilket \u00e4r det n\u00e4st h\u00f6gsta medlemsantalet i Region Syd). Dessv\u00e4rre \u00e4r medel\u00e5ldern bland v\u00e5ra medlemmar ganska h\u00f6g, s\u00e5 det \u00e4r av stor vikt att vi kan rekrytera in nya medlemmar och p\u00e5 s\u00e5 s\u00e4tt f\u00f6rs\u00e4kra oss om att f\u00f6reningen kan f\u00e5 leva vidare in i framtiden. Under v\u00e5ren 2022 fyller f\u00f6reningen 40 \u00e5r och detta hoppas vi kunna uppm\u00e4rksamma med ett trevligt arrangemang f\u00f6r v\u00e5ra medlemmar men ocks\u00e5 f\u00f6r \u00f6vriga i V\u00e4stervik.<\/p>\n<p>V\u00e4sterviks lokalf\u00f6reningen har under \u00e5rens lopp f\u00e5tt st\u00e5 v\u00e4rd f\u00f6r Riks\u00e5rsm\u00f6tet vid ett flertal tillf\u00e4llen. Senaste g\u00e5ngen var 2015 d\u00e5 det samlades runt 100 medlemmar fr\u00e5n Flottans M\u00e4ns lokalf\u00f6reningar runt om i Sverige p\u00e5 V\u00e4stervik Resort. Ett m\u00f6te, vars uppl\u00e4gg blev v\u00e4ldigt uppskattat av alla n\u00e4rvarande.<\/p>\n<p>[\/et_pb_text][et_pb_image _builder_version=&#8221;4.16&#8243; _module_preset=&#8221;default&#8221; global_colors_info=&#8221;{}&#8221;][\/et_pb_image][et_pb_image src=&#8221;https:\/\/marinkamraterna.se\/vastervik\/wp-content\/uploads\/sites\/28\/2021\/12\/IMG_0031-1.jpg&#8221; title_text=&#8221;IMG 0031&#8243; _builder_version=&#8221;4.16&#8243; _module_preset=&#8221;default&#8221; global_colors_info=&#8221;{}&#8221;][\/et_pb_image][et_pb_text _builder_version=&#8221;4.16&#8243; _module_preset=&#8221;default&#8221; global_colors_info=&#8221;{}&#8221;]<\/p>\n<h6><em>Flottans M\u00e4n i V\u00e4stervik stod som v\u00e4rd f\u00f6r Riks\u00e5rsm\u00f6tet 2015, m\u00f6tet var f\u00f6rlagt till V\u00e4stervik Resort, och blev en uppskattad tillst\u00e4llning f\u00f6r deltagare fr\u00e5n Flottans M\u00e4ns lokalf\u00f6reningar i hela Sverige.<\/em><\/h6>\n<p>[\/et_pb_text][\/et_pb_column_inner][\/et_pb_row_inner][et_pb_row_inner column_structure=&#8221;1_2,1_2&#8243; _builder_version=&#8221;4.16&#8243; _module_preset=&#8221;default&#8221; custom_padding=&#8221;0px||||false|false&#8221; global_colors_info=&#8221;{}&#8221;][et_pb_column_inner type=&#8221;1_2&#8243; saved_specialty_column_type=&#8221;3_4&#8243; _builder_version=&#8221;4.16&#8243; _module_preset=&#8221;default&#8221; global_colors_info=&#8221;{}&#8221;][et_pb_text _builder_version=&#8221;4.16&#8243; _module_preset=&#8221;default&#8221; global_colors_info=&#8221;{}&#8221;][\/et_pb_text][\/et_pb_column_inner][et_pb_column_inner type=&#8221;1_2&#8243; saved_specialty_column_type=&#8221;3_4&#8243; _builder_version=&#8221;4.16&#8243; _module_preset=&#8221;default&#8221; global_colors_info=&#8221;{}&#8221;][\/et_pb_column_inner][\/et_pb_row_inner][\/et_pb_column][et_pb_column type=&#8221;1_4&#8243; _builder_version=&#8221;4.16&#8243; custom_padding=&#8221;|||&#8221; global_colors_info=&#8221;{}&#8221; custom_padding__hover=&#8221;|||&#8221;][et_pb_sidebar orientation=&#8221;right&#8221; area=&#8221;et_pb_widget_area_5&#8243; module_class=&#8221;right-menues&#8221; _builder_version=&#8221;4.9.11&#8243; _module_preset=&#8221;default&#8221; custom_margin=&#8221;||0px||false|false&#8221; global_module=&#8221;35107&#8243; saved_tabs=&#8221;all&#8221; locked=&#8221;on&#8221; global_colors_info=&#8221;{}&#8221;][\/et_pb_sidebar][et_pb_sidebar orientation=&#8221;right&#8221; _builder_version=&#8221;4.9.4&#8243; _module_preset=&#8221;default&#8221; header_font=&#8221;|600||on|||||&#8221; header_font_size=&#8221;20px&#8221; global_module=&#8221;33531&#8243; saved_tabs=&#8221;all&#8221; locked=&#8221;off&#8221; global_colors_info=&#8221;{}&#8221;][\/et_pb_sidebar][\/et_pb_column][\/et_pb_section]<\/p>\n","protected":false},"excerpt":{"rendered":"<p>Flottans M\u00e4n \u00e4r f\u00f6reningen f\u00f6r alla som har intresse f\u00f6r Flottan och vill vara med i kamratskapet kring Flottan. Flottans M\u00e4n v\u00e4rnar om det goda kamratskapet mellan oss som tidigare har tj\u00e4nstgjort i Marinen och om den gemenskap som finns mellan oss och dem som nu tj\u00e4nstg\u00f6r. Vi bidrar till att h\u00e5lla Marinens traditioner levande [&hellip;]<\/p>\n","protected":false},"author":1,"featured_media":0,"parent":0,"menu_order":1,"comment_status":"closed","ping_status":"closed","template":"","meta":{"_et_pb_use_builder":"on","_et_pb_old_content":"","_et_gb_content_width":"","iawp_total_views":173,"footnotes":""},"class_list":["post-33152","page","type-page","status-publish","hentry"],"_links":{"self":[{"href":"https:\/\/marinkamraterna.se\/vastervik\/wp-json\/wp\/v2\/pages\/33152","targetHints":{"allow":["GET"]}}],"collection":[{"href":"https:\/\/marinkamraterna.se\/vastervik\/wp-json\/wp\/v2\/pages"}],"about":[{"href":"https:\/\/marinkamraterna.se\/vastervik\/wp-json\/wp\/v2\/types\/page"}],"author":[{"embeddable":true,"href":"https:\/\/marinkamraterna.se\/vastervik\/wp-json\/wp\/v2\/users\/1"}],"replies":[{"embeddable":true,"href":"https:\/\/marinkamraterna.se\/vastervik\/wp-json\/wp\/v2\/comments?post=33152"}],"version-history":[{"count":11,"href":"https:\/\/marinkamraterna.se\/vastervik\/wp-json\/wp\/v2\/pages\/33152\/revisions"}],"predecessor-version":[{"id":40878,"href":"https:\/\/marinkamraterna.se\/vastervik\/wp-json\/wp\/v2\/pages\/33152\/revisions\/40878"}],"wp:attachment":[{"href":"https:\/\/marinkamraterna.se\/vastervik\/wp-json\/wp\/v2\/media?parent=33152"}],"curies":[{"name":"wp","href":"https:\/\/api.w.org\/{rel}","templated":true}]}}