{"id":33353,"date":"2021-04-05T13:38:35","date_gmt":"2021-04-05T11:38:35","guid":{"rendered":"https:\/\/andersa6.sg-host.com\/?page_id=33353"},"modified":"2026-03-10T18:04:46","modified_gmt":"2026-03-10T17:04:46","slug":"program","status":"publish","type":"page","link":"https:\/\/marinkamraterna.se\/vastervik\/program\/","title":{"rendered":"Program"},"content":{"rendered":"<p>[et_pb_section fb_built=&#8221;1&#8243; specialty=&#8221;on&#8221; padding_top_1=&#8221;45px&#8221; padding_top_2=&#8221;45px&#8221; padding_top_bottom_link_1=&#8221;false&#8221; padding_top_bottom_link_2=&#8221;false&#8221; padding_left_right_link_1=&#8221;false&#8221; padding_left_right_link_2=&#8221;false&#8221; _builder_version=&#8221;4.16&#8243; _module_preset=&#8221;default&#8221; custom_margin=&#8221;||||false|false&#8221; custom_padding=&#8221;0px||||false|false&#8221; locked=&#8221;off&#8221; global_colors_info=&#8221;{}&#8221;][et_pb_column type=&#8221;3_4&#8243; specialty_columns=&#8221;3&#8243; _builder_version=&#8221;4.16&#8243; custom_padding=&#8221;|||&#8221; global_colors_info=&#8221;{}&#8221; custom_padding__hover=&#8221;|||&#8221;][et_pb_row_inner _builder_version=&#8221;4.16&#8243; _module_preset=&#8221;default&#8221; custom_padding=&#8221;0px||||false|false&#8221; global_colors_info=&#8221;{}&#8221;][et_pb_column_inner saved_specialty_column_type=&#8221;3_4&#8243; _builder_version=&#8221;4.16&#8243; _module_preset=&#8221;default&#8221; global_colors_info=&#8221;{}&#8221;][et_pb_post_title meta=&#8221;off&#8221; featured_image=&#8221;off&#8221; _builder_version=&#8221;4.16&#8243; _module_preset=&#8221;default&#8221; title_font_size=&#8221;35px&#8221; global_colors_info=&#8221;{}&#8221;][\/et_pb_post_title][et_pb_text _builder_version=&#8221;4.23.4&#8243; _module_preset=&#8221;default&#8221; global_colors_info=&#8221;{}&#8221;]<\/p>\n<p>Nu \u00e4r programmet f\u00f6r 2026 spikat. Programpunkterna kan ev \u00e4ndras, men datumen st\u00e5r fast. Vi ses i v\u00e5r\u00a0 Marinstuga och tiden kl 18.00 om inget annat anges. <br \/>Vi forts\u00e4tter skicka inbjudan via SMS och hoppas att detta fungerar.<br \/>Anm\u00e4lan om deltagande g\u00f6rs till e-post: <a href=\"mailto:vastervik@flottansman.se\">vastervik@marinkamraterna.se<\/a>\u00a0eller till Barbro Bewernick p\u00e5 tfn\/sms <br \/>076-136 68 45. Detta st\u00e5r \u00e4ven i SMS:et som g\u00e5r ut i samband med inbjudan. Har du som medlem fr\u00e5gor h\u00f6r av dig till Barbro Bewernick, tfn 076-136 68 45 eller ordf\u00f6rande \u00c5ke Revelj, tfn 079-341 14 26.<\/p>\n<p>[\/et_pb_text][et_pb_text _builder_version=&#8221;4.27.4&#8243; _module_preset=&#8221;default&#8221; global_colors_info=&#8221;{}&#8221;]<\/p>\n<p><strong><span style=\"text-decoration: underline\">V\u00c5REN -26<\/span><br \/>M\u00e5ndag 26\/1<br \/><\/strong><strong>Magnus Holmbom<\/strong>\u00a0fr\u00e5n Sj\u00f6v\u00e4rnsk\u00e5ren och <strong>Lars Garstedt<\/strong> fr\u00e5n Frivilliga Radioorganisationen g\u00e4star oss och ber\u00e4ttar om deras olika verksamheter. <strong>Anm\u00e4lan senast 23\/1.<\/strong><\/p>\n<p><strong>M\u00e5ndag 23\/2<\/strong><b><br \/><strong>Niclas Wallander<\/strong><\/b>, V\u00e4sterviks Speedway, ber\u00e4ttar om resan som tog V\u00e4stervik till SM-guldet s\u00e4songen 2025 och om framtidsvisionerna f\u00f6r klubben. <strong>Anm\u00e4lan senast 20\/2<\/strong>.<\/p>\n<p><strong>M\u00e5ndag 23\/3<\/strong><b><u><br \/><\/u><strong>\u00c5rsm\u00f6te. <\/strong><\/b>Kallelse utg\u00e5r enligt stadgarna. Annons \u00e4ven i lokaltidningen. F\u00f6rslag\/motioner till \u00e5rsm\u00f6tet ska vara styrelsen tillhanda senast 2\/3 -26. Samtliga \u00e5rsm\u00f6teshandlingar kommer att finnas tillg\u00e4ngliga vid m\u00f6tet. Medlem som \u00f6nskar f\u00e5 tillg\u00e5ng till handlingarna innan m\u00f6tet kan kontakta Barbro Bewernick, tfn 076-136 68 45 eller e-post: <a href=\"mailto:vastervik@flottansman.se\">vastervik@marinkamraterna.se<\/a>. <strong>Anm\u00e4lan till \u00e5rsm\u00f6tet senast 17\/3<\/strong>.<\/p>\n<p><strong>M\u00e5ndag 20\/4<\/strong><b><u><br \/><\/u><strong>J\u00f6rgen Eriksson <\/strong><\/b>medlem i v\u00e5r f\u00f6rening, tillika ordf\u00f6rande i Tjust Sl\u00e4ktforskarf\u00f6rening, ber\u00e4ttar om B\u00e5tsm\u00e4n i Tjust. <strong>Anm\u00e4lan senast 17\/4<\/strong>.<\/p>\n<p><strong>L\u00f6rdag 30\/5<\/strong><b><u><br \/><\/u><strong>V\u00e5rlunch p\u00e5 Gr\u00f6n\u00f6\/Sp\u00e5r\u00f6 <\/strong><\/b>Mer information kommer senare. <strong>Anm\u00e4lan senast 23\/5.<\/strong><\/p>\n<p><span style=\"text-decoration: underline\"><strong>H\u00d6STEN -26<br \/><\/strong><\/span><strong>M\u00e5ndag 24\/8<br \/>Titanicmannen? <\/strong>F\u00f6rhoppningsvis har vi lyckats hitta en person som kan ber\u00e4tta historien kring en person som \u00f6verlevde Titanics underg\u00e5ng. Programmet uppdateras n\u00e4r det \u00e4r helt fastst\u00e4llt. <strong>Anm\u00e4lan senaste 21\/8<\/strong>.<strong><br \/><\/strong><\/p>\n<p><strong>M\u00e5ndag 21\/9<br \/>Rikard Bergstr\u00f6m, <\/strong>Pampas Marina, ber\u00e4ttar om Lillian II och hur hon renoverades i V\u00e4stervik och hennes resa tillbaka till sin f\u00f6delsehamn &#8211; Stockholm. <strong>Anm\u00e4lan senast 18\/9<\/strong>.<\/p>\n<p><strong>M\u00e5ndag 26\/10<\/strong><br \/><strong>Roland Johansson, <\/strong>medlem i f\u00f6reningen, tar oss med p\u00e5 en resa under vattenytan, dvs undervattensarbeten. <strong>Anm\u00e4lan senast 23\/10<\/strong>.<\/p>\n<p><strong>L\u00f6rdag 5\/12<\/strong><br \/><strong>&#8221;Julkalas&#8221;.<\/strong> Programmet \u00e4r inte f\u00e4rdigst\u00e4llt, vi \u00e5terkommer s\u00e5 klart i god tid med uppl\u00e4gget. <strong>Sista anm\u00e4lningsdatum uppdateras.<\/strong><\/p>\n<p>&nbsp;<\/p>\n<p>[\/et_pb_text][et_pb_text _builder_version=&#8221;4.23.4&#8243; _module_preset=&#8221;default&#8221; global_colors_info=&#8221;{}&#8221;][\/et_pb_text][\/et_pb_column_inner][\/et_pb_row_inner][et_pb_row_inner column_structure=&#8221;1_2,1_2&#8243; _builder_version=&#8221;4.16&#8243; _module_preset=&#8221;default&#8221; custom_padding=&#8221;0px||||false|false&#8221; global_colors_info=&#8221;{}&#8221;][et_pb_column_inner type=&#8221;1_2&#8243; saved_specialty_column_type=&#8221;3_4&#8243; _builder_version=&#8221;4.16&#8243; _module_preset=&#8221;default&#8221; global_colors_info=&#8221;{}&#8221;][et_pb_text _builder_version=&#8221;4.16&#8243; _module_preset=&#8221;default&#8221; global_colors_info=&#8221;{}&#8221;][\/et_pb_text][\/et_pb_column_inner][et_pb_column_inner type=&#8221;1_2&#8243; saved_specialty_column_type=&#8221;3_4&#8243; _builder_version=&#8221;4.16&#8243; _module_preset=&#8221;default&#8221; global_colors_info=&#8221;{}&#8221;][\/et_pb_column_inner][\/et_pb_row_inner][\/et_pb_column][et_pb_column type=&#8221;1_4&#8243; _builder_version=&#8221;4.16&#8243; custom_padding=&#8221;|||&#8221; global_colors_info=&#8221;{}&#8221; custom_padding__hover=&#8221;|||&#8221;][et_pb_text _builder_version=&#8221;4.16&#8243; _module_preset=&#8221;default&#8221; text_font=&#8221;||on||||||&#8221; text_font_size=&#8221;14px&#8221; global_colors_info=&#8221;{}&#8221;]<\/p>\n<p>Bildtext<\/p>\n<p>[\/et_pb_text][et_pb_sidebar orientation=&#8221;right&#8221; _builder_version=&#8221;4.9.4&#8243; _module_preset=&#8221;default&#8221; header_font=&#8221;|600||on|||||&#8221; header_font_size=&#8221;20px&#8221; global_module=&#8221;33531&#8243; saved_tabs=&#8221;all&#8221; locked=&#8221;off&#8221; global_colors_info=&#8221;{}&#8221;][\/et_pb_sidebar][\/et_pb_column][\/et_pb_section]<\/p>\n","protected":false},"excerpt":{"rendered":"<p>Nu \u00e4r programmet f\u00f6r 2026 spikat. Programpunkterna kan ev \u00e4ndras, men datumen st\u00e5r fast. Vi ses i v\u00e5r\u00a0 Marinstuga och tiden kl 18.00 om inget annat anges. Vi forts\u00e4tter skicka inbjudan via SMS och hoppas att detta fungerar.Anm\u00e4lan om deltagande g\u00f6rs till e-post: vastervik@marinkamraterna.se\u00a0eller till Barbro Bewernick p\u00e5 tfn\/sms 076-136 68 45. Detta st\u00e5r \u00e4ven [&hellip;]<\/p>\n","protected":false},"author":1,"featured_media":0,"parent":0,"menu_order":4,"comment_status":"closed","ping_status":"closed","template":"","meta":{"_et_pb_use_builder":"on","_et_pb_old_content":"[wpforms id=\"2000\" title=\"false\" description=\"false\"]","_et_gb_content_width":"","iawp_total_views":515,"footnotes":""},"class_list":["post-33353","page","type-page","status-publish","hentry"],"_links":{"self":[{"href":"https:\/\/marinkamraterna.se\/vastervik\/wp-json\/wp\/v2\/pages\/33353","targetHints":{"allow":["GET"]}}],"collection":[{"href":"https:\/\/marinkamraterna.se\/vastervik\/wp-json\/wp\/v2\/pages"}],"about":[{"href":"https:\/\/marinkamraterna.se\/vastervik\/wp-json\/wp\/v2\/types\/page"}],"author":[{"embeddable":true,"href":"https:\/\/marinkamraterna.se\/vastervik\/wp-json\/wp\/v2\/users\/1"}],"replies":[{"embeddable":true,"href":"https:\/\/marinkamraterna.se\/vastervik\/wp-json\/wp\/v2\/comments?post=33353"}],"version-history":[{"count":86,"href":"https:\/\/marinkamraterna.se\/vastervik\/wp-json\/wp\/v2\/pages\/33353\/revisions"}],"predecessor-version":[{"id":40936,"href":"https:\/\/marinkamraterna.se\/vastervik\/wp-json\/wp\/v2\/pages\/33353\/revisions\/40936"}],"wp:attachment":[{"href":"https:\/\/marinkamraterna.se\/vastervik\/wp-json\/wp\/v2\/media?parent=33353"}],"curies":[{"name":"wp","href":"https:\/\/api.w.org\/{rel}","templated":true}]}}