{"id":33986,"date":"2021-06-04T19:12:08","date_gmt":"2021-06-04T17:12:08","guid":{"rendered":"http:\/\/andersa6.sg-host.com\/vastervik\/?page_id=33986"},"modified":"2026-04-09T18:45:04","modified_gmt":"2026-04-09T16:45:04","slug":"styrelse","status":"publish","type":"page","link":"https:\/\/marinkamraterna.se\/vastervik\/om-foreningen\/styrelse\/","title":{"rendered":"Styrelsen"},"content":{"rendered":"<p>[et_pb_section fb_built=&#8221;1&#8243; specialty=&#8221;on&#8221; padding_top_1=&#8221;45px&#8221; padding_top_2=&#8221;45px&#8221; padding_top_bottom_link_1=&#8221;false&#8221; padding_top_bottom_link_2=&#8221;false&#8221; padding_left_right_link_1=&#8221;false&#8221; padding_left_right_link_2=&#8221;false&#8221; _builder_version=&#8221;4.16&#8243; _module_preset=&#8221;default&#8221; custom_margin=&#8221;||||false|false&#8221; custom_padding=&#8221;0px||||false|false&#8221; locked=&#8221;off&#8221; global_colors_info=&#8221;{}&#8221;][et_pb_column type=&#8221;3_4&#8243; specialty_columns=&#8221;3&#8243; _builder_version=&#8221;4.16&#8243; custom_padding=&#8221;|||&#8221; global_colors_info=&#8221;{}&#8221; custom_padding__hover=&#8221;|||&#8221;][et_pb_row_inner _builder_version=&#8221;4.16&#8243; _module_preset=&#8221;default&#8221; custom_padding=&#8221;0px||||false|false&#8221; global_colors_info=&#8221;{}&#8221;][et_pb_column_inner saved_specialty_column_type=&#8221;3_4&#8243; _builder_version=&#8221;4.27.6&#8243; _module_preset=&#8221;default&#8221;][et_pb_post_title meta=&#8221;off&#8221; featured_image=&#8221;off&#8221; _builder_version=&#8221;4.16&#8243; _module_preset=&#8221;default&#8221; title_font_size=&#8221;35px&#8221; global_colors_info=&#8221;{}&#8221;][\/et_pb_post_title][et_pb_text _builder_version=&#8221;4.24.3&#8243; _module_preset=&#8221;default&#8221; global_colors_info=&#8221;{}&#8221;]<\/p>\n<p><strong><br \/>Styrelsen f\u00f6r F\u00f6reningen Marinkamraterna i V\u00e4stervik har sedan \u00e5rsm\u00f6tet 2026-03-23 f\u00f6ljande sammans\u00e4ttning:<br \/><\/strong>Styrelsens konstituerande m\u00f6te h\u00f6lls 2026-04-07<br \/>Ordf\u00f6rande: \u00c5ke Revelj, vald vid \u00e5rsm\u00f6tet 26-03-23, <a href=\"mailto:akerevelj@hotmail.com,\">akerevelj@hotmail.com,<\/a> 079-341 14 26<br \/>Vice ordf\u00f6rande: Rolf Lindh, <a href=\"mailto:Roffanlindh@hotmail.com,\">roffanlindh@hotmail.com,<\/a> 073-181 28 22<br \/>Kass\u00f6r: Barbro Bewernick, <a href=\"mailto:vastervik@marinkamraterna.se,\">vastervik@marinkamraterna.se,<\/a> 076-136 68 45<br \/>Vice kass\u00f6r: Leif Arvidsson, <a href=\"mailto:ylva.leif@telia.com,\">ylva.leif@telia.com,<\/a> 070-244 57 23<br \/>Sekreterare: Barbro Bewernick, <a href=\"mailto:vastervik@marinkamraterna.se\">vastervik@marinkamraterna.se,<\/a>\u00a0076-136 68 45<br \/>Vice sekreterare: Krister Johansson, <a href=\"mailto:kristerjo1@hotmail.com,\">kristerjo1@hotmail.com,<\/a> 072-708 41 33<br \/><span style=\"text-decoration: underline\">\u00d6vriga ledam\u00f6ter:<\/span><br \/>Roland Johansson, <a href=\"mailto:roland1.json@gmailcom,\">roland1.json@gmail.com,<\/a>\u00a0070-652 35 28<br \/>Jan Hamberg, <a href=\"mailto:janhamberg@telia.com\">janhamberg@telia.com, <\/a>070-682 24 11<br \/><span style=\"text-decoration: underline\">Styrelsesuppleanter:<\/span><br \/>J\u00f6rgen Eriksson, Bj\u00f6rn Hagb\u00e4cker &amp; vakant<\/p>\n<p><strong>\u00d6vriga funktioner:<br \/><\/strong><span style=\"text-decoration: underline\">Valberedning:<br \/><\/span>Birgitta Revelj, Bo Andersson &amp; vakant<br \/><span style=\"text-decoration: underline\">Revisorer:<br \/><\/span>Gert Johansson &amp; Perry Ess\u00e9n<span style=\"text-decoration: underline\"><br \/>Revisorsuppleanter:<br \/><\/span>Peter Polla &amp; Bo Johansson<br \/><span style=\"text-decoration: underline\">Ansvarig f\u00f6r hemsidan<\/span>:<br \/>Barbro Bewernick, <a href=\"mailto:barbro.bewernick@hotmail.com,\">vastervik@marinkamraterna.se,<\/a>\u00a0076-136 68 45<\/p>\n<p>&nbsp;<\/p>\n<p>[\/et_pb_text][\/et_pb_column_inner][\/et_pb_row_inner][et_pb_row_inner column_structure=&#8221;1_2,1_2&#8243; _builder_version=&#8221;4.16&#8243; _module_preset=&#8221;default&#8221; custom_padding=&#8221;0px||||false|false&#8221; global_colors_info=&#8221;{}&#8221;][et_pb_column_inner type=&#8221;1_2&#8243; saved_specialty_column_type=&#8221;3_4&#8243; _builder_version=&#8221;4.16&#8243; _module_preset=&#8221;default&#8221; global_colors_info=&#8221;{}&#8221;][et_pb_text _builder_version=&#8221;4.16&#8243; _module_preset=&#8221;default&#8221; global_colors_info=&#8221;{}&#8221;][\/et_pb_text][\/et_pb_column_inner][et_pb_column_inner type=&#8221;1_2&#8243; saved_specialty_column_type=&#8221;3_4&#8243; _builder_version=&#8221;4.16&#8243; _module_preset=&#8221;default&#8221; global_colors_info=&#8221;{}&#8221;][et_pb_image alt=&#8221;ship helm&#8221; title_text=&#8221;Photo by Joseph Barrientos&#8221; _builder_version=&#8221;4.16&#8243; _module_preset=&#8221;default&#8221; global_colors_info=&#8221;{}&#8221;][\/et_pb_image][\/et_pb_column_inner][\/et_pb_row_inner][et_pb_row_inner column_structure=&#8221;1_3,1_3,1_3&#8243; _builder_version=&#8221;4.16&#8243; _module_preset=&#8221;default&#8221; custom_padding=&#8221;0px||||false|false&#8221; global_colors_info=&#8221;{}&#8221;][et_pb_column_inner type=&#8221;1_3&#8243; saved_specialty_column_type=&#8221;3_4&#8243; _builder_version=&#8221;4.16&#8243; _module_preset=&#8221;default&#8221; global_colors_info=&#8221;{}&#8221;][\/et_pb_column_inner][et_pb_column_inner type=&#8221;1_3&#8243; saved_specialty_column_type=&#8221;3_4&#8243; _builder_version=&#8221;4.16&#8243; _module_preset=&#8221;default&#8221; global_colors_info=&#8221;{}&#8221;][\/et_pb_column_inner][et_pb_column_inner type=&#8221;1_3&#8243; saved_specialty_column_type=&#8221;3_4&#8243; _builder_version=&#8221;4.16&#8243; _module_preset=&#8221;default&#8221; global_colors_info=&#8221;{}&#8221;][\/et_pb_column_inner][\/et_pb_row_inner][\/et_pb_column][et_pb_column type=&#8221;1_4&#8243; _builder_version=&#8221;4.16&#8243; custom_padding=&#8221;|||&#8221; global_colors_info=&#8221;{}&#8221; custom_padding__hover=&#8221;|||&#8221;][et_pb_image src=&#8221;https:\/\/marinkamraterna.se\/vastervik\/wp-content\/uploads\/sites\/28\/2021\/10\/marinstugan-211025.jpg&#8221; alt=&#8221;body of water during golden hour&#8221; title_text=&#8221;Marinstugan 211025&#8243; _builder_version=&#8221;4.16&#8243; _module_preset=&#8221;default&#8221; custom_margin=&#8221;||10px||false|false&#8221; custom_padding=&#8221;||||false|false&#8221; global_colors_info=&#8221;{}&#8221;][\/et_pb_image][et_pb_text _builder_version=&#8221;4.16&#8243; _module_preset=&#8221;default&#8221; text_font=&#8221;||on||||||&#8221; text_font_size=&#8221;14px&#8221; global_colors_info=&#8221;{}&#8221;]<\/p>\n<p>Bildtext<\/p>\n<p>[\/et_pb_text][et_pb_sidebar orientation=&#8221;right&#8221; area=&#8221;et_pb_widget_area_5&#8243; module_class=&#8221;right-menues&#8221; _builder_version=&#8221;4.9.11&#8243; _module_preset=&#8221;default&#8221; custom_margin=&#8221;||0px||false|false&#8221; global_module=&#8221;35107&#8243; saved_tabs=&#8221;all&#8221; locked=&#8221;on&#8221; global_colors_info=&#8221;{}&#8221;][\/et_pb_sidebar][et_pb_sidebar orientation=&#8221;right&#8221; _builder_version=&#8221;4.9.4&#8243; _module_preset=&#8221;default&#8221; header_font=&#8221;|600||on|||||&#8221; header_font_size=&#8221;20px&#8221; global_module=&#8221;33531&#8243; saved_tabs=&#8221;all&#8221; locked=&#8221;off&#8221; global_colors_info=&#8221;{}&#8221;][\/et_pb_sidebar][\/et_pb_column][\/et_pb_section]<\/p>\n","protected":false},"excerpt":{"rendered":"<p>Styrelsen f\u00f6r F\u00f6reningen Marinkamraterna i V\u00e4stervik har sedan \u00e5rsm\u00f6tet 2026-03-23 f\u00f6ljande sammans\u00e4ttning:Styrelsens konstituerande m\u00f6te h\u00f6lls 2026-04-07Ordf\u00f6rande: \u00c5ke Revelj, vald vid \u00e5rsm\u00f6tet 26-03-23, akerevelj@hotmail.com, 079-341 14 26Vice ordf\u00f6rande: Rolf Lindh, roffanlindh@hotmail.com, 073-181 28 22Kass\u00f6r: Barbro Bewernick, vastervik@marinkamraterna.se, 076-136 68 45Vice kass\u00f6r: Leif Arvidsson, ylva.leif@telia.com, 070-244 57 23Sekreterare: Barbro Bewernick, vastervik@marinkamraterna.se,\u00a0076-136 68 45Vice sekreterare: Krister Johansson, kristerjo1@hotmail.com, [&hellip;]<\/p>\n","protected":false},"author":1,"featured_media":0,"parent":33152,"menu_order":3,"comment_status":"closed","ping_status":"closed","template":"","meta":{"_et_pb_use_builder":"on","_et_pb_old_content":"","_et_gb_content_width":"","iawp_total_views":399,"footnotes":""},"class_list":["post-33986","page","type-page","status-publish","hentry"],"_links":{"self":[{"href":"https:\/\/marinkamraterna.se\/vastervik\/wp-json\/wp\/v2\/pages\/33986","targetHints":{"allow":["GET"]}}],"collection":[{"href":"https:\/\/marinkamraterna.se\/vastervik\/wp-json\/wp\/v2\/pages"}],"about":[{"href":"https:\/\/marinkamraterna.se\/vastervik\/wp-json\/wp\/v2\/types\/page"}],"author":[{"embeddable":true,"href":"https:\/\/marinkamraterna.se\/vastervik\/wp-json\/wp\/v2\/users\/1"}],"replies":[{"embeddable":true,"href":"https:\/\/marinkamraterna.se\/vastervik\/wp-json\/wp\/v2\/comments?post=33986"}],"version-history":[{"count":32,"href":"https:\/\/marinkamraterna.se\/vastervik\/wp-json\/wp\/v2\/pages\/33986\/revisions"}],"predecessor-version":[{"id":40970,"href":"https:\/\/marinkamraterna.se\/vastervik\/wp-json\/wp\/v2\/pages\/33986\/revisions\/40970"}],"up":[{"embeddable":true,"href":"https:\/\/marinkamraterna.se\/vastervik\/wp-json\/wp\/v2\/pages\/33152"}],"wp:attachment":[{"href":"https:\/\/marinkamraterna.se\/vastervik\/wp-json\/wp\/v2\/media?parent=33986"}],"curies":[{"name":"wp","href":"https:\/\/api.w.org\/{rel}","templated":true}]}}