{"id":33992,"date":"2021-06-04T19:14:35","date_gmt":"2021-06-04T17:14:35","guid":{"rendered":"http:\/\/andersa6.sg-host.com\/vastervik\/?page_id=33992"},"modified":"2026-03-21T15:57:47","modified_gmt":"2026-03-21T14:57:47","slug":"verksamhetsberattelse","status":"publish","type":"page","link":"https:\/\/marinkamraterna.se\/vastervik\/om-foreningen\/verksamhetsberattelse\/","title":{"rendered":"Verksamhetsber\u00e4ttelser"},"content":{"rendered":"<p>[et_pb_section fb_built=&#8221;1&#8243; specialty=&#8221;on&#8221; padding_top_1=&#8221;45px&#8221; padding_top_2=&#8221;45px&#8221; padding_top_bottom_link_1=&#8221;false&#8221; padding_top_bottom_link_2=&#8221;false&#8221; padding_left_right_link_1=&#8221;false&#8221; padding_left_right_link_2=&#8221;false&#8221; _builder_version=&#8221;4.16&#8243; _module_preset=&#8221;default&#8221; custom_margin=&#8221;||||false|false&#8221; custom_padding=&#8221;0px||||false|false&#8221; locked=&#8221;off&#8221; global_colors_info=&#8221;{}&#8221;][et_pb_column type=&#8221;3_4&#8243; specialty_columns=&#8221;3&#8243; _builder_version=&#8221;4.16&#8243; custom_padding=&#8221;|||&#8221; global_colors_info=&#8221;{}&#8221; custom_padding__hover=&#8221;|||&#8221;][et_pb_row_inner _builder_version=&#8221;4.16&#8243; _module_preset=&#8221;default&#8221; custom_padding=&#8221;0px||||false|false&#8221; global_colors_info=&#8221;{}&#8221;][et_pb_column_inner saved_specialty_column_type=&#8221;3_4&#8243; _builder_version=&#8221;4.16&#8243; _module_preset=&#8221;default&#8221; global_colors_info=&#8221;{}&#8221;][et_pb_post_title meta=&#8221;off&#8221; featured_image=&#8221;off&#8221; _builder_version=&#8221;4.16&#8243; _module_preset=&#8221;default&#8221; title_font_size=&#8221;35px&#8221; global_colors_info=&#8221;{}&#8221;][\/et_pb_post_title][et_pb_text _builder_version=&#8221;4.27.6&#8243; _module_preset=&#8221;default&#8221; hover_enabled=&#8221;0&#8243; global_colors_info=&#8221;{}&#8221; sticky_enabled=&#8221;0&#8243;]<\/p>\n<ul>\n<li><a href=\"https:\/\/marinkamraterna.se\/vastervik\/wp-content\/uploads\/sites\/28\/2026\/03\/26-03-02-Verksamhetsberattelse_2025.pdf\">Verksamhetsber\u00e4ttelse f\u00f6r 2025, Flottans M\u00e4n &#8211; V\u00e4stervik<\/a><\/li>\n<li><a href=\"https:\/\/marinkamraterna.se\/vastervik\/wp-content\/uploads\/sites\/28\/2025\/04\/25-03-03-Verksamhetsberattelse_2024.pdf\" target=\"_blank\" rel=\"noopener\">Verksamhetsber\u00e4ttelse f\u00f6r 2024, Flottans M\u00e4n &#8211; V\u00e4stervik<\/a><\/li>\n<li><a href=\"https:\/\/marinkamraterna.se\/vastervik\/wp-content\/uploads\/sites\/28\/2024\/04\/Verksamhetsberattelse_2023.pdf\" target=\"_blank\" rel=\"noopener\">Verksamhetsber\u00e4ttelse f\u00f6r 2023, Flottans M\u00e4n &#8211; V\u00e4stervik<\/a><\/li>\n<li><a href=\"https:\/\/marinkamraterna.se\/vastervik\/wp-content\/uploads\/sites\/28\/2023\/03\/23-03-06-Verksamhetsberattelse_2022_undertecknad.pdf\" target=\"_blank\" rel=\"noopener\">Verksamhetsber\u00e4ttelse f\u00f6r 2022, Flottans M\u00e4n &#8211; V\u00e4stervik<\/a><\/li>\n<li><a href=\"https:\/\/marinkamraterna.se\/vastervik\/wp-content\/uploads\/sites\/28\/2022\/04\/22-03-07-Verksamhetsberattelse-for-2021_ej-underskrift.pdf\">Verksamhetsber\u00e4ttelse f\u00f6r 2021, Flottans M\u00e4n &#8211; V\u00e4stervik<\/a><\/li>\n<li><a href=\"http:\/\/marinkamraterna.se\/vastervik\/wp-content\/uploads\/sites\/28\/2021\/10\/FM-verksamhetsberattelse-2020.pdf\" rel=\"attachment wp-att-35450\">Verksamhetsber\u00e4ttelse f\u00f6r 2020, Flottans M\u00e4n &#8211; V\u00e4stervik<\/a><\/li>\n<li><a href=\"http:\/\/marinkamraterna.se\/vastervik\/wp-content\/uploads\/sites\/28\/2021\/10\/FM-verksamhetsberattelse-2019.pdf\" rel=\"attachment wp-att-35449\">Verksamhetsber\u00e4ttelse f\u00f6r 2019, Flottans M\u00e4n &#8211; V\u00e4stervik<\/a><\/li>\n<\/ul>\n<p>[\/et_pb_text][et_pb_text _builder_version=&#8221;4.16&#8243; _module_preset=&#8221;default&#8221; global_colors_info=&#8221;{}&#8221;][\/et_pb_text][\/et_pb_column_inner][\/et_pb_row_inner][\/et_pb_column][et_pb_column type=&#8221;1_4&#8243; _builder_version=&#8221;4.16&#8243; custom_padding=&#8221;|||&#8221; global_colors_info=&#8221;{}&#8221; custom_padding__hover=&#8221;|||&#8221;][et_pb_text _builder_version=&#8221;4.16&#8243; _module_preset=&#8221;default&#8221; text_font=&#8221;||on||||||&#8221; text_font_size=&#8221;14px&#8221; global_colors_info=&#8221;{}&#8221;]<\/p>\n<p>Bildtext<\/p>\n<p>[\/et_pb_text][et_pb_sidebar orientation=&#8221;right&#8221; area=&#8221;et_pb_widget_area_5&#8243; module_class=&#8221;right-menues&#8221; _builder_version=&#8221;4.9.11&#8243; _module_preset=&#8221;default&#8221; custom_margin=&#8221;||0px||false|false&#8221; global_module=&#8221;35107&#8243; saved_tabs=&#8221;all&#8221; global_colors_info=&#8221;{}&#8221;][\/et_pb_sidebar][et_pb_sidebar orientation=&#8221;right&#8221; _builder_version=&#8221;4.9.4&#8243; _module_preset=&#8221;default&#8221; header_font=&#8221;|600||on|||||&#8221; header_font_size=&#8221;20px&#8221; global_module=&#8221;33531&#8243; saved_tabs=&#8221;all&#8221; locked=&#8221;off&#8221; global_colors_info=&#8221;{}&#8221;][\/et_pb_sidebar][\/et_pb_column][\/et_pb_section]<\/p>\n","protected":false},"excerpt":{"rendered":"<p>Verksamhetsber\u00e4ttelse f\u00f6r 2025, Flottans M\u00e4n &#8211; V\u00e4stervik Verksamhetsber\u00e4ttelse f\u00f6r 2024, Flottans M\u00e4n &#8211; V\u00e4stervik Verksamhetsber\u00e4ttelse f\u00f6r 2023, Flottans M\u00e4n &#8211; V\u00e4stervik Verksamhetsber\u00e4ttelse f\u00f6r 2022, Flottans M\u00e4n &#8211; V\u00e4stervik Verksamhetsber\u00e4ttelse f\u00f6r 2021, Flottans M\u00e4n &#8211; V\u00e4stervik Verksamhetsber\u00e4ttelse f\u00f6r 2020, Flottans M\u00e4n &#8211; V\u00e4stervik Verksamhetsber\u00e4ttelse f\u00f6r 2019, Flottans M\u00e4n &#8211; V\u00e4stervik Bildtext<\/p>\n","protected":false},"author":1,"featured_media":0,"parent":33152,"menu_order":5,"comment_status":"closed","ping_status":"closed","template":"","meta":{"_et_pb_use_builder":"on","_et_pb_old_content":"<p>Du kan ta del av f\u00f6reningens verksamhetsber\u00e4ttelse genom att klicka p\u00e5 dessa l\u00e4nkar:<\/p>","_et_gb_content_width":"","iawp_total_views":96,"footnotes":""},"class_list":["post-33992","page","type-page","status-publish","hentry"],"_links":{"self":[{"href":"https:\/\/marinkamraterna.se\/vastervik\/wp-json\/wp\/v2\/pages\/33992","targetHints":{"allow":["GET"]}}],"collection":[{"href":"https:\/\/marinkamraterna.se\/vastervik\/wp-json\/wp\/v2\/pages"}],"about":[{"href":"https:\/\/marinkamraterna.se\/vastervik\/wp-json\/wp\/v2\/types\/page"}],"author":[{"embeddable":true,"href":"https:\/\/marinkamraterna.se\/vastervik\/wp-json\/wp\/v2\/users\/1"}],"replies":[{"embeddable":true,"href":"https:\/\/marinkamraterna.se\/vastervik\/wp-json\/wp\/v2\/comments?post=33992"}],"version-history":[{"count":21,"href":"https:\/\/marinkamraterna.se\/vastervik\/wp-json\/wp\/v2\/pages\/33992\/revisions"}],"predecessor-version":[{"id":40938,"href":"https:\/\/marinkamraterna.se\/vastervik\/wp-json\/wp\/v2\/pages\/33992\/revisions\/40938"}],"up":[{"embeddable":true,"href":"https:\/\/marinkamraterna.se\/vastervik\/wp-json\/wp\/v2\/pages\/33152"}],"wp:attachment":[{"href":"https:\/\/marinkamraterna.se\/vastervik\/wp-json\/wp\/v2\/media?parent=33992"}],"curies":[{"name":"wp","href":"https:\/\/api.w.org\/{rel}","templated":true}]}}