{"id":35360,"date":"2021-10-16T16:41:27","date_gmt":"2021-10-16T14:41:27","guid":{"rendered":"https:\/\/andersa6.sg-host.com\/vastervik\/?page_id=35360"},"modified":"2022-12-26T15:25:29","modified_gmt":"2022-12-26T14:25:29","slug":"marinstugan-var-foreningslokal","status":"publish","type":"page","link":"https:\/\/marinkamraterna.se\/vastervik\/startsidan\/marinstugan-var-foreningslokal\/","title":{"rendered":"Medlemmar ber\u00e4ttar"},"content":{"rendered":"<p>[et_pb_section fb_built=&#8221;1&#8243; _builder_version=&#8221;4.16&#8243; global_colors_info=&#8221;{}&#8221;][et_pb_row _builder_version=&#8221;4.16&#8243; background_size=&#8221;initial&#8221; background_position=&#8221;top_left&#8221; background_repeat=&#8221;repeat&#8221; global_colors_info=&#8221;{}&#8221;][et_pb_column type=&#8221;4_4&#8243; _builder_version=&#8221;4.16&#8243; custom_padding=&#8221;|||&#8221; global_colors_info=&#8221;{}&#8221; custom_padding__hover=&#8221;|||&#8221;][et_pb_text _builder_version=&#8221;4.16&#8243; background_size=&#8221;initial&#8221; background_position=&#8221;top_left&#8221; background_repeat=&#8221;repeat&#8221; global_colors_info=&#8221;{}&#8221;]<\/p>\n<h3 style=\"text-align: left\"><strong>P\u00e5 den h\u00e4r sidan vill vi f\u00f6rmedla ber\u00e4ttelser fr\u00e5n v\u00e5ra medlemmar till \u00f6vriga medlemmar i f\u00f6reningen.<\/strong><\/h3>\n<p>Har Du en historia att ber\u00e4tta med anknytning till Flottan, Marinen eller kanske f\u00f6reningens verksamhet? N\u00e5got som du kanske sj\u00e4lv varit med om, f\u00e5tt ber\u00e4ttat f\u00f6r dig, sanning eller skr\u00f6na? Kontakta ordf\u00f6randen \u00c5ke Revelj, <a href=\"mailto:akerevelj@hotmail.com\">akerevelj@hotmail.com<\/a> 079-341 14 26 eller <a href=\"mailto:barbro.bewernick@hotmail.com\">barbro.bewernick@hotmail.com<\/a><br \/>076-136 68 45 s\u00e5 kan vi tillsammans se till att den publiceras p\u00e5 v\u00e5r hemsida. Du f\u00e5r g\u00e4rna skriva under med ditt namn men kan lika g\u00e4rna vara anonym. Alla ber\u00e4ttelser \u00e4r v\u00e4lkomna, vi ser fram mot att f\u00e5 h\u00f6ra Din ber\u00e4ttelse och kunna f\u00f6rmedla den till v\u00e5ra medlemmar.<\/p>\n<p>[\/et_pb_text][\/et_pb_column][\/et_pb_row][\/et_pb_section]<\/p>\n","protected":false},"excerpt":{"rendered":"<p>P\u00e5 den h\u00e4r sidan vill vi f\u00f6rmedla ber\u00e4ttelser fr\u00e5n v\u00e5ra medlemmar till \u00f6vriga medlemmar i f\u00f6reningen. Har Du en historia att ber\u00e4tta med anknytning till Flottan, Marinen eller kanske f\u00f6reningens verksamhet? N\u00e5got som du kanske sj\u00e4lv varit med om, f\u00e5tt ber\u00e4ttat f\u00f6r dig, sanning eller skr\u00f6na? Kontakta ordf\u00f6randen \u00c5ke Revelj, akerevelj@hotmail.com 079-341 14 26 eller [&hellip;]<\/p>\n","protected":false},"author":25,"featured_media":0,"parent":23,"menu_order":0,"comment_status":"closed","ping_status":"closed","template":"","meta":{"_et_pb_use_builder":"on","_et_pb_old_content":"<p>V\u00e5r klubbstuga, <strong>Marinstugan<\/strong>, som ligger p\u00e5 nedsidan av Kulbacken tillh\u00f6rde fr\u00e5n b\u00f6rjan T\u00e4ndsticksfabriken och har \u00e4ven tj\u00e4nat som ladug\u00e5rdsstuga, vid den tiden hette den Kuskstugan. Byggnaden har varit i f\u00f6reningens \u00e4go sedan slutet av 1980-talet och vi har med f\u00f6renade krafter under \u00e5rens lopp sett till att den bevarats och f\u00e5tt beh\u00f6vlig omv\u00e5rdnad.\u00a0<\/p><p>Stugan kan hyras av medlemmar eller andra utomst\u00e5ende f\u00f6r fester eller sammankomster p\u00e5 max 40 personer. Kontakta \u00c5ke eller Birgitta Revelj f\u00f6r mer information\/ bokning.\u00a0 <br \/><strong>e-post:<\/strong> ake.revelj@hotmail.com, <strong>tfn:\u00a0<\/strong>0706-531 107.<\/p>","_et_gb_content_width":"","iawp_total_views":59,"footnotes":""},"class_list":["post-35360","page","type-page","status-publish","hentry"],"_links":{"self":[{"href":"https:\/\/marinkamraterna.se\/vastervik\/wp-json\/wp\/v2\/pages\/35360","targetHints":{"allow":["GET"]}}],"collection":[{"href":"https:\/\/marinkamraterna.se\/vastervik\/wp-json\/wp\/v2\/pages"}],"about":[{"href":"https:\/\/marinkamraterna.se\/vastervik\/wp-json\/wp\/v2\/types\/page"}],"author":[{"embeddable":true,"href":"https:\/\/marinkamraterna.se\/vastervik\/wp-json\/wp\/v2\/users\/25"}],"replies":[{"embeddable":true,"href":"https:\/\/marinkamraterna.se\/vastervik\/wp-json\/wp\/v2\/comments?post=35360"}],"version-history":[{"count":11,"href":"https:\/\/marinkamraterna.se\/vastervik\/wp-json\/wp\/v2\/pages\/35360\/revisions"}],"predecessor-version":[{"id":40152,"href":"https:\/\/marinkamraterna.se\/vastervik\/wp-json\/wp\/v2\/pages\/35360\/revisions\/40152"}],"up":[{"embeddable":true,"href":"https:\/\/marinkamraterna.se\/vastervik\/wp-json\/wp\/v2\/pages\/23"}],"wp:attachment":[{"href":"https:\/\/marinkamraterna.se\/vastervik\/wp-json\/wp\/v2\/media?parent=35360"}],"curies":[{"name":"wp","href":"https:\/\/api.w.org\/{rel}","templated":true}]}}