{"id":39564,"date":"2022-08-26T18:32:21","date_gmt":"2022-08-26T16:32:21","guid":{"rendered":"https:\/\/marinkamraterna.se\/vastervik\/?page_id=39564"},"modified":"2022-08-26T18:56:16","modified_gmt":"2022-08-26T16:56:16","slug":"2022-08-22-figeholms-sjofartsmuseum","status":"publish","type":"page","link":"https:\/\/marinkamraterna.se\/vastervik\/bilder\/2022-08-22-figeholms-sjofartsmuseum\/","title":{"rendered":"2022-08-22 Figeholms Sj\u00f6fartsmuseum"},"content":{"rendered":"<p>[et_pb_section fb_built=&#8221;1&#8243; use_custom_gutter=&#8221;on&#8221; gutter_width=&#8221;2&#8243; specialty=&#8221;on&#8221; padding_top_1=&#8221;10px&#8221; padding_top_bottom_link_1=&#8221;false&#8221; padding_left_right_link_1=&#8221;false&#8221; _builder_version=&#8221;4.16&#8243; _module_preset=&#8221;default&#8221; custom_margin=&#8221;|10px||||&#8221; custom_padding=&#8221;||||false|false&#8221; global_colors_info=&#8221;{}&#8221;][et_pb_column type=&#8221;1_4&#8243; _builder_version=&#8221;4.16&#8243; custom_padding=&#8221;|||&#8221; global_colors_info=&#8221;{}&#8221; custom_padding__hover=&#8221;|||&#8221;][et_pb_sidebar area=&#8221;et_pb_widget_area_3&#8243; _builder_version=&#8221;4.9.4&#8243; _module_preset=&#8221;default&#8221; header_font=&#8221;|600||on|||||&#8221; body_text_color=&#8221;#0C71C3&#8243; body_font_size=&#8221;14px&#8221; custom_margin=&#8221;||||false|false&#8221; custom_padding=&#8221;||||false|false&#8221; global_module=&#8221;33600&#8243; locked=&#8221;on&#8221; global_colors_info=&#8221;{}&#8221;][\/et_pb_sidebar][\/et_pb_column][et_pb_column type=&#8221;3_4&#8243; specialty_columns=&#8221;3&#8243; _builder_version=&#8221;4.16&#8243; custom_padding=&#8221;|||&#8221; global_colors_info=&#8221;{}&#8221; custom_padding__hover=&#8221;|||&#8221;][et_pb_row_inner use_custom_gutter=&#8221;on&#8221; gutter_width=&#8221;1&#8243; make_equal=&#8221;on&#8221; _builder_version=&#8221;4.16&#8243; _module_preset=&#8221;default&#8221; custom_padding=&#8221;0px||||false|false&#8221; global_colors_info=&#8221;{}&#8221;][et_pb_column_inner saved_specialty_column_type=&#8221;3_4&#8243; _builder_version=&#8221;4.16&#8243; _module_preset=&#8221;default&#8221; global_colors_info=&#8221;{}&#8221;][et_pb_post_title meta=&#8221;off&#8221; featured_image=&#8221;off&#8221; _builder_version=&#8221;4.16&#8243; _module_preset=&#8221;default&#8221; title_font_size=&#8221;35px&#8221; global_colors_info=&#8221;{}&#8221;][\/et_pb_post_title][et_pb_text _builder_version=&#8221;4.18.0&#8243; _module_preset=&#8221;default&#8221; hover_enabled=&#8221;0&#8243; global_colors_info=&#8221;{}&#8221; sticky_enabled=&#8221;0&#8243;]<\/p>\n<h4>Tack, Anders Berg, f\u00f6r en intressant och trevlig eftermiddag p\u00e5 Figeholms Sj\u00f6fartsmuseum. Man kan inte l\u00e5ta bli att bli aningen imponerad av ditt kunnande och engagemang kring d\u00e5tidens sj\u00f6fart och hur m\u00e4nniskorna hade det som bodde och verkade p\u00e5 orten. Stort TACK fr\u00e5n Flottans M\u00e4n i V\u00e4stervik!<br \/>Klicka p\u00e5 respektive bild f\u00f6r att zooma in&#8230;.<\/h4>\n<h6><em>&#8221;Fotografer&#8221;:<\/em> <em>Barbro Bewernick &amp; Bengt Bylund<\/em><\/h6>\n<p>[\/et_pb_text][\/et_pb_column_inner][\/et_pb_row_inner][et_pb_row_inner use_custom_gutter=&#8221;on&#8221; gutter_width=&#8221;1&#8243; _builder_version=&#8221;4.16&#8243; _module_preset=&#8221;default&#8221; global_colors_info=&#8221;{}&#8221;][et_pb_column_inner saved_specialty_column_type=&#8221;3_4&#8243; _builder_version=&#8221;4.16&#8243; _module_preset=&#8221;default&#8221; global_colors_info=&#8221;{}&#8221;][et_pb_gallery gallery_ids=&#8221;39693,39696,39699,39702,39705,39711,39708,39714,39717,39726,39723,39732,39720,39729,33396,33400,33430&#8243; posts_number=&#8221;100&#8243; show_title_and_caption=&#8221;off&#8221; show_pagination=&#8221;off&#8221; _builder_version=&#8221;4.18.0&#8243; _module_preset=&#8221;default&#8221; global_colors_info=&#8221;{}&#8221;][\/et_pb_gallery][\/et_pb_column_inner][\/et_pb_row_inner][\/et_pb_column][\/et_pb_section]<\/p>\n","protected":false},"excerpt":{"rendered":"<p>Tack, Anders Berg, f\u00f6r en intressant och trevlig eftermiddag p\u00e5 Figeholms Sj\u00f6fartsmuseum. Man kan inte l\u00e5ta bli att bli aningen imponerad av ditt kunnande och engagemang kring d\u00e5tidens sj\u00f6fart och hur m\u00e4nniskorna hade det som bodde och verkade p\u00e5 orten. Stort TACK fr\u00e5n Flottans M\u00e4n i V\u00e4stervik!Klicka p\u00e5 respektive bild f\u00f6r att zooma in&#8230;. &#8221;Fotografer&#8221;: [&hellip;]<\/p>\n","protected":false},"author":25,"featured_media":0,"parent":33357,"menu_order":0,"comment_status":"closed","ping_status":"closed","template":"","meta":{"_et_pb_use_builder":"on","_et_pb_old_content":"","_et_gb_content_width":"","iawp_total_views":62,"footnotes":""},"class_list":["post-39564","page","type-page","status-publish","hentry"],"_links":{"self":[{"href":"https:\/\/marinkamraterna.se\/vastervik\/wp-json\/wp\/v2\/pages\/39564","targetHints":{"allow":["GET"]}}],"collection":[{"href":"https:\/\/marinkamraterna.se\/vastervik\/wp-json\/wp\/v2\/pages"}],"about":[{"href":"https:\/\/marinkamraterna.se\/vastervik\/wp-json\/wp\/v2\/types\/page"}],"author":[{"embeddable":true,"href":"https:\/\/marinkamraterna.se\/vastervik\/wp-json\/wp\/v2\/users\/25"}],"replies":[{"embeddable":true,"href":"https:\/\/marinkamraterna.se\/vastervik\/wp-json\/wp\/v2\/comments?post=39564"}],"version-history":[{"count":9,"href":"https:\/\/marinkamraterna.se\/vastervik\/wp-json\/wp\/v2\/pages\/39564\/revisions"}],"predecessor-version":[{"id":39810,"href":"https:\/\/marinkamraterna.se\/vastervik\/wp-json\/wp\/v2\/pages\/39564\/revisions\/39810"}],"up":[{"embeddable":true,"href":"https:\/\/marinkamraterna.se\/vastervik\/wp-json\/wp\/v2\/pages\/33357"}],"wp:attachment":[{"href":"https:\/\/marinkamraterna.se\/vastervik\/wp-json\/wp\/v2\/media?parent=39564"}],"curies":[{"name":"wp","href":"https:\/\/api.w.org\/{rel}","templated":true}]}}