{"id":40207,"date":"2023-03-18T16:08:58","date_gmt":"2023-03-18T15:08:58","guid":{"rendered":"https:\/\/marinkamraterna.se\/vastervik\/?page_id=40207"},"modified":"2023-03-18T16:08:58","modified_gmt":"2023-03-18T15:08:58","slug":"bo-nord-vasterviks-tidningen-2010","status":"publish","type":"page","link":"https:\/\/marinkamraterna.se\/vastervik\/bo-nord-vasterviks-tidningen-2010\/","title":{"rendered":"Bo Nord V\u00e4sterviks Tidningen 2010"},"content":{"rendered":"<p>Jag hittade en artikel under &#8221;Personligt&#8221; i VT fr\u00e5n 2010 d\u00e4r Bo Nord ber\u00e4ttade om sitt liv till sj\u00f6ss. Bo och V\u00e4sterviks Tidningen har gett sitt medgivande till publicering p\u00e5 hemsidan, s\u00e5 h\u00e5ll till godo och l\u00e4s reportaget <a href=\"https:\/\/marinkamraterna.se\/vastervik\/wp-content\/uploads\/sites\/28\/2023\/03\/Bo-N-VT-2010.pdf\" target=\"_blank\" rel=\"noopener\">h\u00e4r<\/a>.<\/p>\n","protected":false},"excerpt":{"rendered":"<p>Jag hittade en artikel under &#8221;Personligt&#8221; i VT fr\u00e5n 2010 d\u00e4r Bo Nord ber\u00e4ttade om sitt liv till sj\u00f6ss. Bo och V\u00e4sterviks Tidningen har gett sitt medgivande till publicering p\u00e5 hemsidan, s\u00e5 h\u00e5ll till godo och l\u00e4s reportaget h\u00e4r.<\/p>\n","protected":false},"author":25,"featured_media":0,"parent":0,"menu_order":0,"comment_status":"closed","ping_status":"closed","template":"","meta":{"_et_pb_use_builder":"","_et_pb_old_content":"","_et_gb_content_width":"","iawp_total_views":31,"footnotes":""},"class_list":["post-40207","page","type-page","status-publish","hentry"],"_links":{"self":[{"href":"https:\/\/marinkamraterna.se\/vastervik\/wp-json\/wp\/v2\/pages\/40207","targetHints":{"allow":["GET"]}}],"collection":[{"href":"https:\/\/marinkamraterna.se\/vastervik\/wp-json\/wp\/v2\/pages"}],"about":[{"href":"https:\/\/marinkamraterna.se\/vastervik\/wp-json\/wp\/v2\/types\/page"}],"author":[{"embeddable":true,"href":"https:\/\/marinkamraterna.se\/vastervik\/wp-json\/wp\/v2\/users\/25"}],"replies":[{"embeddable":true,"href":"https:\/\/marinkamraterna.se\/vastervik\/wp-json\/wp\/v2\/comments?post=40207"}],"version-history":[{"count":4,"href":"https:\/\/marinkamraterna.se\/vastervik\/wp-json\/wp\/v2\/pages\/40207\/revisions"}],"predecessor-version":[{"id":40211,"href":"https:\/\/marinkamraterna.se\/vastervik\/wp-json\/wp\/v2\/pages\/40207\/revisions\/40211"}],"wp:attachment":[{"href":"https:\/\/marinkamraterna.se\/vastervik\/wp-json\/wp\/v2\/media?parent=40207"}],"curies":[{"name":"wp","href":"https:\/\/api.w.org\/{rel}","templated":true}]}}