{"id":33510,"date":"2021-05-14T10:37:08","date_gmt":"2021-05-14T08:37:08","guid":{"rendered":"http:\/\/andersa6.sg-host.com\/vaxjo\/?page_id=33510"},"modified":"2026-01-20T16:44:49","modified_gmt":"2026-01-20T15:44:49","slug":"kontakt","status":"publish","type":"page","link":"https:\/\/marinkamraterna.se\/vaxjo\/startsidan\/kontakt\/","title":{"rendered":"Kontakt"},"content":{"rendered":"<p>[et_pb_section fb_built=&#8221;1&#8243; specialty=&#8221;on&#8221; padding_top_1=&#8221;0px&#8221; padding_top_2=&#8221;0px&#8221; padding_top_bottom_link_1=&#8221;false&#8221; padding_top_bottom_link_2=&#8221;false&#8221; padding_left_right_link_1=&#8221;false&#8221; padding_left_right_link_2=&#8221;false&#8221; _builder_version=&#8221;4.16&#8243; _module_preset=&#8221;default&#8221; custom_margin=&#8221;||||false|false&#8221; custom_padding=&#8221;||||false|false&#8221; global_colors_info=&#8221;{}&#8221;][et_pb_column type=&#8221;3_4&#8243; specialty_columns=&#8221;3&#8243; _builder_version=&#8221;4.16&#8243; custom_padding=&#8221;|||&#8221; global_colors_info=&#8221;{}&#8221; custom_padding__hover=&#8221;|||&#8221;][et_pb_row_inner column_structure=&#8221;1_2,1_2&#8243; _builder_version=&#8221;4.16&#8243; _module_preset=&#8221;default&#8221; custom_padding=&#8221;0px||||false|false&#8221; global_colors_info=&#8221;{}&#8221;][et_pb_column_inner type=&#8221;1_2&#8243; saved_specialty_column_type=&#8221;3_4&#8243; _builder_version=&#8221;4.16&#8243; _module_preset=&#8221;default&#8221; global_colors_info=&#8221;{}&#8221;][et_pb_post_title meta=&#8221;off&#8221; featured_image=&#8221;off&#8221; _builder_version=&#8221;4.16&#8243; _module_preset=&#8221;default&#8221; title_font_size=&#8221;35px&#8221; global_colors_info=&#8221;{}&#8221;][\/et_pb_post_title][et_pb_text _builder_version=&#8221;4.27.5&#8243; _module_preset=&#8221;default&#8221; hover_enabled=&#8221;0&#8243; global_colors_info=&#8221;{}&#8221; sticky_enabled=&#8221;0&#8243;]<\/p>\n<h2><span style=\"color: #ff0000\"><span style=\"color: #000000\">e-postadress<\/span><br \/><\/span><span style=\"color: #0000ff\"><a href=\"mailto:vaxjo@marinkamraterna.se\" style=\"color: #0000ff\">vaxjo@marinkamraterna.se<\/a><\/span><\/h2>\n<p>&nbsp;<\/p>\n<h2>Ordf\u00f6rande<\/h2>\n<p>Ove Engkvist<br \/>Telefon: 073-354 48 15<\/p>\n<h2>V.ordf\u00f6rande<\/h2>\n<p>Leif Carlsson<br \/>Telefon: 070-316 35 74<\/p>\n<p>&nbsp;<\/p>\n<h2>Adress<\/h2>\n<p><strong>Bes\u00f6ksadress<\/strong><br \/>Telestadsgatan 16<br \/>352 35 V\u00e4xj\u00f6<\/p>\n<p><strong>Postadress<\/strong><br \/>Marinkamraterna<br \/>c\/o Ove Engkvist<br \/>Lobeliav\u00e4gen 7<br \/>352 51 V\u00e4xj\u00f6<\/p>\n<p><strong>Bankgiro<\/strong><br \/>143-0602<\/p>\n<p><strong>Swish<\/strong><br \/>123 292 70 77<\/p>\n<p><strong>Organisationsnummer<\/strong><br \/>802542-5011<\/p>\n<p>&nbsp;<\/p>\n<p>[\/et_pb_text][\/et_pb_column_inner][et_pb_column_inner type=&#8221;1_2&#8243; saved_specialty_column_type=&#8221;3_4&#8243; _builder_version=&#8221;4.16&#8243; _module_preset=&#8221;default&#8221; global_colors_info=&#8221;{}&#8221;][et_pb_image src=&#8221;http:\/\/marinkamraterna.se\/vaxjo\/wp-content\/uploads\/sites\/29\/2021\/10\/Telefonapparat-m37.jpg&#8221; title_text=&#8221;Telefonapparat-m37&#8243; _builder_version=&#8221;4.16&#8243; _module_preset=&#8221;default&#8221; global_colors_info=&#8221;{}&#8221;][\/et_pb_image][et_pb_text _builder_version=&#8221;4.27.4&#8243; _module_preset=&#8221;default&#8221; global_colors_info=&#8221;{}&#8221;]<\/p>\n<h2>Webbredakt\u00f6r<\/h2>\n<p>Bengt Carlsson<\/p>\n<p>e-post:<a href=\"mailto:vaxjo@marinkamraterna.se\"> vaxjo@marinkamraterna.se<\/a><\/p>\n<p>[\/et_pb_text][et_pb_text _builder_version=&#8221;4.27.4&#8243; _module_preset=&#8221;default&#8221; global_colors_info=&#8221;{}&#8221;]<\/p>\n<h5><strong><span style=\"color: #ff0000\"><em>Hej, om du vill erh\u00e5lla information fr\u00e5n oss n\u00e4r vi g\u00f6r utskick kan du l\u00e4mna din e-postadress till oss. Klicka bara nedan och skicka den till oss.<\/em><\/span><\/strong><\/h5>\n<h1><a href=\"mailto:vaxjo@marinkamraterna.se\"><strong><span style=\"color: #0000ff\">Klicka h\u00e4r<\/span><\/strong><\/a><\/h1>\n<p>[\/et_pb_text][\/et_pb_column_inner][\/et_pb_row_inner][\/et_pb_column][et_pb_column type=&#8221;1_4&#8243; _builder_version=&#8221;4.16&#8243; custom_padding=&#8221;|||&#8221; global_colors_info=&#8221;{}&#8221; custom_padding__hover=&#8221;|||&#8221;][et_pb_sidebar orientation=&#8221;right&#8221; admin_label=&#8221;Sidof\u00e4lt&#8221; _builder_version=&#8221;4.9.4&#8243; _module_preset=&#8221;default&#8221; header_font=&#8221;|600||on|||||&#8221; header_font_size=&#8221;20px&#8221; global_module=&#8221;33531&#8243; saved_tabs=&#8221;all&#8221; locked=&#8221;on&#8221; global_colors_info=&#8221;{}&#8221;][\/et_pb_sidebar][\/et_pb_column][\/et_pb_section]<\/p>\n","protected":false},"excerpt":{"rendered":"<p>e-postadressvaxjo@marinkamraterna.se &nbsp; Ordf\u00f6rande Ove EngkvistTelefon: 073-354 48 15 V.ordf\u00f6rande Leif CarlssonTelefon: 070-316 35 74 &nbsp; Adress Bes\u00f6ksadressTelestadsgatan 16352 35 V\u00e4xj\u00f6 PostadressMarinkamraternac\/o Ove EngkvistLobeliav\u00e4gen 7352 51 V\u00e4xj\u00f6 Bankgiro143-0602 Swish123 292 70 77 Organisationsnummer802542-5011 &nbsp;Webbredakt\u00f6r Bengt Carlsson e-post: vaxjo@marinkamraterna.seHej, om du vill erh\u00e5lla information fr\u00e5n oss n\u00e4r vi g\u00f6r utskick kan du l\u00e4mna din e-postadress till oss. [&hellip;]<\/p>\n","protected":false},"author":1,"featured_media":0,"parent":23,"menu_order":3,"comment_status":"closed","ping_status":"closed","template":"","meta":{"_et_pb_use_builder":"on","_et_pb_old_content":"","_et_gb_content_width":"","_lmt_disableupdate":"no","_lmt_disable":"","iawp_total_views":717,"footnotes":""},"class_list":["post-33510","page","type-page","status-publish","hentry"],"_links":{"self":[{"href":"https:\/\/marinkamraterna.se\/vaxjo\/wp-json\/wp\/v2\/pages\/33510","targetHints":{"allow":["GET"]}}],"collection":[{"href":"https:\/\/marinkamraterna.se\/vaxjo\/wp-json\/wp\/v2\/pages"}],"about":[{"href":"https:\/\/marinkamraterna.se\/vaxjo\/wp-json\/wp\/v2\/types\/page"}],"author":[{"embeddable":true,"href":"https:\/\/marinkamraterna.se\/vaxjo\/wp-json\/wp\/v2\/users\/1"}],"replies":[{"embeddable":true,"href":"https:\/\/marinkamraterna.se\/vaxjo\/wp-json\/wp\/v2\/comments?post=33510"}],"version-history":[{"count":41,"href":"https:\/\/marinkamraterna.se\/vaxjo\/wp-json\/wp\/v2\/pages\/33510\/revisions"}],"predecessor-version":[{"id":40692,"href":"https:\/\/marinkamraterna.se\/vaxjo\/wp-json\/wp\/v2\/pages\/33510\/revisions\/40692"}],"up":[{"embeddable":true,"href":"https:\/\/marinkamraterna.se\/vaxjo\/wp-json\/wp\/v2\/pages\/23"}],"wp:attachment":[{"href":"https:\/\/marinkamraterna.se\/vaxjo\/wp-json\/wp\/v2\/media?parent=33510"}],"curies":[{"name":"wp","href":"https:\/\/api.w.org\/{rel}","templated":true}]}}