{"id":33990,"date":"2021-06-04T19:13:45","date_gmt":"2021-06-04T17:13:45","guid":{"rendered":"http:\/\/andersa6.sg-host.com\/vaxjo\/?page_id=33990"},"modified":"2026-01-22T15:09:55","modified_gmt":"2026-01-22T14:09:55","slug":"stadgar","status":"publish","type":"page","link":"https:\/\/marinkamraterna.se\/vaxjo\/om-foreningen\/stadgar\/","title":{"rendered":"Stadgar"},"content":{"rendered":"<p>[et_pb_section fb_built=&#8221;1&#8243; specialty=&#8221;on&#8221; padding_top_1=&#8221;45px&#8221; padding_top_2=&#8221;45px&#8221; _builder_version=&#8221;4.16&#8243; _module_preset=&#8221;default&#8221; custom_padding=&#8221;0px||||false|false&#8221; locked=&#8221;off&#8221; global_colors_info=&#8221;{}&#8221;][et_pb_column type=&#8221;3_4&#8243; specialty_columns=&#8221;3&#8243; _builder_version=&#8221;4.16&#8243; custom_padding=&#8221;|||&#8221; global_colors_info=&#8221;{}&#8221; custom_padding__hover=&#8221;|||&#8221;][et_pb_row_inner _builder_version=&#8221;4.16&#8243; _module_preset=&#8221;default&#8221; custom_padding=&#8221;0px||||false|false&#8221; global_colors_info=&#8221;{}&#8221;][et_pb_column_inner saved_specialty_column_type=&#8221;3_4&#8243; _builder_version=&#8221;4.16&#8243; _module_preset=&#8221;default&#8221; global_colors_info=&#8221;{}&#8221;][et_pb_post_title meta=&#8221;off&#8221; featured_image=&#8221;off&#8221; _builder_version=&#8221;4.16&#8243; _module_preset=&#8221;default&#8221; title_font_size=&#8221;35px&#8221; global_colors_info=&#8221;{}&#8221;][\/et_pb_post_title][et_pb_text _builder_version=&#8221;4.27.5&#8243; _module_preset=&#8221;default&#8221; global_colors_info=&#8221;{}&#8221;]<\/p>\n<h3>f\u00f6r Kamratf\u00f6reningen Marinkamraterna i V\u00e4xj\u00f6<\/h3>\n<p>antagna vid \u00e5rsm\u00f6te den 18 januari 2026<\/p>\n<p><strong>\u00a7 1 Organisation <\/strong><\/p>\n<p>F\u00f6reningen Marinkamraterna i V\u00e4xj\u00f6 \u00e4r en lokal f\u00f6rening, som \u00e4r ansluten till<br \/>Riksf\u00f6rbundet F\u00f6reningen Marinkamraterna.<\/p>\n<p>F\u00f6reningen har sitt s\u00e4te i V\u00e4xj\u00f6. F\u00f6renings organisationsnummer \u00e4r 802542\u20135011.<\/p>\n<p><strong>\u00a7 2 F\u00f6reningens \u00e4ndam\u00e5l<\/strong><\/p>\n<p>F\u00f6reningen ska:<\/p>\n<ul>\n<li>att verka f\u00f6r gemenskap och sammanh\u00e5llning inom marinen och sj\u00f6farten<\/li>\n<li>v\u00e5rda marinens och sj\u00f6fartens traditioner<\/li>\n<li>att fr\u00e4mja kamratskap bland dem som har delat erfarenheter och arbete inom dessa omr\u00e5den<\/li>\n<li>inom F\u00d6RENINGEN MARINKAMRATERNA och genom samh\u00e4llskontakter i \u00f6vrigt sprida upplysning om marinens uppgifter, verksamhet och utveckling inom ramen f\u00f6r totalf\u00f6rsvaret<\/li>\n<li>genom sin f\u00f6rsvarsbefr\u00e4mjande verksamhet och \u00f6ppenhet betr\u00e4ffande medlemskap, vara en ideell organisation med allm\u00e4nnyttigt \u00e4ndam\u00e5l<\/li>\n<li>vara partipolitiskt obunden<\/li>\n<\/ul>\n<p>\u00a0<strong>\u00a7 3 Medlemskap<\/strong><\/p>\n<p>Medlem \u00e4r ocks\u00e5 medlem i Riksf\u00f6rbundet. F\u00f6r att erh\u00e5lla medlemskap fordras att vid marinen eller annan marinanknuten myndighet\/f\u00f6retag\u00a0 vara eller ha varit anst\u00e4lld i milit\u00e4r, civilmilit\u00e4r eller civil befattning, alternativt tj\u00e4nstg\u00f6ra eller ha tj\u00e4nstgjort som v\u00e4rnpliktig.<br \/>Medlemskap kan efter pr\u00f6vning av lokalf\u00f6reningsstyrelsen vinnas av annan svensk medborgare med stort intresse f\u00f6r F\u00f6reningen Marinkamraternas \u00e4ndam\u00e5l.<br \/>Styrelse i lokalf\u00f6rening \u00e4ger att kalla hedersmedlem i egen f\u00f6rening.<\/p>\n<p><strong>\u00a7 4 Styrelse <\/strong><\/p>\n<p>F\u00f6reningens angel\u00e4genheter handhas av en styrelse best\u00e5ende av 7 ledam\u00f6ter valda av \u00e5rsm\u00f6tet. Styrelsen ska, f\u00f6rutom av ordf\u00f6rande, best\u00e5 av vice ordf\u00f6rande, sekreterare, kass\u00f6r. Ordf\u00f6rande och kass\u00f6r utses av \u00e5rsm\u00f6te, \u00f6vriga befattningar utses inom styrelsen vid konstituerande m\u00f6te. Styrelsen tecknar f\u00f6reningens firma genom ordf\u00f6randen och kass\u00f6ren gemensamt eller var f\u00f6r sig. Styrelsen sammantr\u00e4der minst fyra g\u00e5nger per \u00e5r p\u00e5 kallelse av ordf\u00f6randen eller d\u00e5 minst fyra av ledam\u00f6terna s\u00e5 p\u00e5fordrar och \u00e4r beslutsm\u00e4ssig n\u00e4r minst tre av styrelsens ledam\u00f6ter \u00e4r n\u00e4rvarande samt endera ordf\u00f6rande eller vice ordf\u00f6rande. Styrelsen utser redakt\u00f6r f\u00f6r Kamratbladet samt webbredakt\u00f6r.<strong>\u00a0<\/strong><\/p>\n<p><strong>\u00a7 5 Avgifter <\/strong><\/p>\n<p>\u00c5rsm\u00f6te fastst\u00e4ller medlemsavgifter att g\u00e4lla n\u00e4stkommande verksamhets\u00e5r. Medlemsavgift erl\u00e4ggs som \u00e5rsavgift senast den 31 januari.<strong>\u00a0<\/strong><\/p>\n<p><strong>\u00a7 6 Revision <\/strong><\/p>\n<p>F\u00f6reningens verksamhets- och r\u00e4kenskaps\u00e5r \u00e4r kalender\u00e5ret. F\u00f6reningens r\u00e4kenskaper skall avslutade \u00f6verl\u00e4mnas till f\u00f6reningens revisorer f\u00f6r granskning senast tv\u00e5 veckor innan \u00e5rsm\u00f6tet. Revisorerna skall senast en vecka innan \u00e5rsm\u00f6tet till styrelsen \u00f6verl\u00e4mna revisionsber\u00e4ttelse inneh\u00e5llande bland annat f\u00f6rslag ang\u00e5ende ansvarsfrihet.<\/p>\n<p>\u00a0<strong>\u00a7 7 \u00c5rsm\u00f6te <\/strong><\/p>\n<p>\u00c5rsm\u00f6te skall h\u00e5llas senast under februari m\u00e5nad och utlysas av styrelsen minst tre veckor f\u00f6re m\u00f6tet. Vid \u00e5rsm\u00f6tet skall f\u00f6ljande \u00e4renden f\u00f6rekomma.<\/p>\n<p>\u00a0<span style=\"font-size: 15px\">M\u00f6tets \u00f6ppnande.<\/span><\/p>\n<ol>\n<li>Val av ordf\u00f6rande samt av sekreterare vid \u00e5rsm\u00f6tet.<\/li>\n<li>Val av tv\u00e5 justeringsm\u00e4n att j\u00e4mte ordf\u00f6randen justera protokollet<\/li>\n<li>Fastst\u00e4llande av dagordning.<\/li>\n<li>Fr\u00e5ga om \u00e5rsm\u00f6tet blivit beh\u00f6rigen utlyst.<\/li>\n<li>F\u00f6redragande av styrelsens verksamhetsber\u00e4ttelse inklusive resultat och balansr\u00e4kning<\/li>\n<li>Revisorernas ber\u00e4ttelse f\u00f6r f\u00f6reg\u00e5ende verksamhets\u00e5r samt fr\u00e5ga om beviljande av ansvarsfrihet f\u00f6r styrelsen.<\/li>\n<li>Fastst\u00e4llande av medlemsavgift f\u00f6r n\u00e4stkommande verksamhets\u00e5r.<\/li>\n<li>Fastst\u00e4llande av verksamhetsplan och budget.<\/li>\n<li>Behandling av f\u00f6rslag och framst\u00e4llningar fr\u00e5n styrelsen och behandling av motioner.<\/li>\n<li>Val av ordf\u00f6rande och kass\u00f6r f\u00f6r en mandatperiod av ett \u00e5r.<\/li>\n<li>Val av ledam\u00f6ter i styrelsen, vilka utses f\u00f6r en mandatperiod av tv\u00e5 \u00e5r p\u00e5 s\u00e5 s\u00e4tt att h\u00e4lften av platserna st\u00e5r till f\u00f6rfogande varje \u00e5r.<\/li>\n<li>Val av tv\u00e5 revisorer och en ers\u00e4ttare, vilka utses f\u00f6r en mandatperiod p\u00e5 ett \u00e5r. Beslut om vem som ska vara sammankallande.<\/li>\n<li>Val av klubbm\u00e4stare och stugfogde.<\/li>\n<li>Val av valberedning best\u00e5ende av tv\u00e5 ledam\u00f6ter.<\/li>\n<li>\u00d6vriga \u00e4renden.<\/li>\n<li>M\u00f6tets avslutande.<\/li>\n<\/ol>\n<p>\u00c4renden som inte upptagits p\u00e5 f\u00f6redragningslistan kan, efter \u00e5rsm\u00f6tets beslut,\u00a0behandlas men inte avg\u00f6ras vid \u00e5rsm\u00f6tet.<\/p>\n<p>Extra \u00e5rsm\u00f6te h\u00e5lls d\u00e5 styrelsen s\u00e5 finner erforderligt och utf\u00e4rdar kallelse p\u00e5 s\u00e4tt som f\u00f6r \u00e5rsm\u00f6te \u00e4r f\u00f6reskrivet. Vid extra \u00e5rsm\u00f6te f\u00e5r andra fr\u00e5gor \u00e4n de som angivits i kallelsen till m\u00f6tet endast upptagas till behandling om de \u00e4r en direkt f\u00f6ljd av de under m\u00f6tet fattade besluten.<\/p>\n<p>\u00c5rsm\u00f6tet ska \u00e5tf\u00f6ljas av konstituerande m\u00f6te.<\/p>\n<p><strong>\u00a0<\/strong><strong style=\"font-size: 15px\">\u00a7 8 Val<\/strong><\/p>\n<p>Styrelsen v\u00e4ljs vid \u00e5rsm\u00f6te f\u00f6r en tid av tv\u00e5 \u00e5r f\u00f6rutom ordf\u00f6rande och kass\u00f6r som v\u00e4ljs f\u00f6r ett \u00e5r. \u00c5rsm\u00f6tet v\u00e4ljer ordf\u00f6rande och kass\u00f6r. \u00d6vriga befattningar utser styrelsen inom sig. Styrelsen v\u00e4ljs enligt f\u00f6ljande: tre ledam\u00f6ter j\u00e4mna \u00e5r, \u00f6vriga ledam\u00f6ter oj\u00e4mna \u00e5r. Tv\u00e5 revisorer samt en revisorssuppleant v\u00e4ljs vid \u00e5rsm\u00f6te f\u00f6r ett \u00e5r. Valberedning om tv\u00e5 ledam\u00f6ter v\u00e4ljs vid \u00e5rsm\u00f6te f\u00f6r en tid av ett \u00e5r. \u00c5rsm\u00f6tet v\u00e4ljer \u00e4ven tv\u00e5 klubbm\u00e4stare och en stugfogde f\u00f6r ett \u00e5r.<\/p>\n<p>\u00a0<strong style=\"font-size: 15px\">\u00a7 9 Valberedningens uppgifter<\/strong><\/p>\n<p>Valberedningen utser inom sig ordf\u00f6rande (sammankallande). Valberedning \u00e5ligger att senast tv\u00e5 veckor innan \u00e5rsm\u00f6tet till styrelsen \u00f6verl\u00e4mna f\u00f6rslag till kandidater till i \u00a7 8 f\u00f6reskrivna val, utom valberedning.<\/p>\n<p><strong>\u00a0<\/strong><strong style=\"font-size: 15px\">\u00a7 10 R\u00f6str\u00e4tt och beslut<\/strong><\/p>\n<p>Medlem som erlagt stadgade avgifter har r\u00f6str\u00e4tt. R\u00f6str\u00e4tt tillkommer ocks\u00e5 hedersledamot. Beslut fattas med enkel majoritet utom vid fr\u00e5ga enligt \u00a7 12 och 13. Omr\u00f6stning sker \u00f6ppet, om sluten omr\u00f6stning ej beg\u00e4rts. Vid lika r\u00f6stetal g\u00e4ller den mening som ordf\u00f6randen bitr\u00e4der. Vid val och vid sluten omr\u00f6stning sker avg\u00f6randet genom lottning.<\/p>\n<p><strong>\u00a0<\/strong><strong style=\"font-size: 15px\">\u00a7 11 F\u00f6rslagsr\u00e4tt<\/strong><\/p>\n<p>Medlem som \u00f6nskar f\u00e5 ett \u00e4rende (motion) pr\u00f6vat inger detta till f\u00f6reningens styrelse senast tre veckor f\u00f6re \u00e5rsm\u00f6tet.<\/p>\n<p>\u00a0<strong style=\"font-size: 15px\">12 Stadge\u00e4ndring<\/strong><\/p>\n<p>Beslut om stadge\u00e4ndring fattas av \u00e5rsm\u00f6te och skall f\u00f6r att \u00e4ga giltighet bitr\u00e4das av minst tv\u00e5 tredjedelar av de r\u00f6stande medlemmarna.<\/p>\n<p><strong style=\"font-size: 15px\">\u00a7 13 Uppl\u00f6sande av f\u00f6reningen<\/strong><\/p>\n<p>Beslut om f\u00f6reningens uppl\u00f6sande skall f\u00f6r att \u00e4ga giltighet ha fattats av tv\u00e5 p\u00e5 varandra f\u00f6ljande \u00e5rsm\u00f6ten och vid vart och ett av dessa ha bitr\u00e4tts av minst tv\u00e5 tredjedelar av de i r\u00f6stningen deltagande. D\u00e5 fr\u00e5ga om f\u00f6reningens uppl\u00f6sande v\u00e4ckts \u00e5ligger det styrelsen att vid det f\u00f6rsta \u00e5rsm\u00f6tet framl\u00e4gga f\u00f6rslag till disponerande av f\u00f6reningens tillg\u00e5ngar p\u00e5 s\u00e4tt som \u00e4r f\u00f6renligt med f\u00f6reningens syften.<\/p>\n<p>[\/et_pb_text][\/et_pb_column_inner][\/et_pb_row_inner][et_pb_row_inner _builder_version=&#8221;4.27.5&#8243; _module_preset=&#8221;default&#8221; global_colors_info=&#8221;{}&#8221;][et_pb_column_inner saved_specialty_column_type=&#8221;3_4&#8243; _builder_version=&#8221;4.27.5&#8243; _module_preset=&#8221;default&#8221; global_colors_info=&#8221;{}&#8221;][et_pb_button button_url=&#8221;https:\/\/marinkamraterna.se\/vaxjo\/wp-content\/uploads\/sites\/29\/2026\/01\/Stadgar-Foreningen-Marinkamraterna-i-Vaxjo-2026.pdf&#8221; button_text=&#8221;Skriv ut&#8221; _builder_version=&#8221;4.27.5&#8243; _module_preset=&#8221;default&#8221; hover_enabled=&#8221;0&#8243; global_colors_info=&#8221;{}&#8221; sticky_enabled=&#8221;0&#8243;][\/et_pb_button][\/et_pb_column_inner][\/et_pb_row_inner][\/et_pb_column][et_pb_column type=&#8221;1_4&#8243; _builder_version=&#8221;4.16&#8243; custom_padding=&#8221;|||&#8221; global_colors_info=&#8221;{}&#8221; custom_padding__hover=&#8221;|||&#8221;][et_pb_sidebar orientation=&#8221;right&#8221; area=&#8221;et_pb_widget_area_5&#8243; module_class=&#8221;right-menues&#8221; _builder_version=&#8221;4.9.11&#8243; _module_preset=&#8221;default&#8221; custom_margin=&#8221;||0px||false|false&#8221; global_module=&#8221;35107&#8243; saved_tabs=&#8221;all&#8221; global_colors_info=&#8221;{}&#8221;][\/et_pb_sidebar][et_pb_sidebar orientation=&#8221;right&#8221; admin_label=&#8221;Sidof\u00e4lt&#8221; _builder_version=&#8221;4.9.4&#8243; _module_preset=&#8221;default&#8221; header_font=&#8221;|600||on|||||&#8221; header_font_size=&#8221;20px&#8221; global_module=&#8221;33531&#8243; saved_tabs=&#8221;all&#8221; locked=&#8221;on&#8221; global_colors_info=&#8221;{}&#8221;][\/et_pb_sidebar][\/et_pb_column][\/et_pb_section]<\/p>\n","protected":false},"excerpt":{"rendered":"<p>f\u00f6r Kamratf\u00f6reningen Marinkamraterna i V\u00e4xj\u00f6 antagna vid \u00e5rsm\u00f6te den 18 januari 2026 \u00a7 1 Organisation F\u00f6reningen Marinkamraterna i V\u00e4xj\u00f6 \u00e4r en lokal f\u00f6rening, som \u00e4r ansluten tillRiksf\u00f6rbundet F\u00f6reningen Marinkamraterna. F\u00f6reningen har sitt s\u00e4te i V\u00e4xj\u00f6. F\u00f6renings organisationsnummer \u00e4r 802542\u20135011. \u00a7 2 F\u00f6reningens \u00e4ndam\u00e5l F\u00f6reningen ska: att verka f\u00f6r gemenskap och sammanh\u00e5llning inom marinen och sj\u00f6farten [&hellip;]<\/p>\n","protected":false},"author":1,"featured_media":0,"parent":33152,"menu_order":4,"comment_status":"closed","ping_status":"closed","template":"","meta":{"_et_pb_use_builder":"on","_et_pb_old_content":"","_et_gb_content_width":"","_lmt_disableupdate":"no","_lmt_disable":"","iawp_total_views":139,"footnotes":""},"class_list":["post-33990","page","type-page","status-publish","hentry"],"_links":{"self":[{"href":"https:\/\/marinkamraterna.se\/vaxjo\/wp-json\/wp\/v2\/pages\/33990","targetHints":{"allow":["GET"]}}],"collection":[{"href":"https:\/\/marinkamraterna.se\/vaxjo\/wp-json\/wp\/v2\/pages"}],"about":[{"href":"https:\/\/marinkamraterna.se\/vaxjo\/wp-json\/wp\/v2\/types\/page"}],"author":[{"embeddable":true,"href":"https:\/\/marinkamraterna.se\/vaxjo\/wp-json\/wp\/v2\/users\/1"}],"replies":[{"embeddable":true,"href":"https:\/\/marinkamraterna.se\/vaxjo\/wp-json\/wp\/v2\/comments?post=33990"}],"version-history":[{"count":28,"href":"https:\/\/marinkamraterna.se\/vaxjo\/wp-json\/wp\/v2\/pages\/33990\/revisions"}],"predecessor-version":[{"id":40730,"href":"https:\/\/marinkamraterna.se\/vaxjo\/wp-json\/wp\/v2\/pages\/33990\/revisions\/40730"}],"up":[{"embeddable":true,"href":"https:\/\/marinkamraterna.se\/vaxjo\/wp-json\/wp\/v2\/pages\/33152"}],"wp:attachment":[{"href":"https:\/\/marinkamraterna.se\/vaxjo\/wp-json\/wp\/v2\/media?parent=33990"}],"curies":[{"name":"wp","href":"https:\/\/api.w.org\/{rel}","templated":true}]}}