{"id":33992,"date":"2021-06-04T19:14:35","date_gmt":"2021-06-04T17:14:35","guid":{"rendered":"http:\/\/andersa6.sg-host.com\/vaxjo\/?page_id=33992"},"modified":"2022-04-05T10:01:04","modified_gmt":"2022-04-05T08:01:04","slug":"lankar","status":"publish","type":"page","link":"https:\/\/marinkamraterna.se\/vaxjo\/lankar\/","title":{"rendered":"L\u00e4nkar"},"content":{"rendered":"<p>[et_pb_section fb_built=&#8221;1&#8243; specialty=&#8221;on&#8221; padding_top_bottom_link_1=&#8221;false&#8221; padding_top_bottom_link_2=&#8221;false&#8221; padding_left_right_link_1=&#8221;false&#8221; padding_left_right_link_2=&#8221;false&#8221; padding_top_1=&#8221;45px&#8221; padding_top_2=&#8221;45px&#8221; _builder_version=&#8221;4.9.3&#8243; _module_preset=&#8221;default&#8221; custom_margin=&#8221;||||false|false&#8221; custom_padding=&#8221;0px||||false|false&#8221; locked=&#8221;off&#8221; global_colors_info=&#8221;{}&#8221;][et_pb_column type=&#8221;3_4&#8243; specialty_columns=&#8221;3&#8243; _builder_version=&#8221;3.25&#8243; custom_padding=&#8221;|||&#8221; global_colors_info=&#8221;{}&#8221; custom_padding__hover=&#8221;|||&#8221;][et_pb_row_inner _builder_version=&#8221;4.9.3&#8243; _module_preset=&#8221;default&#8221; custom_padding=&#8221;0px||||false|false&#8221; global_colors_info=&#8221;{}&#8221;][et_pb_column_inner saved_specialty_column_type=&#8221;3_4&#8243; _builder_version=&#8221;4.9.3&#8243; _module_preset=&#8221;default&#8221; global_colors_info=&#8221;{}&#8221;][et_pb_post_title meta=&#8221;off&#8221; featured_image=&#8221;off&#8221; _builder_version=&#8221;4.9.3&#8243; _module_preset=&#8221;default&#8221; title_font_size=&#8221;35px&#8221; global_colors_info=&#8221;{}&#8221;][\/et_pb_post_title][\/et_pb_column_inner][\/et_pb_row_inner][et_pb_row_inner column_structure=&#8221;1_3,1_3,1_3&#8243; _builder_version=&#8221;4.10.8&#8243; _module_preset=&#8221;default&#8221; global_colors_info=&#8221;{}&#8221;][et_pb_column_inner type=&#8221;1_3&#8243; saved_specialty_column_type=&#8221;3_4&#8243; _builder_version=&#8221;4.10.8&#8243; _module_preset=&#8221;default&#8221; global_colors_info=&#8221;{}&#8221;][et_pb_image src=&#8221;http:\/\/marinkamraterna.se\/vaxjo\/wp-content\/uploads\/sites\/29\/2021\/10\/Galobasen-flygfoto.jpg&#8221; title_text=&#8221;G\u00e5l\u00f6basen-flygfoto&#8221; _builder_version=&#8221;4.10.8&#8243; _module_preset=&#8221;default&#8221; global_colors_info=&#8221;{}&#8221;][\/et_pb_image][\/et_pb_column_inner][et_pb_column_inner type=&#8221;1_3&#8243; saved_specialty_column_type=&#8221;3_4&#8243; _builder_version=&#8221;4.10.8&#8243; _module_preset=&#8221;default&#8221; global_colors_info=&#8221;{}&#8221;][et_pb_image src=&#8221;http:\/\/marinkamraterna.se\/vaxjo\/wp-content\/uploads\/sites\/29\/2021\/10\/SOR.jpg&#8221; title_text=&#8221;SOR&#8221; _builder_version=&#8221;4.10.8&#8243; _module_preset=&#8221;default&#8221; global_colors_info=&#8221;{}&#8221;][\/et_pb_image][\/et_pb_column_inner][et_pb_column_inner type=&#8221;1_3&#8243; saved_specialty_column_type=&#8221;3_4&#8243; _builder_version=&#8221;4.10.8&#8243; _module_preset=&#8221;default&#8221; global_colors_info=&#8221;{}&#8221;][et_pb_image src=&#8221;http:\/\/marinkamraterna.se\/vaxjo\/wp-content\/uploads\/sites\/29\/2021\/10\/BOS.jpg&#8221; title_text=&#8221;B\u00d6S&#8221; _builder_version=&#8221;4.10.8&#8243; _module_preset=&#8221;default&#8221; global_colors_info=&#8221;{}&#8221;][\/et_pb_image][\/et_pb_column_inner][\/et_pb_row_inner][et_pb_row_inner column_structure=&#8221;1_2,1_2&#8243; _builder_version=&#8221;4.10.8&#8243; _module_preset=&#8221;default&#8221; global_colors_info=&#8221;{}&#8221;][et_pb_column_inner type=&#8221;1_2&#8243; saved_specialty_column_type=&#8221;3_4&#8243; _builder_version=&#8221;4.10.8&#8243; _module_preset=&#8221;default&#8221; global_colors_info=&#8221;{}&#8221;][et_pb_text _builder_version=&#8221;4.12.1&#8243; _module_preset=&#8221;default&#8221; global_colors_info=&#8221;{}&#8221;]<\/p>\n<h3>F\u00f6rsvarsmakten<\/h3>\n<p><strong><em>Svenska<\/em><\/strong><\/p>\n<p><a href=\"https:\/\/www.forsvarsmakten.se\/sv\/\">F\u00f6rsvarsmakten<\/a><\/p>\n<p><a href=\"https:\/\/mitt.forsvarsmakten.se\/veteran-info\">Ans\u00f6kan om veterankort<\/a><\/p>\n<p><a href=\"https:\/\/www.forsvarsmakten.se\/sv\/var-verksamhet\/det-har-gor-forsvarsmakten\/marinen\/\">Marinen<\/a><\/p>\n<p><a href=\"https:\/\/www.forsvarsmakten.se\/sv\/organisation\/marinbasen\/\">Marinbasen<\/a><\/p>\n<p><a href=\"https:\/\/www.forsvarsmakten.se\/sv\/organisation\/tredje-sjostridsflottiljen\/\">Tredje sj\u00f6stridsflottiljen (3.sj\u00f6striflj)<\/a><\/p>\n<p><a href=\"https:\/\/www.forsvarsmakten.se\/sv\/organisation\/fjarde-sjostridsflottiljen\/\">Fj\u00e4rde sj\u00f6stridsflottiljen (4.sj\u00f6striflj)<\/a><\/p>\n<p><a href=\"https:\/\/www.forsvarsmakten.se\/sv\/organisation\/1ubflj\/\">F\u00f6rsta ub\u00e5tsflottiljen (1.ubflj)<\/a><\/p>\n<p><a href=\"https:\/\/www.forsvarsmakten.se\/sv\/organisation\/amfibieregementet\/\">Amfibieregementet (AMF 1)<\/a><\/p>\n<p><a href=\"https:\/\/www.forsvarsmakten.se\/sv\/organisation\/sjostridsskolan\/\">Sj\u00f6stridsskolan (SSS)<\/a><\/p>\n<p><a href=\"https:\/\/blogg.forsvarsmakten.se\/gladanochfalken\/\">Gladan och Falken<\/a><\/p>\n<p><a href=\"https:\/\/marinensmusikkar.se\/\">Marinens Musikk\u00e5r<\/a><\/p>\n<p><a href=\"http:\/\/www.muk.se\/index.html\">Marinens Ungdomsmusikk\u00e5r<\/a><\/p>\n<p><strong><em>Utl\u00e4ndska<\/em><\/strong><\/p>\n<p><a href=\"https:\/\/forsvaret.dk\/da\/organisation\/soevaernet\/\">Danish Navy\u00a0\u00a0 S\u00f6vaernet<\/a><\/p>\n<p><a href=\"https:\/\/www.forsvaret.no\/en\/organisation\/navy\">Royal Norwegian Navy\u00a0\u00a0 Sj\u00f6f\u00f6rsvaret<\/a><\/p>\n<p><a href=\"https:\/\/merivoimat.fi\/en\/frontpage\">Finnish Navy\u00a0\u00a0 Merivoimat<\/a><\/p>\n<p><a href=\"https:\/\/mil.ee\/uksused\/merevagi\/laevastik\/\">Estonian Navy\u00a0\u00a0 Eesti Merev\u00e4gi<\/a><\/p>\n<p><a href=\"https:\/\/www.bundeswehr.de\/de\/organisation\/marine\">German Navy\u00a0\u00a0 Marine<\/a><\/p>\n<p><a href=\"https:\/\/www.wojsko-polskie.pl\/marynarka-wojenna\/\">Polish Navy\u00a0\u00a0 Marynarka Wojenna<\/a><\/p>\n<p><a href=\"https:\/\/eng.mil.ru\/en\/structure\/forces\/navy.htm\">Russian Navy<\/a><\/p>\n<p><a href=\"https:\/\/www.mil.be\/nl\/over-defensie\/marinecomponent\/\">Belgian Navy\u00a0\u00a0 Marine Component<\/a><\/p>\n<p><a href=\"https:\/\/www.defensie.nl\/organisatie\/marine\">Royal Netherlands Navy\u00a0\u00a0 Koninklijke Marine<\/a><\/p>\n<p><a href=\"https:\/\/www.military.ie\/en\/who-we-are\/naval-service\/\">Irish Navy\u00a0\u00a0 an tSeirbh\u00eds Chabhlaigh<\/a><\/p>\n<p><a href=\"https:\/\/www.defense.gouv.fr\/marine\">French Navy\u00a0\u00a0 Marine Nationale<\/a><\/p>\n<p><a href=\"https:\/\/armada.defensa.gob.es\/ArmadaPortal\/page\/Portal\/ArmadaEspannola\/prefLang-es\/\">Spanish Navy\u00a0\u00a0 Armada Espanola<\/a><\/p>\n<p><a href=\"https:\/\/www.marinha.pt\/Paginas\/PageNotFoundError.aspx?requestUrl=http:\/\/www.marinha.pt\/pt\/Pages\/homepage.aspx\">Portuguese Navy\u00a0\u00a0 Marinha Portuguesa<\/a><\/p>\n<p><a href=\"https:\/\/www.marina.difesa.it\/Pagine\/default.aspx\">Italian Navy\u00a0\u00a0 Marina Militare<\/a><\/p>\n<p><a href=\"https:\/\/www.hellenicnavy.gr\/el\/\">Hellenic Navy\u00a0\u00a0 Polemiko Naftiko<\/a><\/p>\n<p><a href=\"https:\/\/www.dzkk.tsk.tr\/\">Turkish Navy\u00a0\u00a0 T\u00fcrk Deniz Kuvvetleri<\/a><\/p>\n<p><a href=\"https:\/\/www.royalnavy.mod.uk\/\">Royal Navy<\/a><\/p>\n<p><a href=\"https:\/\/www.navy.mil\/\">US Navy<\/a><\/p>\n<p><a href=\"https:\/\/eunavfor.eu\/\">EU Navfor Somalia<\/a><\/p>\n<h3>Muse\u00e9r<\/h3>\n<p><a href=\"https:\/\/www.marinmuseum.se\/\">Marinmuseum i Karlskrona<\/a><\/p>\n<p><a href=\"https:\/\/www.sjohistoriska.se\/\">Sj\u00f6historiska i Stockholm<\/a><\/p>\n<p><a href=\"https:\/\/www.sjofartsmuseetakvariet.se\/\">Sj\u00f6fartsmuseet i G\u00f6teborg<\/a><\/p>\n<p><a href=\"https:\/\/www.vasamuseet.se\/\">Regalskeppet Wasa<\/a><\/p>\n<p><a href=\"https:\/\/www.regalskeppetkronan.se\/\">Regalskeppet Kronan<\/a><\/p>\n<p><a href=\"http:\/\/www.u3.se\/\">U3 Veteranbes\u00e4ttningen<\/a><\/p>\n<p><a href=\"https:\/\/www.swesubmariners.se\/hajen-27464707\">Ub\u00e5tsklubben Hajen<\/a><\/p>\n<p><a href=\"https:\/\/www.swesubmariners.se\/nordkaparen-27464709\">Ub\u00e5tsklubben Nordkaparen<\/a><\/p>\n<p><a href=\"http:\/\/www.maritiman.se\/\">Maritiman i G\u00f6teborg<\/a><\/p>\n<p><a href=\"https:\/\/www.fregatten-jylland.dk\/\">Fregatten Jylland<\/a><\/p>\n<p><a href=\"https:\/\/skibenepaaholmen.dk\/\">Fregatten Peder Skram<\/a><\/p>\n<p><a href=\"https:\/\/natmus.dk\/museer-og-slotte\/\">Skibepaaholmen<\/a><\/p>\n<p>[\/et_pb_text][\/et_pb_column_inner][et_pb_column_inner type=&#8221;1_2&#8243; saved_specialty_column_type=&#8221;3_4&#8243; _builder_version=&#8221;4.10.8&#8243; _module_preset=&#8221;default&#8221; global_colors_info=&#8221;{}&#8221;][et_pb_text _builder_version=&#8221;4.10.8&#8243; _module_preset=&#8221;default&#8221; global_colors_info=&#8221;{}&#8221;]<\/p>\n<p><a href=\"https:\/\/sotamuseo.fi\/sukellusvene-vesikko\">Submarine Vesikko<\/a><\/p>\n<p><a href=\"https:\/\/maryrose.org\/\">The Mary Rose<\/a><\/p>\n<p><a href=\"https:\/\/www.nmrn.org.uk\/hms-victory\">HMS Victory<\/a><\/p>\n<p><a href=\"http:\/\/www.hmswarrior.org\/\">HMS Warrior<\/a><\/p>\n<p><a href=\"https:\/\/www.nps.gov\/bost\/learn\/historyculture\/ussconst.htm\">USS Constitution<\/a><\/p>\n<p><a href=\"https:\/\/www.hunley.org\/\">USS Hunley<\/a><\/p>\n<p><a href=\"https:\/\/www.bowfin.org\/\">USS Bowfin<\/a><\/p>\n<p><a href=\"https:\/\/www.pacificbattleship.com\/\">USS Iowa<\/a><\/p>\n<p><a href=\"https:\/\/www.battleshipnewjersey.org\/\">USS New Jersey<\/a><\/p>\n<p><a href=\"https:\/\/www.ussmissouri.org\/#\">USS Missouri<\/a><\/p>\n<p><a href=\"https:\/\/nauticus.org\/battleship-wisconsin-2\/\">USS Wisconsin<\/a><\/p>\n<p><a href=\"https:\/\/www.naval-technology.com\/projects\/uss-enterprise\/\">USS Enterprise<\/a><\/p>\n<p><a href=\"https:\/\/lanevictory.org\/\">SS Lane Victory<\/a><\/p>\n<p><a href=\"https:\/\/www.nmrn.org.uk\/our-museum\/submarine\">Royal Navy Submarine Museum<\/a><\/p>\n<p><a href=\"http:\/\/www.hmshood.org.uk\/index.php\">HMS Hood<\/a><\/p>\n<p><a href=\"http:\/\/www.kbismarck.com\/\">Bismarck<\/a><\/p>\n<p><a href=\"https:\/\/sv.wikipedia.org\/wiki\/Yamato_(fartyg)\">Yamato<\/a><\/p>\n<h3>F\u00f6reningar och s\u00e4llskap<\/h3>\n<p><a href=\"https:\/\/aff.a.se\/\">Allm\u00e4nna F\u00f6rsvarsf\u00f6reningen<\/a><\/p>\n<p><a href=\"https:\/\/www.koms.se\/\">Kungliga \u00d6rlogsmannas\u00e4llskapet<\/a><\/p>\n<p><a href=\"https:\/\/www.smkr.org\/\">Sveriges Milit\u00e4ra Kamratf\u00f6reningars Riksf\u00f6rbund (SMKR)<\/a><\/p>\n<p><a href=\"http:\/\/www.alvsnabben.se\/\">HMS \u00c4lvsnabben<\/a><\/p>\n<p><a href=\"https:\/\/www.veteranflottiljen.se\/\">Veteranflottiljen<\/a><\/p>\n<p><a href=\"https:\/\/www.mtbt26.se\/\">HMS T26<\/a><\/p>\n<p><a href=\"https:\/\/www.t38.se\/\">HMS T38<\/a><\/p>\n<p><a href=\"http:\/\/www.t56.se\/\">HMS T56<\/a><\/p>\n<p><a href=\"http:\/\/www.t121spica.se\/\">HMS Spica T121<\/a><\/p>\n<p><a href=\"http:\/\/www.hmsvastervik.se\/index.htm\">HMS V\u00e4stervik R136<\/a><\/p>\n<p><a href=\"https:\/\/www.robotbatar.se\/\">HMS Ystad R142<\/a><\/p>\n<p><a href=\"https:\/\/minsveparen.se\/\">F\u00f6reningen M20<\/a><\/p>\n<p><a href=\"https:\/\/web.archive.org\/web\/20100315140957\/http:\/\/www.testfartygetsmyge.se\/\">HMS Smyge<\/a><\/p>\n<p><a href=\"https:\/\/www.mytriton.se\/\">M\/Y Triton<\/a><\/p>\n<p><a href=\"https:\/\/www.gotheborg.se\/\">Ostindiefararen G\u00f6theborg<\/a><\/p>\n<p><a href=\"http:\/\/klubbmaritim.com\/\">Klubb Maritim<\/a><\/p>\n<p><a href=\"https:\/\/www.sjoraddning.se\/\">Sj\u00f6r\u00e4ddningss\u00e4llskapet<\/a><\/p>\n<h3>\u00d6vrigt<\/h3>\n<p><a href=\"https:\/\/www.sjofartsverket.se\/sv\/tjanster\/isbrytning\/\">Isbrytning<\/a><\/p>\n<p><a href=\"https:\/\/www.sjofartsverket.se\/sv\/tjanster\/sjomatning\/\">Sj\u00f6m\u00e4tning<\/a><\/p>\n<p><a href=\"https:\/\/www.naval-technology.com\/\">Naval Technology<\/a><\/p>\n<p><a href=\"https:\/\/www.sjofartsverket.se\/sv\/\">Sj\u00f6fartsverket<\/a><\/p>\n<p><a href=\"https:\/\/www.kustbevakningen.se\/\">Kustbevakningen<\/a><\/p>\n<p><a href=\"http:\/\/www.narkhammar.se\/\">Kjell N\u00e4rkhammars sidor<\/a><\/p>\n<p><a href=\"http:\/\/maritimequest.com\/index.htm\">Maritime Quest<\/a><\/p>\n<p><a href=\"https:\/\/www.marinetraffic.com\/en\/ais\/home\/centerx:-12.0\/centery:24.9\/zoom:4\">Live Ships Map<\/a><\/p>\n<p><a href=\"https:\/\/riksarkivet.se\/\">Riksarkivet<\/a><\/p>\n<p><a href=\"https:\/\/stiftelsen-amf.se\/\">Arm\u00e9 \u2013 Marin och Flygfilm<\/a><\/p>\n<p>[\/et_pb_text][\/et_pb_column_inner][\/et_pb_row_inner][\/et_pb_column][et_pb_column type=&#8221;1_4&#8243; _builder_version=&#8221;3.25&#8243; custom_padding=&#8221;|||&#8221; global_colors_info=&#8221;{}&#8221; custom_padding__hover=&#8221;|||&#8221;][et_pb_sidebar orientation=&#8221;right&#8221; admin_label=&#8221;Sidof\u00e4lt&#8221; _builder_version=&#8221;4.9.4&#8243; _module_preset=&#8221;default&#8221; header_font=&#8221;|600||on|||||&#8221; header_font_size=&#8221;20px&#8221; global_module=&#8221;33531&#8243; saved_tabs=&#8221;all&#8221; locked=&#8221;on&#8221; global_colors_info=&#8221;{}&#8221;][\/et_pb_sidebar][\/et_pb_column][\/et_pb_section]<\/p>\n","protected":false},"excerpt":{"rendered":"<p>F\u00f6rsvarsmakten Svenska F\u00f6rsvarsmakten Ans\u00f6kan om veterankort Marinen Marinbasen Tredje sj\u00f6stridsflottiljen (3.sj\u00f6striflj) Fj\u00e4rde sj\u00f6stridsflottiljen (4.sj\u00f6striflj) F\u00f6rsta ub\u00e5tsflottiljen (1.ubflj) Amfibieregementet (AMF 1) Sj\u00f6stridsskolan (SSS) Gladan och Falken Marinens Musikk\u00e5r Marinens Ungdomsmusikk\u00e5r Utl\u00e4ndska Danish Navy\u00a0\u00a0 S\u00f6vaernet Royal Norwegian Navy\u00a0\u00a0 Sj\u00f6f\u00f6rsvaret Finnish Navy\u00a0\u00a0 Merivoimat Estonian Navy\u00a0\u00a0 Eesti Merev\u00e4gi German Navy\u00a0\u00a0 Marine Polish Navy\u00a0\u00a0 Marynarka Wojenna Russian Navy Belgian Navy\u00a0\u00a0 [&hellip;]<\/p>\n","protected":false},"author":1,"featured_media":0,"parent":0,"menu_order":6,"comment_status":"closed","ping_status":"closed","template":"","meta":{"_et_pb_use_builder":"on","_et_pb_old_content":"<p>Du kan ta del av f\u00f6reningens verksamhetsber\u00e4ttelse genom att klicka p\u00e5 dessa l\u00e4nkar:<\/p>","_et_gb_content_width":"","_lmt_disableupdate":"no","_lmt_disable":"","iawp_total_views":120,"footnotes":""},"class_list":["post-33992","page","type-page","status-publish","hentry"],"_links":{"self":[{"href":"https:\/\/marinkamraterna.se\/vaxjo\/wp-json\/wp\/v2\/pages\/33992","targetHints":{"allow":["GET"]}}],"collection":[{"href":"https:\/\/marinkamraterna.se\/vaxjo\/wp-json\/wp\/v2\/pages"}],"about":[{"href":"https:\/\/marinkamraterna.se\/vaxjo\/wp-json\/wp\/v2\/types\/page"}],"author":[{"embeddable":true,"href":"https:\/\/marinkamraterna.se\/vaxjo\/wp-json\/wp\/v2\/users\/1"}],"replies":[{"embeddable":true,"href":"https:\/\/marinkamraterna.se\/vaxjo\/wp-json\/wp\/v2\/comments?post=33992"}],"version-history":[{"count":10,"href":"https:\/\/marinkamraterna.se\/vaxjo\/wp-json\/wp\/v2\/pages\/33992\/revisions"}],"predecessor-version":[{"id":39661,"href":"https:\/\/marinkamraterna.se\/vaxjo\/wp-json\/wp\/v2\/pages\/33992\/revisions\/39661"}],"wp:attachment":[{"href":"https:\/\/marinkamraterna.se\/vaxjo\/wp-json\/wp\/v2\/media?parent=33992"}],"curies":[{"name":"wp","href":"https:\/\/api.w.org\/{rel}","templated":true}]}}