{"id":35478,"date":"2021-10-01T09:54:52","date_gmt":"2021-10-01T07:54:52","guid":{"rendered":"https:\/\/andersa6.sg-host.com\/vaxjo\/?page_id=35478"},"modified":"2026-01-26T18:37:43","modified_gmt":"2026-01-26T17:37:43","slug":"historik","status":"publish","type":"page","link":"https:\/\/marinkamraterna.se\/vaxjo\/startsidan\/historik\/","title":{"rendered":"Historik"},"content":{"rendered":"<p>[et_pb_section fb_built=&#8221;1&#8243; _builder_version=&#8221;4.16&#8243; _module_preset=&#8221;default&#8221; global_colors_info=&#8221;{}&#8221;][et_pb_row _builder_version=&#8221;4.16&#8243; _module_preset=&#8221;default&#8221; global_colors_info=&#8221;{}&#8221;][et_pb_column type=&#8221;4_4&#8243; _builder_version=&#8221;4.16&#8243; _module_preset=&#8221;default&#8221; global_colors_info=&#8221;{}&#8221;][et_pb_text _builder_version=&#8221;4.27.5&#8243; _module_preset=&#8221;default&#8221; global_colors_info=&#8221;{}&#8221;]<\/p>\n<h1>Riksf\u00f6reningen Flottans M\u00e4n har bytt namn till Marinkamraterna<\/h1>\n<p>[\/et_pb_text][\/et_pb_column][\/et_pb_row][et_pb_row column_structure=&#8221;1_3,1_3,1_3&#8243; _builder_version=&#8221;4.16&#8243; _module_preset=&#8221;default&#8221; global_colors_info=&#8221;{}&#8221;][et_pb_column type=&#8221;1_3&#8243; _builder_version=&#8221;4.16&#8243; _module_preset=&#8221;default&#8221; global_colors_info=&#8221;{}&#8221;][et_pb_image src=&#8221;http:\/\/marinkamraterna.se\/vaxjo\/wp-content\/uploads\/sites\/29\/2021\/09\/Goran-W.jpg&#8221; title_text=&#8221;G\u00f6ran W&#8221; _builder_version=&#8221;4.16&#8243; _module_preset=&#8221;default&#8221; global_colors_info=&#8221;{}&#8221;][\/et_pb_image][\/et_pb_column][et_pb_column type=&#8221;1_3&#8243; _builder_version=&#8221;4.16&#8243; _module_preset=&#8221;default&#8221; global_colors_info=&#8221;{}&#8221;][et_pb_text _builder_version=&#8221;4.16&#8243; _module_preset=&#8221;default&#8221; global_colors_info=&#8221;{}&#8221;]<\/p>\n<p>H M Konung Carl XVI Gustaf har accepterat att vara Riksf\u00f6rbundets h\u00f6ge beskyddare<\/p>\n<p>[\/et_pb_text][\/et_pb_column][et_pb_column type=&#8221;1_3&#8243; _builder_version=&#8221;4.16&#8243; _module_preset=&#8221;default&#8221; global_colors_info=&#8221;{}&#8221;][et_pb_image src=&#8221;http:\/\/marinkamraterna.se\/vaxjo\/wp-content\/uploads\/sites\/29\/2021\/09\/HMS.jpg&#8221; title_text=&#8221;HMS&#8221; _builder_version=&#8221;4.16&#8243; _module_preset=&#8221;default&#8221; global_colors_info=&#8221;{}&#8221;][\/et_pb_image][\/et_pb_column][\/et_pb_row][et_pb_row _builder_version=&#8221;4.16&#8243; _module_preset=&#8221;default&#8221; global_colors_info=&#8221;{}&#8221;][et_pb_column type=&#8221;4_4&#8243; _builder_version=&#8221;4.16&#8243; _module_preset=&#8221;default&#8221; global_colors_info=&#8221;{}&#8221;][et_pb_text _builder_version=&#8221;4.16&#8243; _module_preset=&#8221;default&#8221; global_colors_info=&#8221;{}&#8221;]<\/p>\n<p><em>Kommend\u00f6rkapten G\u00f6ran Wahlstr\u00f6m<\/em><br \/><em>tog initiativet till bildandet av f\u00f6reningen<\/em><\/p>\n<p>[\/et_pb_text][et_pb_text _builder_version=&#8221;4.27.5&#8243; _module_preset=&#8221;default&#8221; global_colors_info=&#8221;{}&#8221;]<\/p>\n<p>Kamratf\u00f6reningen <em>Flottans M\u00e4n<\/em> bildades 1935 av en samling entusiaster som med d\u00e5tidens spr\u00e5kbruk formulerade f\u00f6reningens \u00e4ndam\u00e5l p\u00e5 f\u00f6ljande vis:<\/p>\n<p>\u201cAtt utg\u00f6ra en f\u00f6reningsl\u00e4nk mellan i tj\u00e4nst varande och f\u00f6re detta fast anst\u00e4llda och v\u00e4rnpliktiga vid flottan, v\u00e5rda vapnets traditioner och m\u00f6jlig g\u00f6ra ett n\u00e4rmare f\u00f6ljande av dess utveckling, befordra gott kamratskap genom fri och otvungen samvaro p\u00e5 gemensamma minnens grundval samt befr\u00e4mja utbyggandet av s\u00e5dan verksamhet som kan vara av gemensamt intresse f\u00f6r f\u00f6reningsmedlemmarna\u201d<\/p>\n<p>Den 1 december 2025 bytte efter 90 \u00e5r <strong><em>Riksf\u00f6reningen<\/em><em> Flottans M\u00e4n <\/em><\/strong>namn till <strong><em>Riksf\u00f6reningen<\/em><\/strong> <strong><em>Marinkamraterna<\/em><\/strong> vilket \u00e4r den st\u00f6rsta skillnaden mot tidigare f\u00f6rutom att vi numera tar in medlemmar fr\u00e5n handelsflottan, myndigheter och f\u00f6retag med marin anknytning. Vi \u00e4r en opolitisk kamratf\u00f6rening f\u00f6r alla som har intresse f\u00f6r Marinen och vill vara med i kamratskapet kring Marinen. F\u00f6r att bli medlem fordras att du tj\u00e4nstg\u00f6r eller har tj\u00e4nstgjort i Marinen, handelsflottan eller en myndighet\/f\u00f6retag med marin anknytning. Menig\/sj\u00f6man eller bef\u00e4l, man eller kvinna har ingen betydelse \u2013 alla som fyller kraven f\u00f6r medlemskap \u00e4r lika v\u00e4lkomna.<\/p>\n<p>Riksf\u00f6rbundets \u00e4ndam\u00e5l \u00e4r att:<\/p>\n<ul>\n<li>verka f\u00f6r gemenskap och sammanh\u00e5llning inom Marinen<\/li>\n<li>fr\u00e4mja kamratskapet<\/li>\n<li>inom riksf\u00f6reningen och genom samh\u00e4llskontakter i \u00f6vrigt sprida k\u00e4nnedom om Marinens uppgifter, verksamhet och utveckling inom ramen f\u00f6r totalf\u00f6rsvaret<\/li>\n<li>v\u00e5rda Marinens traditioner<\/li>\n<li>genom sin f\u00f6rsvarsfr\u00e4mjande verksamhet och \u00f6ppenhet betr\u00e4ffande medlemskap vara en ideell riksf\u00f6rening med allm\u00e4nnyttigt \u00e4ndam\u00e5l<\/li>\n<li>utge tidskriften V\u00c5R MARIN som ett sammanh\u00e5llande och informerande organ f\u00f6r medlemmarna<\/li>\n<\/ul>\n<p>F\u00f6reningen har idag ca 3000 medlemmar f\u00f6rdelade p\u00e5 24 lokalf\u00f6reningar.<\/p>\n<p>Riksf\u00f6reningen ger ut tidskriften V\u00c5R MARIN fyra g\u00e5nger om \u00e5ret. D\u00e4r kan du l\u00e4sa om vad som h\u00e4nder i lokalf\u00f6reningarna och l\u00e4sa intressanta artiklar om Flottan f\u00f6rr och nu.<\/p>\n<p><em>F\u00f6reningens har en semester\u00f6 som heter Stora Tratten. Den ligger inte l\u00e5ngt fr\u00e5n Finnhamn i Stockholms sk\u00e4rg\u00e5rd p\u00e5 bekv\u00e4mt avst\u00e5nd med sk\u00e4rg\u00e5rdsb\u00e5t. D\u00e4r kan du hyra stuga f\u00f6r kortare eller l\u00e4ngre period under sommaren f\u00f6r en l\u00e5g kostnad.<\/em> <a href=\"https:\/\/marinkamraterna.se\/stockholm\/stora-tratten\/\">Klicka h\u00e4r f\u00f6r mer information.<\/a><\/p>\n<p>[\/et_pb_text][\/et_pb_column][\/et_pb_row][\/et_pb_section]<\/p>\n","protected":false},"excerpt":{"rendered":"<p>Riksf\u00f6reningen Flottans M\u00e4n har bytt namn till MarinkamraternaH M Konung Carl XVI Gustaf har accepterat att vara Riksf\u00f6rbundets h\u00f6ge beskyddareKommend\u00f6rkapten G\u00f6ran Wahlstr\u00f6mtog initiativet till bildandet av f\u00f6reningenKamratf\u00f6reningen Flottans M\u00e4n bildades 1935 av en samling entusiaster som med d\u00e5tidens spr\u00e5kbruk formulerade f\u00f6reningens \u00e4ndam\u00e5l p\u00e5 f\u00f6ljande vis: \u201cAtt utg\u00f6ra en f\u00f6reningsl\u00e4nk mellan i tj\u00e4nst varande och f\u00f6re [&hellip;]<\/p>\n","protected":false},"author":26,"featured_media":0,"parent":23,"menu_order":4,"comment_status":"closed","ping_status":"closed","template":"","meta":{"_et_pb_use_builder":"on","_et_pb_old_content":"","_et_gb_content_width":"","_lmt_disableupdate":"no","_lmt_disable":"","iawp_total_views":191,"footnotes":""},"class_list":["post-35478","page","type-page","status-publish","hentry"],"_links":{"self":[{"href":"https:\/\/marinkamraterna.se\/vaxjo\/wp-json\/wp\/v2\/pages\/35478","targetHints":{"allow":["GET"]}}],"collection":[{"href":"https:\/\/marinkamraterna.se\/vaxjo\/wp-json\/wp\/v2\/pages"}],"about":[{"href":"https:\/\/marinkamraterna.se\/vaxjo\/wp-json\/wp\/v2\/types\/page"}],"author":[{"embeddable":true,"href":"https:\/\/marinkamraterna.se\/vaxjo\/wp-json\/wp\/v2\/users\/26"}],"replies":[{"embeddable":true,"href":"https:\/\/marinkamraterna.se\/vaxjo\/wp-json\/wp\/v2\/comments?post=35478"}],"version-history":[{"count":23,"href":"https:\/\/marinkamraterna.se\/vaxjo\/wp-json\/wp\/v2\/pages\/35478\/revisions"}],"predecessor-version":[{"id":40765,"href":"https:\/\/marinkamraterna.se\/vaxjo\/wp-json\/wp\/v2\/pages\/35478\/revisions\/40765"}],"up":[{"embeddable":true,"href":"https:\/\/marinkamraterna.se\/vaxjo\/wp-json\/wp\/v2\/pages\/23"}],"wp:attachment":[{"href":"https:\/\/marinkamraterna.se\/vaxjo\/wp-json\/wp\/v2\/media?parent=35478"}],"curies":[{"name":"wp","href":"https:\/\/api.w.org\/{rel}","templated":true}]}}