{"id":35965,"date":"2021-10-19T17:40:24","date_gmt":"2021-10-19T15:40:24","guid":{"rendered":"https:\/\/andersa6.sg-host.com\/vaxjo\/?page_id=35965"},"modified":"2024-03-29T15:55:15","modified_gmt":"2024-03-29T14:55:15","slug":"ubatsklubben-hajen","status":"publish","type":"page","link":"https:\/\/marinkamraterna.se\/vaxjo\/bilder\/ubatar\/ubatsklubben-hajen\/","title":{"rendered":"Ub\u00e5tsklubben Hajen"},"content":{"rendered":"<p>[et_pb_section fb_built=&#8221;1&#8243; _builder_version=&#8221;4.16&#8243; _module_preset=&#8221;default&#8221; global_colors_info=&#8221;{}&#8221;][et_pb_row _builder_version=&#8221;4.16&#8243; _module_preset=&#8221;default&#8221; global_colors_info=&#8221;{}&#8221;][et_pb_column type=&#8221;4_4&#8243; _builder_version=&#8221;4.16&#8243; _module_preset=&#8221;default&#8221; global_colors_info=&#8221;{}&#8221;][et_pb_text _builder_version=&#8221;4.16&#8243; _module_preset=&#8221;default&#8221; global_colors_info=&#8221;{}&#8221;]<\/p>\n<p>Bilder p\u00e5 Ub\u00e5tsklubben Hajens medlemmar tagna samband med f\u00f6rhandsvisningen inf\u00f6r invigningen av ub\u00e5tshallen i juni 2014 p\u00e5 Marinmuseet i Karlskrona<\/p>\n<p>[\/et_pb_text][et_pb_gallery gallery_ids=&#8221;35967,35968,35969,35970,35971,35972&#8243; posts_number=&#8221;6&#8243; show_title_and_caption=&#8221;off&#8221; show_pagination=&#8221;off&#8221; _builder_version=&#8221;4.16&#8243; _module_preset=&#8221;default&#8221; global_colors_info=&#8221;{}&#8221;][\/et_pb_gallery][\/et_pb_column][\/et_pb_row][\/et_pb_section]<\/p>\n","protected":false},"excerpt":{"rendered":"<p>Bilder p\u00e5 Ub\u00e5tsklubben Hajens medlemmar tagna samband med f\u00f6rhandsvisningen inf\u00f6r invigningen av ub\u00e5tshallen i juni 2014 p\u00e5 Marinmuseet i Karlskrona<\/p>\n","protected":false},"author":26,"featured_media":0,"parent":35984,"menu_order":5,"comment_status":"closed","ping_status":"closed","template":"","meta":{"_et_pb_use_builder":"on","_et_pb_old_content":"","_et_gb_content_width":"","_lmt_disableupdate":"no","_lmt_disable":"","iawp_total_views":110,"footnotes":""},"class_list":["post-35965","page","type-page","status-publish","hentry"],"_links":{"self":[{"href":"https:\/\/marinkamraterna.se\/vaxjo\/wp-json\/wp\/v2\/pages\/35965","targetHints":{"allow":["GET"]}}],"collection":[{"href":"https:\/\/marinkamraterna.se\/vaxjo\/wp-json\/wp\/v2\/pages"}],"about":[{"href":"https:\/\/marinkamraterna.se\/vaxjo\/wp-json\/wp\/v2\/types\/page"}],"author":[{"embeddable":true,"href":"https:\/\/marinkamraterna.se\/vaxjo\/wp-json\/wp\/v2\/users\/26"}],"replies":[{"embeddable":true,"href":"https:\/\/marinkamraterna.se\/vaxjo\/wp-json\/wp\/v2\/comments?post=35965"}],"version-history":[{"count":7,"href":"https:\/\/marinkamraterna.se\/vaxjo\/wp-json\/wp\/v2\/pages\/35965\/revisions"}],"predecessor-version":[{"id":40334,"href":"https:\/\/marinkamraterna.se\/vaxjo\/wp-json\/wp\/v2\/pages\/35965\/revisions\/40334"}],"up":[{"embeddable":true,"href":"https:\/\/marinkamraterna.se\/vaxjo\/wp-json\/wp\/v2\/pages\/35984"}],"wp:attachment":[{"href":"https:\/\/marinkamraterna.se\/vaxjo\/wp-json\/wp\/v2\/media?parent=35965"}],"curies":[{"name":"wp","href":"https:\/\/api.w.org\/{rel}","templated":true}]}}