{"id":35984,"date":"2021-10-19T19:43:13","date_gmt":"2021-10-19T17:43:13","guid":{"rendered":"https:\/\/andersa6.sg-host.com\/vaxjo\/?page_id=35984"},"modified":"2023-03-10T11:18:17","modified_gmt":"2023-03-10T10:18:17","slug":"ubatar","status":"publish","type":"page","link":"https:\/\/marinkamraterna.se\/vaxjo\/bilder\/ubatar\/","title":{"rendered":"Ub\u00e5tar"},"content":{"rendered":"<p>[et_pb_section fb_built=&#8221;1&#8243; _builder_version=&#8221;4.16&#8243; _module_preset=&#8221;default&#8221; global_colors_info=&#8221;{}&#8221;][et_pb_row _builder_version=&#8221;4.16&#8243; _module_preset=&#8221;default&#8221; global_colors_info=&#8221;{}&#8221;][et_pb_column type=&#8221;4_4&#8243; _builder_version=&#8221;4.16&#8243; _module_preset=&#8221;default&#8221; global_colors_info=&#8221;{}&#8221;][et_pb_text _builder_version=&#8221;4.16&#8243; _module_preset=&#8221;default&#8221; global_colors_info=&#8221;{}&#8221;]<\/p>\n<h2>Diverse ub\u00e5tsbilder<\/h2>\n<h5>Foto Bengt Carlsson<\/h5>\n<p>[\/et_pb_text][et_pb_gallery gallery_ids=&#8221;35692,35690,35691,35689,37047,37050,36106,35685&#8243; posts_number=&#8221;9&#8243; show_pagination=&#8221;off&#8221; _builder_version=&#8221;4.20.2&#8243; _module_preset=&#8221;default&#8221; hover_enabled=&#8221;0&#8243; global_colors_info=&#8221;{}&#8221; sticky_enabled=&#8221;0&#8243;][\/et_pb_gallery][et_pb_text _builder_version=&#8221;4.16&#8243; _module_preset=&#8221;default&#8221; link_option_url=&#8221;https:\/\/youtu.be\/W6a_wsfzVYM&#8221; global_colors_info=&#8221;{}&#8221;]<\/p>\n<p><strong><a href=\"https:\/\/youtu.be\/W6a_wsfzVYM\">Video HMS Gotland<\/a><\/strong><\/p>\n<h4><div id=\"attachment_36152\" style=\"width: 310px\" class=\"wp-caption alignnone\"><img loading=\"lazy\" decoding=\"async\" aria-describedby=\"caption-attachment-36152\" src=\"http:\/\/marinkamraterna.se\/vaxjo\/wp-content\/uploads\/sites\/29\/2021\/10\/HMS-Gotland-uthyrd-till-USA-300x145.jpg\" width=\"300\" height=\"145\" alt=\"\" class=\"wp-image-36152 size-thumbnail\" srcset=\"https:\/\/marinkamraterna.se\/vaxjo\/wp-content\/uploads\/sites\/29\/2021\/10\/HMS-Gotland-uthyrd-till-USA-300x145.jpg 300w, https:\/\/marinkamraterna.se\/vaxjo\/wp-content\/uploads\/sites\/29\/2021\/10\/HMS-Gotland-uthyrd-till-USA-600x289.jpg 600w, https:\/\/marinkamraterna.se\/vaxjo\/wp-content\/uploads\/sites\/29\/2021\/10\/HMS-Gotland-uthyrd-till-USA-768x370.jpg 768w, https:\/\/marinkamraterna.se\/vaxjo\/wp-content\/uploads\/sites\/29\/2021\/10\/HMS-Gotland-uthyrd-till-USA-980x472.jpg 980w, https:\/\/marinkamraterna.se\/vaxjo\/wp-content\/uploads\/sites\/29\/2021\/10\/HMS-Gotland-uthyrd-till-USA-480x231.jpg 480w, https:\/\/marinkamraterna.se\/vaxjo\/wp-content\/uploads\/sites\/29\/2021\/10\/HMS-Gotland-uthyrd-till-USA.jpg 1000w\" sizes=\"(max-width: 300px) 100vw, 300px\" \/><p id=\"caption-attachment-36152\" class=\"wp-caption-text\">HMS Gotland i San Diego p\u00e5 uppdrag f\u00f6r US Navy<\/p><\/div><\/h4>\n<h6 class=\"title style-scope ytd-video-primary-info-renderer\">Den svenska ub\u00e5ten som s\u00e4nkte ett amerikanskt hangarfartyg<\/h6>\n<p>[\/et_pb_text][\/et_pb_column][\/et_pb_row][\/et_pb_section][et_pb_section fb_built=&#8221;1&#8243; _builder_version=&#8221;4.16&#8243; _module_preset=&#8221;default&#8221; global_colors_info=&#8221;{}&#8221;][et_pb_row column_structure=&#8221;1_4,1_4,1_4,1_4&#8243; _builder_version=&#8221;4.16&#8243; _module_preset=&#8221;default&#8221; global_colors_info=&#8221;{}&#8221;][et_pb_column type=&#8221;1_4&#8243; _builder_version=&#8221;4.16&#8243; _module_preset=&#8221;default&#8221; global_colors_info=&#8221;{}&#8221;][et_pb_video _builder_version=&#8221;4.16&#8243; _module_preset=&#8221;default&#8221; global_colors_info=&#8221;{}&#8221;][\/et_pb_video][\/et_pb_column][et_pb_column type=&#8221;1_4&#8243; _builder_version=&#8221;4.16&#8243; _module_preset=&#8221;default&#8221; global_colors_info=&#8221;{}&#8221;][\/et_pb_column][et_pb_column type=&#8221;1_4&#8243; _builder_version=&#8221;4.16&#8243; _module_preset=&#8221;default&#8221; global_colors_info=&#8221;{}&#8221;][\/et_pb_column][et_pb_column type=&#8221;1_4&#8243; _builder_version=&#8221;4.16&#8243; _module_preset=&#8221;default&#8221; global_colors_info=&#8221;{}&#8221;][\/et_pb_column][\/et_pb_row][\/et_pb_section]<\/p>\n","protected":false},"excerpt":{"rendered":"<p>Diverse ub\u00e5tsbilder Foto Bengt CarlssonVideo HMS Gotland Den svenska ub\u00e5ten som s\u00e4nkte ett amerikanskt hangarfartyg<\/p>\n","protected":false},"author":26,"featured_media":0,"parent":33357,"menu_order":4,"comment_status":"closed","ping_status":"closed","template":"","meta":{"_et_pb_use_builder":"on","_et_pb_old_content":"[wpforms id=\"2000\" title=\"false\" description=\"false\"]","_et_gb_content_width":"","_lmt_disableupdate":"no","_lmt_disable":"","iawp_total_views":198,"footnotes":""},"class_list":["post-35984","page","type-page","status-publish","hentry"],"_links":{"self":[{"href":"https:\/\/marinkamraterna.se\/vaxjo\/wp-json\/wp\/v2\/pages\/35984","targetHints":{"allow":["GET"]}}],"collection":[{"href":"https:\/\/marinkamraterna.se\/vaxjo\/wp-json\/wp\/v2\/pages"}],"about":[{"href":"https:\/\/marinkamraterna.se\/vaxjo\/wp-json\/wp\/v2\/types\/page"}],"author":[{"embeddable":true,"href":"https:\/\/marinkamraterna.se\/vaxjo\/wp-json\/wp\/v2\/users\/26"}],"replies":[{"embeddable":true,"href":"https:\/\/marinkamraterna.se\/vaxjo\/wp-json\/wp\/v2\/comments?post=35984"}],"version-history":[{"count":14,"href":"https:\/\/marinkamraterna.se\/vaxjo\/wp-json\/wp\/v2\/pages\/35984\/revisions"}],"predecessor-version":[{"id":40153,"href":"https:\/\/marinkamraterna.se\/vaxjo\/wp-json\/wp\/v2\/pages\/35984\/revisions\/40153"}],"up":[{"embeddable":true,"href":"https:\/\/marinkamraterna.se\/vaxjo\/wp-json\/wp\/v2\/pages\/33357"}],"wp:attachment":[{"href":"https:\/\/marinkamraterna.se\/vaxjo\/wp-json\/wp\/v2\/media?parent=35984"}],"curies":[{"name":"wp","href":"https:\/\/api.w.org\/{rel}","templated":true}]}}