{"id":36043,"date":"2021-10-22T10:19:47","date_gmt":"2021-10-22T08:19:47","guid":{"rendered":"https:\/\/andersa6.sg-host.com\/vaxjo\/?page_id=36043"},"modified":"2026-01-22T13:13:43","modified_gmt":"2026-01-22T12:13:43","slug":"veteraner","status":"publish","type":"page","link":"https:\/\/marinkamraterna.se\/vaxjo\/startsidan\/veteraner\/","title":{"rendered":"Veteraner"},"content":{"rendered":"<p>[et_pb_section fb_built=&#8221;1&#8243; specialty=&#8221;on&#8221; padding_top_1=&#8221;45px&#8221; padding_top_2=&#8221;45px&#8221; padding_top_bottom_link_1=&#8221;false&#8221; padding_top_bottom_link_2=&#8221;false&#8221; padding_left_right_link_1=&#8221;false&#8221; padding_left_right_link_2=&#8221;false&#8221; _builder_version=&#8221;4.16&#8243; _module_preset=&#8221;default&#8221; custom_margin=&#8221;||||false|false&#8221; custom_padding=&#8221;0px||||false|false&#8221; locked=&#8221;off&#8221; global_colors_info=&#8221;{}&#8221;][et_pb_column type=&#8221;3_4&#8243; specialty_columns=&#8221;3&#8243; _builder_version=&#8221;4.16&#8243; custom_padding=&#8221;|||&#8221; global_colors_info=&#8221;{}&#8221; custom_padding__hover=&#8221;|||&#8221;][et_pb_row_inner column_structure=&#8221;1_2,1_2&#8243; _builder_version=&#8221;4.16&#8243; _module_preset=&#8221;default&#8221; custom_padding=&#8221;0px||||false|false&#8221; global_colors_info=&#8221;{}&#8221;][et_pb_column_inner type=&#8221;1_2&#8243; saved_specialty_column_type=&#8221;3_4&#8243; _builder_version=&#8221;4.16&#8243; _module_preset=&#8221;default&#8221; global_colors_info=&#8221;{}&#8221;][et_pb_post_title meta=&#8221;off&#8221; featured_image=&#8221;off&#8221; _builder_version=&#8221;4.16&#8243; _module_preset=&#8221;default&#8221; title_font_size=&#8221;35px&#8221; global_colors_info=&#8221;{}&#8221;][\/et_pb_post_title][et_pb_text _builder_version=&#8221;4.16&#8243; _module_preset=&#8221;default&#8221; global_colors_info=&#8221;{}&#8221;]<\/p>\n<h2>Ans\u00f6kan om veterankort<\/h2>\n<p>\u00a0G\u00e5 till<span>\u00a0<\/span><a href=\"https:\/\/mitt.forsvarsmakten.se\/veteran-info\">Mitt F\u00f6rsvarsmakten (forsvarsmakten.se)<\/a><\/p>\n<p>&nbsp;<\/p>\n<p>[\/et_pb_text][\/et_pb_column_inner][et_pb_column_inner type=&#8221;1_2&#8243; saved_specialty_column_type=&#8221;3_4&#8243; _builder_version=&#8221;4.16&#8243; _module_preset=&#8221;default&#8221; global_colors_info=&#8221;{}&#8221;][et_pb_image src=&#8221;http:\/\/marinkamraterna.se\/vaxjo\/wp-content\/uploads\/sites\/29\/2021\/11\/Veteran-BC.jpg&#8221; title_text=&#8221;Veterankort&#8221; _builder_version=&#8221;4.16&#8243; _module_preset=&#8221;default&#8221; global_colors_info=&#8221;{}&#8221;][\/et_pb_image][\/et_pb_column_inner][\/et_pb_row_inner][et_pb_row_inner _builder_version=&#8221;4.16&#8243; _module_preset=&#8221;default&#8221; global_colors_info=&#8221;{}&#8221;][et_pb_column_inner saved_specialty_column_type=&#8221;3_4&#8243; _builder_version=&#8221;4.16&#8243; _module_preset=&#8221;default&#8221; global_colors_info=&#8221;{}&#8221;][et_pb_text _builder_version=&#8221;4.16&#8243; _module_preset=&#8221;default&#8221; global_colors_info=&#8221;{}&#8221;]<\/p>\n<p><em>F\u00f6r att ans\u00f6ka om veterankort m\u00e5ste du f\u00f6rst skapa en profil i Mitt F\u00f6rsvarsmakten. Din ans\u00f6kan skickas till det f\u00f6rband du vill tillh\u00f6ra.<\/em><\/p>\n<p><em>F\u00f6rsvarsmaktens definition av veteraner \u00e4r att alla som varit anst\u00e4llda och gjort insatser nationellt eller internationellt, med eller utan vapen \u00e4r veteraner. Veteraner kan ans\u00f6ka om veterankort.<\/em><\/p>\n<p>[\/et_pb_text][\/et_pb_column_inner][\/et_pb_row_inner][et_pb_row_inner _builder_version=&#8221;4.16&#8243; _module_preset=&#8221;default&#8221; global_colors_info=&#8221;{}&#8221;][et_pb_column_inner saved_specialty_column_type=&#8221;3_4&#8243; _builder_version=&#8221;4.16&#8243; _module_preset=&#8221;default&#8221; global_colors_info=&#8221;{}&#8221;][et_pb_text _builder_version=&#8221;4.17.4&#8243; _module_preset=&#8221;default&#8221; global_colors_info=&#8221;{}&#8221;]<\/p>\n<h4><strong>Veterankortet utf\u00e4rdas av F\u00f6rsvarsmakten till F\u00f6rsvarsmaktens veteraner.<\/strong><\/h4>\n<p>Du som endast gjort v\u00e4rnplikt eller GMU omfattas inte av F\u00f6rsvarsmaktens veteranbegrepp och \u00e4r d\u00e4rmed inte ber\u00e4ttigad att ans\u00f6ka om veterankort.<\/p>\n<p><strong>F\u00f6r att kunna ans\u00f6ka om veterankort ska du uppfylla n\u00e5got av f\u00f6ljande kriterier:<\/strong><\/p>\n<p><strong>Officer, GSS K, Civilanst\u00e4lld<\/strong><\/p>\n<ul>\n<li>Du ska ha avslutat din anst\u00e4llning i F\u00f6rsvarsmakten och varit tillsvidareanst\u00e4lld i minst <span style=\"text-decoration: underline\">sex m\u00e5nader<\/span> f\u00f6r att vara ber\u00e4ttigad att ans\u00f6ka om veterankort.<\/li>\n<\/ul>\n<p><strong>GSS T<\/strong><\/p>\n<ul>\n<li>Du ska ha en sammanlagd aktiv tj\u00e4nstg\u00f6ringstid p\u00e5 minst <span style=\"text-decoration: underline\">sex m\u00e5nader<\/span> f\u00f6r att vara ber\u00e4ttigad att ans\u00f6ka om veterankort.<\/li>\n<li>GSS K som har varit tillsvidareanst\u00e4lld i mer \u00e4n <span style=\"text-decoration: underline\">sex m\u00e5nader<\/span> och \u00f6verg\u00e5r i en GSS T anst\u00e4llning \u00e4r ber\u00e4ttigad att ans\u00f6ka om veterankort.<\/li>\n<\/ul>\n<p><strong>Reservofficer<\/strong><\/p>\n<ul>\n<li>Du ska ha en sammanlagd aktiv tj\u00e4nstg\u00f6ringstid p\u00e5 minst <span style=\"text-decoration: underline\">sex m\u00e5nader<\/span> f\u00f6r att vara ber\u00e4ttigad att ans\u00f6ka om veterankort.<\/li>\n<\/ul>\n<p><strong>Utlandstj\u00e4nst<\/strong><\/p>\n<ul>\n<li>Du ska ha en sammanlagd tj\u00e4nstg\u00f6ringstid i internationell milit\u00e4r insats p\u00e5 minst <span style=\"text-decoration: underline\">en m\u00e5nad<\/span>\u00a0f\u00f6r att vara ber\u00e4ttigad att ans\u00f6ka om veterankort.<\/li>\n<\/ul>\n<p>[\/et_pb_text][\/et_pb_column_inner][\/et_pb_row_inner][et_pb_row_inner _builder_version=&#8221;4.16&#8243; _module_preset=&#8221;default&#8221; custom_padding=&#8221;0px||||false|false&#8221; global_colors_info=&#8221;{}&#8221;][et_pb_column_inner saved_specialty_column_type=&#8221;3_4&#8243; _builder_version=&#8221;4.16&#8243; _module_preset=&#8221;default&#8221; global_colors_info=&#8221;{}&#8221;][et_pb_image src=&#8221;https:\/\/marinkamraterna.se\/vaxjo\/wp-content\/uploads\/sites\/29\/2026\/01\/HKH-Carl-Gustaf.jpg&#8221; alt=&#8221;ship helm&#8221; title_text=&#8221;HKH Carl Gustaf&#8221; _builder_version=&#8221;4.27.5&#8243; _module_preset=&#8221;default&#8221; hover_enabled=&#8221;0&#8243; global_colors_info=&#8221;{}&#8221; sticky_enabled=&#8221;0&#8243;][\/et_pb_image][\/et_pb_column_inner][\/et_pb_row_inner][\/et_pb_column][et_pb_column type=&#8221;1_4&#8243; _builder_version=&#8221;4.16&#8243; custom_padding=&#8221;|||&#8221; global_colors_info=&#8221;{}&#8221; custom_padding__hover=&#8221;|||&#8221;][et_pb_image src=&#8221;http:\/\/marinkamraterna.se\/vaxjo\/wp-content\/uploads\/sites\/29\/2021\/11\/Resoffmedalj.jpeg&#8221; alt=&#8221;body of water during golden hour&#8221; title_text=&#8221;Resoffmedalj&#8221; _builder_version=&#8221;4.16&#8243; _module_preset=&#8221;default&#8221; custom_margin=&#8221;||10px||false|false&#8221; custom_padding=&#8221;||||false|false&#8221; global_colors_info=&#8221;{}&#8221;][\/et_pb_image][et_pb_text _builder_version=&#8221;4.16&#8243; _module_preset=&#8221;default&#8221; text_font=&#8221;||on||||||&#8221; text_font_size=&#8221;14px&#8221; global_colors_info=&#8221;{}&#8221;]<\/p>\n<p>Reservofficersmedalj<\/p>\n<p>[\/et_pb_text][et_pb_sidebar orientation=&#8221;right&#8221; admin_label=&#8221;Sidof\u00e4lt&#8221; _builder_version=&#8221;4.9.4&#8243; _module_preset=&#8221;default&#8221; header_font=&#8221;|600||on|||||&#8221; header_font_size=&#8221;20px&#8221; global_module=&#8221;33531&#8243; saved_tabs=&#8221;all&#8221; locked=&#8221;on&#8221; global_colors_info=&#8221;{}&#8221;][\/et_pb_sidebar][\/et_pb_column][\/et_pb_section]<\/p>\n","protected":false},"excerpt":{"rendered":"<p>Ans\u00f6kan om veterankort \u00a0G\u00e5 till\u00a0Mitt F\u00f6rsvarsmakten (forsvarsmakten.se) &nbsp;F\u00f6r att ans\u00f6ka om veterankort m\u00e5ste du f\u00f6rst skapa en profil i Mitt F\u00f6rsvarsmakten. Din ans\u00f6kan skickas till det f\u00f6rband du vill tillh\u00f6ra. F\u00f6rsvarsmaktens definition av veteraner \u00e4r att alla som varit anst\u00e4llda och gjort insatser nationellt eller internationellt, med eller utan vapen \u00e4r veteraner. Veteraner kan ans\u00f6ka [&hellip;]<\/p>\n","protected":false},"author":26,"featured_media":0,"parent":23,"menu_order":5,"comment_status":"closed","ping_status":"closed","template":"","meta":{"_et_pb_use_builder":"on","_et_pb_old_content":"","_et_gb_content_width":"","_lmt_disableupdate":"no","_lmt_disable":"","iawp_total_views":213,"footnotes":""},"class_list":["post-36043","page","type-page","status-publish","hentry"],"_links":{"self":[{"href":"https:\/\/marinkamraterna.se\/vaxjo\/wp-json\/wp\/v2\/pages\/36043","targetHints":{"allow":["GET"]}}],"collection":[{"href":"https:\/\/marinkamraterna.se\/vaxjo\/wp-json\/wp\/v2\/pages"}],"about":[{"href":"https:\/\/marinkamraterna.se\/vaxjo\/wp-json\/wp\/v2\/types\/page"}],"author":[{"embeddable":true,"href":"https:\/\/marinkamraterna.se\/vaxjo\/wp-json\/wp\/v2\/users\/26"}],"replies":[{"embeddable":true,"href":"https:\/\/marinkamraterna.se\/vaxjo\/wp-json\/wp\/v2\/comments?post=36043"}],"version-history":[{"count":12,"href":"https:\/\/marinkamraterna.se\/vaxjo\/wp-json\/wp\/v2\/pages\/36043\/revisions"}],"predecessor-version":[{"id":40699,"href":"https:\/\/marinkamraterna.se\/vaxjo\/wp-json\/wp\/v2\/pages\/36043\/revisions\/40699"}],"up":[{"embeddable":true,"href":"https:\/\/marinkamraterna.se\/vaxjo\/wp-json\/wp\/v2\/pages\/23"}],"wp:attachment":[{"href":"https:\/\/marinkamraterna.se\/vaxjo\/wp-json\/wp\/v2\/media?parent=36043"}],"curies":[{"name":"wp","href":"https:\/\/api.w.org\/{rel}","templated":true}]}}