{"id":38541,"date":"2022-01-22T11:30:55","date_gmt":"2022-01-22T10:30:55","guid":{"rendered":"https:\/\/marinkamraterna.se\/vaxjo\/?page_id=38541"},"modified":"2025-11-17T14:08:41","modified_gmt":"2025-11-17T13:08:41","slug":"hms-smaland","status":"publish","type":"page","link":"https:\/\/marinkamraterna.se\/vaxjo\/startsidan\/hms-smaland\/","title":{"rendered":"HMS Sm\u00e5land"},"content":{"rendered":"<p>[et_pb_section fb_built=&#8221;1&#8243; _builder_version=&#8221;4.16&#8243; _module_preset=&#8221;default&#8221; global_colors_info=&#8221;{}&#8221;][et_pb_row _builder_version=&#8221;4.16&#8243; _module_preset=&#8221;default&#8221; global_colors_info=&#8221;{}&#8221;][et_pb_column type=&#8221;4_4&#8243; _builder_version=&#8221;4.16&#8243; _module_preset=&#8221;default&#8221; global_colors_info=&#8221;{}&#8221;][et_pb_text _builder_version=&#8221;4.27.4&#8243; _module_preset=&#8221;default&#8221; hover_enabled=&#8221;0&#8243; global_colors_info=&#8221;{}&#8221; sticky_enabled=&#8221;0&#8243;]<\/p>\n<h2><span style=\"color: #000000\">HMS Sm\u00e5land<\/span><\/h2>\n<p><em>Inget \u00f6rlogsfartyg \u00e4r d\u00f6pt till HMS V\u00e4xj\u00f6, vilket \u00e4r f\u00f6rst\u00e5eligt. F\u00f6r att f\u00e5 ett \u00f6rlogsfartyg d\u00f6pt efter en stad eller landskap beh\u00f6ver nog det geografiska namnet p\u00e5 n\u00e5got s\u00e4tt anknyta till havet vilket inte V\u00e4xj\u00f6 men d\u00e4remot Sm\u00e5land g\u00f6r. HMS Sm\u00e5land hette en jagare som en g\u00e5ng fick namn efter landskapet Sm\u00e5land. M\u00e5nga \u00e4r de sj\u00f6m\u00e4n som tj\u00e4nstgjort<\/em> <em>ombord. \u00c4ven m\u00e5nga sm\u00e5l\u00e4nningar varav en del \u00e4r medlemmar i v\u00e5r f\u00f6rening. Den som vill kan besk\u00e5da HMS Sm\u00e5land p\u00e5 Maritiman i G\u00f6teborg. D\u00e4r kan man \u00e4ven g\u00e5 ombord p\u00e5 ub\u00e5ten Nordkaparen m.fl. \u00f6rlogsfartyg. Tillsammans med HMS Halland som systerfartyget hette var de under en tid de st\u00f6rsta jagarna i v\u00e5r flotta.\u00a0<\/em><em><br \/><span style=\"color: #0000ff\"><strong>De nya A-26 ub\u00e5tarna d\u00f6ps till HMS Blekinge och HMS Sk\u00e5ne. Idag finns \u00e4ven ub\u00e5tar som \u00e4r d\u00f6pta till HMS Halland, HMS Gotland, HMS Uppland och HMS S\u00f6dermanland. Det vore inte fel om n\u00e4sta ub\u00e5t fick heta HMS Sm\u00e5land om det nu blir n\u00e5gon n\u00e4sta.<br \/>HMS Halland (1955-1987) var tidigare en jagare och systerfartyg till Jagaren Sm\u00e5land (1956-1984). HMS Uppland (1947-1979) och S\u00f6dermanland (1958-1982) var tidigare namn p\u00e5 jagare och HMS Gotland (1934-1960) var en flygplanskryssare.<\/strong><\/span><\/em><\/p>\n<p>[\/et_pb_text][\/et_pb_column][\/et_pb_row][et_pb_row column_structure=&#8221;1_2,1_2&#8243; _builder_version=&#8221;4.16&#8243; _module_preset=&#8221;default&#8221; global_colors_info=&#8221;{}&#8221;][et_pb_column type=&#8221;1_2&#8243; _builder_version=&#8221;4.16&#8243; _module_preset=&#8221;default&#8221; global_colors_info=&#8221;{}&#8221;][et_pb_image src=&#8221;https:\/\/marinkamraterna.se\/vaxjo\/wp-content\/uploads\/sites\/29\/2022\/01\/J-19-Smaland-1.jpg&#8221; title_text=&#8221;J 19 Sm\u00e5land&#8221; _builder_version=&#8221;4.16&#8243; _module_preset=&#8221;default&#8221; global_colors_info=&#8221;{}&#8221;][\/et_pb_image][\/et_pb_column][et_pb_column type=&#8221;1_2&#8243; _builder_version=&#8221;4.16&#8243; _module_preset=&#8221;default&#8221; global_colors_info=&#8221;{}&#8221;][et_pb_text _builder_version=&#8221;4.16&#8243; _module_preset=&#8221;default&#8221; global_colors_info=&#8221;{}&#8221;]<\/p>\n<h4><b>HMS Sm\u00e5land (J19) <\/b>var en jagare i svenska flottan som sj\u00f6sattes den 23 oktober 1952. Fartyget var det andra fartyget i Halland-klassen, d\u00e4r \u00e4ven HMS Halland ingick. Halland-klassen var den st\u00f6rsta och mest slagkraftiga jagarklassen som n\u00e5gonsin ing\u00e5tt i den svenska flottan.<\/h4>\n<h5><b>Allm\u00e4nt<\/b><\/h5>\n<h5>Typ:\u00a0 \u00a0 \u00a0 \u00a0 \u00a0 \u00a0 \u00a0 \u00a0 \u00a0 \u00a0 \u00a0 \u00a0 \u00a0 \u00a0 Jagare<\/h5>\n<h5>Klass:\u00a0 \u00a0 \u00a0 \u00a0 \u00a0 \u00a0 \u00a0 \u00a0 \u00a0 \u00a0 \u00a0 \u00a0 \u00a0Halland-klass<\/h5>\n<h5>Fartygsnummer:\u00a0 \u00a0 \u00a0 J 19<\/h5>\n<p>&nbsp;<\/p>\n<p>[\/et_pb_text][\/et_pb_column][\/et_pb_row][et_pb_row _builder_version=&#8221;4.16&#8243; _module_preset=&#8221;default&#8221; global_colors_info=&#8221;{}&#8221;][et_pb_column type=&#8221;4_4&#8243; _builder_version=&#8221;4.16&#8243; _module_preset=&#8221;default&#8221; global_colors_info=&#8221;{}&#8221;][et_pb_text _builder_version=&#8221;4.16&#8243; _module_preset=&#8221;default&#8221; global_colors_info=&#8221;{}&#8221;]<\/p>\n<table>\n<tbody>\n<tr>\n<td width=\"94\"><strong>Historik<\/strong><\/td>\n<td width=\"208\">\u00a0<\/td>\n<td width=\"113\"><strong>Tekniska data<\/strong><\/td>\n<td width=\"186\">\u00a0<\/td>\n<\/tr>\n<tr>\n<td width=\"94\">Byggnadsvarv<\/td>\n<td width=\"208\">Eriksbergs Mekaniska Verkstads AB<\/td>\n<td width=\"113\">L\u00e4ngd<\/td>\n<td width=\"186\">121 meter<\/td>\n<\/tr>\n<tr>\n<td width=\"94\">K\u00f6lstr\u00e4ckt<\/td>\n<td width=\"208\">1951<\/td>\n<td width=\"113\">Bredd<\/td>\n<td width=\"186\">12,6 meter<\/td>\n<\/tr>\n<tr>\n<td width=\"94\">Sj\u00f6satt<\/td>\n<td width=\"208\">23 oktober 1952<\/td>\n<td width=\"113\">Djupg\u00e5ende<\/td>\n<td width=\"186\">4,24 meter<\/td>\n<\/tr>\n<tr>\n<td width=\"94\">I tj\u00e4nst<\/td>\n<td width=\"208\">12 januari 1956<strong>\u00a0<\/strong><\/td>\n<td width=\"113\">Deplacement<\/td>\n<td width=\"186\">3344 ton<\/td>\n<\/tr>\n<tr>\n<td width=\"94\">Utrangerad<\/td>\n<td width=\"208\">1 juli 1984<strong>\u00a0<\/strong><\/td>\n<td width=\"113\">Maskin<\/td>\n<td width=\"186\">2 x de Laval \u00e5ngturbiner 58 000 hk<\/td>\n<\/tr>\n<tr>\n<td width=\"94\">\u00d6de<\/td>\n<td width=\"208\">Museifartyg i G\u00f6teborg.<\/td>\n<td width=\"113\">Kraftk\u00e4lla<\/td>\n<td width=\"186\">\u00c5ngturbin<\/td>\n<\/tr>\n<tr>\n<td width=\"94\">\u00a0<\/td>\n<td width=\"208\">\u00a0<\/td>\n<td width=\"113\">Fart<\/td>\n<td width=\"186\">37 knop<\/td>\n<\/tr>\n<tr>\n<td width=\"94\">\u00a0<\/td>\n<td width=\"208\">\u00a0<\/td>\n<td width=\"113\">Bes\u00e4ttning<\/td>\n<td width=\"186\">259 man<\/td>\n<\/tr>\n<\/tbody>\n<\/table>\n<p><strong>\u00a0<\/strong><\/p>\n<table>\n<tbody>\n<tr>\n<td width=\"94\"><strong>Bestyckning<\/strong><\/td>\n<td width=\"206\">\u00a0<\/td>\n<td width=\"115\">\u00a0<\/td>\n<td width=\"186\">\u00a0<\/td>\n<\/tr>\n<tr>\n<td width=\"94\">Huvudartilleri<\/td>\n<td width=\"206\">2 x 2 12 cm akan M\/50<\/td>\n<td width=\"115\">Ub\u00e5tsjaktvapen<\/td>\n<td width=\"186\">2 x 37,5 cm aurakpj\u00e4s M\/50<\/td>\n<\/tr>\n<tr>\n<td width=\"94\">Sekund\u00e4rartilleri<\/td>\n<td width=\"206\">1 x 2 57 mm lvakan M\/50<\/td>\n<td width=\"115\">Minor<\/td>\n<td width=\"186\">58 st minor, \u00e4ven sjunkbomber<\/td>\n<\/tr>\n<tr>\n<td width=\"94\">Luftv\u00e4rnsartilleri<\/td>\n<td width=\"206\">6 x 1 40 mm lvakan M\/48E<\/td>\n<td width=\"115\">\u00d6vrigt<\/td>\n<td width=\"186\">1 x 2 Lavettage f\u00f6r Robot 08<\/td>\n<\/tr>\n<tr>\n<td width=\"94\">Torpeder<\/td>\n<td width=\"206\">8 x Tuber m\/30 f\u00f6r Torped 61<\/td>\n<td width=\"115\">Helikoptrar<\/td>\n<td width=\"186\">Helikopterplattform<\/td>\n<\/tr>\n<\/tbody>\n<\/table>\n<p>[\/et_pb_text][\/et_pb_column][\/et_pb_row][\/et_pb_section][et_pb_section fb_built=&#8221;1&#8243; _builder_version=&#8221;4.16&#8243; _module_preset=&#8221;default&#8221; global_colors_info=&#8221;{}&#8221;][\/et_pb_section]<\/p>\n","protected":false},"excerpt":{"rendered":"<p>HMS Sm\u00e5land Inget \u00f6rlogsfartyg \u00e4r d\u00f6pt till HMS V\u00e4xj\u00f6, vilket \u00e4r f\u00f6rst\u00e5eligt. F\u00f6r att f\u00e5 ett \u00f6rlogsfartyg d\u00f6pt efter en stad eller landskap beh\u00f6ver nog det geografiska namnet p\u00e5 n\u00e5got s\u00e4tt anknyta till havet vilket inte V\u00e4xj\u00f6 men d\u00e4remot Sm\u00e5land g\u00f6r. HMS Sm\u00e5land hette en jagare som en g\u00e5ng fick namn efter landskapet Sm\u00e5land. M\u00e5nga [&hellip;]<\/p>\n","protected":false},"author":26,"featured_media":0,"parent":23,"menu_order":2,"comment_status":"closed","ping_status":"closed","template":"","meta":{"_et_pb_use_builder":"on","_et_pb_old_content":"","_et_gb_content_width":"","_lmt_disableupdate":"no","_lmt_disable":"","iawp_total_views":515,"footnotes":""},"class_list":["post-38541","page","type-page","status-publish","hentry"],"_links":{"self":[{"href":"https:\/\/marinkamraterna.se\/vaxjo\/wp-json\/wp\/v2\/pages\/38541","targetHints":{"allow":["GET"]}}],"collection":[{"href":"https:\/\/marinkamraterna.se\/vaxjo\/wp-json\/wp\/v2\/pages"}],"about":[{"href":"https:\/\/marinkamraterna.se\/vaxjo\/wp-json\/wp\/v2\/types\/page"}],"author":[{"embeddable":true,"href":"https:\/\/marinkamraterna.se\/vaxjo\/wp-json\/wp\/v2\/users\/26"}],"replies":[{"embeddable":true,"href":"https:\/\/marinkamraterna.se\/vaxjo\/wp-json\/wp\/v2\/comments?post=38541"}],"version-history":[{"count":16,"href":"https:\/\/marinkamraterna.se\/vaxjo\/wp-json\/wp\/v2\/pages\/38541\/revisions"}],"predecessor-version":[{"id":40624,"href":"https:\/\/marinkamraterna.se\/vaxjo\/wp-json\/wp\/v2\/pages\/38541\/revisions\/40624"}],"up":[{"embeddable":true,"href":"https:\/\/marinkamraterna.se\/vaxjo\/wp-json\/wp\/v2\/pages\/23"}],"wp:attachment":[{"href":"https:\/\/marinkamraterna.se\/vaxjo\/wp-json\/wp\/v2\/media?parent=38541"}],"curies":[{"name":"wp","href":"https:\/\/api.w.org\/{rel}","templated":true}]}}